{"id":161,"date":"2023-01-21T14:22:09","date_gmt":"2023-01-21T14:22:09","guid":{"rendered":"https:\/\/www.praguecards.com\/?page_id=161"},"modified":"2025-05-22T13:44:40","modified_gmt":"2025-05-22T13:44:40","slug":"3-dny-v-praze","status":"publish","type":"page","link":"https:\/\/www.praguecards.com\/cs\/3-tage-in-prag\/","title":{"rendered":"3 dny v Praze s Prague Card"},"content":{"rendered":"<p>Pokud nav\u0161t\u00edv\u00edte Prahu, m\u016f\u017eete b\u011bhem t\u0159\u00ed dn\u016f poznat m\u011bsto pln\u00e9 kultury a kr\u00e1sy. \u010cesk\u00e9 hlavn\u00ed m\u011bsto je zn\u00e1m\u00e9 svou historickou architekturou, jedine\u010dnou kuchyn\u00ed a bohatou histori\u00ed. To z n\u011bj \u010din\u00ed ide\u00e1ln\u00ed destinaci pro cestovatele, kte\u0159\u00ed se zaj\u00edmaj\u00ed o \u010deskou kulturu.<\/p>\n\n\n\n<p>B\u011bhem t\u0159\u00eddenn\u00edho pobytu v Praze se toho d\u00e1 stihnout v\u00edce ne\u017e dost, abyste poznali m\u011bsto a ukr\u00e1tili si \u010das. Pokud si chcete na prohl\u00eddku Prahy objednat Prague Card, doporu\u010dujeme v\u00e1m Prague Visitor Pass nebo p\u0159\u00edpadn\u011b Prague CoolPass. V\u00e1\u0161 itiner\u00e1\u0159 na t\u0159i dny v Praze by mohl vypadat takto.<\/p>\n\n\n\n<h2 class=\"wp-block-heading\" style=\"font-style:normal;font-weight:600\">Prvn\u00ed den: Prohl\u00eddka m\u011bsta, Pra\u017esk\u00e9ho hradu a Pet\u0159\u00edna<\/h2>\n\n\n\n<figure class=\"wp-block-image size-full\"><img loading=\"lazy\" decoding=\"async\" width=\"1000\" height=\"550\" src=\"https:\/\/www.praguecards.com\/wp-content\/uploads\/2023\/01\/prag-tram-42.jpg\" alt=\"Pra\u017esk\u00e1 tramvajov\u00e1 linka 42\" class=\"wp-image-162\" srcset=\"https:\/\/www.praguecards.com\/wp-content\/uploads\/2023\/01\/prag-tram-42.jpg 1000w, https:\/\/www.praguecards.com\/wp-content\/uploads\/2023\/01\/prag-tram-42-300x165.jpg 300w, https:\/\/www.praguecards.com\/wp-content\/uploads\/2023\/01\/prag-tram-42-768x422.jpg 768w, https:\/\/www.praguecards.com\/wp-content\/uploads\/2023\/01\/prag-tram-42-18x10.jpg 18w\" sizes=\"auto, (max-width: 1000px) 100vw, 1000px\" \/><figcaption class=\"wp-element-caption\">Turistick\u00e1 tramvajov\u00e1 linka 42<\/figcaption><\/figure>\n\n\n\n<p>Nejlep\u0161\u00ed je za\u010d\u00edt cestu prohl\u00eddkou m\u011bsta, abyste z\u00edskali prvn\u00ed p\u0159ehled. K tomu je vhodn\u00e1 turistick\u00e1 tramvaj (linka 42). V tramvaji m\u016f\u017eete nastupovat a vystupovat na v\u00edce ne\u017e 20 zast\u00e1vk\u00e1ch nebo z\u016fstat sed\u011bt a absolvovat celou prohl\u00eddku.<\/p>\n\n\n\n<p>S <a href=\"https:\/\/www.praguecards.com\/cs\/visitor-pass\/\" title=\"Praha Visitor Pass\">Praha Visitor Pass<\/a> m\u016f\u017eete tuto tramvaj pou\u017e\u00edvat zdarma. P\u0159\u00edpadn\u011b se m\u016f\u017eete z\u00fa\u010dastnit dvouhodinov\u00e9 prohl\u00eddky m\u011bsta autobusem (s doprovodem). <a href=\"https:\/\/www.praguecards.com\/cs\/coolpass\/\" title=\"Praha CoolPass\">Praha CoolPass<\/a> zdarma).<\/p>\n\n\n\n<p>Pot\u00e9 nav\u0161tivte Pra\u017esk\u00fd hrad - nejzn\u00e1m\u011bj\u0161\u00ed pam\u00e1tku m\u011bsta. Se vstupenkou se m\u016f\u017eete nejen proj\u00edt po hradn\u00edm are\u00e1lu, ale tak\u00e9 nav\u0161t\u00edvit Zlatou uli\u010dku, Star\u00fd kr\u00e1lovsk\u00fd pal\u00e1c, katedr\u00e1lu svat\u00e9ho V\u00edta a baziliku svat\u00e9ho Ji\u0159\u00ed. S <a href=\"https:\/\/www.praguecards.com\/cs\/visitor-pass\/\" title=\"Praha Visitor Pass\">Praha Visitor Pass<\/a> a <a href=\"https:\/\/www.praguecards.com\/cs\/coolpass\/\" title=\"Praha CoolPass\">Praha CoolPass<\/a> z\u00edsk\u00e1te vstup zdarma.<\/p>\n\n\n\n<p>Z Pra\u017esk\u00e9ho hradu je to kousek do Pet\u0159\u00ednsk\u00e9ho parku, kde se nach\u00e1z\u00ed Pet\u0159\u00ednsk\u00e1 rozhledna. Dostanete se tam tramvaj\u00ed linky 42, m\u011bstskou hromadnou dopravou nebo lanovkou na Pet\u0159\u00edn.<\/p>\n\n\n\n<p>Vystoupejte po schodech nebo se nechte vyv\u00e9zt historick\u00fdm v\u00fdtahem, odkud je n\u00e1dhern\u00fd v\u00fdhled na Prahu. Pot\u00e9 m\u016f\u017eete nav\u0161t\u00edvit zrcadlov\u00e9 bludi\u0161t\u011b a za\u017e\u00edt vzru\u0161uj\u00edc\u00ed z\u00e1\u017eitek. Labyrint se nach\u00e1z\u00ed vedle Pet\u0159\u00ednsk\u00e9 rozhledny. Ob\u011b atrakce jsou zdarma s <a href=\"https:\/\/www.praguecards.com\/cs\/visitor-pass\/\" title=\"Praha Visitor Pass\">Praha Visitor Pass<\/a>.<\/p>\n\n\n\n<h2 class=\"wp-block-heading\" style=\"font-style:normal;font-weight:600\">Druh\u00fd den: Karl\u016fv most, v\u00fdlet lod\u00ed a Star\u00e9 M\u011bsto<\/h2>\n\n\n\n<figure class=\"wp-block-image size-full\"><img loading=\"lazy\" decoding=\"async\" width=\"1000\" height=\"550\" src=\"https:\/\/www.praguecards.com\/wp-content\/uploads\/2023\/01\/prague-attraction2.jpg\" alt=\"Karl\u016fv most v Praze\" class=\"wp-image-142\" srcset=\"https:\/\/www.praguecards.com\/wp-content\/uploads\/2023\/01\/prague-attraction2.jpg 1000w, https:\/\/www.praguecards.com\/wp-content\/uploads\/2023\/01\/prague-attraction2-300x165.jpg 300w, https:\/\/www.praguecards.com\/wp-content\/uploads\/2023\/01\/prague-attraction2-768x422.jpg 768w, https:\/\/www.praguecards.com\/wp-content\/uploads\/2023\/01\/prague-attraction2-18x10.jpg 18w\" sizes=\"auto, (max-width: 1000px) 100vw, 1000px\" \/><figcaption class=\"wp-element-caption\">\u00a9 emperorcosar \/ Shutterstock.com<\/figcaption><\/figure>\n\n\n\n<p>Druh\u00fd den v Praze za\u010dn\u011bte na Karlov\u011b most\u011b. Na most se vyplat\u00ed vyrazit hned po sn\u00eddani, ne\u017e doraz\u00ed v\u011bt\u0161ina turist\u016f. Karl\u016fv most je nejkr\u00e1sn\u011bj\u0161\u00ed, kdy\u017e je je\u0161t\u011b pr\u00e1zdn\u00fd.<\/p>\n\n\n\n<p>Na obou konc\u00edch mostu se nach\u00e1z\u00ed mostn\u00ed v\u011b\u017e. Za poplatek m\u016f\u017eete vystoupit na v\u011b\u017ee a pokochat se v\u00fdhledem na Malou Stranu nebo Star\u00e9 M\u011bsto. Pouze s <a href=\"https:\/\/www.praguecards.com\/cs\/visitor-pass\/\" title=\"Praha Visitor Pass\">Praha Visitor Pass<\/a> vstup do obou v\u011b\u017e\u00ed je zdarma.<\/p>\n\n\n\n<p>Pot\u00e9 m\u016f\u017eete nav\u0161t\u00edvit Muzeum Karlova mostu (s <a href=\"https:\/\/www.praguecards.com\/cs\/visitor-pass\/\" title=\"Praha Visitor Pass\">Praha Visitor Pass<\/a> a <a href=\"https:\/\/www.praguecards.com\/cs\/coolpass\/\" title=\"Praha CoolPass\">Praha CoolPass<\/a> zdarma). V pokladn\u011b muzea si tak\u00e9 m\u016f\u017eete zakoupit vstupenku na v\u00fdlet lod\u00ed po \u010certov\u011b kan\u00e1lu v Mal\u00fdch Ben\u00e1tk\u00e1ch. S ob\u011bma kartami Prague Cards je v\u00fdlet lod\u00ed zdarma.<\/p>\n\n\n\n<p>Po plavb\u011b lod\u00ed v Mal\u00fdch Ben\u00e1tk\u00e1ch je to jen p\u00e1r minut ch\u016fze na Starom\u011bstsk\u00e9 n\u00e1m\u011bst\u00ed, centr\u00e1ln\u00ed n\u00e1m\u011bst\u00ed v centru Prahy. Na Starom\u011bstsk\u00e9m n\u00e1m\u011bst\u00ed najdete radnici se slavn\u00fdm orlojem. S <a href=\"https:\/\/www.praguecards.com\/cs\/visitor-pass\/\" title=\"Praha Visitor Pass\">Praha Visitor Pass<\/a> m\u016f\u017eete si prohl\u00e9dnout orloj zevnit\u0159 a pokochat se v\u00fdhledem ze st\u0159echy radnice.<\/p>\n\n\n\n<p>Pot\u00e9 se z\u00fa\u010dastn\u011bte prohl\u00eddky star\u00e9ho m\u011bsta s pr\u016fvodcem. To se kon\u00e1 v\u011bt\u0161inu dn\u00ed v t\u00fddnu v brzk\u00fdch odpoledn\u00edch hodin\u00e1ch. V n\u011bkter\u00fdch dnech se tak\u00e9 kon\u00e1 prohl\u00eddka pra\u017esk\u00e9ho st\u0159edov\u011bk\u00e9ho podzem\u00ed s pr\u016fvodcem. Prohl\u00eddka s pr\u016fvodcem je k dispozici s <a href=\"https:\/\/www.praguecards.com\/cs\/visitor-pass\/\" title=\"Praha Visitor Pass\">Praha Visitor Pass<\/a> zdarma.<\/p>\n\n\n\n<h2 class=\"wp-block-heading\" style=\"font-style:normal;font-weight:600\">T\u0159et\u00ed den: \u017didovsk\u00e1 \u010dtvr\u0165 a Vy\u0161ehrad<\/h2>\n\n\n\n<figure class=\"wp-block-image size-full\"><img loading=\"lazy\" decoding=\"async\" width=\"1000\" height=\"550\" src=\"https:\/\/www.praguecards.com\/wp-content\/uploads\/2023\/01\/prague-attraction7.jpg\" alt=\"Vy\u0161ehrad v Praze\" class=\"wp-image-147\" srcset=\"https:\/\/www.praguecards.com\/wp-content\/uploads\/2023\/01\/prague-attraction7.jpg 1000w, https:\/\/www.praguecards.com\/wp-content\/uploads\/2023\/01\/prague-attraction7-300x165.jpg 300w, https:\/\/www.praguecards.com\/wp-content\/uploads\/2023\/01\/prague-attraction7-768x422.jpg 768w, https:\/\/www.praguecards.com\/wp-content\/uploads\/2023\/01\/prague-attraction7-18x10.jpg 18w\" sizes=\"auto, (max-width: 1000px) 100vw, 1000px\" \/><figcaption class=\"wp-element-caption\">\u00a9 Catarina Belova \/ Shutterstock.com<\/figcaption><\/figure>\n\n\n\n<p>T\u0159et\u00ed den v\u00fdletu nav\u0161tivte \u017eidovskou \u010dtvr\u0165, kter\u00e1 se nach\u00e1z\u00ed jen p\u00e1r krok\u016f od Starom\u011bstsk\u00e9ho n\u00e1m\u011bst\u00ed. V \u017eidovsk\u00e9 \u010dtvrti se nach\u00e1z\u00ed mnoho synagog, \u017didovsk\u00e9 muzeum a star\u00fd \u017eidovsk\u00fd h\u0159bitov. Vstupenka do \u017didovsk\u00e9ho m\u011bsta umo\u017e\u0148uje vstup do v\u0161ech t\u011bchto pam\u00e1tek. S <a href=\"https:\/\/www.praguecards.com\/cs\/visitor-pass\/\" title=\"Praha Visitor Pass\">Praha Visitor Pass<\/a> a <a href=\"https:\/\/www.praguecards.com\/cs\/coolpass\/\" title=\"Praha CoolPass\">Praha CoolPass<\/a> vstupenka do \u017didovsk\u00e9ho m\u011bsta je zdarma.<\/p>\n\n\n\n<p>Pokud budete pokra\u010dovat v prohl\u00eddce centra m\u011bsta, ud\u011blejte si kr\u00e1tkou zast\u00e1vku u historick\u00e9 Pra\u0161n\u00e9 br\u00e1ny. Vystoupejte na vyhl\u00eddkovou plo\u0161inu a obdivujte centrum Prahy z v\u00fd\u0161ky. Vstup na rozhlednu je s pra\u017eskou kartou Visitor Pass zdarma.<\/p>\n\n\n\n<p>Odpoledne si m\u016f\u017eete prohl\u00e9dnout pam\u011btihodnosti, kter\u00e9 le\u017e\u00ed mimo centrum m\u011bsta. Pou\u017eijte metro nebo tramvaj (s <a href=\"https:\/\/www.praguecards.com\/cs\/visitor-pass\/\" title=\"Praha Visitor Pass\">Praha Visitor Pass<\/a> zdarma) na Vy\u0161ehrad. Odtud se m\u016f\u017eete rozhl\u00e9dnout po m\u011bst\u011b a odpo\u010dinout si. V are\u00e1lu se nach\u00e1z\u00ed katedr\u00e1la svat\u00e9ho Petra a Pavla, h\u0159bitov a kasematy. Vstup je zdarma s <a href=\"https:\/\/www.praguecards.com\/cs\/visitor-pass\/\" title=\"Praha Visitor Pass\">Praha Visitor Pass<\/a> a <a href=\"https:\/\/www.praguecards.com\/cs\/coolpass\/\" title=\"Praha CoolPass\">Praha CoolPass<\/a>.<\/p>","protected":false},"excerpt":{"rendered":"<p>N\u00e1v\u0161t\u011bvn\u00edci Prahy mohou za pouh\u00e9 t\u0159i dny poznat m\u011bsto pln\u00e9 kultury a kr\u00e1sy. \u010cesk\u00e9 hlavn\u00ed m\u011bsto je zn\u00e1m\u00e9 svou historickou architekturou, jedine\u010dnou kuchyn\u00ed a bohatou histori\u00ed. D\u00edky tomu je ide\u00e1ln\u00edm c\u00edlem pro cestovatele se z\u00e1jmem o \u010deskou kulturu. B\u011bhem t\u0159\u00eddenn\u00edho pobytu v Praze se toho d\u00e1 stihnout v\u00edc ne\u017e dost, a tak se m\u016f\u017eete t\u011b\u0161it na ... <a title=\"3 dny v Praze s Prague Card\" class=\"read-more\" href=\"https:\/\/www.praguecards.com\/cs\/3-tage-in-prag\/\" aria-label=\"\u010c\u00edst v\u00edce o 3 dnech v Praze s Prague Card\">\u010c\u00edst d\u00e1l<\/a><\/p>","protected":false},"author":1,"featured_media":0,"parent":0,"menu_order":0,"comment_status":"closed","ping_status":"closed","template":"","meta":{"footnotes":""},"class_list":["post-161","page","type-page","status-publish"],"aioseo_notices":[],"featured_image_src":null,"_links":{"self":[{"href":"https:\/\/www.praguecards.com\/cs\/wp-json\/wp\/v2\/pages\/161","targetHints":{"allow":["GET"]}}],"collection":[{"href":"https:\/\/www.praguecards.com\/cs\/wp-json\/wp\/v2\/pages"}],"about":[{"href":"https:\/\/www.praguecards.com\/cs\/wp-json\/wp\/v2\/types\/page"}],"author":[{"embeddable":true,"href":"https:\/\/www.praguecards.com\/cs\/wp-json\/wp\/v2\/users\/1"}],"replies":[{"embeddable":true,"href":"https:\/\/www.praguecards.com\/cs\/wp-json\/wp\/v2\/comments?post=161"}],"version-history":[{"count":13,"href":"https:\/\/www.praguecards.com\/cs\/wp-json\/wp\/v2\/pages\/161\/revisions"}],"predecessor-version":[{"id":639,"href":"https:\/\/www.praguecards.com\/cs\/wp-json\/wp\/v2\/pages\/161\/revisions\/639"}],"wp:attachment":[{"href":"https:\/\/www.praguecards.com\/cs\/wp-json\/wp\/v2\/media?parent=161"}],"curies":[{"name":"wp","href":"https:\/\/api.w.org\/{rel}","templated":true}]}}