{"id":137,"date":"2023-01-20T18:47:13","date_gmt":"2023-01-20T18:47:13","guid":{"rendered":"https:\/\/www.praguecards.com\/?page_id=137"},"modified":"2025-05-22T13:47:02","modified_gmt":"2025-05-22T13:47:02","slug":"attraktioner","status":"publish","type":"page","link":"https:\/\/www.praguecards.com\/da\/attraktionen\/","title":{"rendered":"Prags st\u00f8rste attraktioner"},"content":{"rendered":"<p>Vil du gerne bes\u00f8ge den tjekkiske hovedstad, men ved endnu ikke, hvilke attraktioner du helt sikkert skal s\u00e6tte p\u00e5 din \u00f8nskeliste? F\u00f8lgende sev\u00e6rdigheder m\u00e5 du ikke g\u00e5 glip af. Du kan bes\u00f8ge mange af dem gratis med et Prag-kort.<\/p>\n\n\n\n<h2 class=\"wp-block-heading\" style=\"font-style:normal;font-weight:600\">Prags borg<\/h2>\n\n\n\n<figure class=\"wp-block-image size-full\"><img loading=\"lazy\" decoding=\"async\" width=\"1000\" height=\"550\" src=\"https:\/\/www.praguecards.com\/wp-content\/uploads\/2023\/01\/prague-attraction1-1.jpg\" alt=\"\" class=\"wp-image-148\" srcset=\"https:\/\/www.praguecards.com\/wp-content\/uploads\/2023\/01\/prague-attraction1-1.jpg 1000w, https:\/\/www.praguecards.com\/wp-content\/uploads\/2023\/01\/prague-attraction1-1-300x165.jpg 300w, https:\/\/www.praguecards.com\/wp-content\/uploads\/2023\/01\/prague-attraction1-1-768x422.jpg 768w, https:\/\/www.praguecards.com\/wp-content\/uploads\/2023\/01\/prague-attraction1-1-18x10.jpg 18w\" sizes=\"auto, (max-width: 1000px) 100vw, 1000px\" \/><\/figure>\n\n\n\n<div style=\"height:20px\" aria-hidden=\"true\" class=\"wp-block-spacer\"><\/div>\n\n\n\n<p>Prags borg er en af de mest popul\u00e6re sev\u00e6rdigheder i Prag. Den m\u00e6gtige borg p\u00e5 Hrad\u010dany har v\u00e6ret s\u00e6de for mange konger, kejsere og pr\u00e6sidenter gennem historien. I dag er det prim\u00e6rt en af de mest bes\u00f8gte destinationer for turister. Man kan bes\u00f8ge slotspladsen gratis, men hvis man vil se bygningerne indefra, skal man k\u00f8be en billet. Billetten giver adgang til Sankt Vitus-katedralen, det gamle kongelige palads, Sankt Georgs-basilikaen og Den Gyldne Gade.<\/p>\n\n\n\n<p>Inkluderet i: <a href=\"https:\/\/www.praguecards.com\/da\/visitor-pass\/\" title=\"Prag Visitor Pass\">Prag Visitor Pass<\/a>, <a href=\"https:\/\/www.praguecards.com\/da\/coolpass\/\" title=\"Prag CoolPass\">Prag CoolPass<\/a>, <a href=\"https:\/\/www.praguecards.com\/da\/all-inclusive-pas\/\" title=\"Prag All Inclusive Pass\">All Inclusive Pass<\/a><\/p>\n\n\n<div class=\"wp-block-ub-divider ub_divider ub-divider-orientation-horizontal\" id=\"ub_divider_ecca87f5-4740-4810-8d7e-6dcea63a6938\"><div class=\"ub_divider_wrapper\" style=\"position: relative; margin-bottom: 2px; width: 100%; height: 2px; \" data-divider-alignment=\"center\"><div class=\"ub_divider_line\" style=\"border-top: 2px solid #ccc; margin-top: 2px; \"><\/div><\/div><\/div>\n\n\n<h2 class=\"wp-block-heading\" style=\"font-style:normal;font-weight:600\">Karlsbroen<\/h2>\n\n\n\n<figure class=\"wp-block-image size-full\"><img loading=\"lazy\" decoding=\"async\" width=\"1000\" height=\"550\" src=\"https:\/\/www.praguecards.com\/wp-content\/uploads\/2023\/01\/prague-attraction2.jpg\" alt=\"Karlsbroen i Prag\" class=\"wp-image-142\" srcset=\"https:\/\/www.praguecards.com\/wp-content\/uploads\/2023\/01\/prague-attraction2.jpg 1000w, https:\/\/www.praguecards.com\/wp-content\/uploads\/2023\/01\/prague-attraction2-300x165.jpg 300w, https:\/\/www.praguecards.com\/wp-content\/uploads\/2023\/01\/prague-attraction2-768x422.jpg 768w, https:\/\/www.praguecards.com\/wp-content\/uploads\/2023\/01\/prague-attraction2-18x10.jpg 18w\" sizes=\"auto, (max-width: 1000px) 100vw, 1000px\" \/><figcaption class=\"wp-element-caption\">\u00a9 emperorcosar \/ Shutterstock.com<\/figcaption><\/figure>\n\n\n\n<p>Karlsbroen er en lige s\u00e5 popul\u00e6r attraktion. Denne ikoniske stenbro, der sp\u00e6nder over Vltava-floden, er et symbol p\u00e5 Prag og et must for enhver bes\u00f8gende i byen. Den er omkranset af mange helgenstatuer og giver en smuk udsigt over begge sider af floden. Vi anbefaler, at du kommer til broen tidligt om morgenen, f\u00f8r de fleste turister.<\/p>\n\n\n\n<p>Der er et brot\u00e5rn i hver ende af Karlsbroen. Mod betaling kan man klatre op i begge t\u00e5rne og nyde udsigten over Den Gamle By eller Den Lille By.<\/p>\n\n\n\n<p>Inkluderet i: <a href=\"https:\/\/www.praguecards.com\/da\/visitor-pass\/\" title=\"Prag Visitor Pass\">Prag Visitor Pass<\/a><\/p>\n\n\n<div class=\"wp-block-ub-divider ub_divider ub-divider-orientation-horizontal\" id=\"ub_divider_8bf5bfb5-e168-4f94-b6a4-e72c5536d13e\"><div class=\"ub_divider_wrapper\" style=\"position: relative; margin-bottom: 2px; width: 100%; height: 2px; \" data-divider-alignment=\"center\"><div class=\"ub_divider_line\" style=\"border-top: 2px solid #ccc; margin-top: 2px; \"><\/div><\/div><\/div>\n\n\n<h2 class=\"wp-block-heading\" style=\"font-style:normal;font-weight:600\">Den gamle bys torv<\/h2>\n\n\n\n<figure class=\"wp-block-image size-full\"><img loading=\"lazy\" decoding=\"async\" width=\"1000\" height=\"550\" src=\"https:\/\/www.praguecards.com\/wp-content\/uploads\/2023\/01\/prague-attraction3.jpg\" alt=\"Den gamle r\u00e5dhusplads i Prag\" class=\"wp-image-143\" srcset=\"https:\/\/www.praguecards.com\/wp-content\/uploads\/2023\/01\/prague-attraction3.jpg 1000w, https:\/\/www.praguecards.com\/wp-content\/uploads\/2023\/01\/prague-attraction3-300x165.jpg 300w, https:\/\/www.praguecards.com\/wp-content\/uploads\/2023\/01\/prague-attraction3-768x422.jpg 768w, https:\/\/www.praguecards.com\/wp-content\/uploads\/2023\/01\/prague-attraction3-18x10.jpg 18w\" sizes=\"auto, (max-width: 1000px) 100vw, 1000px\" \/><figcaption class=\"wp-element-caption\"> Andrew Mayovskyy \/ Shutterstock.com<\/figcaption><\/figure>\n\n\n\n<p>Den Gamle R\u00e5dhusplads er den centrale plads i Prag. Alle gaderne m\u00f8des her, s\u00e5 f\u00f8r eller siden vil man befinde sig p\u00e5 Den Gamle R\u00e5dhusplads. Omkring pladsen ligger mange restauranter, men ogs\u00e5 historiske bygninger som det gamle r\u00e5dhus med det astronomiske ur, der sl\u00e5r hver time og tiltr\u00e6kker utallige turister. Hvad ikke alle ved: Man kan g\u00e5 ind i r\u00e5dhuset og ogs\u00e5 bes\u00f8ge det astronomiske ur indefra. Du skal have en indgangsbillet til dette.<\/p>\n\n\n\n<p>Inkluderet i: <a href=\"https:\/\/www.praguecards.com\/da\/visitor-pass\/\" title=\"Prag Visitor Pass\">Prag Visitor Pass<\/a><\/p>\n\n\n<div class=\"wp-block-ub-divider ub_divider ub-divider-orientation-horizontal\" id=\"ub_divider_c76484e4-1973-4dbb-bc1f-9e590537ec47\"><div class=\"ub_divider_wrapper\" style=\"position: relative; margin-bottom: 2px; width: 100%; height: 2px; \" data-divider-alignment=\"center\"><div class=\"ub_divider_line\" style=\"border-top: 2px solid #ccc; margin-top: 2px; \"><\/div><\/div><\/div>\n\n\n<h2 class=\"wp-block-heading\" style=\"font-style:normal;font-weight:600\">J\u00f8disk kvarter<\/h2>\n\n\n\n<figure class=\"wp-block-image size-full\"><img loading=\"lazy\" decoding=\"async\" width=\"1000\" height=\"550\" src=\"https:\/\/www.praguecards.com\/wp-content\/uploads\/2023\/01\/prague-attraction4.jpg\" alt=\"Den spanske synagoge i Prag\" class=\"wp-image-144\" srcset=\"https:\/\/www.praguecards.com\/wp-content\/uploads\/2023\/01\/prague-attraction4.jpg 1000w, https:\/\/www.praguecards.com\/wp-content\/uploads\/2023\/01\/prague-attraction4-300x165.jpg 300w, https:\/\/www.praguecards.com\/wp-content\/uploads\/2023\/01\/prague-attraction4-768x422.jpg 768w, https:\/\/www.praguecards.com\/wp-content\/uploads\/2023\/01\/prague-attraction4-18x10.jpg 18w\" sizes=\"auto, (max-width: 1000px) 100vw, 1000px\" \/><figcaption class=\"wp-element-caption\">\u00a9 OlegGr \/ Shutterstock.com<\/figcaption><\/figure>\n\n\n\n<p>Det j\u00f8diske kvarter i Prag gr\u00e6nser op til den gamle r\u00e5dhusplads og er et af de mest interessante omr\u00e5der i byen. Kvarteret er hjemsted for mange synagoger, museer og den gamle j\u00f8diske kirkeg\u00e5rd. Book en guidet tur for virkelig at forst\u00e5 kvarterets historie. En engelsktalende guidet tur er inkluderet i Prag Visitor Pass.<\/p>\n\n\n\n<p>Der findes en kombineret billet til de vigtigste sev\u00e6rdigheder. Med Jewish Town-billetten kan du bes\u00f8ge synagoger, museer og kirkeg\u00e5rden inden for syv dage.<\/p>\n\n\n\n<p>Inkluderet i: <a href=\"https:\/\/www.praguecards.com\/da\/visitor-pass\/\" title=\"Prag Visitor Pass\">Prag Visitor Pass<\/a>, <a href=\"https:\/\/www.praguecards.com\/da\/coolpass\/\" title=\"Prag CoolPass\">Prag CoolPass<\/a>, <a href=\"https:\/\/www.praguecards.com\/da\/all-inclusive-pas\/\" title=\"Prag All Inclusive Pass\">All Inclusive Pass<\/a><\/p>\n\n\n<div class=\"wp-block-ub-divider ub_divider ub-divider-orientation-horizontal\" id=\"ub_divider_82573696-67a4-46be-90d0-6df4f3c37357\"><div class=\"ub_divider_wrapper\" style=\"position: relative; margin-bottom: 2px; width: 100%; height: 2px; \" data-divider-alignment=\"center\"><div class=\"ub_divider_line\" style=\"border-top: 2px solid #ccc; margin-top: 2px; \"><\/div><\/div><\/div>\n\n\n<h2 class=\"wp-block-heading\" style=\"font-style:normal;font-weight:600\">Petrin observationst\u00e5rn<\/h2>\n\n\n\n<figure class=\"wp-block-image size-full\"><img loading=\"lazy\" decoding=\"async\" width=\"1000\" height=\"550\" src=\"https:\/\/www.praguecards.com\/wp-content\/uploads\/2023\/01\/prague-attraction5.jpg\" alt=\"Petrin udsigtst\u00e5rn i Prag\" class=\"wp-image-145\" srcset=\"https:\/\/www.praguecards.com\/wp-content\/uploads\/2023\/01\/prague-attraction5.jpg 1000w, https:\/\/www.praguecards.com\/wp-content\/uploads\/2023\/01\/prague-attraction5-300x165.jpg 300w, https:\/\/www.praguecards.com\/wp-content\/uploads\/2023\/01\/prague-attraction5-768x422.jpg 768w, https:\/\/www.praguecards.com\/wp-content\/uploads\/2023\/01\/prague-attraction5-18x10.jpg 18w\" sizes=\"auto, (max-width: 1000px) 100vw, 1000px\" \/><figcaption class=\"wp-element-caption\">\u00a9 DaLiu \/ Shutterstock.com<\/figcaption><\/figure>\n\n\n\n<p>Petrin Lookout Tower ligger p\u00e5 Petrin Hill og giver en uovertruffen udsigt over byen. Bygningen, der blev opf\u00f8rt i 1891, er n\u00e6sten 60 meter h\u00f8j og har Eiffelt\u00e5rnet i Paris som forbillede. Der er to platforme, hvorfra man kan nyde udsigten. Man kan b\u00e5de g\u00e5 op ad trapperne og tage elevatoren. Den historiske elevator er dog ofte ude af drift. T\u00e5rnet huser ogs\u00e5 et lille museum og en caf\u00e9.<\/p>\n\n\n\n<p>Inkluderet i: <a href=\"https:\/\/www.praguecards.com\/da\/visitor-pass\/\" title=\"Prag Visitor Pass\">Prag Visitor Pass<\/a><\/p>\n\n\n<div class=\"wp-block-ub-divider ub_divider ub-divider-orientation-horizontal\" id=\"ub_divider_74351de0-f3d9-40cb-b674-04066b8dc470\"><div class=\"ub_divider_wrapper\" style=\"position: relative; margin-bottom: 2px; width: 100%; height: 2px; \" data-divider-alignment=\"center\"><div class=\"ub_divider_line\" style=\"border-top: 2px solid #ccc; margin-top: 2px; \"><\/div><\/div><\/div>\n\n\n<h2 class=\"wp-block-heading\" style=\"font-style:normal;font-weight:600\">Nationalmuseet for teknologi<\/h2>\n\n\n\n<figure class=\"wp-block-image size-full\"><img loading=\"lazy\" decoding=\"async\" width=\"1000\" height=\"550\" src=\"https:\/\/www.praguecards.com\/wp-content\/uploads\/2023\/01\/prague-attraction6.jpg\" alt=\"Nationalmuseet for teknologi i Prag\" class=\"wp-image-146\" srcset=\"https:\/\/www.praguecards.com\/wp-content\/uploads\/2023\/01\/prague-attraction6.jpg 1000w, https:\/\/www.praguecards.com\/wp-content\/uploads\/2023\/01\/prague-attraction6-300x165.jpg 300w, https:\/\/www.praguecards.com\/wp-content\/uploads\/2023\/01\/prague-attraction6-768x422.jpg 768w, https:\/\/www.praguecards.com\/wp-content\/uploads\/2023\/01\/prague-attraction6-18x10.jpg 18w\" sizes=\"auto, (max-width: 1000px) 100vw, 1000px\" \/><figcaption class=\"wp-element-caption\">\u00a9 Rus S \/ Shutterstock.com<\/figcaption><\/figure>\n\n\n\n<p>Det nationale tekniske museum i Prag er et af de mest popul\u00e6re museer i Tjekkiet. Det ligger i hjertet af byen og giver bes\u00f8gende et fascinerende og omfattende indblik i ingeni\u00f8r- og teknologihistorien. Museet blev grundlagt i 1908 og har en enorm samling af genstande, s\u00e5som gamle lokomotiver, biler, landbrugsmaskiner og meget mere.<\/p>\n\n\n\n<p>Inkluderet i: <a href=\"https:\/\/www.praguecards.com\/da\/visitor-pass\/\" title=\"Prag Visitor Pass\">Prag Visitor Pass<\/a><\/p>\n\n\n<div class=\"wp-block-ub-divider ub_divider ub-divider-orientation-horizontal\" id=\"ub_divider_0bcb4edb-8192-4047-934c-23997856defe\"><div class=\"ub_divider_wrapper\" style=\"position: relative; margin-bottom: 2px; width: 100%; height: 2px; \" data-divider-alignment=\"center\"><div class=\"ub_divider_line\" style=\"border-top: 2px solid #ccc; margin-top: 2px; \"><\/div><\/div><\/div>\n\n\n<h2 class=\"wp-block-heading\" style=\"font-style:normal;font-weight:600\">Vy\u0161ehrad Slot<\/h2>\n\n\n\n<figure class=\"wp-block-image size-full\"><img loading=\"lazy\" decoding=\"async\" width=\"1000\" height=\"550\" src=\"https:\/\/www.praguecards.com\/wp-content\/uploads\/2023\/01\/prague-attraction7.jpg\" alt=\"Vy\u0161ehrad-slottet i Prag\" class=\"wp-image-147\" srcset=\"https:\/\/www.praguecards.com\/wp-content\/uploads\/2023\/01\/prague-attraction7.jpg 1000w, https:\/\/www.praguecards.com\/wp-content\/uploads\/2023\/01\/prague-attraction7-300x165.jpg 300w, https:\/\/www.praguecards.com\/wp-content\/uploads\/2023\/01\/prague-attraction7-768x422.jpg 768w, https:\/\/www.praguecards.com\/wp-content\/uploads\/2023\/01\/prague-attraction7-18x10.jpg 18w\" sizes=\"auto, (max-width: 1000px) 100vw, 1000px\" \/><figcaption class=\"wp-element-caption\">\u00a9 Catarina Belova \/ Shutterstock.com<\/figcaption><\/figure>\n\n\n\n<p>Med sin betagende udsigt over byens skyline og bem\u00e6rkelsesv\u00e6rdige historie er Vy\u0161ehrad-slottet et af de mest popul\u00e6re udflugtsm\u00e5l for b\u00e5de turister og lokale. Slottet blev bygget fra det 10. \u00e5rhundrede og er et vidnesbyrd om Prags rige kulturarv. Vy\u0161ehrad er hjemsted for flere historiske bygninger, herunder Peter og Paul-basilikaen, kasematterne og en kirkeg\u00e5rd, hvor mange ber\u00f8mte tjekker har fundet deres sidste hvilested.<\/p>\n\n\n\n<p>Inkluderet i: <a href=\"https:\/\/www.praguecards.com\/da\/visitor-pass\/\" title=\"Prag Visitor Pass\">Prag Visitor Pass<\/a>, <a href=\"https:\/\/www.praguecards.com\/da\/coolpass\/\" title=\"Prag CoolPass\">Prag CoolPass<\/a><\/p>","protected":false},"excerpt":{"rendered":"<p>Vil du gerne bes\u00f8ge den tjekkiske hovedstad, men ved endnu ikke, hvilke attraktioner du helt sikkert skal s\u00e6tte p\u00e5 din \u00f8nskeliste? F\u00f8lgende sev\u00e6rdigheder m\u00e5 du ikke g\u00e5 glip af. Du kan bes\u00f8ge mange af dem gratis med et Prag-kort. Prags borg Prags borg er en af de mest popul\u00e6re sev\u00e6rdigheder i Prag. Den m\u00e6gtige borg p\u00e5 ... <a title=\"Prags st\u00f8rste attraktioner\" class=\"read-more\" href=\"https:\/\/www.praguecards.com\/da\/attraktionen\/\" aria-label=\"L\u00e6s mere om Prags st\u00f8rste attraktioner\">L\u00e6s mere <\/a><\/p>","protected":false},"author":1,"featured_media":0,"parent":0,"menu_order":0,"comment_status":"closed","ping_status":"closed","template":"","meta":{"footnotes":""},"class_list":["post-137","page","type-page","status-publish"],"aioseo_notices":[],"featured_image_src":null,"_links":{"self":[{"href":"https:\/\/www.praguecards.com\/da\/wp-json\/wp\/v2\/pages\/137","targetHints":{"allow":["GET"]}}],"collection":[{"href":"https:\/\/www.praguecards.com\/da\/wp-json\/wp\/v2\/pages"}],"about":[{"href":"https:\/\/www.praguecards.com\/da\/wp-json\/wp\/v2\/types\/page"}],"author":[{"embeddable":true,"href":"https:\/\/www.praguecards.com\/da\/wp-json\/wp\/v2\/users\/1"}],"replies":[{"embeddable":true,"href":"https:\/\/www.praguecards.com\/da\/wp-json\/wp\/v2\/comments?post=137"}],"version-history":[{"count":18,"href":"https:\/\/www.praguecards.com\/da\/wp-json\/wp\/v2\/pages\/137\/revisions"}],"predecessor-version":[{"id":641,"href":"https:\/\/www.praguecards.com\/da\/wp-json\/wp\/v2\/pages\/137\/revisions\/641"}],"wp:attachment":[{"href":"https:\/\/www.praguecards.com\/da\/wp-json\/wp\/v2\/media?parent=137"}],"curies":[{"name":"wp","href":"https:\/\/api.w.org\/{rel}","templated":true}]}}