{"id":161,"date":"2023-01-21T14:22:09","date_gmt":"2023-01-21T14:22:09","guid":{"rendered":"https:\/\/www.praguecards.com\/?page_id=161"},"modified":"2025-05-22T13:44:40","modified_gmt":"2025-05-22T13:44:40","slug":"3-dage-i-prag","status":"publish","type":"page","link":"https:\/\/www.praguecards.com\/da\/3-tage-in-prag\/","title":{"rendered":"3 dage i Prag med et Prag-kort"},"content":{"rendered":"<p>Hvis du bes\u00f8ger Prag, kan du opleve en by fuld af kultur og sk\u00f8nhed p\u00e5 tre dage. Den tjekkiske hovedstad er kendt for sin historiske arkitektur, sit unikke k\u00f8kken og sin rige historie. Det g\u00f8r den til en perfekt destination for rejsende, der er interesserede i tjekkisk kultur.<\/p>\n\n\n\n<p>P\u00e5 et tredages ophold i Prag er der mere end nok at g\u00f8re for at l\u00e6re byen at kende og f\u00e5 tiden til at g\u00e5. Hvis du gerne vil bestille et Prag-kort til din sightseeing, anbefaler vi Prag Visitor Pass eller alternativt Prag CoolPass. Din rejseplan for tre dage i Prag kunne se s\u00e5dan ud.<\/p>\n\n\n\n<h2 class=\"wp-block-heading\" style=\"font-style:normal;font-weight:600\">F\u00f8rste dag: Byrundtur, Prags borg og Petrin<\/h2>\n\n\n\n<figure class=\"wp-block-image size-full\"><img loading=\"lazy\" decoding=\"async\" width=\"1000\" height=\"550\" src=\"https:\/\/www.praguecards.com\/wp-content\/uploads\/2023\/01\/prag-tram-42.jpg\" alt=\"Sporvognslinje 42 i Prag\" class=\"wp-image-162\" srcset=\"https:\/\/www.praguecards.com\/wp-content\/uploads\/2023\/01\/prag-tram-42.jpg 1000w, https:\/\/www.praguecards.com\/wp-content\/uploads\/2023\/01\/prag-tram-42-300x165.jpg 300w, https:\/\/www.praguecards.com\/wp-content\/uploads\/2023\/01\/prag-tram-42-768x422.jpg 768w, https:\/\/www.praguecards.com\/wp-content\/uploads\/2023\/01\/prag-tram-42-18x10.jpg 18w\" sizes=\"auto, (max-width: 1000px) 100vw, 1000px\" \/><figcaption class=\"wp-element-caption\">Turistsporvognslinje 42<\/figcaption><\/figure>\n\n\n\n<p>Det er bedst at starte turen med en byrundtur for at f\u00e5 det f\u00f8rste overblik. Turistsporvognen (linje 42) er velegnet til dette. Med sporvognen kan du stige p\u00e5 og af ved mere end 20 stoppesteder eller blive siddende og f\u00e5 en komplet rundtur.<\/p>\n\n\n\n<p>Med den <a href=\"https:\/\/www.praguecards.com\/da\/visitor-pass\/\" title=\"Prag Visitor Pass\">Prag Visitor Pass<\/a> Du kan bruge denne sporvogn gratis. Alternativt kan du deltage i en to timers byrundtur med bus (med <a href=\"https:\/\/www.praguecards.com\/da\/coolpass\/\" title=\"Prag CoolPass\">Prag CoolPass<\/a> gratis).<\/p>\n\n\n\n<p>Bes\u00f8g derefter Prags borg - byens mest ber\u00f8mte vartegn. Med en billet kan du ikke kun g\u00e5 rundt p\u00e5 borgomr\u00e5det, men ogs\u00e5 bes\u00f8ge Den Gyldne Gade, Det Gamle Kongelige Palads, Sankt Vitus Katedralen og Sankt Georgs Basilikaen. Med den <a href=\"https:\/\/www.praguecards.com\/da\/visitor-pass\/\" title=\"Prag Visitor Pass\">Prag Visitor Pass<\/a> og den <a href=\"https:\/\/www.praguecards.com\/da\/coolpass\/\" title=\"Prag CoolPass\">Prag CoolPass<\/a> f\u00e5r du gratis adgang.<\/p>\n\n\n\n<p>Fra Prags borg er der en kort g\u00e5tur til Petrin-parken, hvor Petrin-udkigst\u00e5rnet ligger. Du kan komme dertil med sporvognslinje 42, offentlig transport eller Petrin-banen.<\/p>\n\n\n\n<p>G\u00e5 op ad trapperne eller tag den historiske elevator for at f\u00e5 en vidunderlig udsigt over Prag. Bagefter kan du bes\u00f8ge Mirror Maze og f\u00e5 en sp\u00e6ndende oplevelse. Labyrinten ligger ved siden af Petrin-t\u00e5rnet. Begge attraktioner er gratis med <a href=\"https:\/\/www.praguecards.com\/da\/visitor-pass\/\" title=\"Prag Visitor Pass\">Prag Visitor Pass<\/a>.<\/p>\n\n\n\n<h2 class=\"wp-block-heading\" style=\"font-style:normal;font-weight:600\">Anden dag: Karlsbroen, sejltur og den gamle bydel<\/h2>\n\n\n\n<figure class=\"wp-block-image size-full\"><img loading=\"lazy\" decoding=\"async\" width=\"1000\" height=\"550\" src=\"https:\/\/www.praguecards.com\/wp-content\/uploads\/2023\/01\/prague-attraction2.jpg\" alt=\"Karlsbroen i Prag\" class=\"wp-image-142\" srcset=\"https:\/\/www.praguecards.com\/wp-content\/uploads\/2023\/01\/prague-attraction2.jpg 1000w, https:\/\/www.praguecards.com\/wp-content\/uploads\/2023\/01\/prague-attraction2-300x165.jpg 300w, https:\/\/www.praguecards.com\/wp-content\/uploads\/2023\/01\/prague-attraction2-768x422.jpg 768w, https:\/\/www.praguecards.com\/wp-content\/uploads\/2023\/01\/prague-attraction2-18x10.jpg 18w\" sizes=\"auto, (max-width: 1000px) 100vw, 1000px\" \/><figcaption class=\"wp-element-caption\">\u00a9 emperorcosar \/ Shutterstock.com<\/figcaption><\/figure>\n\n\n\n<p>Start din anden dag i Prag ved Karlsbroen. Det er v\u00e6rd at g\u00e5 til broen lige efter morgenmaden, f\u00f8r de fleste turister ankommer. Karlsbroen er smukkest, n\u00e5r den stadig er tom.<\/p>\n\n\n\n<p>Der er et brot\u00e5rn i hver ende af broen. Mod betaling kan man klatre op i t\u00e5rnene og nyde udsigten over Den Lille By eller Den Gamle By. Kun med <a href=\"https:\/\/www.praguecards.com\/da\/visitor-pass\/\" title=\"Prag Visitor Pass\">Prag Visitor Pass<\/a> Der er gratis adgang til begge t\u00e5rne.<\/p>\n\n\n\n<p>Bagefter kan du bes\u00f8ge Karlsbroens Museum (med <a href=\"https:\/\/www.praguecards.com\/da\/visitor-pass\/\" title=\"Prag Visitor Pass\">Prag Visitor Pass<\/a> og <a href=\"https:\/\/www.praguecards.com\/da\/coolpass\/\" title=\"Prag CoolPass\">Prag CoolPass<\/a> gratis). Du kan ogs\u00e5 f\u00e5 din billet til en sejltur p\u00e5 Dj\u00e6vlekanalen i Lille Venedig ved museets billetkontor. B\u00e5dturen er ogs\u00e5 gratis med begge Prague Cards.<\/p>\n\n\n\n<p>Efter din sejltur i Lille Venedig er der kun et par minutters gang til Gamle R\u00e5dhusplads, den centrale plads i Prags centrum. P\u00e5 Old Town Square finder du r\u00e5dhuset med det ber\u00f8mte astronomiske ur. Med det <a href=\"https:\/\/www.praguecards.com\/da\/visitor-pass\/\" title=\"Prag Visitor Pass\">Prag Visitor Pass<\/a> Du kan bes\u00f8ge det astronomiske ur indefra og nyde udsigten fra r\u00e5dhusets tag.<\/p>\n\n\n\n<p>Tag derefter med p\u00e5 en guidet tur i den gamle bydel. Det foreg\u00e5r tidligt p\u00e5 eftermiddagen de fleste af ugens dage. Alternativt er der p\u00e5 nogle dage en guidet tur i Prags middelalderlige undergrund. En guidet tur er tilg\u00e6ngelig med <a href=\"https:\/\/www.praguecards.com\/da\/visitor-pass\/\" title=\"Prag Visitor Pass\">Prag Visitor Pass<\/a> gratis.<\/p>\n\n\n\n<h2 class=\"wp-block-heading\" style=\"font-style:normal;font-weight:600\">Tredje dag: Det j\u00f8diske kvarter og Vy\u0161ehrad<\/h2>\n\n\n\n<figure class=\"wp-block-image size-full\"><img loading=\"lazy\" decoding=\"async\" width=\"1000\" height=\"550\" src=\"https:\/\/www.praguecards.com\/wp-content\/uploads\/2023\/01\/prague-attraction7.jpg\" alt=\"Vy\u0161ehrad-slottet i Prag\" class=\"wp-image-147\" srcset=\"https:\/\/www.praguecards.com\/wp-content\/uploads\/2023\/01\/prague-attraction7.jpg 1000w, https:\/\/www.praguecards.com\/wp-content\/uploads\/2023\/01\/prague-attraction7-300x165.jpg 300w, https:\/\/www.praguecards.com\/wp-content\/uploads\/2023\/01\/prague-attraction7-768x422.jpg 768w, https:\/\/www.praguecards.com\/wp-content\/uploads\/2023\/01\/prague-attraction7-18x10.jpg 18w\" sizes=\"auto, (max-width: 1000px) 100vw, 1000px\" \/><figcaption class=\"wp-element-caption\">\u00a9 Catarina Belova \/ Shutterstock.com<\/figcaption><\/figure>\n\n\n\n<p>P\u00e5 rejsens tredje dag skal du bes\u00f8ge det j\u00f8diske kvarter, som ligger kun f\u00e5 skridt fra den gamle bydel. Det j\u00f8diske kvarter er hjemsted for mange synagoger, det j\u00f8diske museum og den gamle j\u00f8diske kirkeg\u00e5rd. Billetten til den j\u00f8diske by giver dig adgang til alle disse sev\u00e6rdigheder. Med den <a href=\"https:\/\/www.praguecards.com\/da\/visitor-pass\/\" title=\"Prag Visitor Pass\">Prag Visitor Pass<\/a> og den <a href=\"https:\/\/www.praguecards.com\/da\/coolpass\/\" title=\"Prag CoolPass\">Prag CoolPass<\/a> Billetten til den j\u00f8diske by er gratis.<\/p>\n\n\n\n<p>Hvis du forts\u00e6tter med at udforske byens centrum bagefter, kan du g\u00f8re et kort stop ved det historiske Krudtt\u00e5rn. Klatre op p\u00e5 observationsd\u00e6kket og beundr Prags centrum fra oven. Der er gratis adgang med Prague Visitor Pass.<\/p>\n\n\n\n<p>Om eftermiddagen kan du udforske en sev\u00e6rdighed, der ligger uden for byens centrum. Brug metroen eller en sporvogn (med <a href=\"https:\/\/www.praguecards.com\/da\/visitor-pass\/\" title=\"Prag Visitor Pass\">Prag Visitor Pass<\/a> gratis) for at komme til Vy\u0161ehrad-slottet. Derfra kan du se ud over byen og hvile dig. P\u00e5 grunden ligger Peter og Paul-katedralen, en kirkeg\u00e5rd og kasematterne. Der er gratis adgang med <a href=\"https:\/\/www.praguecards.com\/da\/visitor-pass\/\" title=\"Prag Visitor Pass\">Prag Visitor Pass<\/a> og den <a href=\"https:\/\/www.praguecards.com\/da\/coolpass\/\" title=\"Prag CoolPass\">Prag CoolPass<\/a>.<\/p>","protected":false},"excerpt":{"rendered":"<p>Bes\u00f8gende i Prag kan opleve en by fuld af kultur og sk\u00f8nhed p\u00e5 bare tre dage. Den tjekkiske hovedstad er kendt for sin historiske arkitektur, sit unikke k\u00f8kken og sin rige historie. Det g\u00f8r den til en perfekt destination for rejsende, der er interesseret i tjekkisk kultur. P\u00e5 et tredages ophold i Prag er der mere end nok at ... <a title=\"3 dage i Prag med et Prag-kort\" class=\"read-more\" href=\"https:\/\/www.praguecards.com\/da\/3-tage-in-prag\/\" aria-label=\"L\u00e6s mere om 3 dage i Prag med et Prag-kort\">L\u00e6s mere <\/a><\/p>","protected":false},"author":1,"featured_media":0,"parent":0,"menu_order":0,"comment_status":"closed","ping_status":"closed","template":"","meta":{"footnotes":""},"class_list":["post-161","page","type-page","status-publish"],"aioseo_notices":[],"featured_image_src":null,"_links":{"self":[{"href":"https:\/\/www.praguecards.com\/da\/wp-json\/wp\/v2\/pages\/161","targetHints":{"allow":["GET"]}}],"collection":[{"href":"https:\/\/www.praguecards.com\/da\/wp-json\/wp\/v2\/pages"}],"about":[{"href":"https:\/\/www.praguecards.com\/da\/wp-json\/wp\/v2\/types\/page"}],"author":[{"embeddable":true,"href":"https:\/\/www.praguecards.com\/da\/wp-json\/wp\/v2\/users\/1"}],"replies":[{"embeddable":true,"href":"https:\/\/www.praguecards.com\/da\/wp-json\/wp\/v2\/comments?post=161"}],"version-history":[{"count":13,"href":"https:\/\/www.praguecards.com\/da\/wp-json\/wp\/v2\/pages\/161\/revisions"}],"predecessor-version":[{"id":639,"href":"https:\/\/www.praguecards.com\/da\/wp-json\/wp\/v2\/pages\/161\/revisions\/639"}],"wp:attachment":[{"href":"https:\/\/www.praguecards.com\/da\/wp-json\/wp\/v2\/media?parent=161"}],"curies":[{"name":"wp","href":"https:\/\/api.w.org\/{rel}","templated":true}]}}