{"id":137,"date":"2023-01-20T18:47:13","date_gmt":"2023-01-20T18:47:13","guid":{"rendered":"https:\/\/www.praguecards.com\/?page_id=137"},"modified":"2025-05-22T13:47:02","modified_gmt":"2025-05-22T13:47:02","slug":"attraktionen","status":"publish","type":"page","link":"https:\/\/www.praguecards.com\/de\/attraktionen\/","title":{"rendered":"Prags Top-Attraktionen"},"content":{"rendered":"\n<p>Sie m\u00f6chten die tschechische Hauptstadt besuchen, aber wissen noch nicht, welche Attraktionen Sie unbedingt auf Ihre Wunschliste setzen sollten? Die folgenden Sehensw\u00fcrdigkeiten sollten Sie sich nicht entgehen lassen. Viele davon k\u00f6nnen Sie mit einer Prag Card kostenfrei besichtigen.<\/p>\n\n\n\n<h2 class=\"wp-block-heading\" style=\"font-style:normal;font-weight:600\">Prager Burg<\/h2>\n\n\n\n<figure class=\"wp-block-image size-full\"><img loading=\"lazy\" decoding=\"async\" width=\"1000\" height=\"550\" src=\"https:\/\/www.praguecards.com\/wp-content\/uploads\/2023\/01\/prague-attraction1-1.jpg\" alt=\"\" class=\"wp-image-148\" srcset=\"https:\/\/www.praguecards.com\/wp-content\/uploads\/2023\/01\/prague-attraction1-1.jpg 1000w, https:\/\/www.praguecards.com\/wp-content\/uploads\/2023\/01\/prague-attraction1-1-300x165.jpg 300w, https:\/\/www.praguecards.com\/wp-content\/uploads\/2023\/01\/prague-attraction1-1-768x422.jpg 768w, https:\/\/www.praguecards.com\/wp-content\/uploads\/2023\/01\/prague-attraction1-1-18x10.jpg 18w\" sizes=\"auto, (max-width: 1000px) 100vw, 1000px\" \/><\/figure>\n\n\n\n<div style=\"height:20px\" aria-hidden=\"true\" class=\"wp-block-spacer\"><\/div>\n\n\n\n<p>Die Prager Burg ist eine der beliebtesten Sehensw\u00fcrdigkeiten in Prag. Die gewaltige Burg auf dem Hradschin war im Laufe der Geschichte der Sitz vieler K\u00f6nige, Kaiser und Pr\u00e4sidenten. Heute ist sie vor allem eines der meist besuchten Ziele f\u00fcr Touristen. Sie k\u00f6nnen das Burggel\u00e4nde kostenfrei besuchen, doch wenn Sie die Geb\u00e4ude von innen besichtigen m\u00f6chten, sollten Sie eine Eintrittskarte kaufen. Mit dem Ticket erhalten Sie Zutritt zum Veitsdom, dem Alten K\u00f6nigspalast, der Georgsbasilika und dem Goldenen G\u00e4sschen.<\/p>\n\n\n\n<p>Enthalten in: <a href=\"https:\/\/www.praguecards.com\/visitor-pass\/\" title=\"Prag Visitor Pass\">Prag Visitor Pass<\/a>, <a href=\"https:\/\/www.praguecards.com\/coolpass\/\" title=\"Prag CoolPass\">Prag CoolPass<\/a>, <a href=\"https:\/\/www.praguecards.com\/all-inclusive-pass\/\" title=\"Prag All Inclusive Pass\">All Inclusive Pass<\/a><\/p>\n\n\n<div class=\"wp-block-ub-divider ub_divider ub-divider-orientation-horizontal\" id=\"ub_divider_ecca87f5-4740-4810-8d7e-6dcea63a6938\"><div class=\"ub_divider_wrapper\" style=\"position: relative; margin-bottom: 2px; width: 100%; height: 2px; \" data-divider-alignment=\"center\"><div class=\"ub_divider_line\" style=\"border-top: 2px solid #ccc; margin-top: 2px; \"><\/div><\/div><\/div>\n\n\n<h2 class=\"wp-block-heading\" style=\"font-style:normal;font-weight:600\">Karlsbr\u00fccke<\/h2>\n\n\n\n<figure class=\"wp-block-image size-full\"><img loading=\"lazy\" decoding=\"async\" width=\"1000\" height=\"550\" src=\"https:\/\/www.praguecards.com\/wp-content\/uploads\/2023\/01\/prague-attraction2.jpg\" alt=\"Karlsbr\u00fccke in Prag\" class=\"wp-image-142\" srcset=\"https:\/\/www.praguecards.com\/wp-content\/uploads\/2023\/01\/prague-attraction2.jpg 1000w, https:\/\/www.praguecards.com\/wp-content\/uploads\/2023\/01\/prague-attraction2-300x165.jpg 300w, https:\/\/www.praguecards.com\/wp-content\/uploads\/2023\/01\/prague-attraction2-768x422.jpg 768w, https:\/\/www.praguecards.com\/wp-content\/uploads\/2023\/01\/prague-attraction2-18x10.jpg 18w\" sizes=\"auto, (max-width: 1000px) 100vw, 1000px\" \/><figcaption class=\"wp-element-caption\">\u00a9 emperorcosar \/ Shutterstock.com<\/figcaption><\/figure>\n\n\n\n<p>Die Karlsbr\u00fccke ist eine ebenso beliebte Attraktion. Diese ikonische Steinbr\u00fccke, welche die Moldau \u00fcberspannt, ist ein Symbol f\u00fcr Prag und ein Muss f\u00fcr jeden Besucher der Stadt. Sie ist mit vielen Heiligenstatuen ges\u00e4umt und bietet einen sch\u00f6nen Ausblick auf beide Seiten des Flusses. Wir empfehlen, vor den meisten Touristen am fr\u00fchen Vormittag zur Br\u00fccke zu kommen.<\/p>\n\n\n\n<p>An beiden Enden der Karlsbr\u00fccke steht jeweils ein Br\u00fcckenturm. Gegen eine Geb\u00fchr k\u00f6nnen Sie auf beide T\u00fcrme hinaufsteigen und die Aussicht auf die Altstadt oder die Kleinseite genie\u00dfen.<\/p>\n\n\n\n<p>Enthalten in: <a href=\"https:\/\/www.praguecards.com\/visitor-pass\/\" title=\"Prag Visitor Pass\">Prag Visitor Pass<\/a><\/p>\n\n\n<div class=\"wp-block-ub-divider ub_divider ub-divider-orientation-horizontal\" id=\"ub_divider_8bf5bfb5-e168-4f94-b6a4-e72c5536d13e\"><div class=\"ub_divider_wrapper\" style=\"position: relative; margin-bottom: 2px; width: 100%; height: 2px; \" data-divider-alignment=\"center\"><div class=\"ub_divider_line\" style=\"border-top: 2px solid #ccc; margin-top: 2px; \"><\/div><\/div><\/div>\n\n\n<h2 class=\"wp-block-heading\" style=\"font-style:normal;font-weight:600\">Altst\u00e4dter Ring<\/h2>\n\n\n\n<figure class=\"wp-block-image size-full\"><img loading=\"lazy\" decoding=\"async\" width=\"1000\" height=\"550\" src=\"https:\/\/www.praguecards.com\/wp-content\/uploads\/2023\/01\/prague-attraction3.jpg\" alt=\"Altst\u00e4dter Ring in Prag\" class=\"wp-image-143\" srcset=\"https:\/\/www.praguecards.com\/wp-content\/uploads\/2023\/01\/prague-attraction3.jpg 1000w, https:\/\/www.praguecards.com\/wp-content\/uploads\/2023\/01\/prague-attraction3-300x165.jpg 300w, https:\/\/www.praguecards.com\/wp-content\/uploads\/2023\/01\/prague-attraction3-768x422.jpg 768w, https:\/\/www.praguecards.com\/wp-content\/uploads\/2023\/01\/prague-attraction3-18x10.jpg 18w\" sizes=\"auto, (max-width: 1000px) 100vw, 1000px\" \/><figcaption class=\"wp-element-caption\"> Andrew Mayovskyy \/ Shutterstock.com<\/figcaption><\/figure>\n\n\n\n<p>Der Altst\u00e4dter Ring ist der zentrale Platz in Prag. Hier laufen alle Stra\u00dfen zusammen, sodass Sie sich fr\u00fcher oder sp\u00e4ter am Altst\u00e4dter Ring befinden werden. Rund um den Platz befinden sich viele Restaurants, aber auch historische Geb\u00e4ude wie das Altstadt-Rathaus mit der Astronomischen Uhr, die jede Stunde schl\u00e4gt und unz\u00e4hlige Touristen anzieht. Was nicht jeder wei\u00df: Sie k\u00f6nnen das Rathaus betreten und die Astronomische Uhr auch von innen besichtigen. Daf\u00fcr ben\u00f6tigen Sie eine Eintrittskarte.<\/p>\n\n\n\n<p>Enthalten in: <a href=\"https:\/\/www.praguecards.com\/visitor-pass\/\" title=\"Prag Visitor Pass\">Prag Visitor Pass<\/a><\/p>\n\n\n<div class=\"wp-block-ub-divider ub_divider ub-divider-orientation-horizontal\" id=\"ub_divider_c76484e4-1973-4dbb-bc1f-9e590537ec47\"><div class=\"ub_divider_wrapper\" style=\"position: relative; margin-bottom: 2px; width: 100%; height: 2px; \" data-divider-alignment=\"center\"><div class=\"ub_divider_line\" style=\"border-top: 2px solid #ccc; margin-top: 2px; \"><\/div><\/div><\/div>\n\n\n<h2 class=\"wp-block-heading\" style=\"font-style:normal;font-weight:600\">J\u00fcdisches Viertel<\/h2>\n\n\n\n<figure class=\"wp-block-image size-full\"><img loading=\"lazy\" decoding=\"async\" width=\"1000\" height=\"550\" src=\"https:\/\/www.praguecards.com\/wp-content\/uploads\/2023\/01\/prague-attraction4.jpg\" alt=\"Spanische Synagoge in Prag\" class=\"wp-image-144\" srcset=\"https:\/\/www.praguecards.com\/wp-content\/uploads\/2023\/01\/prague-attraction4.jpg 1000w, https:\/\/www.praguecards.com\/wp-content\/uploads\/2023\/01\/prague-attraction4-300x165.jpg 300w, https:\/\/www.praguecards.com\/wp-content\/uploads\/2023\/01\/prague-attraction4-768x422.jpg 768w, https:\/\/www.praguecards.com\/wp-content\/uploads\/2023\/01\/prague-attraction4-18x10.jpg 18w\" sizes=\"auto, (max-width: 1000px) 100vw, 1000px\" \/><figcaption class=\"wp-element-caption\">\u00a9 OlegGr \/ Shutterstock.com<\/figcaption><\/figure>\n\n\n\n<p>Das j\u00fcdische Viertel von Prag grenzt an den Altst\u00e4dter Ring an und ist eine der interessantesten Regionen der Stadt. Das Viertel beherbergt viele Synagogen, Museen und den alten j\u00fcdischen Friedhof. Buchen Sie eine Stadtf\u00fchrung, um die Geschichte des Viertels wirklich zu verstehen. Eine englischsprachige F\u00fchrung ist im Prag Visitor Pass enthalten.<\/p>\n\n\n\n<p>F\u00fcr die wichtigsten Sehensw\u00fcrdigkeiten gibt es eine kombinierte Eintrittskarte. Mit dem Jewish-Town-Ticket k\u00f6nnen Sie Synagogen, Museen und den Friedhof innerhalb von sieben Tagen besichtigen.<\/p>\n\n\n\n<p>Enthalten in: <a href=\"https:\/\/www.praguecards.com\/visitor-pass\/\" title=\"Prag Visitor Pass\">Prag Visitor Pass<\/a>, <a href=\"https:\/\/www.praguecards.com\/coolpass\/\" title=\"Prag CoolPass\">Prag CoolPass<\/a>, <a href=\"https:\/\/www.praguecards.com\/all-inclusive-pass\/\" title=\"Prag All Inclusive Pass\">All Inclusive Pass<\/a><\/p>\n\n\n<div class=\"wp-block-ub-divider ub_divider ub-divider-orientation-horizontal\" id=\"ub_divider_82573696-67a4-46be-90d0-6df4f3c37357\"><div class=\"ub_divider_wrapper\" style=\"position: relative; margin-bottom: 2px; width: 100%; height: 2px; \" data-divider-alignment=\"center\"><div class=\"ub_divider_line\" style=\"border-top: 2px solid #ccc; margin-top: 2px; \"><\/div><\/div><\/div>\n\n\n<h2 class=\"wp-block-heading\" style=\"font-style:normal;font-weight:600\">Petrin-Aussichtsturm<\/h2>\n\n\n\n<figure class=\"wp-block-image size-full\"><img loading=\"lazy\" decoding=\"async\" width=\"1000\" height=\"550\" src=\"https:\/\/www.praguecards.com\/wp-content\/uploads\/2023\/01\/prague-attraction5.jpg\" alt=\"Petrin-Aussichtsturm in Prag\" class=\"wp-image-145\" srcset=\"https:\/\/www.praguecards.com\/wp-content\/uploads\/2023\/01\/prague-attraction5.jpg 1000w, https:\/\/www.praguecards.com\/wp-content\/uploads\/2023\/01\/prague-attraction5-300x165.jpg 300w, https:\/\/www.praguecards.com\/wp-content\/uploads\/2023\/01\/prague-attraction5-768x422.jpg 768w, https:\/\/www.praguecards.com\/wp-content\/uploads\/2023\/01\/prague-attraction5-18x10.jpg 18w\" sizes=\"auto, (max-width: 1000px) 100vw, 1000px\" \/><figcaption class=\"wp-element-caption\">\u00a9 DaLiu \/ Shutterstock.com<\/figcaption><\/figure>\n\n\n\n<p>Der Petrin-Aussichtsturm befindet sich auf dem Petrin-H\u00fcgel und bietet einen unvergleichlichen Blick auf die Stadt. Das Bauwerk aus dem Jahr 1891 ist fast 60 Meter hoch und wurde dem Eiffelturm in Paris nachempfunden. Es gibt zwei Plattformen, von denen Sie die Aussicht genie\u00dfen k\u00f6nnen. Sie k\u00f6nnen sowohl die Treppen hinauflaufen als auch mit einem Aufzug fahren. Allerdings ist der historische Aufzug h\u00e4ufig au\u00dfer Betrieb. Der Turm beherbergt auch ein kleines Museum und ein Caf\u00e9.<\/p>\n\n\n\n<p>Enthalten in: <a href=\"https:\/\/www.praguecards.com\/visitor-pass\/\" title=\"Prag Visitor Pass\">Prag Visitor Pass<\/a><\/p>\n\n\n<div class=\"wp-block-ub-divider ub_divider ub-divider-orientation-horizontal\" id=\"ub_divider_74351de0-f3d9-40cb-b674-04066b8dc470\"><div class=\"ub_divider_wrapper\" style=\"position: relative; margin-bottom: 2px; width: 100%; height: 2px; \" data-divider-alignment=\"center\"><div class=\"ub_divider_line\" style=\"border-top: 2px solid #ccc; margin-top: 2px; \"><\/div><\/div><\/div>\n\n\n<h2 class=\"wp-block-heading\" style=\"font-style:normal;font-weight:600\">Nationales Technikmuseum<\/h2>\n\n\n\n<figure class=\"wp-block-image size-full\"><img loading=\"lazy\" decoding=\"async\" width=\"1000\" height=\"550\" src=\"https:\/\/www.praguecards.com\/wp-content\/uploads\/2023\/01\/prague-attraction6.jpg\" alt=\"Nationales Technikmuseum in Prag\" class=\"wp-image-146\" srcset=\"https:\/\/www.praguecards.com\/wp-content\/uploads\/2023\/01\/prague-attraction6.jpg 1000w, https:\/\/www.praguecards.com\/wp-content\/uploads\/2023\/01\/prague-attraction6-300x165.jpg 300w, https:\/\/www.praguecards.com\/wp-content\/uploads\/2023\/01\/prague-attraction6-768x422.jpg 768w, https:\/\/www.praguecards.com\/wp-content\/uploads\/2023\/01\/prague-attraction6-18x10.jpg 18w\" sizes=\"auto, (max-width: 1000px) 100vw, 1000px\" \/><figcaption class=\"wp-element-caption\">\u00a9 Rus S \/ Shutterstock.com<\/figcaption><\/figure>\n\n\n\n<p>Das Nationale Technische Museum in Prag ist eines der beliebtesten Museen in der Tschechischen Republik. Es befindet sich im Herzen der Stadt und bietet den Besuchern einen faszinierenden und umfassenden Einblick in die Geschichte der Technik und Technologie. Das 1908 gegr\u00fcndete Museum verf\u00fcgt \u00fcber eine riesige Sammlung von Artefakten, wie z. B. alte Lokomotiven, Automobile, landwirtschaftliche Maschinen und mehr.<\/p>\n\n\n\n<p>Enthalten in: <a href=\"https:\/\/www.praguecards.com\/visitor-pass\/\" title=\"Prag Visitor Pass\">Prag Visitor Pass<\/a><\/p>\n\n\n<div class=\"wp-block-ub-divider ub_divider ub-divider-orientation-horizontal\" id=\"ub_divider_0bcb4edb-8192-4047-934c-23997856defe\"><div class=\"ub_divider_wrapper\" style=\"position: relative; margin-bottom: 2px; width: 100%; height: 2px; \" data-divider-alignment=\"center\"><div class=\"ub_divider_line\" style=\"border-top: 2px solid #ccc; margin-top: 2px; \"><\/div><\/div><\/div>\n\n\n<h2 class=\"wp-block-heading\" style=\"font-style:normal;font-weight:600\">Burg Vy\u0161ehrad<\/h2>\n\n\n\n<figure class=\"wp-block-image size-full\"><img loading=\"lazy\" decoding=\"async\" width=\"1000\" height=\"550\" src=\"https:\/\/www.praguecards.com\/wp-content\/uploads\/2023\/01\/prague-attraction7.jpg\" alt=\"Burg Vy\u0161ehrad in Prag\" class=\"wp-image-147\" srcset=\"https:\/\/www.praguecards.com\/wp-content\/uploads\/2023\/01\/prague-attraction7.jpg 1000w, https:\/\/www.praguecards.com\/wp-content\/uploads\/2023\/01\/prague-attraction7-300x165.jpg 300w, https:\/\/www.praguecards.com\/wp-content\/uploads\/2023\/01\/prague-attraction7-768x422.jpg 768w, https:\/\/www.praguecards.com\/wp-content\/uploads\/2023\/01\/prague-attraction7-18x10.jpg 18w\" sizes=\"auto, (max-width: 1000px) 100vw, 1000px\" \/><figcaption class=\"wp-element-caption\">\u00a9 Catarina Belova \/ Shutterstock.com<\/figcaption><\/figure>\n\n\n\n<p>Die Burg Vy\u0161ehrad ist mit ihrer atemberaubenden Aussicht auf die Skyline der Stadt und ihrer bemerkenswerten Geschichte eines der beliebtesten Ziele f\u00fcr Touristen und Einheimische gleicherma\u00dfen. Die ab dem 10. Jahrhundert erbaute Burg ist ein Zeugnis des reichen Prager Kulturerbes. Vy\u0161ehrad beherbergt mehrere historische Geb\u00e4ude, darunter die Basilika von St. Peter und Paul, die Kasematten sowie einen Friedhof, auf dem viele ber\u00fchmte Tschechen ihre letzte Ruhe gefunden haben.<\/p>\n\n\n\n<p>Enthalten in: <a href=\"https:\/\/www.praguecards.com\/visitor-pass\/\" title=\"Prag Visitor Pass\">Prag Visitor Pass<\/a>, <a href=\"https:\/\/www.praguecards.com\/coolpass\/\" title=\"Prag CoolPass\">Prag CoolPass<\/a><\/p>\n","protected":false},"excerpt":{"rendered":"<p>Sie m\u00f6chten die tschechische Hauptstadt besuchen, aber wissen noch nicht, welche Attraktionen Sie unbedingt auf Ihre Wunschliste setzen sollten? Die folgenden Sehensw\u00fcrdigkeiten sollten Sie sich nicht entgehen lassen. Viele davon k\u00f6nnen Sie mit einer Prag Card kostenfrei besichtigen. Prager Burg Die Prager Burg ist eine der beliebtesten Sehensw\u00fcrdigkeiten in Prag. Die gewaltige Burg auf dem &#8230; <a title=\"Prags Top-Attraktionen\" class=\"read-more\" href=\"https:\/\/www.praguecards.com\/de\/attraktionen\/\" aria-label=\"Mehr Informationen \u00fcber Prags Top-Attraktionen\">Weiterlesen<\/a><\/p>\n","protected":false},"author":1,"featured_media":0,"parent":0,"menu_order":0,"comment_status":"closed","ping_status":"closed","template":"","meta":{"footnotes":""},"class_list":["post-137","page","type-page","status-publish"],"aioseo_notices":[],"featured_image_src":null,"_links":{"self":[{"href":"https:\/\/www.praguecards.com\/de\/wp-json\/wp\/v2\/pages\/137","targetHints":{"allow":["GET"]}}],"collection":[{"href":"https:\/\/www.praguecards.com\/de\/wp-json\/wp\/v2\/pages"}],"about":[{"href":"https:\/\/www.praguecards.com\/de\/wp-json\/wp\/v2\/types\/page"}],"author":[{"embeddable":true,"href":"https:\/\/www.praguecards.com\/de\/wp-json\/wp\/v2\/users\/1"}],"replies":[{"embeddable":true,"href":"https:\/\/www.praguecards.com\/de\/wp-json\/wp\/v2\/comments?post=137"}],"version-history":[{"count":18,"href":"https:\/\/www.praguecards.com\/de\/wp-json\/wp\/v2\/pages\/137\/revisions"}],"predecessor-version":[{"id":641,"href":"https:\/\/www.praguecards.com\/de\/wp-json\/wp\/v2\/pages\/137\/revisions\/641"}],"wp:attachment":[{"href":"https:\/\/www.praguecards.com\/de\/wp-json\/wp\/v2\/media?parent=137"}],"curies":[{"name":"wp","href":"https:\/\/api.w.org\/{rel}","templated":true}]}}