{"id":161,"date":"2023-01-21T14:22:09","date_gmt":"2023-01-21T14:22:09","guid":{"rendered":"https:\/\/www.praguecards.com\/?page_id=161"},"modified":"2025-05-22T13:44:40","modified_gmt":"2025-05-22T13:44:40","slug":"3-tage-in-prag","status":"publish","type":"page","link":"https:\/\/www.praguecards.com\/de\/3-tage-in-prag\/","title":{"rendered":"3 Tage in Prag mit einer Prag Card"},"content":{"rendered":"\n<p>Wer Prag besucht, kann innerhalb von drei Tagen eine Stadt voller Kultur und Sch\u00f6nheit erleben. Die tschechische Hauptstadt ist bekannt f\u00fcr ihre historische Architektur, einzigartige K\u00fcche und reiche Geschichte. Damit ist sie ein perfektes Ziel f\u00fcr Reisende, die an tschechischer Kultur interessiert sind.<\/p>\n\n\n\n<p>F\u00fcr einen dreit\u00e4gigen Aufenthalt in Prag gibt es mehr als genug zu tun, um die Stadt kennenzulernen und sich die Zeit zu vertreiben. Wenn Sie f\u00fcr Ihr Sightseeing eine Prag Card buchen m\u00f6chten, empfehlen wir den Prag Visitor Pass oder alternativ den Prag CoolPass. Folgenderma\u00dfen k\u00f6nnte Ihr Reiseplan f\u00fcr drei Tage in Prag aussehen.<\/p>\n\n\n\n<h2 class=\"wp-block-heading\" style=\"font-style:normal;font-weight:600\">Erster Tag: Stadtrundfahrt, Prager Burg und Petrin<\/h2>\n\n\n\n<figure class=\"wp-block-image size-full\"><img loading=\"lazy\" decoding=\"async\" width=\"1000\" height=\"550\" src=\"https:\/\/www.praguecards.com\/wp-content\/uploads\/2023\/01\/prag-tram-42.jpg\" alt=\"Prag Tram Linie 42\" class=\"wp-image-162\" srcset=\"https:\/\/www.praguecards.com\/wp-content\/uploads\/2023\/01\/prag-tram-42.jpg 1000w, https:\/\/www.praguecards.com\/wp-content\/uploads\/2023\/01\/prag-tram-42-300x165.jpg 300w, https:\/\/www.praguecards.com\/wp-content\/uploads\/2023\/01\/prag-tram-42-768x422.jpg 768w, https:\/\/www.praguecards.com\/wp-content\/uploads\/2023\/01\/prag-tram-42-18x10.jpg 18w\" sizes=\"auto, (max-width: 1000px) 100vw, 1000px\" \/><figcaption class=\"wp-element-caption\">Touristen-Tram Linie 42<\/figcaption><\/figure>\n\n\n\n<p>Beginnen Sie Ihre Reise am besten mit einer Stadtrundfahrt, um sich einen ersten \u00dcberblick zu verschaffen. Daf\u00fcr eignet sich die Touristen-Tram (Linie 42). Mit der Stra\u00dfenbahn k\u00f6nnen Sie an mehr als 20 Haltestellen ein- und aussteigen oder f\u00fcr eine komplette Rundfahrt sitzen bleiben.<\/p>\n\n\n\n<p>Mit dem <a href=\"https:\/\/www.praguecards.com\/visitor-pass\/\" title=\"Prag Visitor Pass\">Prag Visitor Pass<\/a> nutzen Sie diese Tram kostenfrei. Alternativ k\u00f6nnen Sie an einer zweist\u00fcndigen Stadtrundfahrt im Bus teilnehmen (mit <a href=\"https:\/\/www.praguecards.com\/coolpass\/\" title=\"Prag CoolPass\">Prag CoolPass<\/a> kostenfrei).<\/p>\n\n\n\n<p>Besuchen Sie anschlie\u00dfend die Prager Burg \u2013&nbsp;das bekannteste Wahrzeichen der Stadt. Mit einer Eintrittskarte k\u00f6nnen Sie nicht nur \u00fcber das Burggel\u00e4nde laufen, sondern auch das Goldene G\u00e4sschen besuchen sowie den Alten K\u00f6nigspalast, den Veitsdom und die Georgsbasilika. Mit dem <a href=\"https:\/\/www.praguecards.com\/visitor-pass\/\" title=\"Prag Visitor Pass\">Prag Visitor Pass<\/a> und dem <a href=\"https:\/\/www.praguecards.com\/coolpass\/\" title=\"Prag CoolPass\">Prag CoolPass<\/a> erhalten Sie kostenfreien Eintritt.<\/p>\n\n\n\n<p>Von der Prager Burg ist es ein kurzer Spaziergang zum Petrin-Park, in dem der Petrin-Aussichtsturm steht. Sie k\u00f6nnen mit der Tram Linie 42, mit \u00f6ffentlichen Verkehrsmitteln oder der Petrin-Standseilbahn anreisen.<\/p>\n\n\n\n<p>Steigen Sie die Stufen hinauf oder nehmen Sie den historischen Aufzug, um einen wundervollen Ausblick \u00fcber Prag zu genie\u00dfen. Anschlie\u00dfend k\u00f6nnen Sie das Spiegellabyrinth f\u00fcr ein spannendes Erlebnis besuchen. Das Labyrinth befindet sich neben dem Petrin-Turm. Beide Attraktionen sind kostenfrei mit dem <a href=\"https:\/\/www.praguecards.com\/visitor-pass\/\" title=\"Prag Visitor Pass\">Prag Visitor Pass<\/a>.<\/p>\n\n\n\n<h2 class=\"wp-block-heading\" style=\"font-style:normal;font-weight:600\">Zweiter Tag: Karlsbr\u00fccke, Bootsfahrt und Altstadt<\/h2>\n\n\n\n<figure class=\"wp-block-image size-full\"><img loading=\"lazy\" decoding=\"async\" width=\"1000\" height=\"550\" src=\"https:\/\/www.praguecards.com\/wp-content\/uploads\/2023\/01\/prague-attraction2.jpg\" alt=\"Karlsbr\u00fccke in Prag\" class=\"wp-image-142\" srcset=\"https:\/\/www.praguecards.com\/wp-content\/uploads\/2023\/01\/prague-attraction2.jpg 1000w, https:\/\/www.praguecards.com\/wp-content\/uploads\/2023\/01\/prague-attraction2-300x165.jpg 300w, https:\/\/www.praguecards.com\/wp-content\/uploads\/2023\/01\/prague-attraction2-768x422.jpg 768w, https:\/\/www.praguecards.com\/wp-content\/uploads\/2023\/01\/prague-attraction2-18x10.jpg 18w\" sizes=\"auto, (max-width: 1000px) 100vw, 1000px\" \/><figcaption class=\"wp-element-caption\">\u00a9 emperorcosar \/ Shutterstock.com<\/figcaption><\/figure>\n\n\n\n<p>Beginnen Sie Ihren zweiten Tag in Prag an der Karlsbr\u00fccke. Es lohnt sich, gleich nach dem Fr\u00fchst\u00fcck zur Br\u00fccke zu gehen, bevor die meisten Touristen kommen. Am sch\u00f6nsten ist die Karlsbr\u00fccke, wenn sie noch leer ist.<\/p>\n\n\n\n<p>An beiden Enden der Br\u00fccke befindet sich jeweils ein Br\u00fcckenturm. Gegen eine Geb\u00fchr k\u00f6nnen Sie auf die T\u00fcrme hinaufsteigen und den Ausblick auf die Kleinseite oder die Altstadt zu genie\u00dfen. Nur mit dem <a href=\"https:\/\/www.praguecards.com\/visitor-pass\/\" title=\"Prag Visitor Pass\">Prag Visitor Pass<\/a> ist der Eintritt in beide T\u00fcrme kostenfrei.<\/p>\n\n\n\n<p>Anschlie\u00dfend k\u00f6nnen Sie das Museum der Karlsbr\u00fccke besuchen (mit <a href=\"https:\/\/www.praguecards.com\/visitor-pass\/\" title=\"Prag Visitor Pass\">Prag Visitor Pass<\/a> und <a href=\"https:\/\/www.praguecards.com\/coolpass\/\" title=\"Prag CoolPass\">Prag CoolPass<\/a> kostenfrei). An der Tageskasse des Museums erhalten Sie auch Ihr Ticket f\u00fcr eine Bootsfahrt auf dem Teufelskanal in Klein-Venedig. Auch die Bootsfahrt ist mit beiden Prag Cards kostenfrei.<\/p>\n\n\n\n<p>Nach Ihrer Bootsfahrt in Klein-Venedig sind es nur wenige Minuten zu Fu\u00df bis zum Altst\u00e4dter Ring, dem zentralen Platz in Prags Stadtzentrum. Am Altst\u00e4dter Ring finden Sie das Rathaus mit der ber\u00fchmten Astronomischen Uhr. Mit dem <a href=\"https:\/\/www.praguecards.com\/visitor-pass\/\" title=\"Prag Visitor Pass\">Prag Visitor Pass<\/a> k\u00f6nnen Sie die Astronomische Uhr von innen besichtigen und den Ausblick vom Rathausdach genie\u00dfen.<\/p>\n\n\n\n<p>Nehmen Sie anschlie\u00dfend an einer Stadtf\u00fchrung in der Altstadt teil. Diese findet an den meisten Tagen der Woche am fr\u00fchen Nachmittag statt. Alternativ gibt es an einigen Tagen eine F\u00fchrung durch den mittelalterlichen Untergrund Prags. Eine F\u00fchrung ist mit dem <a href=\"https:\/\/www.praguecards.com\/visitor-pass\/\" title=\"Prag Visitor Pass\">Prag Visitor Pass<\/a> kostenfrei.<\/p>\n\n\n\n<h2 class=\"wp-block-heading\" style=\"font-style:normal;font-weight:600\">Dritter Tag: J\u00fcdisches Viertel und Vy\u0161ehrad<\/h2>\n\n\n\n<figure class=\"wp-block-image size-full\"><img loading=\"lazy\" decoding=\"async\" width=\"1000\" height=\"550\" src=\"https:\/\/www.praguecards.com\/wp-content\/uploads\/2023\/01\/prague-attraction7.jpg\" alt=\"Burg Vy\u0161ehrad in Prag\" class=\"wp-image-147\" srcset=\"https:\/\/www.praguecards.com\/wp-content\/uploads\/2023\/01\/prague-attraction7.jpg 1000w, https:\/\/www.praguecards.com\/wp-content\/uploads\/2023\/01\/prague-attraction7-300x165.jpg 300w, https:\/\/www.praguecards.com\/wp-content\/uploads\/2023\/01\/prague-attraction7-768x422.jpg 768w, https:\/\/www.praguecards.com\/wp-content\/uploads\/2023\/01\/prague-attraction7-18x10.jpg 18w\" sizes=\"auto, (max-width: 1000px) 100vw, 1000px\" \/><figcaption class=\"wp-element-caption\">\u00a9 Catarina Belova \/ Shutterstock.com<\/figcaption><\/figure>\n\n\n\n<p>Besuchen Sie am dritten Tag Ihrer Reise das J\u00fcdische Viertel, das nur wenige Schritte vom Altst\u00e4dter Ring entfernt liegt. Das J\u00fcdische Viertel beherbergt viele Synagogen, das J\u00fcdische Museum und den alten j\u00fcdischen Friedhof. Mit dem Jewish-Town-Ticket erhalten Sie Eintritt in all diese Sehensw\u00fcrdigkeiten. Mit dem <a href=\"https:\/\/www.praguecards.com\/visitor-pass\/\" title=\"Prag Visitor Pass\">Prag Visitor Pass<\/a> und dem <a href=\"https:\/\/www.praguecards.com\/coolpass\/\" title=\"Prag CoolPass\">Prag CoolPass<\/a> ist das Jewish-Town-Ticket kostenfrei.<\/p>\n\n\n\n<p>Wenn Sie anschlie\u00dfend weiter die Innenstadt erkunden, legen Sie einen kurzen Stopp am historischen Pulverturm ein. Steigen Sie auf die Aussichtsplattform hinauf und bewundern Sie das Prager Stadtzentrum von oben. Der Eintritt ist mit dem Prag Visitor Pass kostenfrei.<\/p>\n\n\n\n<p>Am Nachmittag k\u00f6nnen Sie eine Sehensw\u00fcrdigkeit erkunden, die au\u00dferhalb der Innenstadt liegt. Nutzen Sie die Metro oder eine Stra\u00dfenbahn (mit <a href=\"https:\/\/www.praguecards.com\/visitor-pass\/\" title=\"Prag Visitor Pass\">Prag Visitor Pass<\/a> kostenfrei), um zur Burg Vy\u0161ehrad zu gelangen. Von dort blicken Sie auf die Stadt und kommen zur Ruhe. Auf dem Gel\u00e4nde befinden sich die St. Peter und Paul Kathedrale, ein Friedhof und die Kasematten. Der Eintritt ist kostenfrei mit dem <a href=\"https:\/\/www.praguecards.com\/visitor-pass\/\" title=\"Prag Visitor Pass\">Prag Visitor Pass<\/a> und dem <a href=\"https:\/\/www.praguecards.com\/coolpass\/\" title=\"Prag CoolPass\">Prag CoolPass<\/a>.<\/p>\n","protected":false},"excerpt":{"rendered":"<p>Wer Prag besucht, kann innerhalb von drei Tagen eine Stadt voller Kultur und Sch\u00f6nheit erleben. Die tschechische Hauptstadt ist bekannt f\u00fcr ihre historische Architektur, einzigartige K\u00fcche und reiche Geschichte. Damit ist sie ein perfektes Ziel f\u00fcr Reisende, die an tschechischer Kultur interessiert sind. F\u00fcr einen dreit\u00e4gigen Aufenthalt in Prag gibt es mehr als genug zu &#8230; <a title=\"3 Tage in Prag mit einer Prag Card\" class=\"read-more\" href=\"https:\/\/www.praguecards.com\/de\/3-tage-in-prag\/\" aria-label=\"Mehr Informationen \u00fcber 3 Tage in Prag mit einer Prag Card\">Weiterlesen<\/a><\/p>\n","protected":false},"author":1,"featured_media":0,"parent":0,"menu_order":0,"comment_status":"closed","ping_status":"closed","template":"","meta":{"footnotes":""},"class_list":["post-161","page","type-page","status-publish"],"aioseo_notices":[],"featured_image_src":null,"_links":{"self":[{"href":"https:\/\/www.praguecards.com\/de\/wp-json\/wp\/v2\/pages\/161","targetHints":{"allow":["GET"]}}],"collection":[{"href":"https:\/\/www.praguecards.com\/de\/wp-json\/wp\/v2\/pages"}],"about":[{"href":"https:\/\/www.praguecards.com\/de\/wp-json\/wp\/v2\/types\/page"}],"author":[{"embeddable":true,"href":"https:\/\/www.praguecards.com\/de\/wp-json\/wp\/v2\/users\/1"}],"replies":[{"embeddable":true,"href":"https:\/\/www.praguecards.com\/de\/wp-json\/wp\/v2\/comments?post=161"}],"version-history":[{"count":13,"href":"https:\/\/www.praguecards.com\/de\/wp-json\/wp\/v2\/pages\/161\/revisions"}],"predecessor-version":[{"id":639,"href":"https:\/\/www.praguecards.com\/de\/wp-json\/wp\/v2\/pages\/161\/revisions\/639"}],"wp:attachment":[{"href":"https:\/\/www.praguecards.com\/de\/wp-json\/wp\/v2\/media?parent=161"}],"curies":[{"name":"wp","href":"https:\/\/api.w.org\/{rel}","templated":true}]}}