{"id":137,"date":"2023-01-20T18:47:13","date_gmt":"2023-01-20T18:47:13","guid":{"rendered":"https:\/\/www.praguecards.com\/?page_id=137"},"modified":"2025-05-22T13:47:02","modified_gmt":"2025-05-22T13:47:02","slug":"atracciones","status":"publish","type":"page","link":"https:\/\/www.praguecards.com\/es\/attraktionen\/","title":{"rendered":"Las principales atracciones de Praga"},"content":{"rendered":"<p>\u00bfLe gustar\u00eda visitar la capital checa, pero a\u00fan no sabe qu\u00e9 atracciones deber\u00eda incluir en su lista de deseos? No se pierda los siguientes lugares de inter\u00e9s. Puede visitar muchos de ellos gratuitamente con la Prague Card.<\/p>\n\n\n\n<h2 class=\"wp-block-heading\" style=\"font-style:normal;font-weight:600\">Castillo de Praga<\/h2>\n\n\n\n<figure class=\"wp-block-image size-full\"><img loading=\"lazy\" decoding=\"async\" width=\"1000\" height=\"550\" src=\"https:\/\/www.praguecards.com\/wp-content\/uploads\/2023\/01\/prague-attraction1-1.jpg\" alt=\"\" class=\"wp-image-148\" srcset=\"https:\/\/www.praguecards.com\/wp-content\/uploads\/2023\/01\/prague-attraction1-1.jpg 1000w, https:\/\/www.praguecards.com\/wp-content\/uploads\/2023\/01\/prague-attraction1-1-300x165.jpg 300w, https:\/\/www.praguecards.com\/wp-content\/uploads\/2023\/01\/prague-attraction1-1-768x422.jpg 768w, https:\/\/www.praguecards.com\/wp-content\/uploads\/2023\/01\/prague-attraction1-1-18x10.jpg 18w\" sizes=\"auto, (max-width: 1000px) 100vw, 1000px\" \/><\/figure>\n\n\n\n<div style=\"height:20px\" aria-hidden=\"true\" class=\"wp-block-spacer\"><\/div>\n\n\n\n<p>El Castillo de Praga es uno de los monumentos m\u00e1s populares de Praga. El poderoso castillo de Hrad\u010dany ha sido la sede de muchos reyes, emperadores y presidentes a lo largo de la historia. Hoy en d\u00eda, es sobre todo uno de los destinos m\u00e1s visitados por los turistas. Puede visitar el recinto del castillo de forma gratuita, pero si desea ver los edificios por dentro, deber\u00e1 comprar una entrada. La entrada da acceso a la Catedral de San Vito, el Antiguo Palacio Real, la Bas\u00edlica de San Jorge y el Callej\u00f3n del Oro.<\/p>\n\n\n\n<p>Contenido en: <a href=\"https:\/\/www.praguecards.com\/es\/pase-de-visitante\/\" title=\"Praga Visitor Pass\">Praga Visitor Pass<\/a>, <a href=\"https:\/\/www.praguecards.com\/es\/coolpass\/\" title=\"Praga CoolPass\">Praga CoolPass<\/a>, <a href=\"https:\/\/www.praguecards.com\/es\/pase-todo-incluido\/\" title=\"Praga All Inclusive Pass\">All Inclusive Pass<\/a><\/p>\n\n\n<div class=\"wp-block-ub-divider ub_divider ub-divider-orientation-horizontal\" id=\"ub_divider_ecca87f5-4740-4810-8d7e-6dcea63a6938\"><div class=\"ub_divider_wrapper\" style=\"position: relative; margin-bottom: 2px; width: 100%; height: 2px; \" data-divider-alignment=\"center\"><div class=\"ub_divider_line\" style=\"border-top: 2px solid #ccc; margin-top: 2px; \"><\/div><\/div><\/div>\n\n\n<h2 class=\"wp-block-heading\" style=\"font-style:normal;font-weight:600\">Puente de Carlos<\/h2>\n\n\n\n<figure class=\"wp-block-image size-full\"><img loading=\"lazy\" decoding=\"async\" width=\"1000\" height=\"550\" src=\"https:\/\/www.praguecards.com\/wp-content\/uploads\/2023\/01\/prague-attraction2.jpg\" alt=\"Puente de Carlos en Praga\" class=\"wp-image-142\" srcset=\"https:\/\/www.praguecards.com\/wp-content\/uploads\/2023\/01\/prague-attraction2.jpg 1000w, https:\/\/www.praguecards.com\/wp-content\/uploads\/2023\/01\/prague-attraction2-300x165.jpg 300w, https:\/\/www.praguecards.com\/wp-content\/uploads\/2023\/01\/prague-attraction2-768x422.jpg 768w, https:\/\/www.praguecards.com\/wp-content\/uploads\/2023\/01\/prague-attraction2-18x10.jpg 18w\" sizes=\"auto, (max-width: 1000px) 100vw, 1000px\" \/><figcaption class=\"wp-element-caption\">\u00a9 emperorcosar \/ Shutterstock.com<\/figcaption><\/figure>\n\n\n\n<p>El Puente de Carlos es una atracci\u00f3n igualmente popular. Este emblem\u00e1tico puente de piedra que cruza el r\u00edo Moldava es un s\u00edmbolo de Praga y una visita obligada para cualquier visitante de la ciudad. Est\u00e1 flanqueada por numerosas estatuas de santos y ofrece una hermosa vista de ambas orillas del r\u00edo. Recomendamos llegar al puente a primera hora de la ma\u00f1ana, antes que la mayor\u00eda de los turistas.<\/p>\n\n\n\n<p>Hay una torre en cada extremo del Puente de Carlos. Por una tarifa, puede subir a ambas torres y disfrutar de las vistas del casco antiguo o de la Ciudad Peque\u00f1a.<\/p>\n\n\n\n<p>Contenido en: <a href=\"https:\/\/www.praguecards.com\/es\/pase-de-visitante\/\" title=\"Praga Visitor Pass\">Praga Visitor Pass<\/a><\/p>\n\n\n<div class=\"wp-block-ub-divider ub_divider ub-divider-orientation-horizontal\" id=\"ub_divider_8bf5bfb5-e168-4f94-b6a4-e72c5536d13e\"><div class=\"ub_divider_wrapper\" style=\"position: relative; margin-bottom: 2px; width: 100%; height: 2px; \" data-divider-alignment=\"center\"><div class=\"ub_divider_line\" style=\"border-top: 2px solid #ccc; margin-top: 2px; \"><\/div><\/div><\/div>\n\n\n<h2 class=\"wp-block-heading\" style=\"font-style:normal;font-weight:600\">Plaza de la Ciudad Vieja<\/h2>\n\n\n\n<figure class=\"wp-block-image size-full\"><img loading=\"lazy\" decoding=\"async\" width=\"1000\" height=\"550\" src=\"https:\/\/www.praguecards.com\/wp-content\/uploads\/2023\/01\/prague-attraction3.jpg\" alt=\"Plaza de la Ciudad Vieja de Praga\" class=\"wp-image-143\" srcset=\"https:\/\/www.praguecards.com\/wp-content\/uploads\/2023\/01\/prague-attraction3.jpg 1000w, https:\/\/www.praguecards.com\/wp-content\/uploads\/2023\/01\/prague-attraction3-300x165.jpg 300w, https:\/\/www.praguecards.com\/wp-content\/uploads\/2023\/01\/prague-attraction3-768x422.jpg 768w, https:\/\/www.praguecards.com\/wp-content\/uploads\/2023\/01\/prague-attraction3-18x10.jpg 18w\" sizes=\"auto, (max-width: 1000px) 100vw, 1000px\" \/><figcaption class=\"wp-element-caption\"> Andrew Mayovskyy \/ Shutterstock.com<\/figcaption><\/figure>\n\n\n\n<p>La Plaza de la Ciudad Vieja es la plaza central de Praga. Todas las calles confluyen aqu\u00ed, por lo que tarde o temprano se encontrar\u00e1 en la Plaza de la Ciudad Vieja. Alrededor de la plaza hay muchos restaurantes, pero tambi\u00e9n edificios hist\u00f3ricos como el Antiguo Ayuntamiento con el Reloj Astron\u00f3mico, que da las campanadas cada hora y atrae a innumerables turistas. Lo que no todo el mundo sabe: se puede entrar en el ayuntamiento y visitar tambi\u00e9n el Reloj Astron\u00f3mico desde dentro. Para ello se necesita una entrada.<\/p>\n\n\n\n<p>Contenido en: <a href=\"https:\/\/www.praguecards.com\/es\/pase-de-visitante\/\" title=\"Praga Visitor Pass\">Praga Visitor Pass<\/a><\/p>\n\n\n<div class=\"wp-block-ub-divider ub_divider ub-divider-orientation-horizontal\" id=\"ub_divider_c76484e4-1973-4dbb-bc1f-9e590537ec47\"><div class=\"ub_divider_wrapper\" style=\"position: relative; margin-bottom: 2px; width: 100%; height: 2px; \" data-divider-alignment=\"center\"><div class=\"ub_divider_line\" style=\"border-top: 2px solid #ccc; margin-top: 2px; \"><\/div><\/div><\/div>\n\n\n<h2 class=\"wp-block-heading\" style=\"font-style:normal;font-weight:600\">Barrio jud\u00edo<\/h2>\n\n\n\n<figure class=\"wp-block-image size-full\"><img loading=\"lazy\" decoding=\"async\" width=\"1000\" height=\"550\" src=\"https:\/\/www.praguecards.com\/wp-content\/uploads\/2023\/01\/prague-attraction4.jpg\" alt=\"Sinagoga espa\u00f1ola en Praga\" class=\"wp-image-144\" srcset=\"https:\/\/www.praguecards.com\/wp-content\/uploads\/2023\/01\/prague-attraction4.jpg 1000w, https:\/\/www.praguecards.com\/wp-content\/uploads\/2023\/01\/prague-attraction4-300x165.jpg 300w, https:\/\/www.praguecards.com\/wp-content\/uploads\/2023\/01\/prague-attraction4-768x422.jpg 768w, https:\/\/www.praguecards.com\/wp-content\/uploads\/2023\/01\/prague-attraction4-18x10.jpg 18w\" sizes=\"auto, (max-width: 1000px) 100vw, 1000px\" \/><figcaption class=\"wp-element-caption\">\u00a9 OlegGr \/ Shutterstock.com<\/figcaption><\/figure>\n\n\n\n<p>El barrio jud\u00edo de Praga bordea la Plaza de la Ciudad Vieja y es una de las regiones m\u00e1s interesantes de la ciudad. El barrio alberga numerosas sinagogas, museos y el antiguo cementerio jud\u00edo. Reserve una visita guiada para conocer a fondo la historia del barrio. Una visita guiada en ingl\u00e9s est\u00e1 incluida en Praga Visitor Pass.<\/p>\n\n\n\n<p>Existe un billete combinado para los lugares de inter\u00e9s m\u00e1s importantes. Con el billete de la Ciudad Jud\u00eda podr\u00e1 visitar sinagogas, museos y el cementerio en siete d\u00edas.<\/p>\n\n\n\n<p>Contenido en: <a href=\"https:\/\/www.praguecards.com\/es\/pase-de-visitante\/\" title=\"Praga Visitor Pass\">Praga Visitor Pass<\/a>, <a href=\"https:\/\/www.praguecards.com\/es\/coolpass\/\" title=\"Praga CoolPass\">Praga CoolPass<\/a>, <a href=\"https:\/\/www.praguecards.com\/es\/pase-todo-incluido\/\" title=\"Praga All Inclusive Pass\">All Inclusive Pass<\/a><\/p>\n\n\n<div class=\"wp-block-ub-divider ub_divider ub-divider-orientation-horizontal\" id=\"ub_divider_82573696-67a4-46be-90d0-6df4f3c37357\"><div class=\"ub_divider_wrapper\" style=\"position: relative; margin-bottom: 2px; width: 100%; height: 2px; \" data-divider-alignment=\"center\"><div class=\"ub_divider_line\" style=\"border-top: 2px solid #ccc; margin-top: 2px; \"><\/div><\/div><\/div>\n\n\n<h2 class=\"wp-block-heading\" style=\"font-style:normal;font-weight:600\">Torre de observaci\u00f3n de Petrin<\/h2>\n\n\n\n<figure class=\"wp-block-image size-full\"><img loading=\"lazy\" decoding=\"async\" width=\"1000\" height=\"550\" src=\"https:\/\/www.praguecards.com\/wp-content\/uploads\/2023\/01\/prague-attraction5.jpg\" alt=\"Torre mirador de Petrin en Praga\" class=\"wp-image-145\" srcset=\"https:\/\/www.praguecards.com\/wp-content\/uploads\/2023\/01\/prague-attraction5.jpg 1000w, https:\/\/www.praguecards.com\/wp-content\/uploads\/2023\/01\/prague-attraction5-300x165.jpg 300w, https:\/\/www.praguecards.com\/wp-content\/uploads\/2023\/01\/prague-attraction5-768x422.jpg 768w, https:\/\/www.praguecards.com\/wp-content\/uploads\/2023\/01\/prague-attraction5-18x10.jpg 18w\" sizes=\"auto, (max-width: 1000px) 100vw, 1000px\" \/><figcaption class=\"wp-element-caption\">\u00a9 DaLiu \/ Shutterstock.com<\/figcaption><\/figure>\n\n\n\n<p>La Torre Mirador de Petr\u00edn est\u00e1 situada en la colina de Petr\u00edn y ofrece una vista incomparable de la ciudad. La estructura, construida en 1891, tiene casi 60 metros de altura y sigue el modelo de la Torre Eiffel de Par\u00eds. Hay dos plataformas desde las que se puede disfrutar de la vista. Ambos pueden subir las escaleras y coger el ascensor. Sin embargo, el ascensor hist\u00f3rico suele estar fuera de servicio. La torre tambi\u00e9n alberga un peque\u00f1o museo y una cafeter\u00eda.<\/p>\n\n\n\n<p>Contenido en: <a href=\"https:\/\/www.praguecards.com\/es\/pase-de-visitante\/\" title=\"Praga Visitor Pass\">Praga Visitor Pass<\/a><\/p>\n\n\n<div class=\"wp-block-ub-divider ub_divider ub-divider-orientation-horizontal\" id=\"ub_divider_74351de0-f3d9-40cb-b674-04066b8dc470\"><div class=\"ub_divider_wrapper\" style=\"position: relative; margin-bottom: 2px; width: 100%; height: 2px; \" data-divider-alignment=\"center\"><div class=\"ub_divider_line\" style=\"border-top: 2px solid #ccc; margin-top: 2px; \"><\/div><\/div><\/div>\n\n\n<h2 class=\"wp-block-heading\" style=\"font-style:normal;font-weight:600\">Museo Nacional de Tecnolog\u00eda<\/h2>\n\n\n\n<figure class=\"wp-block-image size-full\"><img loading=\"lazy\" decoding=\"async\" width=\"1000\" height=\"550\" src=\"https:\/\/www.praguecards.com\/wp-content\/uploads\/2023\/01\/prague-attraction6.jpg\" alt=\"Museo Nacional de Tecnolog\u00eda de Praga\" class=\"wp-image-146\" srcset=\"https:\/\/www.praguecards.com\/wp-content\/uploads\/2023\/01\/prague-attraction6.jpg 1000w, https:\/\/www.praguecards.com\/wp-content\/uploads\/2023\/01\/prague-attraction6-300x165.jpg 300w, https:\/\/www.praguecards.com\/wp-content\/uploads\/2023\/01\/prague-attraction6-768x422.jpg 768w, https:\/\/www.praguecards.com\/wp-content\/uploads\/2023\/01\/prague-attraction6-18x10.jpg 18w\" sizes=\"auto, (max-width: 1000px) 100vw, 1000px\" \/><figcaption class=\"wp-element-caption\">Rus S \/ Shutterstock.com<\/figcaption><\/figure>\n\n\n\n<p>El Museo T\u00e9cnico Nacional de Praga es uno de los museos m\u00e1s populares de la Rep\u00fablica Checa. Situado en el coraz\u00f3n de la ciudad, ofrece a los visitantes una visi\u00f3n fascinante y completa de la historia de la ingenier\u00eda y la tecnolog\u00eda. Fundado en 1908, el museo posee una enorme colecci\u00f3n de artefactos, como locomotoras antiguas, autom\u00f3viles, maquinaria agr\u00edcola y mucho m\u00e1s.<\/p>\n\n\n\n<p>Contenido en: <a href=\"https:\/\/www.praguecards.com\/es\/pase-de-visitante\/\" title=\"Praga Visitor Pass\">Praga Visitor Pass<\/a><\/p>\n\n\n<div class=\"wp-block-ub-divider ub_divider ub-divider-orientation-horizontal\" id=\"ub_divider_0bcb4edb-8192-4047-934c-23997856defe\"><div class=\"ub_divider_wrapper\" style=\"position: relative; margin-bottom: 2px; width: 100%; height: 2px; \" data-divider-alignment=\"center\"><div class=\"ub_divider_line\" style=\"border-top: 2px solid #ccc; margin-top: 2px; \"><\/div><\/div><\/div>\n\n\n<h2 class=\"wp-block-heading\" style=\"font-style:normal;font-weight:600\">Castillo de Vy\u0161ehrad<\/h2>\n\n\n\n<figure class=\"wp-block-image size-full\"><img loading=\"lazy\" decoding=\"async\" width=\"1000\" height=\"550\" src=\"https:\/\/www.praguecards.com\/wp-content\/uploads\/2023\/01\/prague-attraction7.jpg\" alt=\"Castillo de Vy\u0161ehrad en Praga\" class=\"wp-image-147\" srcset=\"https:\/\/www.praguecards.com\/wp-content\/uploads\/2023\/01\/prague-attraction7.jpg 1000w, https:\/\/www.praguecards.com\/wp-content\/uploads\/2023\/01\/prague-attraction7-300x165.jpg 300w, https:\/\/www.praguecards.com\/wp-content\/uploads\/2023\/01\/prague-attraction7-768x422.jpg 768w, https:\/\/www.praguecards.com\/wp-content\/uploads\/2023\/01\/prague-attraction7-18x10.jpg 18w\" sizes=\"auto, (max-width: 1000px) 100vw, 1000px\" \/><figcaption class=\"wp-element-caption\">Catarina Belova \/ Shutterstock.com<\/figcaption><\/figure>\n\n\n\n<p>Con sus impresionantes vistas del perfil de la ciudad y su notable historia, el castillo de Vy\u0161ehrad es uno de los destinos m\u00e1s populares para turistas y lugare\u00f1os. Construido a partir del siglo X, el castillo es testimonio del rico patrimonio cultural de Praga. Vy\u0161ehrad alberga varios edificios hist\u00f3ricos, como la Bas\u00edlica de San Pedro y San Pablo, las casamatas y un cementerio donde han encontrado su \u00faltima morada muchos checos famosos.<\/p>\n\n\n\n<p>Contenido en: <a href=\"https:\/\/www.praguecards.com\/es\/pase-de-visitante\/\" title=\"Praga Visitor Pass\">Praga Visitor Pass<\/a>, <a href=\"https:\/\/www.praguecards.com\/es\/coolpass\/\" title=\"Praga CoolPass\">Praga CoolPass<\/a><\/p>","protected":false},"excerpt":{"rendered":"<p>\u00bfLe gustar\u00eda visitar la capital checa, pero a\u00fan no sabe qu\u00e9 atracciones deber\u00eda incluir en su lista de deseos? No se pierda los siguientes lugares de inter\u00e9s. Puede visitar muchos de ellos gratuitamente con la tarjeta Prague Card. Castillo de Praga El Castillo de Praga es uno de los monumentos m\u00e1s populares de Praga. El poderoso castillo ... <a title=\"Las principales atracciones de Praga\" class=\"read-more\" href=\"https:\/\/www.praguecards.com\/es\/attraktionen\/\" aria-label=\"Leer m\u00e1s sobre Las principales atracciones de Praga\">Vaciar m\u00e1s<\/a><\/p>","protected":false},"author":1,"featured_media":0,"parent":0,"menu_order":0,"comment_status":"closed","ping_status":"closed","template":"","meta":{"footnotes":""},"class_list":["post-137","page","type-page","status-publish"],"aioseo_notices":[],"featured_image_src":null,"_links":{"self":[{"href":"https:\/\/www.praguecards.com\/es\/wp-json\/wp\/v2\/pages\/137","targetHints":{"allow":["GET"]}}],"collection":[{"href":"https:\/\/www.praguecards.com\/es\/wp-json\/wp\/v2\/pages"}],"about":[{"href":"https:\/\/www.praguecards.com\/es\/wp-json\/wp\/v2\/types\/page"}],"author":[{"embeddable":true,"href":"https:\/\/www.praguecards.com\/es\/wp-json\/wp\/v2\/users\/1"}],"replies":[{"embeddable":true,"href":"https:\/\/www.praguecards.com\/es\/wp-json\/wp\/v2\/comments?post=137"}],"version-history":[{"count":18,"href":"https:\/\/www.praguecards.com\/es\/wp-json\/wp\/v2\/pages\/137\/revisions"}],"predecessor-version":[{"id":641,"href":"https:\/\/www.praguecards.com\/es\/wp-json\/wp\/v2\/pages\/137\/revisions\/641"}],"wp:attachment":[{"href":"https:\/\/www.praguecards.com\/es\/wp-json\/wp\/v2\/media?parent=137"}],"curies":[{"name":"wp","href":"https:\/\/api.w.org\/{rel}","templated":true}]}}