{"id":161,"date":"2023-01-21T14:22:09","date_gmt":"2023-01-21T14:22:09","guid":{"rendered":"https:\/\/www.praguecards.com\/?page_id=161"},"modified":"2025-05-22T13:44:40","modified_gmt":"2025-05-22T13:44:40","slug":"3-dias-praga","status":"publish","type":"page","link":"https:\/\/www.praguecards.com\/es\/3-tage-in-prag\/","title":{"rendered":"3 d\u00edas en Praga con la Prague Card"},"content":{"rendered":"<p>Si visita Praga, podr\u00e1 conocer una ciudad llena de cultura y belleza en tres d\u00edas. La capital checa es conocida por su arquitectura hist\u00f3rica, su gastronom\u00eda \u00fanica y su rica historia. Esto la convierte en un destino perfecto para los viajeros interesados en la cultura checa.<\/p>\n\n\n\n<p>Para una estancia de tres d\u00edas en Praga, hay m\u00e1s que suficiente para conocer la ciudad y pasar el tiempo. Si desea reservar una Prague Card para sus visitas tur\u00edsticas, le recomendamos la Prague Visitor Pass o, alternativamente, la Prague CoolPass. Su itinerario para tres d\u00edas en Praga podr\u00eda ser el siguiente.<\/p>\n\n\n\n<h2 class=\"wp-block-heading\" style=\"font-style:normal;font-weight:600\">Primer d\u00eda: Visita de la ciudad, Castillo de Praga y Petrin<\/h2>\n\n\n\n<figure class=\"wp-block-image size-full\"><img loading=\"lazy\" decoding=\"async\" width=\"1000\" height=\"550\" src=\"https:\/\/www.praguecards.com\/wp-content\/uploads\/2023\/01\/prag-tram-42.jpg\" alt=\"L\u00ednea 42 del tranv\u00eda de Praga\" class=\"wp-image-162\" srcset=\"https:\/\/www.praguecards.com\/wp-content\/uploads\/2023\/01\/prag-tram-42.jpg 1000w, https:\/\/www.praguecards.com\/wp-content\/uploads\/2023\/01\/prag-tram-42-300x165.jpg 300w, https:\/\/www.praguecards.com\/wp-content\/uploads\/2023\/01\/prag-tram-42-768x422.jpg 768w, https:\/\/www.praguecards.com\/wp-content\/uploads\/2023\/01\/prag-tram-42-18x10.jpg 18w\" sizes=\"auto, (max-width: 1000px) 100vw, 1000px\" \/><figcaption class=\"wp-element-caption\">L\u00ednea 42 del tranv\u00eda tur\u00edstico<\/figcaption><\/figure>\n\n\n\n<p>Lo mejor es empezar el viaje con una visita a la ciudad para tener una primera visi\u00f3n de conjunto. El tranv\u00eda tur\u00edstico (l\u00ednea 42) es adecuado para ello. Con el tranv\u00eda puede subir y bajar en m\u00e1s de 20 paradas o permanecer sentado para realizar un recorrido completo.<\/p>\n\n\n\n<p>Con el <a href=\"https:\/\/www.praguecards.com\/es\/pase-de-visitante\/\" title=\"Praga Visitor Pass\">Praga Visitor Pass<\/a> puede utilizar este tranv\u00eda gratuitamente. Alternativamente, puede participar en una visita de la ciudad de dos horas en autob\u00fas (con <a href=\"https:\/\/www.praguecards.com\/es\/coolpass\/\" title=\"Praga CoolPass\">Praga CoolPass<\/a> gratuito).<\/p>\n\n\n\n<p>A continuaci\u00f3n, visite el Castillo de Praga, el monumento m\u00e1s famoso de la ciudad. Con una entrada, no s\u00f3lo podr\u00e1 pasear por el recinto del castillo, sino tambi\u00e9n visitar el Callej\u00f3n del Oro, el Antiguo Palacio Real, la Catedral de San Vito y la Bas\u00edlica de San Jorge. Con el <a href=\"https:\/\/www.praguecards.com\/es\/pase-de-visitante\/\" title=\"Praga Visitor Pass\">Praga Visitor Pass<\/a> y el <a href=\"https:\/\/www.praguecards.com\/es\/coolpass\/\" title=\"Praga CoolPass\">Praga CoolPass<\/a> tendr\u00e1 entrada gratuita.<\/p>\n\n\n\n<p>Desde el Castillo de Praga hay un corto paseo hasta el Parque Petrin, donde se encuentra la Torre Mirador Petrin. Se puede llegar en la l\u00ednea 42 del tranv\u00eda, en transporte p\u00fablico o en el funicular de Petrin.<\/p>\n\n\n\n<p>Suba las escaleras o tome el hist\u00f3rico ascensor para disfrutar de unas maravillosas vistas de Praga. Despu\u00e9s, puede visitar el Laberinto de los Espejos para vivir una experiencia emocionante. El laberinto se encuentra junto a la Torre Petrin. Ambas atracciones son gratuitas con el <a href=\"https:\/\/www.praguecards.com\/es\/pase-de-visitante\/\" title=\"Praga Visitor Pass\">Praga Visitor Pass<\/a>.<\/p>\n\n\n\n<h2 class=\"wp-block-heading\" style=\"font-style:normal;font-weight:600\">Segundo d\u00eda: Puente de Carlos, paseo en barco y Casco Antiguo<\/h2>\n\n\n\n<figure class=\"wp-block-image size-full\"><img loading=\"lazy\" decoding=\"async\" width=\"1000\" height=\"550\" src=\"https:\/\/www.praguecards.com\/wp-content\/uploads\/2023\/01\/prague-attraction2.jpg\" alt=\"Puente de Carlos en Praga\" class=\"wp-image-142\" srcset=\"https:\/\/www.praguecards.com\/wp-content\/uploads\/2023\/01\/prague-attraction2.jpg 1000w, https:\/\/www.praguecards.com\/wp-content\/uploads\/2023\/01\/prague-attraction2-300x165.jpg 300w, https:\/\/www.praguecards.com\/wp-content\/uploads\/2023\/01\/prague-attraction2-768x422.jpg 768w, https:\/\/www.praguecards.com\/wp-content\/uploads\/2023\/01\/prague-attraction2-18x10.jpg 18w\" sizes=\"auto, (max-width: 1000px) 100vw, 1000px\" \/><figcaption class=\"wp-element-caption\">\u00a9 emperorcosar \/ Shutterstock.com<\/figcaption><\/figure>\n\n\n\n<p>Comience su segundo d\u00eda en Praga en el Puente de Carlos. Merece la pena ir al puente justo despu\u00e9s de desayunar, antes de que llegue la mayor\u00eda de los turistas. El Puente de Carlos es m\u00e1s bonito cuando a\u00fan est\u00e1 vac\u00edo.<\/p>\n\n\n\n<p>Hay una torre en cada extremo del puente. Por una tarifa, puede subir a las torres y disfrutar de las vistas de la Ciudad Peque\u00f1a o el Casco Antiguo. S\u00f3lo con el <a href=\"https:\/\/www.praguecards.com\/es\/pase-de-visitante\/\" title=\"Praga Visitor Pass\">Praga Visitor Pass<\/a> la entrada a ambas torres es gratuita.<\/p>\n\n\n\n<p>Despu\u00e9s puede visitar el Museo del Puente de Carlos (con <a href=\"https:\/\/www.praguecards.com\/es\/pase-de-visitante\/\" title=\"Praga Visitor Pass\">Praga Visitor Pass<\/a> y <a href=\"https:\/\/www.praguecards.com\/es\/coolpass\/\" title=\"Praga CoolPass\">Praga CoolPass<\/a> gratuito). Tambi\u00e9n puede adquirir en la taquilla del museo su billete para un paseo en barco por el Canal del Diablo en la Peque\u00f1a Venecia. El paseo en barco tambi\u00e9n es gratuito con las dos Prague Cards.<\/p>\n\n\n\n<p>Tras el paseo en barco por la Peque\u00f1a Venecia, s\u00f3lo hay que caminar unos minutos para llegar a la Plaza de la Ciudad Vieja, la plaza central del centro de Praga. En la Plaza de la Ciudad Vieja se encuentra el Ayuntamiento con el famoso Reloj Astron\u00f3mico. Con el <a href=\"https:\/\/www.praguecards.com\/es\/pase-de-visitante\/\" title=\"Praga Visitor Pass\">Praga Visitor Pass<\/a> puede visitar el Reloj Astron\u00f3mico por dentro y disfrutar de la vista desde el tejado del Ayuntamiento.<\/p>\n\n\n\n<p>A continuaci\u00f3n, participe en una visita guiada por el casco antiguo. Tiene lugar a primera hora de la tarde la mayor\u00eda de los d\u00edas de la semana. Como alternativa, algunos d\u00edas se ofrece una visita guiada al metro medieval de Praga. Se puede realizar una visita guiada con el <a href=\"https:\/\/www.praguecards.com\/es\/pase-de-visitante\/\" title=\"Praga Visitor Pass\">Praga Visitor Pass<\/a> de forma gratuita.<\/p>\n\n\n\n<h2 class=\"wp-block-heading\" style=\"font-style:normal;font-weight:600\">Tercer d\u00eda: Barrio jud\u00edo y Vy\u0161ehrad<\/h2>\n\n\n\n<figure class=\"wp-block-image size-full\"><img loading=\"lazy\" decoding=\"async\" width=\"1000\" height=\"550\" src=\"https:\/\/www.praguecards.com\/wp-content\/uploads\/2023\/01\/prague-attraction7.jpg\" alt=\"Castillo de Vy\u0161ehrad en Praga\" class=\"wp-image-147\" srcset=\"https:\/\/www.praguecards.com\/wp-content\/uploads\/2023\/01\/prague-attraction7.jpg 1000w, https:\/\/www.praguecards.com\/wp-content\/uploads\/2023\/01\/prague-attraction7-300x165.jpg 300w, https:\/\/www.praguecards.com\/wp-content\/uploads\/2023\/01\/prague-attraction7-768x422.jpg 768w, https:\/\/www.praguecards.com\/wp-content\/uploads\/2023\/01\/prague-attraction7-18x10.jpg 18w\" sizes=\"auto, (max-width: 1000px) 100vw, 1000px\" \/><figcaption class=\"wp-element-caption\">Catarina Belova \/ Shutterstock.com<\/figcaption><\/figure>\n\n\n\n<p>El tercer d\u00eda de su viaje, visite el Barrio Jud\u00edo, situado a pocos pasos de la Plaza de la Ciudad Vieja. El barrio jud\u00edo alberga numerosas sinagogas, el Museo Jud\u00edo y el antiguo cementerio jud\u00edo. El billete de la Ciudad Jud\u00eda le da acceso a todos estos monumentos. Con el <a href=\"https:\/\/www.praguecards.com\/es\/pase-de-visitante\/\" title=\"Praga Visitor Pass\">Praga Visitor Pass<\/a> y el <a href=\"https:\/\/www.praguecards.com\/es\/coolpass\/\" title=\"Praga CoolPass\">Praga CoolPass<\/a> la entrada a la Ciudad Jud\u00eda es gratuita.<\/p>\n\n\n\n<p>Si despu\u00e9s sigue explorando el centro de la ciudad, haga una breve parada en la hist\u00f3rica Torre de la P\u00f3lvora. Suba a la plataforma de observaci\u00f3n y admire el centro de Praga desde las alturas. La entrada es gratuita con el Visitor Pass de Praga.<\/p>\n\n\n\n<p>Por la tarde, puede explorar un lugar de inter\u00e9s que se encuentra fuera del centro de la ciudad. Utilice el metro o el tranv\u00eda (con <a href=\"https:\/\/www.praguecards.com\/es\/pase-de-visitante\/\" title=\"Praga Visitor Pass\">Praga Visitor Pass<\/a> gratuito) para llegar al castillo de Vy\u0161ehrad. Desde all\u00ed se puede contemplar la ciudad y descansar. En el recinto se encuentran la catedral de San Pedro y San Pablo, un cementerio y las casamatas. La entrada es gratuita con el <a href=\"https:\/\/www.praguecards.com\/es\/pase-de-visitante\/\" title=\"Praga Visitor Pass\">Praga Visitor Pass<\/a> y el <a href=\"https:\/\/www.praguecards.com\/es\/coolpass\/\" title=\"Praga CoolPass\">Praga CoolPass<\/a>.<\/p>","protected":false},"excerpt":{"rendered":"<p>Si visita Praga, podr\u00e1 conocer una ciudad llena de cultura y belleza en tres d\u00edas. La capital checa es conocida por su arquitectura hist\u00f3rica, su gastronom\u00eda \u00fanica y su rica historia. Esto la convierte en un destino perfecto para los viajeros interesados en la cultura checa. Para una estancia de tres d\u00edas en Praga, hay m\u00e1s que suficiente ... <a title=\"3 d\u00edas en Praga con la Prague Card\" class=\"read-more\" href=\"https:\/\/www.praguecards.com\/es\/3-tage-in-prag\/\" aria-label=\"Leer m\u00e1s sobre 3 d\u00edas en Praga con la Prague Card\">Vaciar m\u00e1s<\/a><\/p>","protected":false},"author":1,"featured_media":0,"parent":0,"menu_order":0,"comment_status":"closed","ping_status":"closed","template":"","meta":{"footnotes":""},"class_list":["post-161","page","type-page","status-publish"],"aioseo_notices":[],"featured_image_src":null,"_links":{"self":[{"href":"https:\/\/www.praguecards.com\/es\/wp-json\/wp\/v2\/pages\/161","targetHints":{"allow":["GET"]}}],"collection":[{"href":"https:\/\/www.praguecards.com\/es\/wp-json\/wp\/v2\/pages"}],"about":[{"href":"https:\/\/www.praguecards.com\/es\/wp-json\/wp\/v2\/types\/page"}],"author":[{"embeddable":true,"href":"https:\/\/www.praguecards.com\/es\/wp-json\/wp\/v2\/users\/1"}],"replies":[{"embeddable":true,"href":"https:\/\/www.praguecards.com\/es\/wp-json\/wp\/v2\/comments?post=161"}],"version-history":[{"count":13,"href":"https:\/\/www.praguecards.com\/es\/wp-json\/wp\/v2\/pages\/161\/revisions"}],"predecessor-version":[{"id":639,"href":"https:\/\/www.praguecards.com\/es\/wp-json\/wp\/v2\/pages\/161\/revisions\/639"}],"wp:attachment":[{"href":"https:\/\/www.praguecards.com\/es\/wp-json\/wp\/v2\/media?parent=161"}],"curies":[{"name":"wp","href":"https:\/\/api.w.org\/{rel}","templated":true}]}}