{"id":137,"date":"2023-01-20T18:47:13","date_gmt":"2023-01-20T18:47:13","guid":{"rendered":"https:\/\/www.praguecards.com\/?page_id=137"},"modified":"2025-05-22T13:47:02","modified_gmt":"2025-05-22T13:47:02","slug":"attractions","status":"publish","type":"page","link":"https:\/\/www.praguecards.com\/fr\/attraktionen\/","title":{"rendered":"Les meilleures attractions de Prague"},"content":{"rendered":"<p>Vous souhaitez visiter la capitale tch\u00e8que, mais vous ne savez pas encore quelles attractions vous devez absolument ajouter \u00e0 votre liste de souhaits ? Ne manquez pas les attractions suivantes. Vous pouvez en visiter beaucoup gratuitement avec une Prague Card.<\/p>\n\n\n\n<h2 class=\"wp-block-heading\" style=\"font-style:normal;font-weight:600\">Ch\u00e2teau de Prague<\/h2>\n\n\n\n<figure class=\"wp-block-image size-full\"><img loading=\"lazy\" decoding=\"async\" width=\"1000\" height=\"550\" src=\"https:\/\/www.praguecards.com\/wp-content\/uploads\/2023\/01\/prague-attraction1-1.jpg\" alt=\"\" class=\"wp-image-148\" srcset=\"https:\/\/www.praguecards.com\/wp-content\/uploads\/2023\/01\/prague-attraction1-1.jpg 1000w, https:\/\/www.praguecards.com\/wp-content\/uploads\/2023\/01\/prague-attraction1-1-300x165.jpg 300w, https:\/\/www.praguecards.com\/wp-content\/uploads\/2023\/01\/prague-attraction1-1-768x422.jpg 768w, https:\/\/www.praguecards.com\/wp-content\/uploads\/2023\/01\/prague-attraction1-1-18x10.jpg 18w\" sizes=\"auto, (max-width: 1000px) 100vw, 1000px\" \/><\/figure>\n\n\n\n<div style=\"height:20px\" aria-hidden=\"true\" class=\"wp-block-spacer\"><\/div>\n\n\n\n<p>Le ch\u00e2teau de Prague est l'une des attractions touristiques les plus populaires de Prague. Au cours de l'histoire, l'immense ch\u00e2teau situ\u00e9 sur le Hradschin a \u00e9t\u00e9 le si\u00e8ge de nombreux rois, empereurs et pr\u00e9sidents. Aujourd'hui, il est surtout l'une des destinations les plus visit\u00e9es par les touristes. Vous pouvez visiter gratuitement le site du ch\u00e2teau, mais si vous souhaitez voir l'int\u00e9rieur des b\u00e2timents, vous devez acheter un billet. Ce billet vous donne acc\u00e8s \u00e0 la cath\u00e9drale Saint-Guy, \u00e0 l'ancien palais royal, \u00e0 la basilique Saint-Georges et \u00e0 la ruelle d'Or.<\/p>\n\n\n\n<p>Contenu dans : <a href=\"https:\/\/www.praguecards.com\/fr\/visitor-pass\/\" title=\"Prague Visitor Pass\">Prague Visitor Pass<\/a>, <a href=\"https:\/\/www.praguecards.com\/fr\/coolpass\/\" title=\"Prague CoolPass\">Prague CoolPass<\/a>, <a href=\"https:\/\/www.praguecards.com\/fr\/pass-tout-compris\/\" title=\"Prague All Inclusive Pass\">All Inclusive Pass<\/a><\/p>\n\n\n<div class=\"wp-block-ub-divider ub_divider ub-divider-orientation-horizontal\" id=\"ub_divider_ecca87f5-4740-4810-8d7e-6dcea63a6938\"><div class=\"ub_divider_wrapper\" style=\"position: relative; margin-bottom: 2px; width: 100%; height: 2px; \" data-divider-alignment=\"center\"><div class=\"ub_divider_line\" style=\"border-top: 2px solid #ccc; margin-top: 2px; \"><\/div><\/div><\/div>\n\n\n<h2 class=\"wp-block-heading\" style=\"font-style:normal;font-weight:600\">Pont Charles<\/h2>\n\n\n\n<figure class=\"wp-block-image size-full\"><img loading=\"lazy\" decoding=\"async\" width=\"1000\" height=\"550\" src=\"https:\/\/www.praguecards.com\/wp-content\/uploads\/2023\/01\/prague-attraction2.jpg\" alt=\"Pont Charles \u00e0 Prague\" class=\"wp-image-142\" srcset=\"https:\/\/www.praguecards.com\/wp-content\/uploads\/2023\/01\/prague-attraction2.jpg 1000w, https:\/\/www.praguecards.com\/wp-content\/uploads\/2023\/01\/prague-attraction2-300x165.jpg 300w, https:\/\/www.praguecards.com\/wp-content\/uploads\/2023\/01\/prague-attraction2-768x422.jpg 768w, https:\/\/www.praguecards.com\/wp-content\/uploads\/2023\/01\/prague-attraction2-18x10.jpg 18w\" sizes=\"auto, (max-width: 1000px) 100vw, 1000px\" \/><figcaption class=\"wp-element-caption\">\u00a9 emperorcosar \/ Shutterstock.com<\/figcaption><\/figure>\n\n\n\n<p>Le pont Charles est une attraction tout aussi populaire. Ce pont de pierre embl\u00e9matique, qui enjambe la Vltava, est un symbole de Prague et un passage oblig\u00e9 pour tout visiteur de la ville. Il est bord\u00e9 de nombreuses statues de saints et offre une belle vue sur les deux rives du fleuve. Nous vous recommandons d'arriver au pont t\u00f4t le matin, avant la plupart des touristes.<\/p>\n\n\n\n<p>Une tour de pont se trouve \u00e0 chaque extr\u00e9mit\u00e9 du pont Charles. Moyennant un suppl\u00e9ment, vous pouvez monter au sommet des deux tours et profiter de la vue sur la vieille ville ou sur Mal\u00e1 Strana.<\/p>\n\n\n\n<p>Contenu dans : <a href=\"https:\/\/www.praguecards.com\/fr\/visitor-pass\/\" title=\"Prague Visitor Pass\">Prague Visitor Pass<\/a><\/p>\n\n\n<div class=\"wp-block-ub-divider ub_divider ub-divider-orientation-horizontal\" id=\"ub_divider_8bf5bfb5-e168-4f94-b6a4-e72c5536d13e\"><div class=\"ub_divider_wrapper\" style=\"position: relative; margin-bottom: 2px; width: 100%; height: 2px; \" data-divider-alignment=\"center\"><div class=\"ub_divider_line\" style=\"border-top: 2px solid #ccc; margin-top: 2px; \"><\/div><\/div><\/div>\n\n\n<h2 class=\"wp-block-heading\" style=\"font-style:normal;font-weight:600\">Place de la vieille ville<\/h2>\n\n\n\n<figure class=\"wp-block-image size-full\"><img loading=\"lazy\" decoding=\"async\" width=\"1000\" height=\"550\" src=\"https:\/\/www.praguecards.com\/wp-content\/uploads\/2023\/01\/prague-attraction3.jpg\" alt=\"Place de la vieille ville \u00e0 Prague\" class=\"wp-image-143\" srcset=\"https:\/\/www.praguecards.com\/wp-content\/uploads\/2023\/01\/prague-attraction3.jpg 1000w, https:\/\/www.praguecards.com\/wp-content\/uploads\/2023\/01\/prague-attraction3-300x165.jpg 300w, https:\/\/www.praguecards.com\/wp-content\/uploads\/2023\/01\/prague-attraction3-768x422.jpg 768w, https:\/\/www.praguecards.com\/wp-content\/uploads\/2023\/01\/prague-attraction3-18x10.jpg 18w\" sizes=\"auto, (max-width: 1000px) 100vw, 1000px\" \/><figcaption class=\"wp-element-caption\"> Andrew Mayovskyy \/ Shutterstock.com<\/figcaption><\/figure>\n\n\n\n<p>La place de la Vieille Ville est la place centrale de Prague. Toutes les rues y convergent, de sorte que vous vous retrouverez t\u00f4t ou tard sur la place de la Vieille Ville. Autour de la place se trouvent de nombreux restaurants, mais aussi des b\u00e2timents historiques comme l'H\u00f4tel de ville de la Vieille Ville avec son horloge astronomique qui sonne toutes les heures et attire d'innombrables touristes. Ce que tout le monde ne sait pas, c'est que vous pouvez entrer dans l'h\u00f4tel de ville et visiter l'horloge astronomique de l'int\u00e9rieur. Pour cela, il vous faut un ticket d'entr\u00e9e.<\/p>\n\n\n\n<p>Contenu dans : <a href=\"https:\/\/www.praguecards.com\/fr\/visitor-pass\/\" title=\"Prague Visitor Pass\">Prague Visitor Pass<\/a><\/p>\n\n\n<div class=\"wp-block-ub-divider ub_divider ub-divider-orientation-horizontal\" id=\"ub_divider_c76484e4-1973-4dbb-bc1f-9e590537ec47\"><div class=\"ub_divider_wrapper\" style=\"position: relative; margin-bottom: 2px; width: 100%; height: 2px; \" data-divider-alignment=\"center\"><div class=\"ub_divider_line\" style=\"border-top: 2px solid #ccc; margin-top: 2px; \"><\/div><\/div><\/div>\n\n\n<h2 class=\"wp-block-heading\" style=\"font-style:normal;font-weight:600\">Quartier juif<\/h2>\n\n\n\n<figure class=\"wp-block-image size-full\"><img loading=\"lazy\" decoding=\"async\" width=\"1000\" height=\"550\" src=\"https:\/\/www.praguecards.com\/wp-content\/uploads\/2023\/01\/prague-attraction4.jpg\" alt=\"Synagogue espagnole de Prague\" class=\"wp-image-144\" srcset=\"https:\/\/www.praguecards.com\/wp-content\/uploads\/2023\/01\/prague-attraction4.jpg 1000w, https:\/\/www.praguecards.com\/wp-content\/uploads\/2023\/01\/prague-attraction4-300x165.jpg 300w, https:\/\/www.praguecards.com\/wp-content\/uploads\/2023\/01\/prague-attraction4-768x422.jpg 768w, https:\/\/www.praguecards.com\/wp-content\/uploads\/2023\/01\/prague-attraction4-18x10.jpg 18w\" sizes=\"auto, (max-width: 1000px) 100vw, 1000px\" \/><figcaption class=\"wp-element-caption\">\u00a9 OlegGr \/ Shutterstock.com<\/figcaption><\/figure>\n\n\n\n<p>Le quartier juif de Prague est adjacent \u00e0 la place de la Vieille Ville et constitue l'une des r\u00e9gions les plus int\u00e9ressantes de la ville. Le quartier abrite de nombreuses synagogues, des mus\u00e9es et l'ancien cimeti\u00e8re juif. R\u00e9servez une visite guid\u00e9e pour vraiment comprendre l'histoire du quartier. Une visite guid\u00e9e en anglais est incluse dans le Prague Visitor Pass.<\/p>\n\n\n\n<p>Il existe un billet combin\u00e9 pour les principaux sites touristiques. Avec le ticket Jewish-Town, vous pouvez visiter les synagogues, les mus\u00e9es et le cimeti\u00e8re en l'espace de sept jours.<\/p>\n\n\n\n<p>Contenu dans : <a href=\"https:\/\/www.praguecards.com\/fr\/visitor-pass\/\" title=\"Prague Visitor Pass\">Prague Visitor Pass<\/a>, <a href=\"https:\/\/www.praguecards.com\/fr\/coolpass\/\" title=\"Prague CoolPass\">Prague CoolPass<\/a>, <a href=\"https:\/\/www.praguecards.com\/fr\/pass-tout-compris\/\" title=\"Prague All Inclusive Pass\">All Inclusive Pass<\/a><\/p>\n\n\n<div class=\"wp-block-ub-divider ub_divider ub-divider-orientation-horizontal\" id=\"ub_divider_82573696-67a4-46be-90d0-6df4f3c37357\"><div class=\"ub_divider_wrapper\" style=\"position: relative; margin-bottom: 2px; width: 100%; height: 2px; \" data-divider-alignment=\"center\"><div class=\"ub_divider_line\" style=\"border-top: 2px solid #ccc; margin-top: 2px; \"><\/div><\/div><\/div>\n\n\n<h2 class=\"wp-block-heading\" style=\"font-style:normal;font-weight:600\">Tour d'observation de Petrin<\/h2>\n\n\n\n<figure class=\"wp-block-image size-full\"><img loading=\"lazy\" decoding=\"async\" width=\"1000\" height=\"550\" src=\"https:\/\/www.praguecards.com\/wp-content\/uploads\/2023\/01\/prague-attraction5.jpg\" alt=\"Tour d&#039;observation Petrin \u00e0 Prague\" class=\"wp-image-145\" srcset=\"https:\/\/www.praguecards.com\/wp-content\/uploads\/2023\/01\/prague-attraction5.jpg 1000w, https:\/\/www.praguecards.com\/wp-content\/uploads\/2023\/01\/prague-attraction5-300x165.jpg 300w, https:\/\/www.praguecards.com\/wp-content\/uploads\/2023\/01\/prague-attraction5-768x422.jpg 768w, https:\/\/www.praguecards.com\/wp-content\/uploads\/2023\/01\/prague-attraction5-18x10.jpg 18w\" sizes=\"auto, (max-width: 1000px) 100vw, 1000px\" \/><figcaption class=\"wp-element-caption\">\u00a9 DaLiu \/ Shutterstock.com<\/figcaption><\/figure>\n\n\n\n<p>La tour d'observation Petrin se trouve sur la colline Petrin et offre une vue incomparable sur la ville. Cette construction datant de 1891 mesure pr\u00e8s de 60 m\u00e8tres de haut et s'inspire de la Tour Eiffel \u00e0 Paris. Il y a deux plates-formes d'o\u00f9 vous pouvez profiter de la vue. Vous pouvez aussi bien monter par les escaliers que par un ascenseur. Toutefois, l'ascenseur historique est souvent hors service. La tour abrite \u00e9galement un petit mus\u00e9e et un caf\u00e9.<\/p>\n\n\n\n<p>Contenu dans : <a href=\"https:\/\/www.praguecards.com\/fr\/visitor-pass\/\" title=\"Prague Visitor Pass\">Prague Visitor Pass<\/a><\/p>\n\n\n<div class=\"wp-block-ub-divider ub_divider ub-divider-orientation-horizontal\" id=\"ub_divider_74351de0-f3d9-40cb-b674-04066b8dc470\"><div class=\"ub_divider_wrapper\" style=\"position: relative; margin-bottom: 2px; width: 100%; height: 2px; \" data-divider-alignment=\"center\"><div class=\"ub_divider_line\" style=\"border-top: 2px solid #ccc; margin-top: 2px; \"><\/div><\/div><\/div>\n\n\n<h2 class=\"wp-block-heading\" style=\"font-style:normal;font-weight:600\">Mus\u00e9e national de la technique<\/h2>\n\n\n\n<figure class=\"wp-block-image size-full\"><img loading=\"lazy\" decoding=\"async\" width=\"1000\" height=\"550\" src=\"https:\/\/www.praguecards.com\/wp-content\/uploads\/2023\/01\/prague-attraction6.jpg\" alt=\"Mus\u00e9e national de la technique \u00e0 Prague\" class=\"wp-image-146\" srcset=\"https:\/\/www.praguecards.com\/wp-content\/uploads\/2023\/01\/prague-attraction6.jpg 1000w, https:\/\/www.praguecards.com\/wp-content\/uploads\/2023\/01\/prague-attraction6-300x165.jpg 300w, https:\/\/www.praguecards.com\/wp-content\/uploads\/2023\/01\/prague-attraction6-768x422.jpg 768w, https:\/\/www.praguecards.com\/wp-content\/uploads\/2023\/01\/prague-attraction6-18x10.jpg 18w\" sizes=\"auto, (max-width: 1000px) 100vw, 1000px\" \/><figcaption class=\"wp-element-caption\">\u00a9 Rus S \/ Shutterstock.com<\/figcaption><\/figure>\n\n\n\n<p>Le Mus\u00e9e technique national de Prague est l'un des mus\u00e9es les plus populaires de la R\u00e9publique tch\u00e8que. Situ\u00e9 au c\u0153ur de la ville, il offre aux visiteurs un aper\u00e7u fascinant et complet de l'histoire de la technique et de la technologie. Fond\u00e9 en 1908, le mus\u00e9e poss\u00e8de une immense collection d'artefacts, tels que d'anciennes locomotives, des automobiles, des machines agricoles et bien plus encore.<\/p>\n\n\n\n<p>Contenu dans : <a href=\"https:\/\/www.praguecards.com\/fr\/visitor-pass\/\" title=\"Prague Visitor Pass\">Prague Visitor Pass<\/a><\/p>\n\n\n<div class=\"wp-block-ub-divider ub_divider ub-divider-orientation-horizontal\" id=\"ub_divider_0bcb4edb-8192-4047-934c-23997856defe\"><div class=\"ub_divider_wrapper\" style=\"position: relative; margin-bottom: 2px; width: 100%; height: 2px; \" data-divider-alignment=\"center\"><div class=\"ub_divider_line\" style=\"border-top: 2px solid #ccc; margin-top: 2px; \"><\/div><\/div><\/div>\n\n\n<h2 class=\"wp-block-heading\" style=\"font-style:normal;font-weight:600\">Ch\u00e2teau de Vy\u0161ehrad<\/h2>\n\n\n\n<figure class=\"wp-block-image size-full\"><img loading=\"lazy\" decoding=\"async\" width=\"1000\" height=\"550\" src=\"https:\/\/www.praguecards.com\/wp-content\/uploads\/2023\/01\/prague-attraction7.jpg\" alt=\"Ch\u00e2teau de Vy\u0161ehrad \u00e0 Prague\" class=\"wp-image-147\" srcset=\"https:\/\/www.praguecards.com\/wp-content\/uploads\/2023\/01\/prague-attraction7.jpg 1000w, https:\/\/www.praguecards.com\/wp-content\/uploads\/2023\/01\/prague-attraction7-300x165.jpg 300w, https:\/\/www.praguecards.com\/wp-content\/uploads\/2023\/01\/prague-attraction7-768x422.jpg 768w, https:\/\/www.praguecards.com\/wp-content\/uploads\/2023\/01\/prague-attraction7-18x10.jpg 18w\" sizes=\"auto, (max-width: 1000px) 100vw, 1000px\" \/><figcaption class=\"wp-element-caption\">\u00a9 Catarina Belova \/ Shutterstock.com<\/figcaption><\/figure>\n\n\n\n<p>Avec sa vue imprenable sur la ligne d'horizon de la ville et son histoire remarquable, le ch\u00e2teau de Vy\u0161ehrad est l'une des destinations les plus pris\u00e9es des touristes comme des habitants de la ville. Construit \u00e0 partir du 10e si\u00e8cle, le ch\u00e2teau t\u00e9moigne de la richesse du patrimoine culturel de Prague. Vy\u0161ehrad abrite plusieurs b\u00e2timents historiques, dont la basilique de St. Pierre et Paul, les casemates ainsi qu'un cimeti\u00e8re o\u00f9 de nombreux Tch\u00e8ques c\u00e9l\u00e8bres ont trouv\u00e9 leur derni\u00e8re demeure.<\/p>\n\n\n\n<p>Contenu dans : <a href=\"https:\/\/www.praguecards.com\/fr\/visitor-pass\/\" title=\"Prague Visitor Pass\">Prague Visitor Pass<\/a>, <a href=\"https:\/\/www.praguecards.com\/fr\/coolpass\/\" title=\"Prague CoolPass\">Prague CoolPass<\/a><\/p>","protected":false},"excerpt":{"rendered":"<p>Vous souhaitez visiter la capitale tch\u00e8que, mais vous ne savez pas encore quelles attractions vous devez absolument ajouter \u00e0 votre liste de souhaits ? Ne manquez pas les attractions suivantes. Vous pouvez en visiter beaucoup gratuitement avec une Prague Card. Ch\u00e2teau de Prague Le ch\u00e2teau de Prague est l'une des attractions touristiques les plus populaires de Prague. L'imposant ch\u00e2teau situ\u00e9 sur le ... <a title=\"Les meilleures attractions de Prague\" class=\"read-more\" href=\"https:\/\/www.praguecards.com\/fr\/attraktionen\/\" aria-label=\"En savoir plus sur les meilleures attractions de Prague\">Lire la suite<\/a><\/p>","protected":false},"author":1,"featured_media":0,"parent":0,"menu_order":0,"comment_status":"closed","ping_status":"closed","template":"","meta":{"footnotes":""},"class_list":["post-137","page","type-page","status-publish"],"aioseo_notices":[],"featured_image_src":null,"_links":{"self":[{"href":"https:\/\/www.praguecards.com\/fr\/wp-json\/wp\/v2\/pages\/137","targetHints":{"allow":["GET"]}}],"collection":[{"href":"https:\/\/www.praguecards.com\/fr\/wp-json\/wp\/v2\/pages"}],"about":[{"href":"https:\/\/www.praguecards.com\/fr\/wp-json\/wp\/v2\/types\/page"}],"author":[{"embeddable":true,"href":"https:\/\/www.praguecards.com\/fr\/wp-json\/wp\/v2\/users\/1"}],"replies":[{"embeddable":true,"href":"https:\/\/www.praguecards.com\/fr\/wp-json\/wp\/v2\/comments?post=137"}],"version-history":[{"count":18,"href":"https:\/\/www.praguecards.com\/fr\/wp-json\/wp\/v2\/pages\/137\/revisions"}],"predecessor-version":[{"id":641,"href":"https:\/\/www.praguecards.com\/fr\/wp-json\/wp\/v2\/pages\/137\/revisions\/641"}],"wp:attachment":[{"href":"https:\/\/www.praguecards.com\/fr\/wp-json\/wp\/v2\/media?parent=137"}],"curies":[{"name":"wp","href":"https:\/\/api.w.org\/{rel}","templated":true}]}}