{"id":161,"date":"2023-01-21T14:22:09","date_gmt":"2023-01-21T14:22:09","guid":{"rendered":"https:\/\/www.praguecards.com\/?page_id=161"},"modified":"2025-05-22T13:44:40","modified_gmt":"2025-05-22T13:44:40","slug":"3-jours-in-prag","status":"publish","type":"page","link":"https:\/\/www.praguecards.com\/fr\/3-tage-in-prag\/","title":{"rendered":"3 jours \u00e0 Prague avec une Prague Card"},"content":{"rendered":"<p>Visiter Prague, c'est d\u00e9couvrir en trois jours une ville pleine de culture et de beaut\u00e9. La capitale tch\u00e8que est connue pour son architecture historique, sa cuisine unique et sa riche histoire. Elle est donc une destination parfaite pour les voyageurs int\u00e9ress\u00e9s par la culture tch\u00e8que.<\/p>\n\n\n\n<p>Pour un s\u00e9jour de trois jours \u00e0 Prague, il y a plus qu'assez \u00e0 faire pour d\u00e9couvrir la ville et passer le temps. Si vous souhaitez r\u00e9server une Prag Card pour vos visites touristiques, nous vous recommandons la Prague Visitor Pass ou, \u00e0 d\u00e9faut, la Prague CoolPass. Voici \u00e0 quoi pourrait ressembler votre itin\u00e9raire pour trois jours \u00e0 Prague.<\/p>\n\n\n\n<h2 class=\"wp-block-heading\" style=\"font-style:normal;font-weight:600\">Premier jour : Tour de ville, Ch\u00e2teau de Prague et Petrin<\/h2>\n\n\n\n<figure class=\"wp-block-image size-full\"><img loading=\"lazy\" decoding=\"async\" width=\"1000\" height=\"550\" src=\"https:\/\/www.praguecards.com\/wp-content\/uploads\/2023\/01\/prag-tram-42.jpg\" alt=\"Prague Tram ligne 42\" class=\"wp-image-162\" srcset=\"https:\/\/www.praguecards.com\/wp-content\/uploads\/2023\/01\/prag-tram-42.jpg 1000w, https:\/\/www.praguecards.com\/wp-content\/uploads\/2023\/01\/prag-tram-42-300x165.jpg 300w, https:\/\/www.praguecards.com\/wp-content\/uploads\/2023\/01\/prag-tram-42-768x422.jpg 768w, https:\/\/www.praguecards.com\/wp-content\/uploads\/2023\/01\/prag-tram-42-18x10.jpg 18w\" sizes=\"auto, (max-width: 1000px) 100vw, 1000px\" \/><figcaption class=\"wp-element-caption\">Tram touristique ligne 42<\/figcaption><\/figure>\n\n\n\n<p>Commencez votre voyage par un tour de ville afin de vous faire une premi\u00e8re id\u00e9e. Le tram touristique (ligne 42) est id\u00e9al pour cela. Avec le tram, vous pouvez monter et descendre \u00e0 plus de 20 arr\u00eats ou rester assis pour un tour complet.<\/p>\n\n\n\n<p>Avec le <a href=\"https:\/\/www.praguecards.com\/fr\/visitor-pass\/\" title=\"Prague Visitor Pass\">Prague Visitor Pass<\/a> vous pouvez utiliser ce tram gratuitement. Vous pouvez \u00e9galement participer \u00e0 un tour de ville de deux heures en bus (avec <a href=\"https:\/\/www.praguecards.com\/fr\/coolpass\/\" title=\"Prague CoolPass\">Prague CoolPass<\/a> gratuit).<\/p>\n\n\n\n<p>Visitez ensuite le ch\u00e2teau de Prague, le symbole le plus connu de la ville. Avec un billet d'entr\u00e9e, vous pouvez non seulement vous promener dans l'enceinte du ch\u00e2teau, mais aussi visiter la Ruelle d'Or, le Vieux Palais Royal, la cath\u00e9drale Saint-Guy et la basilique Saint-Georges. Avec le <a href=\"https:\/\/www.praguecards.com\/fr\/visitor-pass\/\" title=\"Prague Visitor Pass\">Prague Visitor Pass<\/a> et le <a href=\"https:\/\/www.praguecards.com\/fr\/coolpass\/\" title=\"Prague CoolPass\">Prague CoolPass<\/a> vous b\u00e9n\u00e9ficiez d'une entr\u00e9e gratuite.<\/p>\n\n\n\n<p>Depuis le Ch\u00e2teau de Prague, il n'y a qu'une courte promenade jusqu'au parc Petrin, o\u00f9 se trouve la tour d'observation Petrin. Vous pouvez vous y rendre en tramway (ligne 42), en transports en commun ou en funiculaire Petrin.<\/p>\n\n\n\n<p>Montez les marches ou prenez l'ascenseur historique pour profiter d'une vue magnifique sur Prague. Ensuite, vous pouvez visiter le labyrinthe de miroirs pour une exp\u00e9rience passionnante. Le labyrinthe se trouve \u00e0 c\u00f4t\u00e9 de la tour Petrin. Les deux attractions sont accessibles gratuitement avec le <a href=\"https:\/\/www.praguecards.com\/fr\/visitor-pass\/\" title=\"Prague Visitor Pass\">Prague Visitor Pass<\/a>.<\/p>\n\n\n\n<h2 class=\"wp-block-heading\" style=\"font-style:normal;font-weight:600\">Deuxi\u00e8me jour : Pont Charles, promenade en bateau et vieille ville<\/h2>\n\n\n\n<figure class=\"wp-block-image size-full\"><img loading=\"lazy\" decoding=\"async\" width=\"1000\" height=\"550\" src=\"https:\/\/www.praguecards.com\/wp-content\/uploads\/2023\/01\/prague-attraction2.jpg\" alt=\"Pont Charles \u00e0 Prague\" class=\"wp-image-142\" srcset=\"https:\/\/www.praguecards.com\/wp-content\/uploads\/2023\/01\/prague-attraction2.jpg 1000w, https:\/\/www.praguecards.com\/wp-content\/uploads\/2023\/01\/prague-attraction2-300x165.jpg 300w, https:\/\/www.praguecards.com\/wp-content\/uploads\/2023\/01\/prague-attraction2-768x422.jpg 768w, https:\/\/www.praguecards.com\/wp-content\/uploads\/2023\/01\/prague-attraction2-18x10.jpg 18w\" sizes=\"auto, (max-width: 1000px) 100vw, 1000px\" \/><figcaption class=\"wp-element-caption\">\u00a9 emperorcosar \/ Shutterstock.com<\/figcaption><\/figure>\n\n\n\n<p>Commencez votre deuxi\u00e8me journ\u00e9e \u00e0 Prague par le pont Charles. Cela vaut la peine de se rendre sur le pont juste apr\u00e8s le petit-d\u00e9jeuner, avant que la plupart des touristes n'arrivent. Le pont Charles est le plus beau lorsqu'il est encore vide.<\/p>\n\n\n\n<p>Une tour de pont se trouve \u00e0 chaque extr\u00e9mit\u00e9 du pont. Moyennant un suppl\u00e9ment, vous pouvez monter en haut des tours et profiter de la vue sur Mal\u00e1 Strana ou sur la vieille ville. Seulement avec le <a href=\"https:\/\/www.praguecards.com\/fr\/visitor-pass\/\" title=\"Prague Visitor Pass\">Prague Visitor Pass<\/a> l'entr\u00e9e dans les deux tours est gratuite.<\/p>\n\n\n\n<p>Ensuite, vous pourrez visiter le mus\u00e9e du Pont Charles (avec <a href=\"https:\/\/www.praguecards.com\/fr\/visitor-pass\/\" title=\"Prague Visitor Pass\">Prague Visitor Pass<\/a> et <a href=\"https:\/\/www.praguecards.com\/fr\/coolpass\/\" title=\"Prague CoolPass\">Prague CoolPass<\/a> gratuit). \u00c0 la caisse du mus\u00e9e, vous pouvez \u00e9galement acheter votre billet pour une promenade en bateau sur le canal du Diable \u00e0 la Petite Venise. La promenade en bateau est \u00e9galement gratuite avec les deux Prag Cards.<\/p>\n\n\n\n<p>Apr\u00e8s votre promenade en bateau dans la Petite Venise, il ne vous faudra que quelques minutes \u00e0 pied pour rejoindre la place de la Vieille Ville, la place centrale du centre-ville de Prague. Sur la place de la vieille ville, vous trouverez l'h\u00f4tel de ville avec sa c\u00e9l\u00e8bre horloge astronomique. Avec le <a href=\"https:\/\/www.praguecards.com\/fr\/visitor-pass\/\" title=\"Prague Visitor Pass\">Prague Visitor Pass<\/a> vous pouvez visiter l'int\u00e9rieur de l'horloge astronomique et profiter de la vue depuis le toit de l'h\u00f4tel de ville.<\/p>\n\n\n\n<p>Participez ensuite \u00e0 une visite guid\u00e9e de la vieille ville. Celle-ci a lieu la plupart des jours de la semaine en d\u00e9but d'apr\u00e8s-midi. Alternativement, certains jours, il y a une visite guid\u00e9e dans le sous-sol m\u00e9di\u00e9val de Prague. Une visite guid\u00e9e est possible avec le <a href=\"https:\/\/www.praguecards.com\/fr\/visitor-pass\/\" title=\"Prague Visitor Pass\">Prague Visitor Pass<\/a> gratuit.<\/p>\n\n\n\n<h2 class=\"wp-block-heading\" style=\"font-style:normal;font-weight:600\">Troisi\u00e8me jour : Quartier juif et Vy\u0161ehrad<\/h2>\n\n\n\n<figure class=\"wp-block-image size-full\"><img loading=\"lazy\" decoding=\"async\" width=\"1000\" height=\"550\" src=\"https:\/\/www.praguecards.com\/wp-content\/uploads\/2023\/01\/prague-attraction7.jpg\" alt=\"Ch\u00e2teau de Vy\u0161ehrad \u00e0 Prague\" class=\"wp-image-147\" srcset=\"https:\/\/www.praguecards.com\/wp-content\/uploads\/2023\/01\/prague-attraction7.jpg 1000w, https:\/\/www.praguecards.com\/wp-content\/uploads\/2023\/01\/prague-attraction7-300x165.jpg 300w, https:\/\/www.praguecards.com\/wp-content\/uploads\/2023\/01\/prague-attraction7-768x422.jpg 768w, https:\/\/www.praguecards.com\/wp-content\/uploads\/2023\/01\/prague-attraction7-18x10.jpg 18w\" sizes=\"auto, (max-width: 1000px) 100vw, 1000px\" \/><figcaption class=\"wp-element-caption\">\u00a9 Catarina Belova \/ Shutterstock.com<\/figcaption><\/figure>\n\n\n\n<p>Le troisi\u00e8me jour de votre voyage, visitez le quartier juif, situ\u00e9 \u00e0 quelques pas de la place de la Vieille Ville. Le quartier juif abrite de nombreuses synagogues, le mus\u00e9e juif et l'ancien cimeti\u00e8re juif. Le ticket Jewish-Town vous donne acc\u00e8s \u00e0 toutes ces attractions. Avec le <a href=\"https:\/\/www.praguecards.com\/fr\/visitor-pass\/\" title=\"Prague Visitor Pass\">Prague Visitor Pass<\/a> et le <a href=\"https:\/\/www.praguecards.com\/fr\/coolpass\/\" title=\"Prague CoolPass\">Prague CoolPass<\/a> le ticket Jewish-Town est gratuit.<\/p>\n\n\n\n<p>Si vous continuez ensuite \u00e0 explorer le centre-ville, faites une petite halte \u00e0 la Tour Poudri\u00e8re historique. Montez sur la plate-forme d'observation et admirez le centre-ville de Prague d'en haut. L'entr\u00e9e est gratuite avec le Prague Visitor Pass.<\/p>\n\n\n\n<p>L'apr\u00e8s-midi, vous pouvez explorer un site touristique situ\u00e9 en dehors du centre-ville. Utilisez le m\u00e9tro ou un tramway (avec <a href=\"https:\/\/www.praguecards.com\/fr\/visitor-pass\/\" title=\"Prague Visitor Pass\">Prague Visitor Pass<\/a> gratuit) pour arriver au ch\u00e2teau de Vy\u0161ehrad. De l\u00e0, vous pourrez contempler la ville et vous reposer. Sur le site se trouvent la cath\u00e9drale St. Pierre et Paul, un cimeti\u00e8re et les casemates. L'entr\u00e9e est gratuite avec le <a href=\"https:\/\/www.praguecards.com\/fr\/visitor-pass\/\" title=\"Prague Visitor Pass\">Prague Visitor Pass<\/a> et le <a href=\"https:\/\/www.praguecards.com\/fr\/coolpass\/\" title=\"Prague CoolPass\">Prague CoolPass<\/a>.<\/p>","protected":false},"excerpt":{"rendered":"<p>Visiter Prague, c'est d\u00e9couvrir en trois jours une ville pleine de culture et de beaut\u00e9. La capitale tch\u00e8que est connue pour son architecture historique, sa cuisine unique et sa riche histoire. C'est donc une destination parfaite pour les voyageurs qui s'int\u00e9ressent \u00e0 la culture tch\u00e8que. Pour un s\u00e9jour de trois jours \u00e0 Prague, il y a plus qu'assez \u00e0 ... <a title=\"3 jours \u00e0 Prague avec une Prague Card\" class=\"read-more\" href=\"https:\/\/www.praguecards.com\/fr\/3-tage-in-prag\/\" aria-label=\"En savoir plus sur 3 jours \u00e0 Prague avec une Prague Card\">Lire la suite<\/a><\/p>","protected":false},"author":1,"featured_media":0,"parent":0,"menu_order":0,"comment_status":"closed","ping_status":"closed","template":"","meta":{"footnotes":""},"class_list":["post-161","page","type-page","status-publish"],"aioseo_notices":[],"featured_image_src":null,"_links":{"self":[{"href":"https:\/\/www.praguecards.com\/fr\/wp-json\/wp\/v2\/pages\/161","targetHints":{"allow":["GET"]}}],"collection":[{"href":"https:\/\/www.praguecards.com\/fr\/wp-json\/wp\/v2\/pages"}],"about":[{"href":"https:\/\/www.praguecards.com\/fr\/wp-json\/wp\/v2\/types\/page"}],"author":[{"embeddable":true,"href":"https:\/\/www.praguecards.com\/fr\/wp-json\/wp\/v2\/users\/1"}],"replies":[{"embeddable":true,"href":"https:\/\/www.praguecards.com\/fr\/wp-json\/wp\/v2\/comments?post=161"}],"version-history":[{"count":13,"href":"https:\/\/www.praguecards.com\/fr\/wp-json\/wp\/v2\/pages\/161\/revisions"}],"predecessor-version":[{"id":639,"href":"https:\/\/www.praguecards.com\/fr\/wp-json\/wp\/v2\/pages\/161\/revisions\/639"}],"wp:attachment":[{"href":"https:\/\/www.praguecards.com\/fr\/wp-json\/wp\/v2\/media?parent=161"}],"curies":[{"name":"wp","href":"https:\/\/api.w.org\/{rel}","templated":true}]}}