{"id":137,"date":"2023-01-20T18:47:13","date_gmt":"2023-01-20T18:47:13","guid":{"rendered":"https:\/\/www.praguecards.com\/?page_id=137"},"modified":"2025-05-22T13:47:02","modified_gmt":"2025-05-22T13:47:02","slug":"attrakcio","status":"publish","type":"page","link":"https:\/\/www.praguecards.com\/hu\/attraktionen\/","title":{"rendered":"Pr\u00e1ga legn\u00e9pszer\u0171bb l\u00e1tnival\u00f3i"},"content":{"rendered":"<p>Szeretne ell\u00e1togatni a cseh f\u0151v\u00e1rosba, de m\u00e9g nem tudja, hogy mely l\u00e1tnival\u00f3kat kellene felt\u00e9tlen\u00fcl feltennie a k\u00edv\u00e1ns\u00e1glist\u00e1j\u00e1ra? A k\u00f6vetkez\u0151 l\u00e1tnival\u00f3kat nem szabad kihagyni. Pr\u00e1gak\u00e1rty\u00e1val sz\u00e1mos k\u00f6z\u00fcl\u00fck ingyenesen l\u00e1togathat\u00f3.<\/p>\n\n\n\n<h2 class=\"wp-block-heading\" style=\"font-style:normal;font-weight:600\">Pr\u00e1gai v\u00e1r<\/h2>\n\n\n\n<figure class=\"wp-block-image size-full\"><img loading=\"lazy\" decoding=\"async\" width=\"1000\" height=\"550\" src=\"https:\/\/www.praguecards.com\/wp-content\/uploads\/2023\/01\/prague-attraction1-1.jpg\" alt=\"\" class=\"wp-image-148\" srcset=\"https:\/\/www.praguecards.com\/wp-content\/uploads\/2023\/01\/prague-attraction1-1.jpg 1000w, https:\/\/www.praguecards.com\/wp-content\/uploads\/2023\/01\/prague-attraction1-1-300x165.jpg 300w, https:\/\/www.praguecards.com\/wp-content\/uploads\/2023\/01\/prague-attraction1-1-768x422.jpg 768w, https:\/\/www.praguecards.com\/wp-content\/uploads\/2023\/01\/prague-attraction1-1-18x10.jpg 18w\" sizes=\"auto, (max-width: 1000px) 100vw, 1000px\" \/><\/figure>\n\n\n\n<div style=\"height:20px\" aria-hidden=\"true\" class=\"wp-block-spacer\"><\/div>\n\n\n\n<p>A pr\u00e1gai v\u00e1r Pr\u00e1ga egyik legn\u00e9pszer\u0171bb l\u00e1tnival\u00f3ja. A Hradzsin hatalmas v\u00e1ra a t\u00f6rt\u00e9nelem sor\u00e1n sz\u00e1mos kir\u00e1ly, cs\u00e1sz\u00e1r \u00e9s eln\u00f6k sz\u00e9khelye volt. Ma els\u0151sorban a turist\u00e1k egyik legl\u00e1togatottabb c\u00e9lpontja. A kast\u00e9lyt ingyenesen l\u00e1togathatod, de ha bel\u00fclr\u0151l szeretn\u00e9d megn\u00e9zni az \u00e9p\u00fcleteket, akkor jegyet kell v\u00e1ltanod. A jegy bel\u00e9p\u00e9sre jogos\u00edt a Szent Vitus-sz\u00e9kesegyh\u00e1zba, a r\u00e9gi kir\u00e1lyi palot\u00e1ba, a Szent Gy\u00f6rgy-bazilik\u00e1ba \u00e9s az Arany S\u00e9t\u00e1nyra.<\/p>\n\n\n\n<p>Tartalmazza: <a href=\"https:\/\/www.praguecards.com\/hu\/latogatoi-belepojegy\/\" title=\"Pr\u00e1ga Visitor Pass\">Pr\u00e1ga Visitor Pass<\/a>, <a href=\"https:\/\/www.praguecards.com\/hu\/coolpass\/\" title=\"Pr\u00e1ga CoolPass\">Pr\u00e1ga CoolPass<\/a>, <a href=\"https:\/\/www.praguecards.com\/hu\/all-inclusive-berlet\/\" title=\"Pr\u00e1ga All Inclusive Pass\">All Inclusive Pass<\/a><\/p>\n\n\n<div class=\"wp-block-ub-divider ub_divider ub-divider-orientation-horizontal\" id=\"ub_divider_ecca87f5-4740-4810-8d7e-6dcea63a6938\"><div class=\"ub_divider_wrapper\" style=\"position: relative; margin-bottom: 2px; width: 100%; height: 2px; \" data-divider-alignment=\"center\"><div class=\"ub_divider_line\" style=\"border-top: 2px solid #ccc; margin-top: 2px; \"><\/div><\/div><\/div>\n\n\n<h2 class=\"wp-block-heading\" style=\"font-style:normal;font-weight:600\">K\u00e1roly h\u00edd<\/h2>\n\n\n\n<figure class=\"wp-block-image size-full\"><img loading=\"lazy\" decoding=\"async\" width=\"1000\" height=\"550\" src=\"https:\/\/www.praguecards.com\/wp-content\/uploads\/2023\/01\/prague-attraction2.jpg\" alt=\"K\u00e1roly h\u00edd Pr\u00e1g\u00e1ban\" class=\"wp-image-142\" srcset=\"https:\/\/www.praguecards.com\/wp-content\/uploads\/2023\/01\/prague-attraction2.jpg 1000w, https:\/\/www.praguecards.com\/wp-content\/uploads\/2023\/01\/prague-attraction2-300x165.jpg 300w, https:\/\/www.praguecards.com\/wp-content\/uploads\/2023\/01\/prague-attraction2-768x422.jpg 768w, https:\/\/www.praguecards.com\/wp-content\/uploads\/2023\/01\/prague-attraction2-18x10.jpg 18w\" sizes=\"auto, (max-width: 1000px) 100vw, 1000px\" \/><figcaption class=\"wp-element-caption\">\u00a9 emperorcosar \/ Shutterstock.com<\/figcaption><\/figure>\n\n\n\n<p>A K\u00e1roly-h\u00edd ugyanilyen n\u00e9pszer\u0171 l\u00e1tv\u00e1nyoss\u00e1g. Ez a Vltava foly\u00f3n \u00e1t\u00edvel\u0151 ikonikus k\u0151h\u00edd Pr\u00e1ga egyik jelk\u00e9pe, \u00e9s minden v\u00e1rosl\u00e1togat\u00f3nak k\u00f6telez\u0151 l\u00e1tnival\u00f3. Sz\u00e1mos szentek szobra szeg\u00e9lyezi, \u00e9s gy\u00f6ny\u00f6r\u0171 kil\u00e1t\u00e1s ny\u00edlik a foly\u00f3 mindk\u00e9t partj\u00e1ra. Javasoljuk, hogy kora reggel, a legt\u00f6bb turista el\u0151tt \u00e9rjen a h\u00eddhoz.<\/p>\n\n\n\n<p>A K\u00e1roly h\u00edd mindk\u00e9t v\u00e9g\u00e9n tal\u00e1lhat\u00f3 egy-egy h\u00eddtorony. T\u00e9r\u00edt\u00e9s ellen\u00e9ben mindk\u00e9t tornyot megm\u00e1szhatja, \u00e9s \u00e9lvezheti az \u00f3v\u00e1ros vagy a kisv\u00e1ros kil\u00e1t\u00e1s\u00e1t.<\/p>\n\n\n\n<p>Tartalmazza: <a href=\"https:\/\/www.praguecards.com\/hu\/latogatoi-belepojegy\/\" title=\"Pr\u00e1ga Visitor Pass\">Pr\u00e1ga Visitor Pass<\/a><\/p>\n\n\n<div class=\"wp-block-ub-divider ub_divider ub-divider-orientation-horizontal\" id=\"ub_divider_8bf5bfb5-e168-4f94-b6a4-e72c5536d13e\"><div class=\"ub_divider_wrapper\" style=\"position: relative; margin-bottom: 2px; width: 100%; height: 2px; \" data-divider-alignment=\"center\"><div class=\"ub_divider_line\" style=\"border-top: 2px solid #ccc; margin-top: 2px; \"><\/div><\/div><\/div>\n\n\n<h2 class=\"wp-block-heading\" style=\"font-style:normal;font-weight:600\">\u00d3v\u00e1ros t\u00e9r<\/h2>\n\n\n\n<figure class=\"wp-block-image size-full\"><img loading=\"lazy\" decoding=\"async\" width=\"1000\" height=\"550\" src=\"https:\/\/www.praguecards.com\/wp-content\/uploads\/2023\/01\/prague-attraction3.jpg\" alt=\"\u00d3v\u00e1rosi t\u00e9r Pr\u00e1g\u00e1ban\" class=\"wp-image-143\" srcset=\"https:\/\/www.praguecards.com\/wp-content\/uploads\/2023\/01\/prague-attraction3.jpg 1000w, https:\/\/www.praguecards.com\/wp-content\/uploads\/2023\/01\/prague-attraction3-300x165.jpg 300w, https:\/\/www.praguecards.com\/wp-content\/uploads\/2023\/01\/prague-attraction3-768x422.jpg 768w, https:\/\/www.praguecards.com\/wp-content\/uploads\/2023\/01\/prague-attraction3-18x10.jpg 18w\" sizes=\"auto, (max-width: 1000px) 100vw, 1000px\" \/><figcaption class=\"wp-element-caption\"> Andrew Mayovskyy \/ Shutterstock.com<\/figcaption><\/figure>\n\n\n\n<p>Az \u00d3v\u00e1ros t\u00e9r Pr\u00e1ga k\u00f6zponti tere. Minden utca itt fut \u00f6ssze, \u00edgy el\u0151bb-ut\u00f3bb az \u00d3v\u00e1ros t\u00e9ren tal\u00e1lja mag\u00e1t. A t\u00e9r k\u00f6r\u00fcl sz\u00e1mos \u00e9tterem tal\u00e1lhat\u00f3, de olyan t\u00f6rt\u00e9nelmi \u00e9p\u00fcletek is, mint a r\u00e9gi v\u00e1rosh\u00e1za a csillag\u00e1szati \u00f3r\u00e1val, amely \u00f3r\u00e1nk\u00e9nt harangozik, \u00e9s sz\u00e1mtalan turist\u00e1t vonz. Amit nem mindenki tud: a v\u00e1rosh\u00e1z\u00e1ra be lehet menni, \u00e9s bel\u00fclr\u0151l is meg lehet n\u00e9zni a csillag\u00e1szati \u00f3r\u00e1t. Ehhez bel\u00e9p\u0151jegyre van sz\u00fcks\u00e9g.<\/p>\n\n\n\n<p>Tartalmazza: <a href=\"https:\/\/www.praguecards.com\/hu\/latogatoi-belepojegy\/\" title=\"Pr\u00e1ga Visitor Pass\">Pr\u00e1ga Visitor Pass<\/a><\/p>\n\n\n<div class=\"wp-block-ub-divider ub_divider ub-divider-orientation-horizontal\" id=\"ub_divider_c76484e4-1973-4dbb-bc1f-9e590537ec47\"><div class=\"ub_divider_wrapper\" style=\"position: relative; margin-bottom: 2px; width: 100%; height: 2px; \" data-divider-alignment=\"center\"><div class=\"ub_divider_line\" style=\"border-top: 2px solid #ccc; margin-top: 2px; \"><\/div><\/div><\/div>\n\n\n<h2 class=\"wp-block-heading\" style=\"font-style:normal;font-weight:600\">Zsid\u00f3 negyed<\/h2>\n\n\n\n<figure class=\"wp-block-image size-full\"><img loading=\"lazy\" decoding=\"async\" width=\"1000\" height=\"550\" src=\"https:\/\/www.praguecards.com\/wp-content\/uploads\/2023\/01\/prague-attraction4.jpg\" alt=\"Spanyol zsinag\u00f3ga Pr\u00e1g\u00e1ban\" class=\"wp-image-144\" srcset=\"https:\/\/www.praguecards.com\/wp-content\/uploads\/2023\/01\/prague-attraction4.jpg 1000w, https:\/\/www.praguecards.com\/wp-content\/uploads\/2023\/01\/prague-attraction4-300x165.jpg 300w, https:\/\/www.praguecards.com\/wp-content\/uploads\/2023\/01\/prague-attraction4-768x422.jpg 768w, https:\/\/www.praguecards.com\/wp-content\/uploads\/2023\/01\/prague-attraction4-18x10.jpg 18w\" sizes=\"auto, (max-width: 1000px) 100vw, 1000px\" \/><figcaption class=\"wp-element-caption\">\u00a9 OlegGr \/ Shutterstock.com<\/figcaption><\/figure>\n\n\n\n<p>Pr\u00e1ga zsid\u00f3 negyede az \u00d3v\u00e1ros t\u00e9rrel hat\u00e1ros, \u00e9s a v\u00e1ros egyik leg\u00e9rdekesebb ter\u00fclete. A negyedben sz\u00e1mos zsinag\u00f3ga, m\u00fazeum \u00e9s a r\u00e9gi zsid\u00f3 temet\u0151 tal\u00e1lhat\u00f3. Foglaljon idegenvezet\u00e9st, hogy val\u00f3ban meg\u00e9rtse a negyed t\u00f6rt\u00e9net\u00e9t. A pr\u00e1gai Visitor Pass tartalmazza az angol nyelv\u0171 idegenvezet\u00e9st.<\/p>\n\n\n\n<p>A legfontosabb l\u00e1tnival\u00f3kra kombin\u00e1lt jegyet lehet v\u00e1ltani. A Zsid\u00f3 v\u00e1ros jeggyel h\u00e9t napon bel\u00fcl zsinag\u00f3g\u00e1kat, m\u00fazeumokat \u00e9s a temet\u0151t is megl\u00e1togathatja.<\/p>\n\n\n\n<p>Tartalmazza: <a href=\"https:\/\/www.praguecards.com\/hu\/latogatoi-belepojegy\/\" title=\"Pr\u00e1ga Visitor Pass\">Pr\u00e1ga Visitor Pass<\/a>, <a href=\"https:\/\/www.praguecards.com\/hu\/coolpass\/\" title=\"Pr\u00e1ga CoolPass\">Pr\u00e1ga CoolPass<\/a>, <a href=\"https:\/\/www.praguecards.com\/hu\/all-inclusive-berlet\/\" title=\"Pr\u00e1ga All Inclusive Pass\">All Inclusive Pass<\/a><\/p>\n\n\n<div class=\"wp-block-ub-divider ub_divider ub-divider-orientation-horizontal\" id=\"ub_divider_82573696-67a4-46be-90d0-6df4f3c37357\"><div class=\"ub_divider_wrapper\" style=\"position: relative; margin-bottom: 2px; width: 100%; height: 2px; \" data-divider-alignment=\"center\"><div class=\"ub_divider_line\" style=\"border-top: 2px solid #ccc; margin-top: 2px; \"><\/div><\/div><\/div>\n\n\n<h2 class=\"wp-block-heading\" style=\"font-style:normal;font-weight:600\">Petrin kil\u00e1t\u00f3torony<\/h2>\n\n\n\n<figure class=\"wp-block-image size-full\"><img loading=\"lazy\" decoding=\"async\" width=\"1000\" height=\"550\" src=\"https:\/\/www.praguecards.com\/wp-content\/uploads\/2023\/01\/prague-attraction5.jpg\" alt=\"Petrin kil\u00e1t\u00f3torony Pr\u00e1g\u00e1ban\" class=\"wp-image-145\" srcset=\"https:\/\/www.praguecards.com\/wp-content\/uploads\/2023\/01\/prague-attraction5.jpg 1000w, https:\/\/www.praguecards.com\/wp-content\/uploads\/2023\/01\/prague-attraction5-300x165.jpg 300w, https:\/\/www.praguecards.com\/wp-content\/uploads\/2023\/01\/prague-attraction5-768x422.jpg 768w, https:\/\/www.praguecards.com\/wp-content\/uploads\/2023\/01\/prague-attraction5-18x10.jpg 18w\" sizes=\"auto, (max-width: 1000px) 100vw, 1000px\" \/><figcaption class=\"wp-element-caption\">\u00a9 DaLiu \/ Shutterstock.com<\/figcaption><\/figure>\n\n\n\n<p>A Petrin kil\u00e1t\u00f3torony a Petrin-hegyen tal\u00e1lhat\u00f3, \u00e9s p\u00e1ratlan kil\u00e1t\u00e1st ny\u00fajt a v\u00e1rosra. Az 1891-ben \u00e9p\u00fclt, k\u00f6zel 60 m\u00e9ter magas \u00e9p\u00edtm\u00e9ny a p\u00e1rizsi Eiffel-torony mint\u00e1j\u00e1ra k\u00e9sz\u00fclt. K\u00e9t emelv\u00e9nyr\u0151l \u00e9lvezheti a kil\u00e1t\u00e1st. Mindketten fels\u00e9t\u00e1lhattok a l\u00e9pcs\u0151n \u00e9s lifttel is mehettek. A t\u00f6rt\u00e9nelmi felvon\u00f3 azonban gyakran nem \u00fczemel. A toronyban egy kis m\u00fazeum \u00e9s egy k\u00e1v\u00e9z\u00f3 is tal\u00e1lhat\u00f3.<\/p>\n\n\n\n<p>Tartalmazza: <a href=\"https:\/\/www.praguecards.com\/hu\/latogatoi-belepojegy\/\" title=\"Pr\u00e1ga Visitor Pass\">Pr\u00e1ga Visitor Pass<\/a><\/p>\n\n\n<div class=\"wp-block-ub-divider ub_divider ub-divider-orientation-horizontal\" id=\"ub_divider_74351de0-f3d9-40cb-b674-04066b8dc470\"><div class=\"ub_divider_wrapper\" style=\"position: relative; margin-bottom: 2px; width: 100%; height: 2px; \" data-divider-alignment=\"center\"><div class=\"ub_divider_line\" style=\"border-top: 2px solid #ccc; margin-top: 2px; \"><\/div><\/div><\/div>\n\n\n<h2 class=\"wp-block-heading\" style=\"font-style:normal;font-weight:600\">Nemzeti M\u0171szaki M\u00fazeum<\/h2>\n\n\n\n<figure class=\"wp-block-image size-full\"><img loading=\"lazy\" decoding=\"async\" width=\"1000\" height=\"550\" src=\"https:\/\/www.praguecards.com\/wp-content\/uploads\/2023\/01\/prague-attraction6.jpg\" alt=\"Nemzeti Technol\u00f3giai M\u00fazeum Pr\u00e1g\u00e1ban\" class=\"wp-image-146\" srcset=\"https:\/\/www.praguecards.com\/wp-content\/uploads\/2023\/01\/prague-attraction6.jpg 1000w, https:\/\/www.praguecards.com\/wp-content\/uploads\/2023\/01\/prague-attraction6-300x165.jpg 300w, https:\/\/www.praguecards.com\/wp-content\/uploads\/2023\/01\/prague-attraction6-768x422.jpg 768w, https:\/\/www.praguecards.com\/wp-content\/uploads\/2023\/01\/prague-attraction6-18x10.jpg 18w\" sizes=\"auto, (max-width: 1000px) 100vw, 1000px\" \/><figcaption class=\"wp-element-caption\">\u00a9 Rus S \/ Shutterstock.com<\/figcaption><\/figure>\n\n\n\n<p>A pr\u00e1gai Nemzeti M\u0171szaki M\u00fazeum a Cseh K\u00f6zt\u00e1rsas\u00e1g egyik legn\u00e9pszer\u0171bb m\u00fazeuma. A v\u00e1ros sz\u00edv\u00e9ben tal\u00e1lhat\u00f3, \u00e9s a l\u00e1togat\u00f3k sz\u00e1m\u00e1ra leny\u0171g\u00f6z\u0151 \u00e9s \u00e1tfog\u00f3 betekint\u00e9st ny\u00fajt a m\u00e9rn\u00f6ki \u00e9s technol\u00f3giai t\u00f6rt\u00e9nelembe. Az 1908-ban alap\u00edtott m\u00fazeum hatalmas t\u00e1rgyi gy\u0171jtem\u00e9nyt \u0151riz, p\u00e9ld\u00e1ul r\u00e9gi mozdonyokat, aut\u00f3kat, mez\u0151gazdas\u00e1gi g\u00e9peket \u00e9s m\u00e9g sok m\u00e1st.<\/p>\n\n\n\n<p>Tartalmazza: <a href=\"https:\/\/www.praguecards.com\/hu\/latogatoi-belepojegy\/\" title=\"Pr\u00e1ga Visitor Pass\">Pr\u00e1ga Visitor Pass<\/a><\/p>\n\n\n<div class=\"wp-block-ub-divider ub_divider ub-divider-orientation-horizontal\" id=\"ub_divider_0bcb4edb-8192-4047-934c-23997856defe\"><div class=\"ub_divider_wrapper\" style=\"position: relative; margin-bottom: 2px; width: 100%; height: 2px; \" data-divider-alignment=\"center\"><div class=\"ub_divider_line\" style=\"border-top: 2px solid #ccc; margin-top: 2px; \"><\/div><\/div><\/div>\n\n\n<h2 class=\"wp-block-heading\" style=\"font-style:normal;font-weight:600\">Vy\u0161ehrad v\u00e1r<\/h2>\n\n\n\n<figure class=\"wp-block-image size-full\"><img loading=\"lazy\" decoding=\"async\" width=\"1000\" height=\"550\" src=\"https:\/\/www.praguecards.com\/wp-content\/uploads\/2023\/01\/prague-attraction7.jpg\" alt=\"Vy\u0161ehrad v\u00e1r Pr\u00e1g\u00e1ban\" class=\"wp-image-147\" srcset=\"https:\/\/www.praguecards.com\/wp-content\/uploads\/2023\/01\/prague-attraction7.jpg 1000w, https:\/\/www.praguecards.com\/wp-content\/uploads\/2023\/01\/prague-attraction7-300x165.jpg 300w, https:\/\/www.praguecards.com\/wp-content\/uploads\/2023\/01\/prague-attraction7-768x422.jpg 768w, https:\/\/www.praguecards.com\/wp-content\/uploads\/2023\/01\/prague-attraction7-18x10.jpg 18w\" sizes=\"auto, (max-width: 1000px) 100vw, 1000px\" \/><figcaption class=\"wp-element-caption\">\u00a9 Catarina Belova \/ Shutterstock.com<\/figcaption><\/figure>\n\n\n\n<p>A v\u00e1ros l\u00e1tk\u00e9p\u00e9re ny\u00edl\u00f3 l\u00e9legzetel\u00e1ll\u00edt\u00f3 kil\u00e1t\u00e1ssal \u00e9s figyelemre m\u00e9lt\u00f3 t\u00f6rt\u00e9nelm\u00e9vel a Vy\u0161ehrad-v\u00e1r a turist\u00e1k \u00e9s a helyiek egyik legn\u00e9pszer\u0171bb c\u00e9lpontja. A 10. sz\u00e1zadt\u00f3l kezdve \u00e9p\u00fclt v\u00e1r Pr\u00e1ga gazdag kultur\u00e1lis \u00f6r\u00f6ks\u00e9g\u00e9r\u0151l tan\u00faskodik. Vy\u0161ehrad sz\u00e1mos t\u00f6rt\u00e9nelmi \u00e9p\u00fcletnek ad otthont, k\u00f6zt\u00fck a Szent P\u00e9ter \u00e9s P\u00e1l-bazilik\u00e1nak, a kazamat\u00e1knak \u00e9s a temet\u0151nek, ahol sz\u00e1mos h\u00edres cseh tal\u00e1lta meg v\u00e9gs\u0151 nyughely\u00e9t.<\/p>\n\n\n\n<p>Tartalmazza: <a href=\"https:\/\/www.praguecards.com\/hu\/latogatoi-belepojegy\/\" title=\"Pr\u00e1ga Visitor Pass\">Pr\u00e1ga Visitor Pass<\/a>, <a href=\"https:\/\/www.praguecards.com\/hu\/coolpass\/\" title=\"Pr\u00e1ga CoolPass\">Pr\u00e1ga CoolPass<\/a><\/p>","protected":false},"excerpt":{"rendered":"<p>Szeretne ell\u00e1togatni a cseh f\u0151v\u00e1rosba, de m\u00e9g nem tudja, hogy mely l\u00e1tnival\u00f3kat kellene felt\u00e9tlen\u00fcl feltennie a k\u00edv\u00e1ns\u00e1glist\u00e1j\u00e1ra? A k\u00f6vetkez\u0151 l\u00e1tnival\u00f3kat nem szabad kihagyni. Pr\u00e1gak\u00e1rty\u00e1val sz\u00e1mos k\u00f6z\u00fcl\u00fck ingyenesen l\u00e1togathat\u00f3. Pr\u00e1gai v\u00e1r A pr\u00e1gai v\u00e1r Pr\u00e1ga egyik legn\u00e9pszer\u0171bb l\u00e1tnival\u00f3ja. A hatalmas v\u00e1r a ... <a title=\"Pr\u00e1ga legn\u00e9pszer\u0171bb l\u00e1tnival\u00f3i\" class=\"read-more\" href=\"https:\/\/www.praguecards.com\/hu\/attraktionen\/\" aria-label=\"Tov\u00e1bbi inform\u00e1ci\u00f3 Pr\u00e1ga legn\u00e9pszer\u0171bb l\u00e1tnival\u00f3ir\u00f3l\">Olvass tov\u00e1bb<\/a><\/p>","protected":false},"author":1,"featured_media":0,"parent":0,"menu_order":0,"comment_status":"closed","ping_status":"closed","template":"","meta":{"footnotes":""},"class_list":["post-137","page","type-page","status-publish"],"aioseo_notices":[],"featured_image_src":null,"_links":{"self":[{"href":"https:\/\/www.praguecards.com\/hu\/wp-json\/wp\/v2\/pages\/137","targetHints":{"allow":["GET"]}}],"collection":[{"href":"https:\/\/www.praguecards.com\/hu\/wp-json\/wp\/v2\/pages"}],"about":[{"href":"https:\/\/www.praguecards.com\/hu\/wp-json\/wp\/v2\/types\/page"}],"author":[{"embeddable":true,"href":"https:\/\/www.praguecards.com\/hu\/wp-json\/wp\/v2\/users\/1"}],"replies":[{"embeddable":true,"href":"https:\/\/www.praguecards.com\/hu\/wp-json\/wp\/v2\/comments?post=137"}],"version-history":[{"count":18,"href":"https:\/\/www.praguecards.com\/hu\/wp-json\/wp\/v2\/pages\/137\/revisions"}],"predecessor-version":[{"id":641,"href":"https:\/\/www.praguecards.com\/hu\/wp-json\/wp\/v2\/pages\/137\/revisions\/641"}],"wp:attachment":[{"href":"https:\/\/www.praguecards.com\/hu\/wp-json\/wp\/v2\/media?parent=137"}],"curies":[{"name":"wp","href":"https:\/\/api.w.org\/{rel}","templated":true}]}}