{"id":161,"date":"2023-01-21T14:22:09","date_gmt":"2023-01-21T14:22:09","guid":{"rendered":"https:\/\/www.praguecards.com\/?page_id=161"},"modified":"2025-05-22T13:44:40","modified_gmt":"2025-05-22T13:44:40","slug":"3-nap-pragaban","status":"publish","type":"page","link":"https:\/\/www.praguecards.com\/hu\/3-tage-in-prag\/","title":{"rendered":"3 nap Pr\u00e1g\u00e1ban a Pr\u00e1ga k\u00e1rty\u00e1val"},"content":{"rendered":"<p>Ha Pr\u00e1g\u00e1ba l\u00e1togat, h\u00e1rom nap alatt megtapasztalhatja a kult\u00far\u00e1val \u00e9s sz\u00e9ps\u00e9ggel teli v\u00e1rost. A cseh f\u0151v\u00e1ros t\u00f6rt\u00e9nelmi \u00e9p\u00edt\u00e9szet\u00e9r\u0151l, egyed\u00fcl\u00e1ll\u00f3 konyh\u00e1j\u00e1r\u00f3l \u00e9s gazdag t\u00f6rt\u00e9nelm\u00e9r\u0151l ismert. Ez teszi t\u00f6k\u00e9letes \u00fati c\u00e9ll\u00e1 a cseh kult\u00fara ir\u00e1nt \u00e9rdekl\u0151d\u0151 utaz\u00f3k sz\u00e1m\u00e1ra.<\/p>\n\n\n\n<p>Egy h\u00e1romnapos pr\u00e1gai tart\u00f3zkod\u00e1s alatt t\u00f6bb mint el\u00e9g tennival\u00f3 \u00e1ll rendelkez\u00e9sre a v\u00e1ros megismer\u00e9s\u00e9hez \u00e9s az id\u0151 elt\u00f6lt\u00e9s\u00e9hez. Ha a v\u00e1rosn\u00e9z\u00e9shez Pr\u00e1gak\u00e1rty\u00e1t szeretne foglalni, akkor a Pr\u00e1ga Visitor Pass vagy alternat\u00edvak\u00e9nt a Pr\u00e1ga CoolPass k\u00e1rty\u00e1t aj\u00e1nljuk. Az \u00d6n \u00fatiterve h\u00e1rom napra Pr\u00e1g\u00e1ban \u00edgy n\u00e9zhet ki.<\/p>\n\n\n\n<h2 class=\"wp-block-heading\" style=\"font-style:normal;font-weight:600\">Els\u0151 nap: v\u00e1rosn\u00e9z\u00e9s, pr\u00e1gai v\u00e1r \u00e9s Petrin<\/h2>\n\n\n\n<figure class=\"wp-block-image size-full\"><img loading=\"lazy\" decoding=\"async\" width=\"1000\" height=\"550\" src=\"https:\/\/www.praguecards.com\/wp-content\/uploads\/2023\/01\/prag-tram-42.jpg\" alt=\"Pr\u00e1gai villamos 42-es vonal\" class=\"wp-image-162\" srcset=\"https:\/\/www.praguecards.com\/wp-content\/uploads\/2023\/01\/prag-tram-42.jpg 1000w, https:\/\/www.praguecards.com\/wp-content\/uploads\/2023\/01\/prag-tram-42-300x165.jpg 300w, https:\/\/www.praguecards.com\/wp-content\/uploads\/2023\/01\/prag-tram-42-768x422.jpg 768w, https:\/\/www.praguecards.com\/wp-content\/uploads\/2023\/01\/prag-tram-42-18x10.jpg 18w\" sizes=\"auto, (max-width: 1000px) 100vw, 1000px\" \/><figcaption class=\"wp-element-caption\">Turisztikai villamosvonal 42<\/figcaption><\/figure>\n\n\n\n<p>A legjobb, ha az utaz\u00e1st egy v\u00e1rosn\u00e9z\u00e9ssel kezdi, hogy els\u0151 \u00e1ttekint\u00e9st kapjon. Erre alkalmas a turistavillamos (42-es vonal). A villamossal t\u00f6bb mint 20 meg\u00e1ll\u00f3n\u00e1l sz\u00e1llhat fel \u00e9s le, vagy \u00fclve maradhat a teljes t\u00fara alatt.<\/p>\n\n\n\n<p>A <a href=\"https:\/\/www.praguecards.com\/hu\/latogatoi-belepojegy\/\" title=\"Pr\u00e1ga Visitor Pass\">Pr\u00e1ga Visitor Pass<\/a> ingyenesen haszn\u00e1lhatja ezt a villamost. Alternat\u00edvak\u00e9nt r\u00e9szt vehet egy k\u00e9t\u00f3r\u00e1s buszos v\u00e1rosn\u00e9z\u00e9sen is (a k\u00f6vetkez\u0151 szolg\u00e1ltat\u00e1sokkal <a href=\"https:\/\/www.praguecards.com\/hu\/coolpass\/\" title=\"Pr\u00e1ga CoolPass\">Pr\u00e1ga CoolPass<\/a> ingyenesen).<\/p>\n\n\n\n<p>Ezut\u00e1n l\u00e1togasson el a pr\u00e1gai v\u00e1rba - a v\u00e1ros legh\u00edresebb nevezetess\u00e9g\u00e9be. A bel\u00e9p\u0151jeggyel nemcsak a v\u00e1r ter\u00fclet\u00e9n s\u00e9t\u00e1lhat, hanem megl\u00e1togathatja az Aranys\u00e1vot, a r\u00e9gi kir\u00e1lyi palot\u00e1t, a Szent Vitus-sz\u00e9kesegyh\u00e1zat \u00e9s a Szent Gy\u00f6rgy-bazilik\u00e1t is. A <a href=\"https:\/\/www.praguecards.com\/hu\/latogatoi-belepojegy\/\" title=\"Pr\u00e1ga Visitor Pass\">Pr\u00e1ga Visitor Pass<\/a> \u00e9s a <a href=\"https:\/\/www.praguecards.com\/hu\/coolpass\/\" title=\"Pr\u00e1ga CoolPass\">Pr\u00e1ga CoolPass<\/a> ingyenes bel\u00e9p\u0151t kap.<\/p>\n\n\n\n<p>A pr\u00e1gai v\u00e1rb\u00f3l r\u00f6vid s\u00e9t\u00e1val el\u00e9rhet\u0151 a Petrin park, ahol a Petrin kil\u00e1t\u00f3torony tal\u00e1lhat\u00f3. A 42-es villamossal, t\u00f6megk\u00f6zleked\u00e9ssel vagy a Petrin sikl\u00f3val juthat el oda.<\/p>\n\n\n\n<p>M\u00e1sszon fel a l\u00e9pcs\u0151k\u00f6n, vagy haszn\u00e1lja a t\u00f6rt\u00e9nelmi liftet, ahonnan csod\u00e1latos kil\u00e1t\u00e1s ny\u00edlik Pr\u00e1g\u00e1ra. Ezt k\u00f6vet\u0151en izgalmas \u00e9lm\u00e9nyt ny\u00fajt a T\u00fck\u00f6rlabirintus. A labirintus a Petrin-torony mellett tal\u00e1lhat\u00f3. Mindk\u00e9t l\u00e1tnival\u00f3 ingyenes a <a href=\"https:\/\/www.praguecards.com\/hu\/latogatoi-belepojegy\/\" title=\"Pr\u00e1ga Visitor Pass\">Pr\u00e1ga Visitor Pass<\/a>.<\/p>\n\n\n\n<h2 class=\"wp-block-heading\" style=\"font-style:normal;font-weight:600\">M\u00e1sodik nap: K\u00e1roly-h\u00edd, haj\u00f3kir\u00e1ndul\u00e1s \u00e9s \u00f3v\u00e1ros<\/h2>\n\n\n\n<figure class=\"wp-block-image size-full\"><img loading=\"lazy\" decoding=\"async\" width=\"1000\" height=\"550\" src=\"https:\/\/www.praguecards.com\/wp-content\/uploads\/2023\/01\/prague-attraction2.jpg\" alt=\"K\u00e1roly h\u00edd Pr\u00e1g\u00e1ban\" class=\"wp-image-142\" srcset=\"https:\/\/www.praguecards.com\/wp-content\/uploads\/2023\/01\/prague-attraction2.jpg 1000w, https:\/\/www.praguecards.com\/wp-content\/uploads\/2023\/01\/prague-attraction2-300x165.jpg 300w, https:\/\/www.praguecards.com\/wp-content\/uploads\/2023\/01\/prague-attraction2-768x422.jpg 768w, https:\/\/www.praguecards.com\/wp-content\/uploads\/2023\/01\/prague-attraction2-18x10.jpg 18w\" sizes=\"auto, (max-width: 1000px) 100vw, 1000px\" \/><figcaption class=\"wp-element-caption\">\u00a9 emperorcosar \/ Shutterstock.com<\/figcaption><\/figure>\n\n\n\n<p>Kezdje m\u00e1sodik pr\u00e1gai napj\u00e1t a K\u00e1roly-h\u00eddn\u00e1l. \u00c9rdemes r\u00f6gt\u00f6n reggeli ut\u00e1n, a turist\u00e1k nagy r\u00e9sze el\u0151tt felkeresni a hidat. A K\u00e1roly-h\u00edd akkor a legszebb, amikor m\u00e9g \u00fcres.<\/p>\n\n\n\n<p>A h\u00edd mindk\u00e9t v\u00e9g\u00e9n van egy-egy h\u00eddtorony. T\u00e9r\u00edt\u00e9s ellen\u00e9ben felm\u00e1szhat a tornyokra, \u00e9s \u00e9lvezheti a Kisv\u00e1rosra vagy az \u00d3v\u00e1rosra ny\u00edl\u00f3 kil\u00e1t\u00e1st. Csak a <a href=\"https:\/\/www.praguecards.com\/hu\/latogatoi-belepojegy\/\" title=\"Pr\u00e1ga Visitor Pass\">Pr\u00e1ga Visitor Pass<\/a> a bel\u00e9p\u00e9s mindk\u00e9t toronyba ingyenes.<\/p>\n\n\n\n<p>Ezt k\u00f6vet\u0151en megl\u00e1togathatja a K\u00e1roly-h\u00edd M\u00fazeumot (a <a href=\"https:\/\/www.praguecards.com\/hu\/latogatoi-belepojegy\/\" title=\"Pr\u00e1ga Visitor Pass\">Pr\u00e1ga Visitor Pass<\/a> \u00e9s <a href=\"https:\/\/www.praguecards.com\/hu\/coolpass\/\" title=\"Pr\u00e1ga CoolPass\">Pr\u00e1ga CoolPass<\/a> ingyenesen). A m\u00fazeum jegyp\u00e9nzt\u00e1r\u00e1ban jegyet v\u00e1lthat a kis-venezsi \u00d6rd\u00f6g csatorn\u00e1n tett haj\u00f3kir\u00e1ndul\u00e1sra is. A haj\u00f3kir\u00e1ndul\u00e1s szint\u00e9n ingyenes mindk\u00e9t Pr\u00e1ga-k\u00e1rty\u00e1val.<\/p>\n\n\n\n<p>A Kis-Velenc\u00e9ben tett haj\u00f3kir\u00e1ndul\u00e1s ut\u00e1n csak n\u00e9h\u00e1ny perc s\u00e9t\u00e1ra van az \u00d3v\u00e1ros t\u00e9r, Pr\u00e1ga belv\u00e1ros\u00e1nak k\u00f6zponti tere. Az \u00d3v\u00e1ros t\u00e9ren tal\u00e1lhat\u00f3 a v\u00e1rosh\u00e1za a h\u00edres csillag\u00e1szati \u00f3r\u00e1val. A <a href=\"https:\/\/www.praguecards.com\/hu\/latogatoi-belepojegy\/\" title=\"Pr\u00e1ga Visitor Pass\">Pr\u00e1ga Visitor Pass<\/a> a csillag\u00e1szati \u00f3r\u00e1t bel\u00fclr\u0151l is megtekintheti, \u00e9s a v\u00e1rosh\u00e1za tetej\u00e9r\u0151l \u00e9lvezheti a kil\u00e1t\u00e1st.<\/p>\n\n\n\n<p>Ezut\u00e1n csatlakozzon egy vezetett t\u00far\u00e1hoz az \u00f3v\u00e1rosban. Erre a h\u00e9t legt\u00f6bb napj\u00e1n kora d\u00e9lut\u00e1n ker\u00fcl sor. Alternat\u00edvak\u00e9nt egyes napokon vezetett t\u00far\u00e1t szerveznek Pr\u00e1ga k\u00f6z\u00e9pkori f\u00f6ldalatti termeibe. T\u00e1rlatvezet\u00e9s a <a href=\"https:\/\/www.praguecards.com\/hu\/latogatoi-belepojegy\/\" title=\"Pr\u00e1ga Visitor Pass\">Pr\u00e1ga Visitor Pass<\/a> ingyenesen.<\/p>\n\n\n\n<h2 class=\"wp-block-heading\" style=\"font-style:normal;font-weight:600\">Harmadik nap: zsid\u00f3 negyed \u00e9s Vy\u0161ehrad<\/h2>\n\n\n\n<figure class=\"wp-block-image size-full\"><img loading=\"lazy\" decoding=\"async\" width=\"1000\" height=\"550\" src=\"https:\/\/www.praguecards.com\/wp-content\/uploads\/2023\/01\/prague-attraction7.jpg\" alt=\"Vy\u0161ehrad v\u00e1r Pr\u00e1g\u00e1ban\" class=\"wp-image-147\" srcset=\"https:\/\/www.praguecards.com\/wp-content\/uploads\/2023\/01\/prague-attraction7.jpg 1000w, https:\/\/www.praguecards.com\/wp-content\/uploads\/2023\/01\/prague-attraction7-300x165.jpg 300w, https:\/\/www.praguecards.com\/wp-content\/uploads\/2023\/01\/prague-attraction7-768x422.jpg 768w, https:\/\/www.praguecards.com\/wp-content\/uploads\/2023\/01\/prague-attraction7-18x10.jpg 18w\" sizes=\"auto, (max-width: 1000px) 100vw, 1000px\" \/><figcaption class=\"wp-element-caption\">\u00a9 Catarina Belova \/ Shutterstock.com<\/figcaption><\/figure>\n\n\n\n<p>Utaz\u00e1sa harmadik napj\u00e1n l\u00e1togasson el a zsid\u00f3 negyedbe, amely mind\u00f6ssze n\u00e9h\u00e1ny l\u00e9p\u00e9sre tal\u00e1lhat\u00f3 az \u00d3v\u00e1ros t\u00e9rt\u0151l. A zsid\u00f3 negyedben sz\u00e1mos zsinag\u00f3ga, a Zsid\u00f3 M\u00fazeum \u00e9s a r\u00e9gi zsid\u00f3 temet\u0151 tal\u00e1lhat\u00f3. A Zsid\u00f3 v\u00e1ros jegye bel\u00e9p\u00e9st biztos\u00edt mindezekre a l\u00e1tnival\u00f3kra. A <a href=\"https:\/\/www.praguecards.com\/hu\/latogatoi-belepojegy\/\" title=\"Pr\u00e1ga Visitor Pass\">Pr\u00e1ga Visitor Pass<\/a> \u00e9s a <a href=\"https:\/\/www.praguecards.com\/hu\/coolpass\/\" title=\"Pr\u00e1ga CoolPass\">Pr\u00e1ga CoolPass<\/a> a Zsid\u00f3 V\u00e1ros jegye ingyenes.<\/p>\n\n\n\n<p>Ha ezut\u00e1n folytatja a v\u00e1rosk\u00f6zpont felfedez\u00e9s\u00e9t, tegyen egy r\u00f6vid meg\u00e1ll\u00f3t a t\u00f6rt\u00e9nelmi P\u00fadertoronyn\u00e1l. M\u00e1sszon fel a kil\u00e1t\u00f3teraszra, \u00e9s csod\u00e1lja meg Pr\u00e1ga belv\u00e1ros\u00e1t fel\u00fclr\u0151l. A pr\u00e1gai Visitor Pass-vel a bel\u00e9p\u00e9s ingyenes.<\/p>\n\n\n\n<p>D\u00e9lut\u00e1n a v\u00e1rosk\u00f6zponton k\u00edv\u00fcl es\u0151 l\u00e1tnival\u00f3t fedezhet fel. Haszn\u00e1lja a metr\u00f3t vagy a villamost (a <a href=\"https:\/\/www.praguecards.com\/hu\/latogatoi-belepojegy\/\" title=\"Pr\u00e1ga Visitor Pass\">Pr\u00e1ga Visitor Pass<\/a> ingyenes), hogy eljusson a Vy\u0161ehrad v\u00e1r\u00e1hoz. Onnan kil\u00e1t\u00e1s ny\u00edlik a v\u00e1rosra, \u00e9s megpihenhet. A ter\u00fcleten tal\u00e1lhat\u00f3 a Szent P\u00e9ter \u00e9s P\u00e1l sz\u00e9kesegyh\u00e1z, a temet\u0151 \u00e9s a kazamat\u00e1k. A bel\u00e9p\u00e9s ingyenes a <a href=\"https:\/\/www.praguecards.com\/hu\/latogatoi-belepojegy\/\" title=\"Pr\u00e1ga Visitor Pass\">Pr\u00e1ga Visitor Pass<\/a> \u00e9s a <a href=\"https:\/\/www.praguecards.com\/hu\/coolpass\/\" title=\"Pr\u00e1ga CoolPass\">Pr\u00e1ga CoolPass<\/a>.<\/p>","protected":false},"excerpt":{"rendered":"<p>A Pr\u00e1g\u00e1ba l\u00e1togat\u00f3k mind\u00f6ssze h\u00e1rom nap alatt megtapasztalhatj\u00e1k a kult\u00far\u00e1val \u00e9s sz\u00e9ps\u00e9ggel teli v\u00e1rost. A cseh f\u0151v\u00e1ros t\u00f6rt\u00e9nelmi \u00e9p\u00edt\u00e9szet\u00e9r\u0151l, egyed\u00fcl\u00e1ll\u00f3 konyh\u00e1j\u00e1r\u00f3l \u00e9s gazdag t\u00f6rt\u00e9nelm\u00e9r\u0151l ismert. Ez teszi t\u00f6k\u00e9letes \u00fati c\u00e9ll\u00e1 a cseh kult\u00fara ir\u00e1nt \u00e9rdekl\u0151d\u0151 utaz\u00f3k sz\u00e1m\u00e1ra. Egy h\u00e1romnapos pr\u00e1gai tart\u00f3zkod\u00e1s alatt t\u00f6bb mint el\u00e9g ... <a title=\"3 nap Pr\u00e1g\u00e1ban a Pr\u00e1ga k\u00e1rty\u00e1val\" class=\"read-more\" href=\"https:\/\/www.praguecards.com\/hu\/3-tage-in-prag\/\" aria-label=\"Tov\u00e1bbi inform\u00e1ci\u00f3 3 nap Pr\u00e1g\u00e1ban a Prague Card-dal\">Olvass tov\u00e1bb<\/a><\/p>","protected":false},"author":1,"featured_media":0,"parent":0,"menu_order":0,"comment_status":"closed","ping_status":"closed","template":"","meta":{"footnotes":""},"class_list":["post-161","page","type-page","status-publish"],"aioseo_notices":[],"featured_image_src":null,"_links":{"self":[{"href":"https:\/\/www.praguecards.com\/hu\/wp-json\/wp\/v2\/pages\/161","targetHints":{"allow":["GET"]}}],"collection":[{"href":"https:\/\/www.praguecards.com\/hu\/wp-json\/wp\/v2\/pages"}],"about":[{"href":"https:\/\/www.praguecards.com\/hu\/wp-json\/wp\/v2\/types\/page"}],"author":[{"embeddable":true,"href":"https:\/\/www.praguecards.com\/hu\/wp-json\/wp\/v2\/users\/1"}],"replies":[{"embeddable":true,"href":"https:\/\/www.praguecards.com\/hu\/wp-json\/wp\/v2\/comments?post=161"}],"version-history":[{"count":13,"href":"https:\/\/www.praguecards.com\/hu\/wp-json\/wp\/v2\/pages\/161\/revisions"}],"predecessor-version":[{"id":639,"href":"https:\/\/www.praguecards.com\/hu\/wp-json\/wp\/v2\/pages\/161\/revisions\/639"}],"wp:attachment":[{"href":"https:\/\/www.praguecards.com\/hu\/wp-json\/wp\/v2\/media?parent=161"}],"curies":[{"name":"wp","href":"https:\/\/api.w.org\/{rel}","templated":true}]}}