{"id":137,"date":"2023-01-20T18:47:13","date_gmt":"2023-01-20T18:47:13","guid":{"rendered":"https:\/\/www.praguecards.com\/?page_id=137"},"modified":"2025-05-22T13:47:02","modified_gmt":"2025-05-22T13:47:02","slug":"attrazioni","status":"publish","type":"page","link":"https:\/\/www.praguecards.com\/it\/attraktionen\/","title":{"rendered":"Le principali attrazioni di Praga"},"content":{"rendered":"<p>Volete visitare la capitale ceca, ma non sapete ancora quali sono le attrazioni da inserire nella vostra lista dei desideri? Le seguenti attrazioni sono da non perdere. Molte di esse possono essere visitate gratuitamente con la Prague Card.<\/p>\n\n\n\n<h2 class=\"wp-block-heading\" style=\"font-style:normal;font-weight:600\">Castello di Praga<\/h2>\n\n\n\n<figure class=\"wp-block-image size-full\"><img loading=\"lazy\" decoding=\"async\" width=\"1000\" height=\"550\" src=\"https:\/\/www.praguecards.com\/wp-content\/uploads\/2023\/01\/prague-attraction1-1.jpg\" alt=\"\" class=\"wp-image-148\" srcset=\"https:\/\/www.praguecards.com\/wp-content\/uploads\/2023\/01\/prague-attraction1-1.jpg 1000w, https:\/\/www.praguecards.com\/wp-content\/uploads\/2023\/01\/prague-attraction1-1-300x165.jpg 300w, https:\/\/www.praguecards.com\/wp-content\/uploads\/2023\/01\/prague-attraction1-1-768x422.jpg 768w, https:\/\/www.praguecards.com\/wp-content\/uploads\/2023\/01\/prague-attraction1-1-18x10.jpg 18w\" sizes=\"auto, (max-width: 1000px) 100vw, 1000px\" \/><\/figure>\n\n\n\n<div style=\"height:20px\" aria-hidden=\"true\" class=\"wp-block-spacer\"><\/div>\n\n\n\n<p>Il Castello di Praga \u00e8 una delle attrazioni pi\u00f9 popolari di Praga. Il possente castello di Hrad\u010dany \u00e8 stato sede di molti re, imperatori e presidenti nel corso della storia. Oggi \u00e8 soprattutto una delle destinazioni pi\u00f9 visitate dai turisti. \u00c8 possibile visitare gratuitamente il parco del castello, ma se si desidera vedere gli edifici dall'interno, \u00e8 necessario acquistare un biglietto. Il biglietto consente di accedere alla Cattedrale di San Vito, all'Antico Palazzo Reale, alla Basilica di San Giorgio e al Vicolo d'Oro.<\/p>\n\n\n\n<p>Incluso in: <a href=\"https:\/\/www.praguecards.com\/it\/pass-visitatore\/\" title=\"Praga Visitor Pass\">Praga Visitor Pass<\/a>, <a href=\"https:\/\/www.praguecards.com\/it\/coolpass\/\" title=\"Praga CoolPass\">Praga CoolPass<\/a>, <a href=\"https:\/\/www.praguecards.com\/it\/pass-tutto-compreso\/\" title=\"Praga All Inclusive Pass\">All Inclusive Pass<\/a><\/p>\n\n\n<div class=\"wp-block-ub-divider ub_divider ub-divider-orientation-horizontal\" id=\"ub_divider_ecca87f5-4740-4810-8d7e-6dcea63a6938\"><div class=\"ub_divider_wrapper\" style=\"position: relative; margin-bottom: 2px; width: 100%; height: 2px; \" data-divider-alignment=\"center\"><div class=\"ub_divider_line\" style=\"border-top: 2px solid #ccc; margin-top: 2px; \"><\/div><\/div><\/div>\n\n\n<h2 class=\"wp-block-heading\" style=\"font-style:normal;font-weight:600\">Ponte Carlo<\/h2>\n\n\n\n<figure class=\"wp-block-image size-full\"><img loading=\"lazy\" decoding=\"async\" width=\"1000\" height=\"550\" src=\"https:\/\/www.praguecards.com\/wp-content\/uploads\/2023\/01\/prague-attraction2.jpg\" alt=\"Ponte Carlo a Praga\" class=\"wp-image-142\" srcset=\"https:\/\/www.praguecards.com\/wp-content\/uploads\/2023\/01\/prague-attraction2.jpg 1000w, https:\/\/www.praguecards.com\/wp-content\/uploads\/2023\/01\/prague-attraction2-300x165.jpg 300w, https:\/\/www.praguecards.com\/wp-content\/uploads\/2023\/01\/prague-attraction2-768x422.jpg 768w, https:\/\/www.praguecards.com\/wp-content\/uploads\/2023\/01\/prague-attraction2-18x10.jpg 18w\" sizes=\"auto, (max-width: 1000px) 100vw, 1000px\" \/><figcaption class=\"wp-element-caption\">\u00a9 emperorcosar \/ Shutterstock.com<\/figcaption><\/figure>\n\n\n\n<p>Il Ponte Carlo \u00e8 un'attrazione altrettanto popolare. Questo iconico ponte in pietra che attraversa il fiume Moldava \u00e8 un simbolo di Praga e una tappa obbligata per chi visita la citt\u00e0. \u00c8 fiancheggiato da molte statue di santi e offre una bella vista su entrambe le sponde del fiume. Si consiglia di raggiungere il ponte la mattina presto, prima della maggior parte dei turisti.<\/p>\n\n\n\n<p>A ciascuna estremit\u00e0 del Ponte Carlo si trova una torre del ponte. A pagamento, \u00e8 possibile salire su entrambe le torri e godere della vista della Citt\u00e0 Vecchia o della Citt\u00e0 Piccola.<\/p>\n\n\n\n<p>Incluso in: <a href=\"https:\/\/www.praguecards.com\/it\/pass-visitatore\/\" title=\"Praga Visitor Pass\">Praga Visitor Pass<\/a><\/p>\n\n\n<div class=\"wp-block-ub-divider ub_divider ub-divider-orientation-horizontal\" id=\"ub_divider_8bf5bfb5-e168-4f94-b6a4-e72c5536d13e\"><div class=\"ub_divider_wrapper\" style=\"position: relative; margin-bottom: 2px; width: 100%; height: 2px; \" data-divider-alignment=\"center\"><div class=\"ub_divider_line\" style=\"border-top: 2px solid #ccc; margin-top: 2px; \"><\/div><\/div><\/div>\n\n\n<h2 class=\"wp-block-heading\" style=\"font-style:normal;font-weight:600\">Piazza della Citt\u00e0 Vecchia<\/h2>\n\n\n\n<figure class=\"wp-block-image size-full\"><img loading=\"lazy\" decoding=\"async\" width=\"1000\" height=\"550\" src=\"https:\/\/www.praguecards.com\/wp-content\/uploads\/2023\/01\/prague-attraction3.jpg\" alt=\"Piazza della Citt\u00e0 Vecchia a Praga\" class=\"wp-image-143\" srcset=\"https:\/\/www.praguecards.com\/wp-content\/uploads\/2023\/01\/prague-attraction3.jpg 1000w, https:\/\/www.praguecards.com\/wp-content\/uploads\/2023\/01\/prague-attraction3-300x165.jpg 300w, https:\/\/www.praguecards.com\/wp-content\/uploads\/2023\/01\/prague-attraction3-768x422.jpg 768w, https:\/\/www.praguecards.com\/wp-content\/uploads\/2023\/01\/prague-attraction3-18x10.jpg 18w\" sizes=\"auto, (max-width: 1000px) 100vw, 1000px\" \/><figcaption class=\"wp-element-caption\"> Andrew Mayovskyy \/ Shutterstock.com<\/figcaption><\/figure>\n\n\n\n<p>La Piazza della Citt\u00e0 Vecchia \u00e8 la piazza centrale di Praga. Tutte le strade convergono qui, quindi prima o poi vi ritroverete nella Piazza della Citt\u00e0 Vecchia. Intorno alla piazza si trovano molti ristoranti, ma anche edifici storici come il Vecchio Municipio con l'Orologio Astronomico, che suona ogni ora e attira innumerevoli turisti. Cosa che non tutti sanno: \u00e8 possibile entrare nel municipio e visitare anche l'Orologio astronomico dall'interno. Per questo \u00e8 necessario un biglietto d'ingresso.<\/p>\n\n\n\n<p>Incluso in: <a href=\"https:\/\/www.praguecards.com\/it\/pass-visitatore\/\" title=\"Praga Visitor Pass\">Praga Visitor Pass<\/a><\/p>\n\n\n<div class=\"wp-block-ub-divider ub_divider ub-divider-orientation-horizontal\" id=\"ub_divider_c76484e4-1973-4dbb-bc1f-9e590537ec47\"><div class=\"ub_divider_wrapper\" style=\"position: relative; margin-bottom: 2px; width: 100%; height: 2px; \" data-divider-alignment=\"center\"><div class=\"ub_divider_line\" style=\"border-top: 2px solid #ccc; margin-top: 2px; \"><\/div><\/div><\/div>\n\n\n<h2 class=\"wp-block-heading\" style=\"font-style:normal;font-weight:600\">Quartiere ebraico<\/h2>\n\n\n\n<figure class=\"wp-block-image size-full\"><img loading=\"lazy\" decoding=\"async\" width=\"1000\" height=\"550\" src=\"https:\/\/www.praguecards.com\/wp-content\/uploads\/2023\/01\/prague-attraction4.jpg\" alt=\"Sinagoga spagnola a Praga\" class=\"wp-image-144\" srcset=\"https:\/\/www.praguecards.com\/wp-content\/uploads\/2023\/01\/prague-attraction4.jpg 1000w, https:\/\/www.praguecards.com\/wp-content\/uploads\/2023\/01\/prague-attraction4-300x165.jpg 300w, https:\/\/www.praguecards.com\/wp-content\/uploads\/2023\/01\/prague-attraction4-768x422.jpg 768w, https:\/\/www.praguecards.com\/wp-content\/uploads\/2023\/01\/prague-attraction4-18x10.jpg 18w\" sizes=\"auto, (max-width: 1000px) 100vw, 1000px\" \/><figcaption class=\"wp-element-caption\">\u00a9 OlegGr \/ Shutterstock.com<\/figcaption><\/figure>\n\n\n\n<p>Il quartiere ebraico di Praga confina con la Piazza della Citt\u00e0 Vecchia ed \u00e8 una delle zone pi\u00f9 interessanti della citt\u00e0. Il quartiere ospita numerose sinagoghe, musei e l'antico cimitero ebraico. Prenotate una visita guidata per capire davvero la storia del quartiere. Una visita guidata in inglese \u00e8 inclusa nel programma Praga Visitor Pass.<\/p>\n\n\n\n<p>Esiste un biglietto combinato per le attrazioni pi\u00f9 importanti. Con il biglietto della Citt\u00e0 Ebraica \u00e8 possibile visitare sinagoghe, musei e il cimitero nell'arco di sette giorni.<\/p>\n\n\n\n<p>Incluso in: <a href=\"https:\/\/www.praguecards.com\/it\/pass-visitatore\/\" title=\"Praga Visitor Pass\">Praga Visitor Pass<\/a>, <a href=\"https:\/\/www.praguecards.com\/it\/coolpass\/\" title=\"Praga CoolPass\">Praga CoolPass<\/a>, <a href=\"https:\/\/www.praguecards.com\/it\/pass-tutto-compreso\/\" title=\"Praga All Inclusive Pass\">All Inclusive Pass<\/a><\/p>\n\n\n<div class=\"wp-block-ub-divider ub_divider ub-divider-orientation-horizontal\" id=\"ub_divider_82573696-67a4-46be-90d0-6df4f3c37357\"><div class=\"ub_divider_wrapper\" style=\"position: relative; margin-bottom: 2px; width: 100%; height: 2px; \" data-divider-alignment=\"center\"><div class=\"ub_divider_line\" style=\"border-top: 2px solid #ccc; margin-top: 2px; \"><\/div><\/div><\/div>\n\n\n<h2 class=\"wp-block-heading\" style=\"font-style:normal;font-weight:600\">Torre di osservazione di Petrin<\/h2>\n\n\n\n<figure class=\"wp-block-image size-full\"><img loading=\"lazy\" decoding=\"async\" width=\"1000\" height=\"550\" src=\"https:\/\/www.praguecards.com\/wp-content\/uploads\/2023\/01\/prague-attraction5.jpg\" alt=\"Torre panoramica di Petrin a Praga\" class=\"wp-image-145\" srcset=\"https:\/\/www.praguecards.com\/wp-content\/uploads\/2023\/01\/prague-attraction5.jpg 1000w, https:\/\/www.praguecards.com\/wp-content\/uploads\/2023\/01\/prague-attraction5-300x165.jpg 300w, https:\/\/www.praguecards.com\/wp-content\/uploads\/2023\/01\/prague-attraction5-768x422.jpg 768w, https:\/\/www.praguecards.com\/wp-content\/uploads\/2023\/01\/prague-attraction5-18x10.jpg 18w\" sizes=\"auto, (max-width: 1000px) 100vw, 1000px\" \/><figcaption class=\"wp-element-caption\">\u00a9 DaLiu \/ Shutterstock.com<\/figcaption><\/figure>\n\n\n\n<p>La torre panoramica di Petrin si trova sulla collina di Petrin e offre una vista impareggiabile sulla citt\u00e0. La struttura, costruita nel 1891, \u00e8 alta quasi 60 metri e si ispira alla Torre Eiffel di Parigi. Ci sono due piattaforme da cui si pu\u00f2 ammirare il panorama. Potete salire le scale a piedi e prendere l'ascensore. Tuttavia, l'ascensore storico \u00e8 spesso fuori servizio. La torre ospita anche un piccolo museo e una caffetteria.<\/p>\n\n\n\n<p>Incluso in: <a href=\"https:\/\/www.praguecards.com\/it\/pass-visitatore\/\" title=\"Praga Visitor Pass\">Praga Visitor Pass<\/a><\/p>\n\n\n<div class=\"wp-block-ub-divider ub_divider ub-divider-orientation-horizontal\" id=\"ub_divider_74351de0-f3d9-40cb-b674-04066b8dc470\"><div class=\"ub_divider_wrapper\" style=\"position: relative; margin-bottom: 2px; width: 100%; height: 2px; \" data-divider-alignment=\"center\"><div class=\"ub_divider_line\" style=\"border-top: 2px solid #ccc; margin-top: 2px; \"><\/div><\/div><\/div>\n\n\n<h2 class=\"wp-block-heading\" style=\"font-style:normal;font-weight:600\">Museo Nazionale della Tecnologia<\/h2>\n\n\n\n<figure class=\"wp-block-image size-full\"><img loading=\"lazy\" decoding=\"async\" width=\"1000\" height=\"550\" src=\"https:\/\/www.praguecards.com\/wp-content\/uploads\/2023\/01\/prague-attraction6.jpg\" alt=\"Museo Nazionale della Tecnologia di Praga\" class=\"wp-image-146\" srcset=\"https:\/\/www.praguecards.com\/wp-content\/uploads\/2023\/01\/prague-attraction6.jpg 1000w, https:\/\/www.praguecards.com\/wp-content\/uploads\/2023\/01\/prague-attraction6-300x165.jpg 300w, https:\/\/www.praguecards.com\/wp-content\/uploads\/2023\/01\/prague-attraction6-768x422.jpg 768w, https:\/\/www.praguecards.com\/wp-content\/uploads\/2023\/01\/prague-attraction6-18x10.jpg 18w\" sizes=\"auto, (max-width: 1000px) 100vw, 1000px\" \/><figcaption class=\"wp-element-caption\">\u00a9 Rus S \/ Shutterstock.com<\/figcaption><\/figure>\n\n\n\n<p>Il Museo Nazionale della Tecnica di Praga \u00e8 uno dei musei pi\u00f9 popolari della Repubblica Ceca. Situato nel cuore della citt\u00e0, offre ai visitatori una visione affascinante e completa della storia dell'ingegneria e della tecnologia. Fondato nel 1908, il museo possiede un'enorme collezione di manufatti, come vecchie locomotive, automobili, macchine agricole e altro ancora.<\/p>\n\n\n\n<p>Incluso in: <a href=\"https:\/\/www.praguecards.com\/it\/pass-visitatore\/\" title=\"Praga Visitor Pass\">Praga Visitor Pass<\/a><\/p>\n\n\n<div class=\"wp-block-ub-divider ub_divider ub-divider-orientation-horizontal\" id=\"ub_divider_0bcb4edb-8192-4047-934c-23997856defe\"><div class=\"ub_divider_wrapper\" style=\"position: relative; margin-bottom: 2px; width: 100%; height: 2px; \" data-divider-alignment=\"center\"><div class=\"ub_divider_line\" style=\"border-top: 2px solid #ccc; margin-top: 2px; \"><\/div><\/div><\/div>\n\n\n<h2 class=\"wp-block-heading\" style=\"font-style:normal;font-weight:600\">Castello di Vy\u0161ehrad<\/h2>\n\n\n\n<figure class=\"wp-block-image size-full\"><img loading=\"lazy\" decoding=\"async\" width=\"1000\" height=\"550\" src=\"https:\/\/www.praguecards.com\/wp-content\/uploads\/2023\/01\/prague-attraction7.jpg\" alt=\"Castello di Vy\u0161ehrad a Praga\" class=\"wp-image-147\" srcset=\"https:\/\/www.praguecards.com\/wp-content\/uploads\/2023\/01\/prague-attraction7.jpg 1000w, https:\/\/www.praguecards.com\/wp-content\/uploads\/2023\/01\/prague-attraction7-300x165.jpg 300w, https:\/\/www.praguecards.com\/wp-content\/uploads\/2023\/01\/prague-attraction7-768x422.jpg 768w, https:\/\/www.praguecards.com\/wp-content\/uploads\/2023\/01\/prague-attraction7-18x10.jpg 18w\" sizes=\"auto, (max-width: 1000px) 100vw, 1000px\" \/><figcaption class=\"wp-element-caption\">\u00a9 Catarina Belova \/ Shutterstock.com<\/figcaption><\/figure>\n\n\n\n<p>Con la sua vista mozzafiato sullo skyline della citt\u00e0 e la sua notevole storia, il Castello di Vy\u0161ehrad \u00e8 una delle destinazioni pi\u00f9 popolari per i turisti e gli abitanti del luogo. Costruito a partire dal X secolo, il castello \u00e8 una testimonianza del ricco patrimonio culturale di Praga. Vy\u0161ehrad ospita diversi edifici storici, tra cui la Basilica di San Pietro e Paolo, le casematte e un cimitero dove molti cechi famosi hanno trovato l'ultima dimora.<\/p>\n\n\n\n<p>Incluso in: <a href=\"https:\/\/www.praguecards.com\/it\/pass-visitatore\/\" title=\"Praga Visitor Pass\">Praga Visitor Pass<\/a>, <a href=\"https:\/\/www.praguecards.com\/it\/coolpass\/\" title=\"Praga CoolPass\">Praga CoolPass<\/a><\/p>","protected":false},"excerpt":{"rendered":"<p>Volete visitare la capitale ceca, ma non sapete ancora quali sono le attrazioni da inserire nella vostra lista dei desideri? Le seguenti attrazioni sono da non perdere. Molte di esse possono essere visitate gratuitamente con la Prague Card. Castello di Praga Il Castello di Praga \u00e8 una delle attrazioni pi\u00f9 popolari di Praga. Il possente castello sul ... <a title=\"Le principali attrazioni di Praga\" class=\"read-more\" href=\"https:\/\/www.praguecards.com\/it\/attraktionen\/\" aria-label=\"Per saperne di pi\u00f9 sulle principali attrazioni di Praga\">Leggi tutto<\/a><\/p>","protected":false},"author":1,"featured_media":0,"parent":0,"menu_order":0,"comment_status":"closed","ping_status":"closed","template":"","meta":{"footnotes":""},"class_list":["post-137","page","type-page","status-publish"],"aioseo_notices":[],"featured_image_src":null,"_links":{"self":[{"href":"https:\/\/www.praguecards.com\/it\/wp-json\/wp\/v2\/pages\/137","targetHints":{"allow":["GET"]}}],"collection":[{"href":"https:\/\/www.praguecards.com\/it\/wp-json\/wp\/v2\/pages"}],"about":[{"href":"https:\/\/www.praguecards.com\/it\/wp-json\/wp\/v2\/types\/page"}],"author":[{"embeddable":true,"href":"https:\/\/www.praguecards.com\/it\/wp-json\/wp\/v2\/users\/1"}],"replies":[{"embeddable":true,"href":"https:\/\/www.praguecards.com\/it\/wp-json\/wp\/v2\/comments?post=137"}],"version-history":[{"count":18,"href":"https:\/\/www.praguecards.com\/it\/wp-json\/wp\/v2\/pages\/137\/revisions"}],"predecessor-version":[{"id":641,"href":"https:\/\/www.praguecards.com\/it\/wp-json\/wp\/v2\/pages\/137\/revisions\/641"}],"wp:attachment":[{"href":"https:\/\/www.praguecards.com\/it\/wp-json\/wp\/v2\/media?parent=137"}],"curies":[{"name":"wp","href":"https:\/\/api.w.org\/{rel}","templated":true}]}}