{"id":161,"date":"2023-01-21T14:22:09","date_gmt":"2023-01-21T14:22:09","guid":{"rendered":"https:\/\/www.praguecards.com\/?page_id=161"},"modified":"2025-05-22T13:44:40","modified_gmt":"2025-05-22T13:44:40","slug":"3-giorni-a-praga","status":"publish","type":"page","link":"https:\/\/www.praguecards.com\/it\/3-tage-in-prag\/","title":{"rendered":"3 giorni a Praga con la Praga Card"},"content":{"rendered":"<p>Se visitate Praga, potete vivere una citt\u00e0 piena di cultura e bellezza in tre giorni. La capitale ceca \u00e8 nota per la sua architettura storica, la sua cucina unica e la sua ricca storia. Questo la rende una destinazione perfetta per i viaggiatori interessati alla cultura ceca.<\/p>\n\n\n\n<p>Per un soggiorno di tre giorni a Praga, c'\u00e8 molto da fare per conoscere la citt\u00e0 e passare il tempo. Se desiderate prenotare una Prague Card per le vostre visite turistiche, vi consigliamo la Prague Visitor Pass o, in alternativa, la Prague CoolPass. Il vostro itinerario per tre giorni a Praga potrebbe essere il seguente.<\/p>\n\n\n\n<h2 class=\"wp-block-heading\" style=\"font-style:normal;font-weight:600\">Primo giorno: visita della citt\u00e0, Castello di Praga e Petrin<\/h2>\n\n\n\n<figure class=\"wp-block-image size-full\"><img loading=\"lazy\" decoding=\"async\" width=\"1000\" height=\"550\" src=\"https:\/\/www.praguecards.com\/wp-content\/uploads\/2023\/01\/prag-tram-42.jpg\" alt=\"Linea 42 del tram di Praga\" class=\"wp-image-162\" srcset=\"https:\/\/www.praguecards.com\/wp-content\/uploads\/2023\/01\/prag-tram-42.jpg 1000w, https:\/\/www.praguecards.com\/wp-content\/uploads\/2023\/01\/prag-tram-42-300x165.jpg 300w, https:\/\/www.praguecards.com\/wp-content\/uploads\/2023\/01\/prag-tram-42-768x422.jpg 768w, https:\/\/www.praguecards.com\/wp-content\/uploads\/2023\/01\/prag-tram-42-18x10.jpg 18w\" sizes=\"auto, (max-width: 1000px) 100vw, 1000px\" \/><figcaption class=\"wp-element-caption\">Tram turistico Linea 42<\/figcaption><\/figure>\n\n\n\n<p>\u00c8 meglio iniziare il viaggio con un tour della citt\u00e0 per avere una prima visione d'insieme. Il tram turistico (linea 42) \u00e8 adatto a questo scopo. Con il tram si pu\u00f2 salire e scendere a pi\u00f9 di 20 fermate o rimanere seduti per un tour completo.<\/p>\n\n\n\n<p>Con il <a href=\"https:\/\/www.praguecards.com\/it\/pass-visitatore\/\" title=\"Praga Visitor Pass\">Praga Visitor Pass<\/a> \u00e8 possibile utilizzare questo tram gratuitamente. In alternativa, \u00e8 possibile partecipare a un tour della citt\u00e0 in autobus della durata di due ore (con <a href=\"https:\/\/www.praguecards.com\/it\/coolpass\/\" title=\"Praga CoolPass\">Praga CoolPass<\/a> gratuitamente).<\/p>\n\n\n\n<p>Poi visitate il Castello di Praga, il simbolo pi\u00f9 famoso della citt\u00e0. Con il biglietto d'ingresso \u00e8 possibile non solo passeggiare per il parco del castello, ma anche visitare il Vicolo d'Oro, l'Antico Palazzo Reale, la Cattedrale di San Vito e la Basilica di San Giorgio. Con il <a href=\"https:\/\/www.praguecards.com\/it\/pass-visitatore\/\" title=\"Praga Visitor Pass\">Praga Visitor Pass<\/a> e il <a href=\"https:\/\/www.praguecards.com\/it\/coolpass\/\" title=\"Praga CoolPass\">Praga CoolPass<\/a> riceverete l'ingresso gratuito.<\/p>\n\n\n\n<p>Dal Castello di Praga si raggiunge con una breve passeggiata il Parco Petrin, dove si trova la Torre panoramica di Petrin. \u00c8 possibile raggiungerlo con la linea 42 del tram, con i mezzi pubblici o con la funicolare di Petrin.<\/p>\n\n\n\n<p>Salite le scale o prendete lo storico ascensore per godere di una splendida vista su Praga. In seguito, si pu\u00f2 visitare il Labirinto degli specchi per vivere un'esperienza emozionante. Il labirinto si trova accanto alla Torre di Petrin. Entrambe le attrazioni sono gratuite con il <a href=\"https:\/\/www.praguecards.com\/it\/pass-visitatore\/\" title=\"Praga Visitor Pass\">Praga Visitor Pass<\/a>.<\/p>\n\n\n\n<h2 class=\"wp-block-heading\" style=\"font-style:normal;font-weight:600\">Secondo giorno: Ponte Carlo, gita in barca e Citt\u00e0 Vecchia<\/h2>\n\n\n\n<figure class=\"wp-block-image size-full\"><img loading=\"lazy\" decoding=\"async\" width=\"1000\" height=\"550\" src=\"https:\/\/www.praguecards.com\/wp-content\/uploads\/2023\/01\/prague-attraction2.jpg\" alt=\"Ponte Carlo a Praga\" class=\"wp-image-142\" srcset=\"https:\/\/www.praguecards.com\/wp-content\/uploads\/2023\/01\/prague-attraction2.jpg 1000w, https:\/\/www.praguecards.com\/wp-content\/uploads\/2023\/01\/prague-attraction2-300x165.jpg 300w, https:\/\/www.praguecards.com\/wp-content\/uploads\/2023\/01\/prague-attraction2-768x422.jpg 768w, https:\/\/www.praguecards.com\/wp-content\/uploads\/2023\/01\/prague-attraction2-18x10.jpg 18w\" sizes=\"auto, (max-width: 1000px) 100vw, 1000px\" \/><figcaption class=\"wp-element-caption\">\u00a9 emperorcosar \/ Shutterstock.com<\/figcaption><\/figure>\n\n\n\n<p>Iniziate il vostro secondo giorno a Praga dal Ponte Carlo. Vale la pena di recarsi al ponte subito dopo la colazione, prima che arrivi la maggior parte dei turisti. Il Ponte Carlo \u00e8 pi\u00f9 bello quando \u00e8 ancora vuoto.<\/p>\n\n\n\n<p>A ciascuna estremit\u00e0 del ponte si trova una torre del ponte. A pagamento, \u00e8 possibile salire sulle torri e godere della vista sulla Citt\u00e0 Piccola o sulla Citt\u00e0 Vecchia. Solo con il <a href=\"https:\/\/www.praguecards.com\/it\/pass-visitatore\/\" title=\"Praga Visitor Pass\">Praga Visitor Pass<\/a> l'ingresso a entrambe le torri \u00e8 gratuito.<\/p>\n\n\n\n<p>In seguito \u00e8 possibile visitare il Museo del Ponte Carlo (con <a href=\"https:\/\/www.praguecards.com\/it\/pass-visitatore\/\" title=\"Praga Visitor Pass\">Praga Visitor Pass<\/a> e <a href=\"https:\/\/www.praguecards.com\/it\/coolpass\/\" title=\"Praga CoolPass\">Praga CoolPass<\/a> gratuitamente). Presso la biglietteria del museo \u00e8 inoltre possibile acquistare il biglietto per una gita in barca sul Canale del Diavolo a Little Venice. Anche la gita in barca \u00e8 gratuita con entrambe le Prague Card.<\/p>\n\n\n\n<p>Dopo la gita in barca a Little Venice, bastano pochi minuti a piedi per raggiungere Piazza della Citt\u00e0 Vecchia, la piazza centrale del centro di Praga. Nella Piazza della Citt\u00e0 Vecchia si trova il Municipio con il famoso Orologio Astronomico. Con il <a href=\"https:\/\/www.praguecards.com\/it\/pass-visitatore\/\" title=\"Praga Visitor Pass\">Praga Visitor Pass<\/a> \u00e8 possibile visitare l'Orologio astronomico dall'interno e godere della vista dal tetto del Municipio.<\/p>\n\n\n\n<p>Poi partecipate a una visita guidata della citt\u00e0 vecchia. Questo avviene nel primo pomeriggio della maggior parte dei giorni della settimana. In alternativa, in alcuni giorni \u00e8 prevista una visita guidata ai sotterranei medievali di Praga. \u00c8 possibile effettuare una visita guidata con il <a href=\"https:\/\/www.praguecards.com\/it\/pass-visitatore\/\" title=\"Praga Visitor Pass\">Praga Visitor Pass<\/a> gratuitamente.<\/p>\n\n\n\n<h2 class=\"wp-block-heading\" style=\"font-style:normal;font-weight:600\">Terzo giorno: quartiere ebraico e Vy\u0161ehrad<\/h2>\n\n\n\n<figure class=\"wp-block-image size-full\"><img loading=\"lazy\" decoding=\"async\" width=\"1000\" height=\"550\" src=\"https:\/\/www.praguecards.com\/wp-content\/uploads\/2023\/01\/prague-attraction7.jpg\" alt=\"Castello di Vy\u0161ehrad a Praga\" class=\"wp-image-147\" srcset=\"https:\/\/www.praguecards.com\/wp-content\/uploads\/2023\/01\/prague-attraction7.jpg 1000w, https:\/\/www.praguecards.com\/wp-content\/uploads\/2023\/01\/prague-attraction7-300x165.jpg 300w, https:\/\/www.praguecards.com\/wp-content\/uploads\/2023\/01\/prague-attraction7-768x422.jpg 768w, https:\/\/www.praguecards.com\/wp-content\/uploads\/2023\/01\/prague-attraction7-18x10.jpg 18w\" sizes=\"auto, (max-width: 1000px) 100vw, 1000px\" \/><figcaption class=\"wp-element-caption\">\u00a9 Catarina Belova \/ Shutterstock.com<\/figcaption><\/figure>\n\n\n\n<p>Il terzo giorno del viaggio, visitate il quartiere ebraico, situato a pochi passi dalla Piazza della Citt\u00e0 Vecchia. Il quartiere ebraico ospita numerose sinagoghe, il Museo ebraico e l'antico cimitero ebraico. Il biglietto della Citt\u00e0 Ebraica consente l'ingresso a tutte queste attrazioni. Con il <a href=\"https:\/\/www.praguecards.com\/it\/pass-visitatore\/\" title=\"Praga Visitor Pass\">Praga Visitor Pass<\/a> e il <a href=\"https:\/\/www.praguecards.com\/it\/coolpass\/\" title=\"Praga CoolPass\">Praga CoolPass<\/a> il biglietto della Citt\u00e0 Ebraica \u00e8 gratuito.<\/p>\n\n\n\n<p>Se continuate a esplorare il centro citt\u00e0, fate una breve sosta alla storica Torre delle Polveri. Salite sul ponte di osservazione e ammirate il centro di Praga dall'alto. L'ingresso \u00e8 gratuito con il Prague Visitor Pass.<\/p>\n\n\n\n<p>Nel pomeriggio, potrete esplorare un luogo che si trova al di fuori del centro della citt\u00e0. Utilizzate la metropolitana o il tram (con <a href=\"https:\/\/www.praguecards.com\/it\/pass-visitatore\/\" title=\"Praga Visitor Pass\">Praga Visitor Pass<\/a> gratuito) per raggiungere il Castello di Vy\u0161ehrad. Da l\u00ec si pu\u00f2 guardare la citt\u00e0 e riposare. Sul terreno si trovano la Cattedrale di San Pietro e Paolo, un cimitero e le casematte. L'ingresso \u00e8 gratuito con il <a href=\"https:\/\/www.praguecards.com\/it\/pass-visitatore\/\" title=\"Praga Visitor Pass\">Praga Visitor Pass<\/a> e il <a href=\"https:\/\/www.praguecards.com\/it\/coolpass\/\" title=\"Praga CoolPass\">Praga CoolPass<\/a>.<\/p>","protected":false},"excerpt":{"rendered":"<p>Chi visita Praga pu\u00f2 vivere una citt\u00e0 ricca di cultura e bellezza in soli tre giorni. La capitale ceca \u00e8 nota per la sua architettura storica, la sua cucina unica e la sua ricca storia. Questo la rende una destinazione perfetta per i viaggiatori interessati alla cultura ceca. Per un soggiorno di tre giorni a Praga, c'\u00e8 pi\u00f9 che abbastanza da ... <a title=\"3 giorni a Praga con la Praga Card\" class=\"read-more\" href=\"https:\/\/www.praguecards.com\/it\/3-tage-in-prag\/\" aria-label=\"Per saperne di pi\u00f9 su 3 giorni a Praga con la Prague Card\">Leggi tutto<\/a><\/p>","protected":false},"author":1,"featured_media":0,"parent":0,"menu_order":0,"comment_status":"closed","ping_status":"closed","template":"","meta":{"footnotes":""},"class_list":["post-161","page","type-page","status-publish"],"aioseo_notices":[],"featured_image_src":null,"_links":{"self":[{"href":"https:\/\/www.praguecards.com\/it\/wp-json\/wp\/v2\/pages\/161","targetHints":{"allow":["GET"]}}],"collection":[{"href":"https:\/\/www.praguecards.com\/it\/wp-json\/wp\/v2\/pages"}],"about":[{"href":"https:\/\/www.praguecards.com\/it\/wp-json\/wp\/v2\/types\/page"}],"author":[{"embeddable":true,"href":"https:\/\/www.praguecards.com\/it\/wp-json\/wp\/v2\/users\/1"}],"replies":[{"embeddable":true,"href":"https:\/\/www.praguecards.com\/it\/wp-json\/wp\/v2\/comments?post=161"}],"version-history":[{"count":13,"href":"https:\/\/www.praguecards.com\/it\/wp-json\/wp\/v2\/pages\/161\/revisions"}],"predecessor-version":[{"id":639,"href":"https:\/\/www.praguecards.com\/it\/wp-json\/wp\/v2\/pages\/161\/revisions\/639"}],"wp:attachment":[{"href":"https:\/\/www.praguecards.com\/it\/wp-json\/wp\/v2\/media?parent=161"}],"curies":[{"name":"wp","href":"https:\/\/api.w.org\/{rel}","templated":true}]}}