{"id":137,"date":"2023-01-20T18:47:13","date_gmt":"2023-01-20T18:47:13","guid":{"rendered":"https:\/\/www.praguecards.com\/?page_id=137"},"modified":"2025-05-22T13:47:02","modified_gmt":"2025-05-22T13:47:02","slug":"attraksjoner","status":"publish","type":"page","link":"https:\/\/www.praguecards.com\/nb\/attraktionen\/","title":{"rendered":"Prahas st\u00f8rste attraksjoner"},"content":{"rendered":"<p>Har du lyst til \u00e5 bes\u00f8ke den tsjekkiske hovedstaden, men vet enn\u00e5 ikke hvilke attraksjoner du absolutt b\u00f8r sette p\u00e5 \u00f8nskelisten? F\u00f8lgende severdigheter m\u00e5 du ikke g\u00e5 glipp av. Mange av dem kan du bes\u00f8ke gratis med et Praha-kort.<\/p>\n\n\n\n<h2 class=\"wp-block-heading\" style=\"font-style:normal;font-weight:600\">Praha slott<\/h2>\n\n\n\n<figure class=\"wp-block-image size-full\"><img loading=\"lazy\" decoding=\"async\" width=\"1000\" height=\"550\" src=\"https:\/\/www.praguecards.com\/wp-content\/uploads\/2023\/01\/prague-attraction1-1.jpg\" alt=\"\" class=\"wp-image-148\" srcset=\"https:\/\/www.praguecards.com\/wp-content\/uploads\/2023\/01\/prague-attraction1-1.jpg 1000w, https:\/\/www.praguecards.com\/wp-content\/uploads\/2023\/01\/prague-attraction1-1-300x165.jpg 300w, https:\/\/www.praguecards.com\/wp-content\/uploads\/2023\/01\/prague-attraction1-1-768x422.jpg 768w, https:\/\/www.praguecards.com\/wp-content\/uploads\/2023\/01\/prague-attraction1-1-18x10.jpg 18w\" sizes=\"auto, (max-width: 1000px) 100vw, 1000px\" \/><\/figure>\n\n\n\n<div style=\"height:20px\" aria-hidden=\"true\" class=\"wp-block-spacer\"><\/div>\n\n\n\n<p>Praha slott er en av de mest popul\u00e6re severdighetene i Praha. Det mektige slottet p\u00e5 Hrad\u010dany har v\u00e6rt sete for mange konger, keisere og presidenter opp gjennom historien. I dag er det f\u00f8rst og fremst et av de mest bes\u00f8kte turistm\u00e5lene. Det er gratis \u00e5 bes\u00f8ke slottsplassen, men hvis du vil se bygningene fra innsiden, b\u00f8r du kj\u00f8pe billett. Billetten gir deg adgang til Vituskatedralen, det gamle kongelige palasset, Georgskirken og Den gylne gata.<\/p>\n\n\n\n<p>Inkludert i: <a href=\"https:\/\/www.praguecards.com\/nb\/visitor-pass\/\" title=\"Praha Visitor Pass\">Praha Visitor Pass<\/a>, <a href=\"https:\/\/www.praguecards.com\/nb\/coolpass\/\" title=\"Praha CoolPass\">Praha CoolPass<\/a>, <a href=\"https:\/\/www.praguecards.com\/nb\/all-inclusive-pass\/\" title=\"Praha All Inclusive Pass\">All Inclusive Pass<\/a><\/p>\n\n\n<div class=\"wp-block-ub-divider ub_divider ub-divider-orientation-horizontal\" id=\"ub_divider_ecca87f5-4740-4810-8d7e-6dcea63a6938\"><div class=\"ub_divider_wrapper\" style=\"position: relative; margin-bottom: 2px; width: 100%; height: 2px; \" data-divider-alignment=\"center\"><div class=\"ub_divider_line\" style=\"border-top: 2px solid #ccc; margin-top: 2px; \"><\/div><\/div><\/div>\n\n\n<h2 class=\"wp-block-heading\" style=\"font-style:normal;font-weight:600\">Karlsbroen<\/h2>\n\n\n\n<figure class=\"wp-block-image size-full\"><img loading=\"lazy\" decoding=\"async\" width=\"1000\" height=\"550\" src=\"https:\/\/www.praguecards.com\/wp-content\/uploads\/2023\/01\/prague-attraction2.jpg\" alt=\"Karlsbroen i Praha\" class=\"wp-image-142\" srcset=\"https:\/\/www.praguecards.com\/wp-content\/uploads\/2023\/01\/prague-attraction2.jpg 1000w, https:\/\/www.praguecards.com\/wp-content\/uploads\/2023\/01\/prague-attraction2-300x165.jpg 300w, https:\/\/www.praguecards.com\/wp-content\/uploads\/2023\/01\/prague-attraction2-768x422.jpg 768w, https:\/\/www.praguecards.com\/wp-content\/uploads\/2023\/01\/prague-attraction2-18x10.jpg 18w\" sizes=\"auto, (max-width: 1000px) 100vw, 1000px\" \/><figcaption class=\"wp-element-caption\">\u00a9 emperorcosar \/ Shutterstock.com<\/figcaption><\/figure>\n\n\n\n<p>Karlsbroen er en like popul\u00e6r attraksjon. Denne ikoniske steinbroen som spenner over elven Vltava er et symbol p\u00e5 Praha og et must for alle som bes\u00f8ker byen. Den er omkranset av mange helgenstatuer og byr p\u00e5 en vakker utsikt over begge sider av elven. Vi anbefaler at du tar deg til broen tidlig om morgenen f\u00f8r de fleste turistene.<\/p>\n\n\n\n<p>Det er et brot\u00e5rn i hver ende av Karlsbroen. Mot betaling kan du klatre opp i begge t\u00e5rnene og nyte utsikten over Gamlebyen eller Lillebyen.<\/p>\n\n\n\n<p>Inkludert i: <a href=\"https:\/\/www.praguecards.com\/nb\/visitor-pass\/\" title=\"Praha Visitor Pass\">Praha Visitor Pass<\/a><\/p>\n\n\n<div class=\"wp-block-ub-divider ub_divider ub-divider-orientation-horizontal\" id=\"ub_divider_8bf5bfb5-e168-4f94-b6a4-e72c5536d13e\"><div class=\"ub_divider_wrapper\" style=\"position: relative; margin-bottom: 2px; width: 100%; height: 2px; \" data-divider-alignment=\"center\"><div class=\"ub_divider_line\" style=\"border-top: 2px solid #ccc; margin-top: 2px; \"><\/div><\/div><\/div>\n\n\n<h2 class=\"wp-block-heading\" style=\"font-style:normal;font-weight:600\">Torget i Gamlebyen<\/h2>\n\n\n\n<figure class=\"wp-block-image size-full\"><img loading=\"lazy\" decoding=\"async\" width=\"1000\" height=\"550\" src=\"https:\/\/www.praguecards.com\/wp-content\/uploads\/2023\/01\/prague-attraction3.jpg\" alt=\"Torget i gamlebyen i Praha\" class=\"wp-image-143\" srcset=\"https:\/\/www.praguecards.com\/wp-content\/uploads\/2023\/01\/prague-attraction3.jpg 1000w, https:\/\/www.praguecards.com\/wp-content\/uploads\/2023\/01\/prague-attraction3-300x165.jpg 300w, https:\/\/www.praguecards.com\/wp-content\/uploads\/2023\/01\/prague-attraction3-768x422.jpg 768w, https:\/\/www.praguecards.com\/wp-content\/uploads\/2023\/01\/prague-attraction3-18x10.jpg 18w\" sizes=\"auto, (max-width: 1000px) 100vw, 1000px\" \/><figcaption class=\"wp-element-caption\"> Andrew Mayovskyy \/ Shutterstock.com<\/figcaption><\/figure>\n\n\n\n<p>Torget i gamlebyen er det sentrale torget i Praha. Alle gatene m\u00f8tes her, s\u00e5 f\u00f8r eller siden vil du befinne deg p\u00e5 torget. Rundt torget ligger det mange restauranter, men ogs\u00e5 historiske bygninger som det gamle r\u00e5dhuset med den astronomiske klokken, som sl\u00e5r hver time og tiltrekker seg utallige turister. Det ikke alle vet: Du kan g\u00e5 inn i r\u00e5dhuset og ogs\u00e5 bes\u00f8ke den astronomiske klokken fra innsiden. Du trenger inngangsbillett for dette.<\/p>\n\n\n\n<p>Inkludert i: <a href=\"https:\/\/www.praguecards.com\/nb\/visitor-pass\/\" title=\"Praha Visitor Pass\">Praha Visitor Pass<\/a><\/p>\n\n\n<div class=\"wp-block-ub-divider ub_divider ub-divider-orientation-horizontal\" id=\"ub_divider_c76484e4-1973-4dbb-bc1f-9e590537ec47\"><div class=\"ub_divider_wrapper\" style=\"position: relative; margin-bottom: 2px; width: 100%; height: 2px; \" data-divider-alignment=\"center\"><div class=\"ub_divider_line\" style=\"border-top: 2px solid #ccc; margin-top: 2px; \"><\/div><\/div><\/div>\n\n\n<h2 class=\"wp-block-heading\" style=\"font-style:normal;font-weight:600\">J\u00f8disk kvarter<\/h2>\n\n\n\n<figure class=\"wp-block-image size-full\"><img loading=\"lazy\" decoding=\"async\" width=\"1000\" height=\"550\" src=\"https:\/\/www.praguecards.com\/wp-content\/uploads\/2023\/01\/prague-attraction4.jpg\" alt=\"Den spanske synagogen i Praha\" class=\"wp-image-144\" srcset=\"https:\/\/www.praguecards.com\/wp-content\/uploads\/2023\/01\/prague-attraction4.jpg 1000w, https:\/\/www.praguecards.com\/wp-content\/uploads\/2023\/01\/prague-attraction4-300x165.jpg 300w, https:\/\/www.praguecards.com\/wp-content\/uploads\/2023\/01\/prague-attraction4-768x422.jpg 768w, https:\/\/www.praguecards.com\/wp-content\/uploads\/2023\/01\/prague-attraction4-18x10.jpg 18w\" sizes=\"auto, (max-width: 1000px) 100vw, 1000px\" \/><figcaption class=\"wp-element-caption\">\u00a9 OlegGr \/ Shutterstock.com<\/figcaption><\/figure>\n\n\n\n<p>Den j\u00f8diske bydelen i Praha grenser til torget i gamlebyen og er et av de mest interessante omr\u00e5dene i byen. Her finner du mange synagoger, museer og den gamle j\u00f8diske kirkeg\u00e5rden. Bestill en guidet tur for \u00e5 f\u00e5 et innblikk i bydelens historie. En engelsktalende omvisning er inkludert i Prague Visitor Pass.<\/p>\n\n\n\n<p>Det finnes en kombinert billett til de viktigste severdighetene. Med Jewish Town-billetten kan du bes\u00f8ke synagoger, museer og kirkeg\u00e5rden i l\u00f8pet av sju dager.<\/p>\n\n\n\n<p>Inkludert i: <a href=\"https:\/\/www.praguecards.com\/nb\/visitor-pass\/\" title=\"Praha Visitor Pass\">Praha Visitor Pass<\/a>, <a href=\"https:\/\/www.praguecards.com\/nb\/coolpass\/\" title=\"Praha CoolPass\">Praha CoolPass<\/a>, <a href=\"https:\/\/www.praguecards.com\/nb\/all-inclusive-pass\/\" title=\"Praha All Inclusive Pass\">All Inclusive Pass<\/a><\/p>\n\n\n<div class=\"wp-block-ub-divider ub_divider ub-divider-orientation-horizontal\" id=\"ub_divider_82573696-67a4-46be-90d0-6df4f3c37357\"><div class=\"ub_divider_wrapper\" style=\"position: relative; margin-bottom: 2px; width: 100%; height: 2px; \" data-divider-alignment=\"center\"><div class=\"ub_divider_line\" style=\"border-top: 2px solid #ccc; margin-top: 2px; \"><\/div><\/div><\/div>\n\n\n<h2 class=\"wp-block-heading\" style=\"font-style:normal;font-weight:600\">Petrin observasjonst\u00e5rn<\/h2>\n\n\n\n<figure class=\"wp-block-image size-full\"><img loading=\"lazy\" decoding=\"async\" width=\"1000\" height=\"550\" src=\"https:\/\/www.praguecards.com\/wp-content\/uploads\/2023\/01\/prague-attraction5.jpg\" alt=\"Petrin-utkikkst\u00e5rnet i Praha\" class=\"wp-image-145\" srcset=\"https:\/\/www.praguecards.com\/wp-content\/uploads\/2023\/01\/prague-attraction5.jpg 1000w, https:\/\/www.praguecards.com\/wp-content\/uploads\/2023\/01\/prague-attraction5-300x165.jpg 300w, https:\/\/www.praguecards.com\/wp-content\/uploads\/2023\/01\/prague-attraction5-768x422.jpg 768w, https:\/\/www.praguecards.com\/wp-content\/uploads\/2023\/01\/prague-attraction5-18x10.jpg 18w\" sizes=\"auto, (max-width: 1000px) 100vw, 1000px\" \/><figcaption class=\"wp-element-caption\">\u00a9 DaLiu \/ Shutterstock.com<\/figcaption><\/figure>\n\n\n\n<p>Utsiktst\u00e5rnet Petrin Lookout Tower ligger p\u00e5 Petrin Hill og gir en enest\u00e5ende utsikt over byen. T\u00e5rnet, som ble bygget i 1891, er nesten 60 meter h\u00f8yt og har Eiffelt\u00e5rnet i Paris som forbilde. Du kan nyte utsikten fra to plattformer. Du kan b\u00e5de g\u00e5 opp trappene og ta heis. Den historiske heisen er imidlertid ofte ute av drift. T\u00e5rnet huser ogs\u00e5 et lite museum og en kaf\u00e9.<\/p>\n\n\n\n<p>Inkludert i: <a href=\"https:\/\/www.praguecards.com\/nb\/visitor-pass\/\" title=\"Praha Visitor Pass\">Praha Visitor Pass<\/a><\/p>\n\n\n<div class=\"wp-block-ub-divider ub_divider ub-divider-orientation-horizontal\" id=\"ub_divider_74351de0-f3d9-40cb-b674-04066b8dc470\"><div class=\"ub_divider_wrapper\" style=\"position: relative; margin-bottom: 2px; width: 100%; height: 2px; \" data-divider-alignment=\"center\"><div class=\"ub_divider_line\" style=\"border-top: 2px solid #ccc; margin-top: 2px; \"><\/div><\/div><\/div>\n\n\n<h2 class=\"wp-block-heading\" style=\"font-style:normal;font-weight:600\">Nasjonalmuseet for teknologi<\/h2>\n\n\n\n<figure class=\"wp-block-image size-full\"><img loading=\"lazy\" decoding=\"async\" width=\"1000\" height=\"550\" src=\"https:\/\/www.praguecards.com\/wp-content\/uploads\/2023\/01\/prague-attraction6.jpg\" alt=\"Nasjonalmuseet for teknologi i Praha\" class=\"wp-image-146\" srcset=\"https:\/\/www.praguecards.com\/wp-content\/uploads\/2023\/01\/prague-attraction6.jpg 1000w, https:\/\/www.praguecards.com\/wp-content\/uploads\/2023\/01\/prague-attraction6-300x165.jpg 300w, https:\/\/www.praguecards.com\/wp-content\/uploads\/2023\/01\/prague-attraction6-768x422.jpg 768w, https:\/\/www.praguecards.com\/wp-content\/uploads\/2023\/01\/prague-attraction6-18x10.jpg 18w\" sizes=\"auto, (max-width: 1000px) 100vw, 1000px\" \/><figcaption class=\"wp-element-caption\">\u00a9 Rus S \/ Shutterstock.com<\/figcaption><\/figure>\n\n\n\n<p>Det nasjonale tekniske museet i Praha er et av de mest popul\u00e6re museene i Tsjekkia. Museet ligger i hjertet av byen og gir bes\u00f8kende et fascinerende og omfattende innblikk i ingeni\u00f8r- og teknologihistorien. Museet ble grunnlagt i 1908 og har en enorm samling av gjenstander som gamle lokomotiver, biler, landbruksmaskiner og mye mer.<\/p>\n\n\n\n<p>Inkludert i: <a href=\"https:\/\/www.praguecards.com\/nb\/visitor-pass\/\" title=\"Praha Visitor Pass\">Praha Visitor Pass<\/a><\/p>\n\n\n<div class=\"wp-block-ub-divider ub_divider ub-divider-orientation-horizontal\" id=\"ub_divider_0bcb4edb-8192-4047-934c-23997856defe\"><div class=\"ub_divider_wrapper\" style=\"position: relative; margin-bottom: 2px; width: 100%; height: 2px; \" data-divider-alignment=\"center\"><div class=\"ub_divider_line\" style=\"border-top: 2px solid #ccc; margin-top: 2px; \"><\/div><\/div><\/div>\n\n\n<h2 class=\"wp-block-heading\" style=\"font-style:normal;font-weight:600\">Vy\u0161ehrad slott<\/h2>\n\n\n\n<figure class=\"wp-block-image size-full\"><img loading=\"lazy\" decoding=\"async\" width=\"1000\" height=\"550\" src=\"https:\/\/www.praguecards.com\/wp-content\/uploads\/2023\/01\/prague-attraction7.jpg\" alt=\"Vy\u0161ehrad-slottet i Praha\" class=\"wp-image-147\" srcset=\"https:\/\/www.praguecards.com\/wp-content\/uploads\/2023\/01\/prague-attraction7.jpg 1000w, https:\/\/www.praguecards.com\/wp-content\/uploads\/2023\/01\/prague-attraction7-300x165.jpg 300w, https:\/\/www.praguecards.com\/wp-content\/uploads\/2023\/01\/prague-attraction7-768x422.jpg 768w, https:\/\/www.praguecards.com\/wp-content\/uploads\/2023\/01\/prague-attraction7-18x10.jpg 18w\" sizes=\"auto, (max-width: 1000px) 100vw, 1000px\" \/><figcaption class=\"wp-element-caption\">\u00a9 Catarina Belova \/ Shutterstock.com<\/figcaption><\/figure>\n\n\n\n<p>Vy\u0161ehrad-slottet er et av de mest popul\u00e6re utfluktsm\u00e5lene for b\u00e5de turister og lokalbefolkningen, med sin fantastiske utsikt over byen og sin bemerkelsesverdige historie. Slottet ble bygget p\u00e5 900-tallet og er et bevis p\u00e5 Prahas rike kulturarv. Vy\u0161ehrad huser flere historiske bygninger, blant annet Peter og Paul-basilikaen, kasemattene og en kirkeg\u00e5rd der mange kjente tsjekkere har funnet sitt siste hvilested.<\/p>\n\n\n\n<p>Inkludert i: <a href=\"https:\/\/www.praguecards.com\/nb\/visitor-pass\/\" title=\"Praha Visitor Pass\">Praha Visitor Pass<\/a>, <a href=\"https:\/\/www.praguecards.com\/nb\/coolpass\/\" title=\"Praha CoolPass\">Praha CoolPass<\/a><\/p>","protected":false},"excerpt":{"rendered":"<p>Har du lyst til \u00e5 bes\u00f8ke den tsjekkiske hovedstaden, men vet enn\u00e5 ikke hvilke attraksjoner du absolutt b\u00f8r sette p\u00e5 \u00f8nskelisten? F\u00f8lgende severdigheter m\u00e5 du ikke g\u00e5 glipp av. Mange av dem kan du bes\u00f8ke gratis med et Praha-kort. Praha slott Praha slott er en av de mest popul\u00e6re severdighetene i Praha. Det mektige slottet p\u00e5 ... <a title=\"Prahas st\u00f8rste attraksjoner\" class=\"read-more\" href=\"https:\/\/www.praguecards.com\/nb\/attraktionen\/\" aria-label=\"Les mer om de st\u00f8rste attraksjonene i Praha\">Les mer<\/a><\/p>","protected":false},"author":1,"featured_media":0,"parent":0,"menu_order":0,"comment_status":"closed","ping_status":"closed","template":"","meta":{"footnotes":""},"class_list":["post-137","page","type-page","status-publish"],"aioseo_notices":[],"featured_image_src":null,"_links":{"self":[{"href":"https:\/\/www.praguecards.com\/nb\/wp-json\/wp\/v2\/pages\/137","targetHints":{"allow":["GET"]}}],"collection":[{"href":"https:\/\/www.praguecards.com\/nb\/wp-json\/wp\/v2\/pages"}],"about":[{"href":"https:\/\/www.praguecards.com\/nb\/wp-json\/wp\/v2\/types\/page"}],"author":[{"embeddable":true,"href":"https:\/\/www.praguecards.com\/nb\/wp-json\/wp\/v2\/users\/1"}],"replies":[{"embeddable":true,"href":"https:\/\/www.praguecards.com\/nb\/wp-json\/wp\/v2\/comments?post=137"}],"version-history":[{"count":18,"href":"https:\/\/www.praguecards.com\/nb\/wp-json\/wp\/v2\/pages\/137\/revisions"}],"predecessor-version":[{"id":641,"href":"https:\/\/www.praguecards.com\/nb\/wp-json\/wp\/v2\/pages\/137\/revisions\/641"}],"wp:attachment":[{"href":"https:\/\/www.praguecards.com\/nb\/wp-json\/wp\/v2\/media?parent=137"}],"curies":[{"name":"wp","href":"https:\/\/api.w.org\/{rel}","templated":true}]}}