{"id":161,"date":"2023-01-21T14:22:09","date_gmt":"2023-01-21T14:22:09","guid":{"rendered":"https:\/\/www.praguecards.com\/?page_id=161"},"modified":"2025-05-22T13:44:40","modified_gmt":"2025-05-22T13:44:40","slug":"3-dager-i-prague","status":"publish","type":"page","link":"https:\/\/www.praguecards.com\/nb\/3-tage-in-prag\/","title":{"rendered":"3 dager i Praha med Praha-kortet"},"content":{"rendered":"<p>Hvis du bes\u00f8ker Praha, kan du oppleve en by full av kultur og skj\u00f8nnhet i l\u00f8pet av tre dager. Den tsjekkiske hovedstaden er kjent for sin historiske arkitektur, unike mat og rike historie. Dette gj\u00f8r byen til et perfekt reisem\u00e5l for reisende som er interessert i tsjekkisk kultur.<\/p>\n\n\n\n<p>For et tredagers opphold i Praha er det mer enn nok \u00e5 gj\u00f8re for \u00e5 bli kjent med byen og f\u00e5 tiden til \u00e5 g\u00e5. Hvis du \u00f8nsker \u00e5 bestille et Praha-kort for sightseeing, anbefaler vi Praha Visitor Pass eller alternativt Praha CoolPass. Din reiserute for tre dager i Praha kan se slik ut.<\/p>\n\n\n\n<h2 class=\"wp-block-heading\" style=\"font-style:normal;font-weight:600\">F\u00f8rste dag: Byrundtur, Praha slott og Petrin<\/h2>\n\n\n\n<figure class=\"wp-block-image size-full\"><img loading=\"lazy\" decoding=\"async\" width=\"1000\" height=\"550\" src=\"https:\/\/www.praguecards.com\/wp-content\/uploads\/2023\/01\/prag-tram-42.jpg\" alt=\"Praha trikk linje 42\" class=\"wp-image-162\" srcset=\"https:\/\/www.praguecards.com\/wp-content\/uploads\/2023\/01\/prag-tram-42.jpg 1000w, https:\/\/www.praguecards.com\/wp-content\/uploads\/2023\/01\/prag-tram-42-300x165.jpg 300w, https:\/\/www.praguecards.com\/wp-content\/uploads\/2023\/01\/prag-tram-42-768x422.jpg 768w, https:\/\/www.praguecards.com\/wp-content\/uploads\/2023\/01\/prag-tram-42-18x10.jpg 18w\" sizes=\"auto, (max-width: 1000px) 100vw, 1000px\" \/><figcaption class=\"wp-element-caption\">Turisttrikk linje 42<\/figcaption><\/figure>\n\n\n\n<p>Det beste er \u00e5 starte turen med en byrundtur for \u00e5 f\u00e5 en f\u00f8rste oversikt. Turisttrikken (linje 42) egner seg godt til dette. Med trikken kan du g\u00e5 av og p\u00e5 ved mer enn 20 holdeplasser eller bli sittende for en komplett rundtur.<\/p>\n\n\n\n<p>Med <a href=\"https:\/\/www.praguecards.com\/nb\/visitor-pass\/\" title=\"Praha Visitor Pass\">Praha Visitor Pass<\/a> kan du bruke denne trikken gratis. Alternativt kan du delta p\u00e5 en to timer lang byrundtur med buss (med <a href=\"https:\/\/www.praguecards.com\/nb\/coolpass\/\" title=\"Praha CoolPass\">Praha CoolPass<\/a> gratis).<\/p>\n\n\n\n<p>Deretter kan du bes\u00f8ke Praha slott - byens mest ber\u00f8mte landemerke. Med en billett kan du ikke bare g\u00e5 rundt p\u00e5 slottsplassen, men ogs\u00e5 bes\u00f8ke Den gylne gata, Det gamle kongelige palasset, Vituskatedralen og Georgskirken. Med billetten <a href=\"https:\/\/www.praguecards.com\/nb\/visitor-pass\/\" title=\"Praha Visitor Pass\">Praha Visitor Pass<\/a> og den <a href=\"https:\/\/www.praguecards.com\/nb\/coolpass\/\" title=\"Praha CoolPass\">Praha CoolPass<\/a> f\u00e5r du gratis adgang.<\/p>\n\n\n\n<p>Fra Praha slott er det en kort spasertur til Petrin-parken, der Petrin-utkikkst\u00e5rnet ligger. Du kommer deg dit med trikkelinje 42, offentlig transport eller Petrin-taubanen.<\/p>\n\n\n\n<p>G\u00e5 opp trappene eller ta den historiske heisen for \u00e5 f\u00e5 en fantastisk utsikt over Praha. Etterp\u00e5 kan du bes\u00f8ke Mirror Maze og f\u00e5 en spennende opplevelse. Labyrinten ligger ved siden av Petrin-t\u00e5rnet. Begge attraksjonene er gratis \u00e5 bes\u00f8ke med <a href=\"https:\/\/www.praguecards.com\/nb\/visitor-pass\/\" title=\"Praha Visitor Pass\">Praha Visitor Pass<\/a>.<\/p>\n\n\n\n<h2 class=\"wp-block-heading\" style=\"font-style:normal;font-weight:600\">Andre dag: Karlsbroen, b\u00e5ttur og gamlebyen<\/h2>\n\n\n\n<figure class=\"wp-block-image size-full\"><img loading=\"lazy\" decoding=\"async\" width=\"1000\" height=\"550\" src=\"https:\/\/www.praguecards.com\/wp-content\/uploads\/2023\/01\/prague-attraction2.jpg\" alt=\"Karlsbroen i Praha\" class=\"wp-image-142\" srcset=\"https:\/\/www.praguecards.com\/wp-content\/uploads\/2023\/01\/prague-attraction2.jpg 1000w, https:\/\/www.praguecards.com\/wp-content\/uploads\/2023\/01\/prague-attraction2-300x165.jpg 300w, https:\/\/www.praguecards.com\/wp-content\/uploads\/2023\/01\/prague-attraction2-768x422.jpg 768w, https:\/\/www.praguecards.com\/wp-content\/uploads\/2023\/01\/prague-attraction2-18x10.jpg 18w\" sizes=\"auto, (max-width: 1000px) 100vw, 1000px\" \/><figcaption class=\"wp-element-caption\">\u00a9 emperorcosar \/ Shutterstock.com<\/figcaption><\/figure>\n\n\n\n<p>Start din andre dag i Praha ved Karlsbroen. Det l\u00f8nner seg \u00e5 g\u00e5 til broen rett etter frokost, f\u00f8r de fleste turistene ankommer. Karlsbroen er vakrest n\u00e5r den fortsatt er tom.<\/p>\n\n\n\n<p>Det er et brot\u00e5rn i hver ende av broen. Mot betaling kan du klatre opp i t\u00e5rnene og nyte utsikten over Lillebyen eller Gamlebyen. Bare med <a href=\"https:\/\/www.praguecards.com\/nb\/visitor-pass\/\" title=\"Praha Visitor Pass\">Praha Visitor Pass<\/a> Det er gratis adgang til begge t\u00e5rnene.<\/p>\n\n\n\n<p>Etterp\u00e5 kan du bes\u00f8ke Karlsbroens museum (med <a href=\"https:\/\/www.praguecards.com\/nb\/visitor-pass\/\" title=\"Praha Visitor Pass\">Praha Visitor Pass<\/a> og <a href=\"https:\/\/www.praguecards.com\/nb\/coolpass\/\" title=\"Praha CoolPass\">Praha CoolPass<\/a> gratis). Du kan ogs\u00e5 kj\u00f8pe billett til en b\u00e5ttur p\u00e5 Djevelkanalen i Lille Venezia i museets billettluke. B\u00e5tturen er ogs\u00e5 gratis med begge Prague Cards.<\/p>\n\n\n\n<p>Etter b\u00e5tturen i Lille Venezia er det bare noen f\u00e5 minutters gange til Gamlebytorget, det sentrale torget i Praha sentrum. P\u00e5 torget finner du r\u00e5dhuset med den ber\u00f8mte astronomiske klokken. Med den <a href=\"https:\/\/www.praguecards.com\/nb\/visitor-pass\/\" title=\"Praha Visitor Pass\">Praha Visitor Pass<\/a> kan du bes\u00f8ke den astronomiske klokken fra innsiden og nyte utsikten fra r\u00e5dhusets tak.<\/p>\n\n\n\n<p>Deretter kan du bli med p\u00e5 en guidet tur i gamlebyen. Denne finner sted tidlig p\u00e5 ettermiddagen de fleste ukedagene. Enkelte dager kan du ogs\u00e5 bli med p\u00e5 en guidet tur i Prahas middelalderske undergrunn. En guidet tur er tilgjengelig med <a href=\"https:\/\/www.praguecards.com\/nb\/visitor-pass\/\" title=\"Praha Visitor Pass\">Praha Visitor Pass<\/a> gratis.<\/p>\n\n\n\n<h2 class=\"wp-block-heading\" style=\"font-style:normal;font-weight:600\">Tredje dag: Det j\u00f8diske kvarteret og Vy\u0161ehrad<\/h2>\n\n\n\n<figure class=\"wp-block-image size-full\"><img loading=\"lazy\" decoding=\"async\" width=\"1000\" height=\"550\" src=\"https:\/\/www.praguecards.com\/wp-content\/uploads\/2023\/01\/prague-attraction7.jpg\" alt=\"Vy\u0161ehrad-slottet i Praha\" class=\"wp-image-147\" srcset=\"https:\/\/www.praguecards.com\/wp-content\/uploads\/2023\/01\/prague-attraction7.jpg 1000w, https:\/\/www.praguecards.com\/wp-content\/uploads\/2023\/01\/prague-attraction7-300x165.jpg 300w, https:\/\/www.praguecards.com\/wp-content\/uploads\/2023\/01\/prague-attraction7-768x422.jpg 768w, https:\/\/www.praguecards.com\/wp-content\/uploads\/2023\/01\/prague-attraction7-18x10.jpg 18w\" sizes=\"auto, (max-width: 1000px) 100vw, 1000px\" \/><figcaption class=\"wp-element-caption\">\u00a9 Catarina Belova \/ Shutterstock.com<\/figcaption><\/figure>\n\n\n\n<p>P\u00e5 turens tredje dag kan du bes\u00f8ke det j\u00f8diske kvarteret, som ligger bare noen f\u00e5 skritt fra torget i gamlebyen. I det j\u00f8diske kvarteret finner du mange synagoger, det j\u00f8diske museet og den gamle j\u00f8diske kirkeg\u00e5rden. Med Jewish Town-billetten f\u00e5r du adgang til alle disse severdighetene. Med <a href=\"https:\/\/www.praguecards.com\/nb\/visitor-pass\/\" title=\"Praha Visitor Pass\">Praha Visitor Pass<\/a> og den <a href=\"https:\/\/www.praguecards.com\/nb\/coolpass\/\" title=\"Praha CoolPass\">Praha CoolPass<\/a> billetten til Jewish Town er gratis.<\/p>\n\n\n\n<p>Hvis du fortsetter \u00e5 utforske sentrum etterp\u00e5, kan du ta et kort stopp ved det historiske Krudtt\u00e5rnet. Klatre opp til observasjonsdekket og beundre Praha sentrum fra oven. Gratis adgang med Prague Visitor Pass.<\/p>\n\n\n\n<p>P\u00e5 ettermiddagen kan du utforske en severdighet som ligger utenfor sentrum. Bruk metroen eller trikken (med <a href=\"https:\/\/www.praguecards.com\/nb\/visitor-pass\/\" title=\"Praha Visitor Pass\">Praha Visitor Pass<\/a> gratis) for \u00e5 komme til Vy\u0161ehrad-slottet. Derfra kan du se ut over byen og hvile ut. P\u00e5 omr\u00e5det finner du Peter og Paul-katedralen, en kirkeg\u00e5rd og kasematter. Det er gratis adgang med <a href=\"https:\/\/www.praguecards.com\/nb\/visitor-pass\/\" title=\"Praha Visitor Pass\">Praha Visitor Pass<\/a> og den <a href=\"https:\/\/www.praguecards.com\/nb\/coolpass\/\" title=\"Praha CoolPass\">Praha CoolPass<\/a>.<\/p>","protected":false},"excerpt":{"rendered":"<p>I Praha kan du oppleve en by full av kultur og skj\u00f8nnhet p\u00e5 bare tre dager. Den tsjekkiske hovedstaden er kjent for sin historiske arkitektur, unike mat og rike historie. Dette gj\u00f8r den til et perfekt reisem\u00e5l for reisende som er interessert i tsjekkisk kultur. For et tredagers opphold i Praha er det mer enn nok \u00e5 gj\u00f8re. <a title=\"3 dager i Praha med Praha-kortet\" class=\"read-more\" href=\"https:\/\/www.praguecards.com\/nb\/3-tage-in-prag\/\" aria-label=\"Les mer om 3 dager i Praha med Praha-kortet\">Les mer<\/a><\/p>","protected":false},"author":1,"featured_media":0,"parent":0,"menu_order":0,"comment_status":"closed","ping_status":"closed","template":"","meta":{"footnotes":""},"class_list":["post-161","page","type-page","status-publish"],"aioseo_notices":[],"featured_image_src":null,"_links":{"self":[{"href":"https:\/\/www.praguecards.com\/nb\/wp-json\/wp\/v2\/pages\/161","targetHints":{"allow":["GET"]}}],"collection":[{"href":"https:\/\/www.praguecards.com\/nb\/wp-json\/wp\/v2\/pages"}],"about":[{"href":"https:\/\/www.praguecards.com\/nb\/wp-json\/wp\/v2\/types\/page"}],"author":[{"embeddable":true,"href":"https:\/\/www.praguecards.com\/nb\/wp-json\/wp\/v2\/users\/1"}],"replies":[{"embeddable":true,"href":"https:\/\/www.praguecards.com\/nb\/wp-json\/wp\/v2\/comments?post=161"}],"version-history":[{"count":13,"href":"https:\/\/www.praguecards.com\/nb\/wp-json\/wp\/v2\/pages\/161\/revisions"}],"predecessor-version":[{"id":639,"href":"https:\/\/www.praguecards.com\/nb\/wp-json\/wp\/v2\/pages\/161\/revisions\/639"}],"wp:attachment":[{"href":"https:\/\/www.praguecards.com\/nb\/wp-json\/wp\/v2\/media?parent=161"}],"curies":[{"name":"wp","href":"https:\/\/api.w.org\/{rel}","templated":true}]}}