{"id":594,"date":"2025-05-22T05:56:28","date_gmt":"2025-05-22T05:56:28","guid":{"rendered":"https:\/\/www.praguecards.com\/cookie-richtlinie\/"},"modified":"2025-05-22T05:56:28","modified_gmt":"2025-05-22T05:56:28","slug":"cookie-richtlinie","status":"publish","type":"page","link":"https:\/\/www.praguecards.com\/nb\/cookie-richtlinie\/","title":{"rendered":"Retningslinjer for informasjonskapsler"},"content":{"rendered":"<p>Med disse retningslinjene for informasjonskapsler vil vi forklare hva informasjonskapsler og informasjonskapsel-lignende teknologier er, hvordan vi og andre tjenesteleverand\u00f8rer bruker dem p\u00e5 dette nettstedet, hvilken informasjon de samler inn, hvor lenge og til hvilke form\u00e5l vi bruker dem.<\/p><h2>Innholdsfortegnelse<\/h2><ul><li><a href=\"#controller-of-the-website\">Ansvarlig person for nettstedet<\/a><\/li><li><a href=\"#diff-to-privacy-policy\">Tillegg til personvernerkl\u00e6ringen<\/a><\/li><li><a href=\"#cookie-technology\">Hva er informasjonskapsler og lignende teknologier?<\/a><\/li><li><a href=\"#legal-basis\">Hva er det juridiske grunnlaget for \u00e5 sette\/lese informasjonskapsler?<\/a><\/li><li><a href=\"#rights-of-visitor\">Hvilke rettigheter har den bes\u00f8kende p\u00e5 nettstedet?<\/a><\/li><li><a href=\"#manage-cookies\">Hvordan administrerer jeg informasjonskapsler i en nettleser?<\/a><\/li><li><a href=\"#types-of-cookies\">Hvilke typer informasjonskapsler finnes det?<\/a><\/li><li><a href=\"#cookies-origin\">Hvem kan sette informasjonskapsler p\u00e5 dette nettstedet?<\/a><\/li><li><a href=\"#list-of-services\">Hvilke informasjonskapsler brukes p\u00e5 dette nettstedet?<\/a><\/li><\/ul><h2 id=\"controller-of-the-website\">Ansvarlig person for nettstedet<\/h2><ul><li><strong>Leverand\u00f8r: <\/strong>PragueCards.com, Germany<\/li><li><strong>E-post: <\/strong><a target=\"_blank\" href=\"mailto:patrick.kuehne@posteo.de\">patrick.kuehne@posteo.de<\/a><\/li><\/ul><h2 id=\"diff-to-privacy-policy\">Tillegg til personvernerkl\u00e6ringen<\/h2><p>Denne erkl\u00e6ringen om informasjonskapsler er et supplement til personvernerkl\u00e6ringen for dette nettstedet. Retningslinjene for informasjonskapsler beskriver hvordan et nettsted bruker informasjonskapsler og hvilke data som samles inn med dem, mens personvernerkl\u00e6ringen gir en mer omfattende oversikt over alle databehandlingsaktiviteter p\u00e5 nettstedet og utover.<\/p><h2 id=\"cookie-technology\">Hva er informasjonskapsler og lignende teknologier?<\/h2><p>Informasjonskapsler er sm\u00e5 informasjonsenheter, som ligner p\u00e5 tekstfiler, som kan lagres og leses p\u00e5 sluttenheten. De tjener ulike form\u00e5l, blant annet opprettholdelse av grunnleggende nettstedsfunksjoner, sikkerhet og databeskyttelse, levering av valgfrie nettstedsfunksjoner, innsamling av statistiske data om bes\u00f8ksstr\u00f8mmer og levering av markedsf\u00f8ringssystemer. Praktiske eksempler p\u00e5 hva som kan lagres i informasjonskapsler, er lagring av p\u00e5loggingsstatus i brukerkontoer, innholdet i handlekurver p\u00e5 e-handelsplattformer eller en bruker-ID for \u00e5 spore atferd p\u00e5 nettstedet.<br \/><br \/>Teknisk sett kan informasjonen lagres p\u00e5 ulike m\u00e5ter. De mest kjente eksemplene p\u00e5 dette er HTTP-informasjonskapsler og informasjonskapsel-lignende teknologier som lokal lagring, \u00f8ktlagring eller IndexedDB. Hver type lagring har ulike egenskaper som bestemmer den tekniske h\u00e5ndteringen, tilgjengeligheten og hvem som er autorisert til \u00e5 f\u00e5 tilgang til informasjonen. Alle disse typene lagring sammenfattes vanligvis under begrepet \"informasjonskapsler\" og omtales derfor ogs\u00e5 som dette i disse retningslinjene for informasjonskapsler.<\/p><h2 id=\"legal-basis\">Hva er det juridiske grunnlaget for \u00e5 sette\/lese informasjonskapsler?<\/h2><p>Innstilling og lesing av informasjonskapsler er kun tillatt i Den europeiske union (EU) og Det europeiske \u00f8konomiske samarbeidsomr\u00e5det (E\u00d8S) i samsvar med Art. 5 nr. 3 ePersonverndirektivet og betraktning 66 ePersonverndirektivet hvis en bruker har gitt sitt samtykke p\u00e5 grunnlag av omfattende informasjon om form\u00e5let med behandlingen. Nettstedsoperat\u00f8ren kan ogs\u00e5 sette informasjonskapsler hvis de er absolutt n\u00f8dvendige for \u00e5 gi deg som bruker den uttrykkelig forespurte tjenesten, f.eks. det grunnleggende innholdet p\u00e5 dette nettstedet eller andre strengt n\u00f8dvendige informasjonskapsler for grunnleggende funksjoner p\u00e5 nettstedet som vises til deg uten ditt samtykke.<\/p><h2 id=\"rights-of-visitor\">Hvilke rettigheter har den bes\u00f8kende p\u00e5 nettstedet?<\/h2><p>Tjenester og tilh\u00f8rende informasjonskapsler kan settes og leses p\u00e5 grunnlag av ditt samtykke eller en legitim interesse. Da du bes\u00f8kte dette nettstedet for f\u00f8rste gang, ble du bedt om samtykke og hadde mulighet til \u00e5 reservere deg mot bruk av visse tjenester. Vi har forklart hvilket rettslig grunnlag som brukes for hvilken tjeneste i samtykkedialogen v\u00e5r.<br \/><br \/>Du har rett til \u00e5 se historikken over valgene dine, endre personverninnstillingene dine, motsette deg bruk av tjenester og trekke tilbake samtykket ditt n\u00e5r som helst. Nedenfor finner du m\u00e5ter du kan ut\u00f8ve dine rettigheter p\u00e5:<br \/><ul><li><a  href=\"#consent-change\" role=\"button\" id=\"rcb-sc-link-change\" data-success-message=\"\" class=\"rcb-sc-link rcb-sc-link-change\">Endre personverninnstillinger<\/a><\/li><li><a  href=\"#consent-history\" role=\"button\" id=\"rcb-sc-link-history\" data-success-message=\"\" class=\"rcb-sc-link rcb-sc-link-history\">Historikk over personverninnstillinger<\/a><\/li><li><a  href=\"#consent-revoke\" role=\"button\" id=\"rcb-sc-link-revoke\" data-success-message=\"Du har trukket tilbake ditt samtykke til tjenester med tilh\u00f8rende informasjonskapsler og behandling av personopplysninger. Siden vil n\u00e5 lastes inn p\u00e5 nytt!\" class=\"rcb-sc-link rcb-sc-link-revoke\">Revoke consent<\/a><\/li><\/ul><\/p><h2 id=\"manage-cookies\">Hvordan administrerer jeg informasjonskapsler i en nettleser?<\/h2><p><ul><li><strong>Slik fjerner du informasjonskapsler i en nettleser:<\/strong> Hvis du vil fjerne informasjonskapsler fra enheten din, kan du slette nettleserdataene i nettleserinnstillingene. Dette vil slette alle informasjonskapsler fra alle nettsteder du har bes\u00f8kt, inkludert muligens lagrede p\u00e5loggingsdata og innstillinger for nettstedet. I noen nettlesere kan du bare slette informasjonskapslene og lignende data uten \u00e5 slette hele nettleserloggen.<\/li><li><strong>Slik kontrollerer du informasjonskapsler i en nettleser:<\/strong> Hvis du vil ha mer n\u00f8yaktig kontroll over informasjonskapslene p\u00e5 enkelte nettsteder, kan du g\u00e5 til personvern- og informasjonskapselinnstillingene i nettleseren din. Her kan du justere innstillingene for bruk av informasjonskapsler p\u00e5 de enkelte nettstedene.<\/li><li><strong>Slik blokkerer du informasjonskapsler i en nettleser:<\/strong> I de fleste moderne nettlesere kan du angi i innstillingene at ingen informasjonskapsler skal lagres p\u00e5 enheten din. Blokkering av informasjonskapsler kan imidlertid f\u00f8re til at visse tjenester og funksjoner ikke fungerer som de skal, f.eks. innlogging som bruker. Det finnes ogs\u00e5 utvidelser til mange nettlesere som kan blokkere innstillingen av informasjonskapsler p\u00e5 nettsteder.<\/li><li><strong>Slik administrerer du informasjonskapsler p\u00e5 dette nettstedet:<\/strong> Du kan n\u00e5r som helst endre innstillingene dine for informasjonskapsler p\u00e5 dette nettstedet ved \u00e5 klikke p\u00e5 lenken i avsnittet \"Rettigheter for bes\u00f8kende p\u00e5 nettstedet\".<\/li><\/li><\/ul><p>Du finner mer informasjon om h\u00e5ndtering av informasjonskapsler p\u00e5 <a href=\"https:\/\/devowl.io\/de\/rcb\/cookie-handhabung\/\" target=\"_blank\">devowl.io\/en\/rcb\/cookie-handling\/<\/a>.<\/p><\/p><h2 id=\"types-of-cookies\">Hvilke typer informasjonskapsler finnes det?<\/h2><p><ul><li><strong>Viktige informasjonskapsler<\/strong> er avgj\u00f8rende for den grunnleggende funksjonaliteten til et nettsted og muliggj\u00f8r funksjoner som lagring av p\u00e5loggingsinformasjon eller tilgang til sikre omr\u00e5der p\u00e5 nettstedet. Disse inkluderer for eksempel sikkerhetscookies som kan identifisere en bot som ikke er \u00f8nsket p\u00e5 nettstedet, ved \u00e5 lagre en autentiseringsn\u00f8kkel i en cookie.<\/li><li><strong>Funksjonelle informasjonskapsler<\/strong> forbedre brukeropplevelsen ved \u00e5 lagre informasjon og preferanser, for eksempel spr\u00e5kinnstillinger eller innstillinger for utseendet p\u00e5 nettstedet for \u00e5 muliggj\u00f8re en personlig tilpasset visning. Dette omfatter for eksempel informasjonskapsler for preferanser, som lagrer brukerens foretrukne videokvalitet p\u00e5 et nettsted.<\/li><li><strong>Informasjonskapsler for statistikk<\/strong> samle inn data om bruken av et nettsted for \u00e5 f\u00e5 innsikt i brukeratferd og for \u00e5 optimalisere nettstedets ytelse. Dette omfatter for eksempel en tilfeldig tildelt bruker-ID som kan brukes til \u00e5 fastsl\u00e5 om du har bes\u00f8kt en underside p\u00e5 nettstedet.<\/li><li><strong>Informasjonskapsler for markedsf\u00f8ring<\/strong> brukes til \u00e5 spore brukeratferd p\u00e5 tvers av ulike nettsteder og til \u00e5 vise personlig tilpasset reklame basert p\u00e5 brukernes interesser og surfeatferd. Dette omfatter for eksempel informasjonskapsler for reklame som lagrer en interaksjon med en annonse p\u00e5 nettstedet og videresender den til annons\u00f8rer, eller et chattesystem for sp\u00f8rsm\u00e5l om forh\u00e5ndskj\u00f8p og kundest\u00f8tte.<\/li><\/li><\/ul><\/p><h2 id=\"cookies-origin\">Hvem kan sette informasjonskapsler p\u00e5 dette nettstedet?<\/h2><p>P\u00e5 dette nettstedet kan b\u00e5de nettstedsoperat\u00f8ren og tredjepartstjenester som brukes p\u00e5 dette nettstedet, sette informasjonskapsler og f\u00e5 tilgang til innholdet i disse. Det skilles mellom f\u00f8rsteparts- og tredjepartsinformasjonskapsler n\u00e5r det gjelder hvem som har tilgang til hvilke informasjonskapsler og innholdet i dem. F\u00f8rstepartsinformasjonskapsler opprettes av det bes\u00f8kte nettstedet og kan bare leses av operat\u00f8ren av nettstedet og de integrerte tredjepartstjenestene p\u00e5 dette nettstedet. Tredjepartsinformasjonskapsler settes vanligvis av tredjepartstjenester p\u00e5 andre domener, kan leses p\u00e5 alle nettsteder der tjenesten som kontrollerer domenet er integrert, og brukes for eksempel av reklamenettverk for \u00e5 spore brukeratferd p\u00e5 tvers av ulike nettsteder og tilby personlig tilpasset reklame.<\/p><h2 id=\"list-of-services\">Hvilke informasjonskapsler brukes p\u00e5 dette nettstedet?<\/h2><script type=\"application\/json\">{\"search\":{\"placeholder\":\"S\\u00f8k...\"},\"sort\":{\"sortAsc\":\"Sorter kolonnen stigende\",\"sortDesc\":\"Sorter kolonnen synkende\"},\"pagination\":{\"previous\":\"Forrige\",\"next\":\"Neste\",\"navigate\":\"Side %1$d av %2$d\",\"page\":\"Side %d\",\"showing\":\"Viser\",\"of\":\"av\",\"to\":\"til\",\"results\":\"resultater\"},\"noRecordsFound\":\"Ingen matchende poster funnet\"}<\/script><table  class=\"devowl-wp-react-cookie-banner-cookie-policy\"><thead><tr><th width=\"200px\" scope=\"col\">Kategori<\/th><th width=\"400px\" scope=\"col\">Navn p\u00e5 teknisk informasjonskapsel<\/th><th width=\"400px\" scope=\"col\">Teknisk informasjonskapselvert<\/th><th width=\"400px\" scope=\"col\">Tjeneste<\/th><th width=\"250px\" scope=\"col\">Varighet<\/th><th width=\"200px\" scope=\"col\">Type<\/th><th width=\"550px\" scope=\"col\">Form\u00e5l<\/th><\/tr><\/thead><tbody><tr><td>Viktig<\/td><td>trp_language<\/td><td>www.praguecards.com<\/td><td>TranslatePress<\/td><td>30 dager<\/td><td>HTTP Cookie<\/td><td>-<\/td><\/tr><tr><td>Viktig<\/td><td>real_cookie_banner*<\/td><td>.praguecards.com<\/td><td>Banner for ekte kaker<\/td><td>365 dager<\/td><td>HTTP Cookie<\/td><td>Eindeutiger Identifikator f\u00fcr die Einwilligung, aber nicht f\u00fcr den Website-Besucher. Revisionshash f\u00fcr die Einstellungen des Cookie-Banners (Texte, Farben, Funktionen, Servicegruppen, Dienste, Content Blocker usw.). IDs f\u00fcr eingewilligte Services und Service-Gruppen.<\/td><\/tr><tr><td>Viktig<\/td><td>real_cookie_banner*-tcf<\/td><td>.praguecards.com<\/td><td>Banner for ekte kaker<\/td><td>365 dager<\/td><td>HTTP Cookie<\/td><td>Im Rahmen von TCF gesammelte Einwilligungen, die im TC-String-Format gespeichert werden, einschlie\u00dflich TCF-Vendoren, -Zwecke, -Sonderzwecke, -Funktionen und -Sonderfunktionen.<\/td><\/tr><tr><td>Viktig<\/td><td>real_cookie_banner*-gcm<\/td><td>.praguecards.com<\/td><td>Banner for ekte kaker<\/td><td>365 dager<\/td><td>HTTP Cookie<\/td><td>Die im Google Consent Mode gesammelten Einwilligungen in die verschiedenen Einwilligungstypen (Zwecke) werden f\u00fcr alle mit dem Google Consent Mode kompatiblen Services gespeichert.<\/td><\/tr><tr><td>Viktig<\/td><td>real_cookie_banner-test<\/td><td>.praguecards.com<\/td><td>Banner for ekte kaker<\/td><td>365 dager<\/td><td>HTTP Cookie<\/td><td>Cookie, der gesetzt wurde, um die Funktionalit\u00e4t von HTTP-Cookies zu testen. Wird sofort nach dem Test gel\u00f6scht.<\/td><\/tr><tr><td>Viktig<\/td><td>real_cookie_banner*<\/td><td>https:\/\/www.praguecards.com<\/td><td>Banner for ekte kaker<\/td><td>-<\/td><td>Local Storage<\/td><td>Eindeutiger Identifikator f\u00fcr die Einwilligung, aber nicht f\u00fcr den Website-Besucher. Revisionshash f\u00fcr die Einstellungen des Cookie-Banners (Texte, Farben, Funktionen, Service-Gruppen, Services, Content Blocker usw.). IDs f\u00fcr eingewilligte Services und Service-Gruppen. Wird nur solange gespeichert, bis die Einwilligung auf dem Website-Server dokumentiert ist.<\/td><\/tr><tr><td>Viktig<\/td><td>real_cookie_banner*-tcf<\/td><td>https:\/\/www.praguecards.com<\/td><td>Banner for ekte kaker<\/td><td>-<\/td><td>Local Storage<\/td><td>Im Rahmen von TCF gesammelte Einwilligungen werden im TC-String-Format gespeichert, einschlie\u00dflich TCF Vendoren, Zwecke, besondere Zwecke, Funktionen und besondere Funktionen. Wird nur solange gespeichert, bis die Einwilligung auf dem Website-Server dokumentiert ist.<\/td><\/tr><tr><td>Viktig<\/td><td>real_cookie_banner*-gcm<\/td><td>https:\/\/www.praguecards.com<\/td><td>Banner for ekte kaker<\/td><td>-<\/td><td>Local Storage<\/td><td>Im Rahmen des Google Consent Mode erfasste Einwilligungen werden f\u00fcr alle mit dem Google Consent Mode kompatiblen Services in Einwilligungstypen (Zwecke) gespeichert. Wird nur solange gespeichert, bis die Einwilligung auf dem Website-Server dokumentiert ist.<\/td><\/tr><tr><td>Viktig<\/td><td>real_cookie_banner-consent-queue*<\/td><td>https:\/\/www.praguecards.com<\/td><td>Banner for ekte kaker<\/td><td>-<\/td><td>Local Storage<\/td><td>Lokale Zwischenspeicherung (Caching) der Auswahl im Cookie-Banner, bis der Server die Einwilligung dokumentiert; Dokumentation periodisch oder bei Seitenwechseln versucht, wenn der Server nicht verf\u00fcgbar oder \u00fcberlastet ist.<\/td><\/tr><tr><td>Funksjonell<\/td><td>wpEmojiSettingsSupports<\/td><td>https:\/\/www.praguecards.com<\/td><td>WordPress-emojier<\/td><td>SESSION<\/td><td>Session Storage<\/td><td>Zeitstempel und ob die M\u00f6glichkeit besteht, Emojis zu setzen<\/td><\/tr><\/tbody><\/table><p>Retningslinjene for informasjonskapsler ble sist oppdatert den 22. mai 2025.<\/p>","protected":false},"excerpt":{"rendered":"","protected":false},"author":1,"featured_media":0,"parent":0,"menu_order":0,"comment_status":"closed","ping_status":"closed","template":"","meta":{"footnotes":""},"class_list":["post-594","page","type-page","status-publish"],"aioseo_notices":[],"featured_image_src":null,"_links":{"self":[{"href":"https:\/\/www.praguecards.com\/nb\/wp-json\/wp\/v2\/pages\/594","targetHints":{"allow":["GET"]}}],"collection":[{"href":"https:\/\/www.praguecards.com\/nb\/wp-json\/wp\/v2\/pages"}],"about":[{"href":"https:\/\/www.praguecards.com\/nb\/wp-json\/wp\/v2\/types\/page"}],"author":[{"embeddable":true,"href":"https:\/\/www.praguecards.com\/nb\/wp-json\/wp\/v2\/users\/1"}],"replies":[{"embeddable":true,"href":"https:\/\/www.praguecards.com\/nb\/wp-json\/wp\/v2\/comments?post=594"}],"version-history":[{"count":0,"href":"https:\/\/www.praguecards.com\/nb\/wp-json\/wp\/v2\/pages\/594\/revisions"}],"wp:attachment":[{"href":"https:\/\/www.praguecards.com\/nb\/wp-json\/wp\/v2\/media?parent=594"}],"curies":[{"name":"wp","href":"https:\/\/api.w.org\/{rel}","templated":true}]}}