{"id":137,"date":"2023-01-20T18:47:13","date_gmt":"2023-01-20T18:47:13","guid":{"rendered":"https:\/\/www.praguecards.com\/?page_id=137"},"modified":"2025-05-22T13:47:02","modified_gmt":"2025-05-22T13:47:02","slug":"atrakcje","status":"publish","type":"page","link":"https:\/\/www.praguecards.com\/pl\/attraktionen\/","title":{"rendered":"Najwi\u0119ksze atrakcje Pragi"},"content":{"rendered":"<p>Chcia\u0142by\u015b odwiedzi\u0107 stolic\u0119 Czech, ale nie wiesz jeszcze, kt\u00f3re atrakcje powiniene\u015b koniecznie umie\u015bci\u0107 na swojej li\u015bcie \u017cycze\u0144? Poni\u017cszych zabytk\u00f3w nie mo\u017cna przegapi\u0107. Wiele z nich mo\u017cna zwiedzi\u0107 bezp\u0142atnie dzi\u0119ki karcie Prague Card.<\/p>\n\n\n\n<h2 class=\"wp-block-heading\" style=\"font-style:normal;font-weight:600\">Zamek Praski<\/h2>\n\n\n\n<figure class=\"wp-block-image size-full\"><img loading=\"lazy\" decoding=\"async\" width=\"1000\" height=\"550\" src=\"https:\/\/www.praguecards.com\/wp-content\/uploads\/2023\/01\/prague-attraction1-1.jpg\" alt=\"\" class=\"wp-image-148\" srcset=\"https:\/\/www.praguecards.com\/wp-content\/uploads\/2023\/01\/prague-attraction1-1.jpg 1000w, https:\/\/www.praguecards.com\/wp-content\/uploads\/2023\/01\/prague-attraction1-1-300x165.jpg 300w, https:\/\/www.praguecards.com\/wp-content\/uploads\/2023\/01\/prague-attraction1-1-768x422.jpg 768w, https:\/\/www.praguecards.com\/wp-content\/uploads\/2023\/01\/prague-attraction1-1-18x10.jpg 18w\" sizes=\"auto, (max-width: 1000px) 100vw, 1000px\" \/><\/figure>\n\n\n\n<div style=\"height:20px\" aria-hidden=\"true\" class=\"wp-block-spacer\"><\/div>\n\n\n\n<p>Zamek Praski jest jednym z najbardziej popularnych zabytk\u00f3w w Pradze. Pot\u0119\u017cny zamek na Hradczanach by\u0142 w historii siedzib\u0105 wielu kr\u00f3l\u00f3w, cesarzy i prezydent\u00f3w. Dzi\u015b jest to przede wszystkim jedno z najcz\u0119\u015bciej odwiedzanych przez turyst\u00f3w miejsc. Teren zamku mo\u017cna zwiedza\u0107 za darmo, ale je\u015bli chcemy zobaczy\u0107 budynki od \u015brodka, powinni\u015bmy kupi\u0107 bilet. Bilet daje dost\u0119p do Katedry \u015bw. Wita, Starego Pa\u0142acu Kr\u00f3lewskiego, Bazyliki \u015bw. Jerzego i Z\u0142otej \u0141any.<\/p>\n\n\n\n<p>W zestawie: <a href=\"https:\/\/www.praguecards.com\/pl\/przepustka-dla-zwiedzajacych\/\" title=\"Praga Visitor Pass\">Praga Visitor Pass<\/a>, <a href=\"https:\/\/www.praguecards.com\/pl\/coolpass\/\" title=\"Praga CoolPass\">Praga CoolPass<\/a>, <a href=\"https:\/\/www.praguecards.com\/pl\/karnet-all-inclusive\/\" title=\"Praga All Inclusive Pass\">All Inclusive Pass<\/a><\/p>\n\n\n<div class=\"wp-block-ub-divider ub_divider ub-divider-orientation-horizontal\" id=\"ub_divider_ecca87f5-4740-4810-8d7e-6dcea63a6938\"><div class=\"ub_divider_wrapper\" style=\"position: relative; margin-bottom: 2px; width: 100%; height: 2px; \" data-divider-alignment=\"center\"><div class=\"ub_divider_line\" style=\"border-top: 2px solid #ccc; margin-top: 2px; \"><\/div><\/div><\/div>\n\n\n<h2 class=\"wp-block-heading\" style=\"font-style:normal;font-weight:600\">Most Karola<\/h2>\n\n\n\n<figure class=\"wp-block-image size-full\"><img loading=\"lazy\" decoding=\"async\" width=\"1000\" height=\"550\" src=\"https:\/\/www.praguecards.com\/wp-content\/uploads\/2023\/01\/prague-attraction2.jpg\" alt=\"Most Karola w Pradze\" class=\"wp-image-142\" srcset=\"https:\/\/www.praguecards.com\/wp-content\/uploads\/2023\/01\/prague-attraction2.jpg 1000w, https:\/\/www.praguecards.com\/wp-content\/uploads\/2023\/01\/prague-attraction2-300x165.jpg 300w, https:\/\/www.praguecards.com\/wp-content\/uploads\/2023\/01\/prague-attraction2-768x422.jpg 768w, https:\/\/www.praguecards.com\/wp-content\/uploads\/2023\/01\/prague-attraction2-18x10.jpg 18w\" sizes=\"auto, (max-width: 1000px) 100vw, 1000px\" \/><figcaption class=\"wp-element-caption\">\u00a9 emperorcosar \/ Shutterstock.com<\/figcaption><\/figure>\n\n\n\n<p>R\u00f3wnie popularn\u0105 atrakcj\u0105 jest Most Karola. Ten kultowy kamienny most przecinaj\u0105cy We\u0142taw\u0119 jest symbolem Pragi i obowi\u0105zkowym punktem zwiedzania dla ka\u017cdego odwiedzaj\u0105cego miasto. Jest ona wy\u0142o\u017cona wieloma pos\u0105gami \u015bwi\u0119tych i oferuje pi\u0119kny widok na oba brzegi rzeki. Polecamy dotrze\u0107 na most wcze\u015bnie rano, przed wi\u0119kszo\u015bci\u0105 turyst\u00f3w.<\/p>\n\n\n\n<p>Na ka\u017cdym ko\u0144cu mostu Karola znajduje si\u0119 wie\u017ca mostowa. Za op\u0142at\u0105 mo\u017cna wej\u015b\u0107 na obie wie\u017ce i podziwia\u0107 widok na Stare Miasto lub Ma\u0142\u0105 Stran\u0119.<\/p>\n\n\n\n<p>W zestawie: <a href=\"https:\/\/www.praguecards.com\/pl\/przepustka-dla-zwiedzajacych\/\" title=\"Praga Visitor Pass\">Praga Visitor Pass<\/a><\/p>\n\n\n<div class=\"wp-block-ub-divider ub_divider ub-divider-orientation-horizontal\" id=\"ub_divider_8bf5bfb5-e168-4f94-b6a4-e72c5536d13e\"><div class=\"ub_divider_wrapper\" style=\"position: relative; margin-bottom: 2px; width: 100%; height: 2px; \" data-divider-alignment=\"center\"><div class=\"ub_divider_line\" style=\"border-top: 2px solid #ccc; margin-top: 2px; \"><\/div><\/div><\/div>\n\n\n<h2 class=\"wp-block-heading\" style=\"font-style:normal;font-weight:600\">Rynek Starego Miasta<\/h2>\n\n\n\n<figure class=\"wp-block-image size-full\"><img loading=\"lazy\" decoding=\"async\" width=\"1000\" height=\"550\" src=\"https:\/\/www.praguecards.com\/wp-content\/uploads\/2023\/01\/prague-attraction3.jpg\" alt=\"Rynek Starego Miasta w Pradze\" class=\"wp-image-143\" srcset=\"https:\/\/www.praguecards.com\/wp-content\/uploads\/2023\/01\/prague-attraction3.jpg 1000w, https:\/\/www.praguecards.com\/wp-content\/uploads\/2023\/01\/prague-attraction3-300x165.jpg 300w, https:\/\/www.praguecards.com\/wp-content\/uploads\/2023\/01\/prague-attraction3-768x422.jpg 768w, https:\/\/www.praguecards.com\/wp-content\/uploads\/2023\/01\/prague-attraction3-18x10.jpg 18w\" sizes=\"auto, (max-width: 1000px) 100vw, 1000px\" \/><figcaption class=\"wp-element-caption\"> Andrew Mayovskyy \/ Shutterstock.com<\/figcaption><\/figure>\n\n\n\n<p>Rynek Starego Miasta jest centralnym placem w Pradze. Tu zbiegaj\u0105 si\u0119 wszystkie ulice, wi\u0119c pr\u0119dzej czy p\u00f3\u017aniej znajdziesz si\u0119 na Rynku Starego Miasta. Wok\u00f3\u0142 placu znajduje si\u0119 wiele restauracji, ale tak\u017ce zabytkowych budynk\u00f3w, takich jak Stary Ratusz z zegarem astronomicznym, kt\u00f3ry wybija co godzin\u0119 i przyci\u0105ga niezliczon\u0105 ilo\u015b\u0107 turyst\u00f3w. Co nie ka\u017cdy wie: do ratusza mo\u017cna wej\u015b\u0107 i od \u015brodka zwiedzi\u0107 tak\u017ce Zegar Astronomiczny. Do tego potrzebny jest bilet wst\u0119pu.<\/p>\n\n\n\n<p>W zestawie: <a href=\"https:\/\/www.praguecards.com\/pl\/przepustka-dla-zwiedzajacych\/\" title=\"Praga Visitor Pass\">Praga Visitor Pass<\/a><\/p>\n\n\n<div class=\"wp-block-ub-divider ub_divider ub-divider-orientation-horizontal\" id=\"ub_divider_c76484e4-1973-4dbb-bc1f-9e590537ec47\"><div class=\"ub_divider_wrapper\" style=\"position: relative; margin-bottom: 2px; width: 100%; height: 2px; \" data-divider-alignment=\"center\"><div class=\"ub_divider_line\" style=\"border-top: 2px solid #ccc; margin-top: 2px; \"><\/div><\/div><\/div>\n\n\n<h2 class=\"wp-block-heading\" style=\"font-style:normal;font-weight:600\">Dzielnica \u017bydowska<\/h2>\n\n\n\n<figure class=\"wp-block-image size-full\"><img loading=\"lazy\" decoding=\"async\" width=\"1000\" height=\"550\" src=\"https:\/\/www.praguecards.com\/wp-content\/uploads\/2023\/01\/prague-attraction4.jpg\" alt=\"Hiszpa\u0144ska synagoga w Pradze\" class=\"wp-image-144\" srcset=\"https:\/\/www.praguecards.com\/wp-content\/uploads\/2023\/01\/prague-attraction4.jpg 1000w, https:\/\/www.praguecards.com\/wp-content\/uploads\/2023\/01\/prague-attraction4-300x165.jpg 300w, https:\/\/www.praguecards.com\/wp-content\/uploads\/2023\/01\/prague-attraction4-768x422.jpg 768w, https:\/\/www.praguecards.com\/wp-content\/uploads\/2023\/01\/prague-attraction4-18x10.jpg 18w\" sizes=\"auto, (max-width: 1000px) 100vw, 1000px\" \/><figcaption class=\"wp-element-caption\">\u00a9 OlegGr \/ Shutterstock.com<\/figcaption><\/figure>\n\n\n\n<p>\u017bydowska dzielnica Pragi graniczy z Rynkiem Starego Miasta i jest jednym z najciekawszych region\u00f3w miasta. W dzielnicy znajduje si\u0119 wiele synagog, muze\u00f3w i stary cmentarz \u017cydowski. Zarezerwuj wycieczk\u0119 z przewodnikiem, aby naprawd\u0119 zrozumie\u0107 histori\u0119 dzielnicy. Wycieczka z przewodnikiem w j\u0119zyku angielskim jest zawarta w programie Praga Visitor Pass.<\/p>\n\n\n\n<p>Na najwa\u017cniejsze zabytki obowi\u0105zuje bilet \u0142\u0105czony. Z biletem Miasta \u017bydowskiego mo\u017cna w ci\u0105gu siedmiu dni zwiedzi\u0107 synagogi, muzea i cmentarz.<\/p>\n\n\n\n<p>W zestawie: <a href=\"https:\/\/www.praguecards.com\/pl\/przepustka-dla-zwiedzajacych\/\" title=\"Praga Visitor Pass\">Praga Visitor Pass<\/a>, <a href=\"https:\/\/www.praguecards.com\/pl\/coolpass\/\" title=\"Praga CoolPass\">Praga CoolPass<\/a>, <a href=\"https:\/\/www.praguecards.com\/pl\/karnet-all-inclusive\/\" title=\"Praga All Inclusive Pass\">All Inclusive Pass<\/a><\/p>\n\n\n<div class=\"wp-block-ub-divider ub_divider ub-divider-orientation-horizontal\" id=\"ub_divider_82573696-67a4-46be-90d0-6df4f3c37357\"><div class=\"ub_divider_wrapper\" style=\"position: relative; margin-bottom: 2px; width: 100%; height: 2px; \" data-divider-alignment=\"center\"><div class=\"ub_divider_line\" style=\"border-top: 2px solid #ccc; margin-top: 2px; \"><\/div><\/div><\/div>\n\n\n<h2 class=\"wp-block-heading\" style=\"font-style:normal;font-weight:600\">Wie\u017ca widokowa Petrin<\/h2>\n\n\n\n<figure class=\"wp-block-image size-full\"><img loading=\"lazy\" decoding=\"async\" width=\"1000\" height=\"550\" src=\"https:\/\/www.praguecards.com\/wp-content\/uploads\/2023\/01\/prague-attraction5.jpg\" alt=\"Wie\u017ca widokowa Petrin w Pradze\" class=\"wp-image-145\" srcset=\"https:\/\/www.praguecards.com\/wp-content\/uploads\/2023\/01\/prague-attraction5.jpg 1000w, https:\/\/www.praguecards.com\/wp-content\/uploads\/2023\/01\/prague-attraction5-300x165.jpg 300w, https:\/\/www.praguecards.com\/wp-content\/uploads\/2023\/01\/prague-attraction5-768x422.jpg 768w, https:\/\/www.praguecards.com\/wp-content\/uploads\/2023\/01\/prague-attraction5-18x10.jpg 18w\" sizes=\"auto, (max-width: 1000px) 100vw, 1000px\" \/><figcaption class=\"wp-element-caption\">\u00a9 DaLiu \/ Shutterstock.com<\/figcaption><\/figure>\n\n\n\n<p>Wie\u017ca widokowa Petrin znajduje si\u0119 na wzg\u00f3rzu Petrin i oferuje niezr\u00f3wnany widok na miasto. Zbudowana w 1891 roku konstrukcja ma prawie 60 metr\u00f3w wysoko\u015bci i by\u0142a wzorowana na wie\u017cy Eiffla w Pary\u017cu. S\u0105 tam dwie platformy, z kt\u00f3rych mo\u017cna podziwia\u0107 widoki. Mo\u017cna zar\u00f3wno chodzi\u0107 po schodach, jak i je\u017adzi\u0107 wind\u0105. Zabytkowa winda jest jednak cz\u0119sto nieczynna. W wie\u017cy mie\u015bci si\u0119 r\u00f3wnie\u017c ma\u0142e muzeum i kawiarnia.<\/p>\n\n\n\n<p>W zestawie: <a href=\"https:\/\/www.praguecards.com\/pl\/przepustka-dla-zwiedzajacych\/\" title=\"Praga Visitor Pass\">Praga Visitor Pass<\/a><\/p>\n\n\n<div class=\"wp-block-ub-divider ub_divider ub-divider-orientation-horizontal\" id=\"ub_divider_74351de0-f3d9-40cb-b674-04066b8dc470\"><div class=\"ub_divider_wrapper\" style=\"position: relative; margin-bottom: 2px; width: 100%; height: 2px; \" data-divider-alignment=\"center\"><div class=\"ub_divider_line\" style=\"border-top: 2px solid #ccc; margin-top: 2px; \"><\/div><\/div><\/div>\n\n\n<h2 class=\"wp-block-heading\" style=\"font-style:normal;font-weight:600\">Narodowe Muzeum Techniki<\/h2>\n\n\n\n<figure class=\"wp-block-image size-full\"><img loading=\"lazy\" decoding=\"async\" width=\"1000\" height=\"550\" src=\"https:\/\/www.praguecards.com\/wp-content\/uploads\/2023\/01\/prague-attraction6.jpg\" alt=\"Narodowe Muzeum Techniki w Pradze\" class=\"wp-image-146\" srcset=\"https:\/\/www.praguecards.com\/wp-content\/uploads\/2023\/01\/prague-attraction6.jpg 1000w, https:\/\/www.praguecards.com\/wp-content\/uploads\/2023\/01\/prague-attraction6-300x165.jpg 300w, https:\/\/www.praguecards.com\/wp-content\/uploads\/2023\/01\/prague-attraction6-768x422.jpg 768w, https:\/\/www.praguecards.com\/wp-content\/uploads\/2023\/01\/prague-attraction6-18x10.jpg 18w\" sizes=\"auto, (max-width: 1000px) 100vw, 1000px\" \/><figcaption class=\"wp-element-caption\">\u00a9 Rus S \/ Shutterstock.com<\/figcaption><\/figure>\n\n\n\n<p>Narodowe Muzeum Techniki w Pradze jest jednym z najpopularniejszych muze\u00f3w w Czechach. Znajduje si\u0119 w samym sercu miasta i oferuje zwiedzaj\u0105cym fascynuj\u0105cy i wszechstronny wgl\u0105d w histori\u0119 in\u017cynierii i technologii. Za\u0142o\u017cone w 1908 roku muzeum posiada ogromn\u0105 kolekcj\u0119 artefakt\u00f3w, takich jak stare lokomotywy, samochody, maszyny rolnicze i inne.<\/p>\n\n\n\n<p>W zestawie: <a href=\"https:\/\/www.praguecards.com\/pl\/przepustka-dla-zwiedzajacych\/\" title=\"Praga Visitor Pass\">Praga Visitor Pass<\/a><\/p>\n\n\n<div class=\"wp-block-ub-divider ub_divider ub-divider-orientation-horizontal\" id=\"ub_divider_0bcb4edb-8192-4047-934c-23997856defe\"><div class=\"ub_divider_wrapper\" style=\"position: relative; margin-bottom: 2px; width: 100%; height: 2px; \" data-divider-alignment=\"center\"><div class=\"ub_divider_line\" style=\"border-top: 2px solid #ccc; margin-top: 2px; \"><\/div><\/div><\/div>\n\n\n<h2 class=\"wp-block-heading\" style=\"font-style:normal;font-weight:600\">Zamek Vy\u0161ehrad<\/h2>\n\n\n\n<figure class=\"wp-block-image size-full\"><img loading=\"lazy\" decoding=\"async\" width=\"1000\" height=\"550\" src=\"https:\/\/www.praguecards.com\/wp-content\/uploads\/2023\/01\/prague-attraction7.jpg\" alt=\"Zamek Vy\u0161ehrad w Pradze\" class=\"wp-image-147\" srcset=\"https:\/\/www.praguecards.com\/wp-content\/uploads\/2023\/01\/prague-attraction7.jpg 1000w, https:\/\/www.praguecards.com\/wp-content\/uploads\/2023\/01\/prague-attraction7-300x165.jpg 300w, https:\/\/www.praguecards.com\/wp-content\/uploads\/2023\/01\/prague-attraction7-768x422.jpg 768w, https:\/\/www.praguecards.com\/wp-content\/uploads\/2023\/01\/prague-attraction7-18x10.jpg 18w\" sizes=\"auto, (max-width: 1000px) 100vw, 1000px\" \/><figcaption class=\"wp-element-caption\">\u00a9 Catarina Belova \/ Shutterstock.com<\/figcaption><\/figure>\n\n\n\n<p>Dzi\u0119ki zapieraj\u0105cym dech w piersiach widokom na panoram\u0119 miasta i niezwyk\u0142ej historii, Zamek Vy\u0161ehrad jest jednym z najbardziej popularnych cel\u00f3w podr\u00f3\u017cy zar\u00f3wno w\u015br\u00f3d turyst\u00f3w, jak i mieszka\u0144c\u00f3w. Zbudowany od X wieku zamek jest \u015bwiadectwem bogatego dziedzictwa kulturowego Pragi. W Vy\u0161ehradzie znajduje si\u0119 kilka zabytkowych obiekt\u00f3w, w tym bazylika \u015bw. Piotra i Paw\u0142a, kazamaty oraz cmentarz, na kt\u00f3rym miejsce ostatniego spoczynku znalaz\u0142o wielu znanych Czech\u00f3w.<\/p>\n\n\n\n<p>W zestawie: <a href=\"https:\/\/www.praguecards.com\/pl\/przepustka-dla-zwiedzajacych\/\" title=\"Praga Visitor Pass\">Praga Visitor Pass<\/a>, <a href=\"https:\/\/www.praguecards.com\/pl\/coolpass\/\" title=\"Praga CoolPass\">Praga CoolPass<\/a><\/p>","protected":false},"excerpt":{"rendered":"<p>Chcia\u0142by\u015b odwiedzi\u0107 stolic\u0119 Czech, ale nie wiesz jeszcze, kt\u00f3re atrakcje powiniene\u015b koniecznie umie\u015bci\u0107 na swojej li\u015bcie \u017cycze\u0144? Poni\u017cszych zabytk\u00f3w nie mo\u017cna przegapi\u0107. Wiele z nich mo\u017cna zwiedzi\u0107 bezp\u0142atnie dzi\u0119ki karcie Prague Card. Zamek Praski Zamek Praski to jeden z najpopularniejszych zabytk\u00f3w w Pradze. Pot\u0119\u017cny zamek na ... <a title=\"Najwi\u0119ksze atrakcje Pragi\" class=\"read-more\" href=\"https:\/\/www.praguecards.com\/pl\/attraktionen\/\" aria-label=\"Dowiedz si\u0119 wi\u0119cej o Prags Top-Attraktionen\">Dowiedz si\u0119 wi\u0119cej<\/a><\/p>","protected":false},"author":1,"featured_media":0,"parent":0,"menu_order":0,"comment_status":"closed","ping_status":"closed","template":"","meta":{"footnotes":""},"class_list":["post-137","page","type-page","status-publish"],"aioseo_notices":[],"featured_image_src":null,"_links":{"self":[{"href":"https:\/\/www.praguecards.com\/pl\/wp-json\/wp\/v2\/pages\/137","targetHints":{"allow":["GET"]}}],"collection":[{"href":"https:\/\/www.praguecards.com\/pl\/wp-json\/wp\/v2\/pages"}],"about":[{"href":"https:\/\/www.praguecards.com\/pl\/wp-json\/wp\/v2\/types\/page"}],"author":[{"embeddable":true,"href":"https:\/\/www.praguecards.com\/pl\/wp-json\/wp\/v2\/users\/1"}],"replies":[{"embeddable":true,"href":"https:\/\/www.praguecards.com\/pl\/wp-json\/wp\/v2\/comments?post=137"}],"version-history":[{"count":18,"href":"https:\/\/www.praguecards.com\/pl\/wp-json\/wp\/v2\/pages\/137\/revisions"}],"predecessor-version":[{"id":641,"href":"https:\/\/www.praguecards.com\/pl\/wp-json\/wp\/v2\/pages\/137\/revisions\/641"}],"wp:attachment":[{"href":"https:\/\/www.praguecards.com\/pl\/wp-json\/wp\/v2\/media?parent=137"}],"curies":[{"name":"wp","href":"https:\/\/api.w.org\/{rel}","templated":true}]}}