{"id":161,"date":"2023-01-21T14:22:09","date_gmt":"2023-01-21T14:22:09","guid":{"rendered":"https:\/\/www.praguecards.com\/?page_id=161"},"modified":"2025-05-22T13:44:40","modified_gmt":"2025-05-22T13:44:40","slug":"3-dni-pradze","status":"publish","type":"page","link":"https:\/\/www.praguecards.com\/pl\/3-tage-in-prag\/","title":{"rendered":"3 dni w Pradze z kart\u0105 Prague Card"},"content":{"rendered":"<p>Je\u015bli odwiedzisz Prag\u0119, w ci\u0105gu trzech dni mo\u017cesz do\u015bwiadczy\u0107 miasta pe\u0142nego kultury i pi\u0119kna. Stolica Czech znana jest z zabytkowej architektury, wyj\u0105tkowej kuchni i bogatej historii. Dzi\u0119ki temu jest to idealny cel podr\u00f3\u017cy dla podr\u00f3\u017cnych zainteresowanych kultur\u0105 czesk\u0105.<\/p>\n\n\n\n<p>Podczas trzydniowego pobytu w Pradze jest wystarczaj\u0105co du\u017co do zrobienia, aby pozna\u0107 miasto i mi\u0142o sp\u0119dzi\u0107 czas. Je\u015bli chcesz zarezerwowa\u0107 kart\u0119 Prague Card na zwiedzanie, polecamy Prague Visitor Pass lub alternatywnie Prague CoolPass. Tw\u00f3j plan podr\u00f3\u017cy na trzy dni w Pradze mo\u017ce wygl\u0105da\u0107 nast\u0119puj\u0105co.<\/p>\n\n\n\n<h2 class=\"wp-block-heading\" style=\"font-style:normal;font-weight:600\">Pierwszy dzie\u0144: zwiedzanie miasta, Zamek Praski i Petrin<\/h2>\n\n\n\n<figure class=\"wp-block-image size-full\"><img loading=\"lazy\" decoding=\"async\" width=\"1000\" height=\"550\" src=\"https:\/\/www.praguecards.com\/wp-content\/uploads\/2023\/01\/prag-tram-42.jpg\" alt=\"Praska linia tramwajowa 42\" class=\"wp-image-162\" srcset=\"https:\/\/www.praguecards.com\/wp-content\/uploads\/2023\/01\/prag-tram-42.jpg 1000w, https:\/\/www.praguecards.com\/wp-content\/uploads\/2023\/01\/prag-tram-42-300x165.jpg 300w, https:\/\/www.praguecards.com\/wp-content\/uploads\/2023\/01\/prag-tram-42-768x422.jpg 768w, https:\/\/www.praguecards.com\/wp-content\/uploads\/2023\/01\/prag-tram-42-18x10.jpg 18w\" sizes=\"auto, (max-width: 1000px) 100vw, 1000px\" \/><figcaption class=\"wp-element-caption\">Tramwaj turystyczny linia 42<\/figcaption><\/figure>\n\n\n\n<p>Najlepiej rozpocz\u0105\u0107 podr\u00f3\u017c od zwiedzania miasta, aby uzyska\u0107 pierwszy przegl\u0105d. Nadaje si\u0119 do tego tramwaj turystyczny (linia 42). W tramwaju mo\u017cna wsiada\u0107 i wysiada\u0107 na ponad 20 przystankach lub pozosta\u0107 na miejscu, aby odby\u0107 ca\u0142\u0105 wycieczk\u0119.<\/p>\n\n\n\n<p>Z <a href=\"https:\/\/www.praguecards.com\/pl\/przepustka-dla-zwiedzajacych\/\" title=\"Praga Visitor Pass\">Praga Visitor Pass<\/a> z tramwaju mo\u017cna korzysta\u0107 bezp\u0142atnie. Alternatywnie mo\u017cna wzi\u0105\u0107 udzia\u0142 w dwugodzinnej wycieczce po mie\u015bcie autobusem (z <a href=\"https:\/\/www.praguecards.com\/pl\/coolpass\/\" title=\"Praga CoolPass\">Praga CoolPass<\/a> bezp\u0142atnie).<\/p>\n\n\n\n<p>Nast\u0119pnie zwiedzanie Zamku Praskiego - najs\u0142ynniejszego zabytku miasta. Z biletem mo\u017cna nie tylko spacerowa\u0107 po terenie zamku, ale tak\u017ce odwiedzi\u0107 Z\u0142ot\u0105 \u0141ani\u0119, Stary Pa\u0142ac Kr\u00f3lewski, Katedr\u0119 \u015bw. Wita i Bazylik\u0119 \u015bw. Jerzego. Z <a href=\"https:\/\/www.praguecards.com\/pl\/przepustka-dla-zwiedzajacych\/\" title=\"Praga Visitor Pass\">Praga Visitor Pass<\/a> i <a href=\"https:\/\/www.praguecards.com\/pl\/coolpass\/\" title=\"Praga CoolPass\">Praga CoolPass<\/a> otrzymasz darmowy wst\u0119p.<\/p>\n\n\n\n<p>Z Zamku Praskiego jest kr\u00f3tki spacer do Parku Petrin, gdzie znajduje si\u0119 wie\u017ca widokowa Petrin. Mo\u017cna tam dojecha\u0107 tramwajem linii 42, komunikacj\u0105 miejsk\u0105 lub kolejk\u0105 linow\u0105 Petrin.<\/p>\n\n\n\n<p>Wspinaj\u0105c si\u0119 po schodach lub korzystaj\u0105c z zabytkowej windy mo\u017cna podziwia\u0107 wspania\u0142y widok na Prag\u0119. Nast\u0119pnie mo\u017cna odwiedzi\u0107 Mirror Maze dla ekscytuj\u0105cych do\u015bwiadcze\u0144. Labirynt znajduje si\u0119 obok wie\u017cy Petrin. Obie atrakcje s\u0105 bezp\u0142atne z <a href=\"https:\/\/www.praguecards.com\/pl\/przepustka-dla-zwiedzajacych\/\" title=\"Praga Visitor Pass\">Praga Visitor Pass<\/a>.<\/p>\n\n\n\n<h2 class=\"wp-block-heading\" style=\"font-style:normal;font-weight:600\">Drugi dzie\u0144: Most Karola, wycieczka statkiem i Stare Miasto<\/h2>\n\n\n\n<figure class=\"wp-block-image size-full\"><img loading=\"lazy\" decoding=\"async\" width=\"1000\" height=\"550\" src=\"https:\/\/www.praguecards.com\/wp-content\/uploads\/2023\/01\/prague-attraction2.jpg\" alt=\"Most Karola w Pradze\" class=\"wp-image-142\" srcset=\"https:\/\/www.praguecards.com\/wp-content\/uploads\/2023\/01\/prague-attraction2.jpg 1000w, https:\/\/www.praguecards.com\/wp-content\/uploads\/2023\/01\/prague-attraction2-300x165.jpg 300w, https:\/\/www.praguecards.com\/wp-content\/uploads\/2023\/01\/prague-attraction2-768x422.jpg 768w, https:\/\/www.praguecards.com\/wp-content\/uploads\/2023\/01\/prague-attraction2-18x10.jpg 18w\" sizes=\"auto, (max-width: 1000px) 100vw, 1000px\" \/><figcaption class=\"wp-element-caption\">\u00a9 emperorcosar \/ Shutterstock.com<\/figcaption><\/figure>\n\n\n\n<p>Drugi dzie\u0144 w Pradze zacznij od Mostu Karola. Warto wybra\u0107 si\u0119 na most zaraz po \u015bniadaniu, zanim przyb\u0119dzie wi\u0119kszo\u015b\u0107 turyst\u00f3w. Most Karola jest najpi\u0119kniejszy, gdy jest jeszcze pusty.<\/p>\n\n\n\n<p>Na ka\u017cdym ko\u0144cu mostu znajduje si\u0119 wie\u017ca mostowa. Za op\u0142at\u0105 mo\u017cna wej\u015b\u0107 na wie\u017ce i podziwia\u0107 widok na Ma\u0142\u0105 Stran\u0119 lub Stare Miasto. Tylko z <a href=\"https:\/\/www.praguecards.com\/pl\/przepustka-dla-zwiedzajacych\/\" title=\"Praga Visitor Pass\">Praga Visitor Pass<\/a> wst\u0119p na obie wie\u017ce jest bezp\u0142atny.<\/p>\n\n\n\n<p>Nast\u0119pnie mo\u017cna odwiedzi\u0107 Muzeum Mostu Karola (z <a href=\"https:\/\/www.praguecards.com\/pl\/przepustka-dla-zwiedzajacych\/\" title=\"Praga Visitor Pass\">Praga Visitor Pass<\/a> oraz <a href=\"https:\/\/www.praguecards.com\/pl\/coolpass\/\" title=\"Praga CoolPass\">Praga CoolPass<\/a> bezp\u0142atnie). W kasie muzeum mo\u017cna te\u017c dosta\u0107 bilet na wycieczk\u0119 \u0142odzi\u0105 po Diabelskim Kanale w Ma\u0142ej Wenecji. Wycieczka \u0142odzi\u0105 jest r\u00f3wnie\u017c darmowa z obiema Kartami Praskimi.<\/p>\n\n\n\n<p>Po wycieczce \u0142odzi\u0105 w Ma\u0142ej Wenecji, w ci\u0105gu kilku minut mo\u017cna doj\u015b\u0107 do Rynku Starego Miasta, centralnego placu w centrum Pragi. Na Rynku Staromiejskim znajduje si\u0119 Ratusz ze s\u0142ynnym zegarem astronomicznym. Z <a href=\"https:\/\/www.praguecards.com\/pl\/przepustka-dla-zwiedzajacych\/\" title=\"Praga Visitor Pass\">Praga Visitor Pass<\/a> mo\u017cna zwiedzi\u0107 zegar astronomiczny od wewn\u0105trz i podziwia\u0107 widok z dachu ratusza.<\/p>\n\n\n\n<p>Nast\u0119pnie do\u0142\u0105cz do wycieczki z przewodnikiem po starym mie\u015bcie. Odbywa si\u0119 to wczesnym popo\u0142udniem w wi\u0119kszo\u015b\u0107 dni tygodnia. W niekt\u00f3re dni mo\u017cna te\u017c wybra\u0107 si\u0119 na wycieczk\u0119 z przewodnikiem po \u015bredniowiecznych podziemiach Pragi. Wycieczk\u0119 z przewodnikiem mo\u017cna odby\u0107 z <a href=\"https:\/\/www.praguecards.com\/pl\/przepustka-dla-zwiedzajacych\/\" title=\"Praga Visitor Pass\">Praga Visitor Pass<\/a> bezp\u0142atnie.<\/p>\n\n\n\n<h2 class=\"wp-block-heading\" style=\"font-style:normal;font-weight:600\">Dzie\u0144 trzeci: Dzielnica \u017bydowska i Wyszehrad<\/h2>\n\n\n\n<figure class=\"wp-block-image size-full\"><img loading=\"lazy\" decoding=\"async\" width=\"1000\" height=\"550\" src=\"https:\/\/www.praguecards.com\/wp-content\/uploads\/2023\/01\/prague-attraction7.jpg\" alt=\"Zamek Vy\u0161ehrad w Pradze\" class=\"wp-image-147\" srcset=\"https:\/\/www.praguecards.com\/wp-content\/uploads\/2023\/01\/prague-attraction7.jpg 1000w, https:\/\/www.praguecards.com\/wp-content\/uploads\/2023\/01\/prague-attraction7-300x165.jpg 300w, https:\/\/www.praguecards.com\/wp-content\/uploads\/2023\/01\/prague-attraction7-768x422.jpg 768w, https:\/\/www.praguecards.com\/wp-content\/uploads\/2023\/01\/prague-attraction7-18x10.jpg 18w\" sizes=\"auto, (max-width: 1000px) 100vw, 1000px\" \/><figcaption class=\"wp-element-caption\">\u00a9 Catarina Belova \/ Shutterstock.com<\/figcaption><\/figure>\n\n\n\n<p>W trzecim dniu wycieczki odwied\u017a Dzielnic\u0119 \u017bydowsk\u0105, po\u0142o\u017con\u0105 zaledwie kilka krok\u00f3w od Rynku Starego Miasta. W dzielnicy \u017cydowskiej znajduje si\u0119 wiele synagog, Muzeum \u017bydowskie oraz stary cmentarz \u017cydowski. Bilet na miasto \u017cydowskie daje mo\u017cliwo\u015b\u0107 wej\u015bcia do wszystkich tych zabytk\u00f3w. Z <a href=\"https:\/\/www.praguecards.com\/pl\/przepustka-dla-zwiedzajacych\/\" title=\"Praga Visitor Pass\">Praga Visitor Pass<\/a> i <a href=\"https:\/\/www.praguecards.com\/pl\/coolpass\/\" title=\"Praga CoolPass\">Praga CoolPass<\/a> bilet na Miasteczko \u017bydowskie jest bezp\u0142atny.<\/p>\n\n\n\n<p>Je\u015bli b\u0119dziesz kontynuowa\u0107 zwiedzanie centrum miasta, zatrzymaj si\u0119 na kr\u00f3tko przy historycznej Wie\u017cy Prochowej. Wespnij si\u0119 na taras widokowy i podziwiaj centrum Pragi z g\u00f3ry. Wst\u0119p jest bezp\u0142atny z Prask\u0105 Visitor Pass.<\/p>\n\n\n\n<p>Po po\u0142udniu mo\u017cna odkry\u0107 widok, kt\u00f3ry le\u017cy poza centrum miasta. Skorzystaj z metra lub tramwaju (z <a href=\"https:\/\/www.praguecards.com\/pl\/przepustka-dla-zwiedzajacych\/\" title=\"Praga Visitor Pass\">Praga Visitor Pass<\/a> bezp\u0142atnie), aby dosta\u0107 si\u0119 do zamku Vy\u0161ehrad. Stamt\u0105d mo\u017cna spojrze\u0107 na miasto i przyj\u015b\u0107 na odpoczynek. Na terenie znajduje si\u0119 Katedra \u015bw. Piotra i Paw\u0142a, cmentarz oraz kazamaty. Wst\u0119p jest bezp\u0142atny z <a href=\"https:\/\/www.praguecards.com\/pl\/przepustka-dla-zwiedzajacych\/\" title=\"Praga Visitor Pass\">Praga Visitor Pass<\/a> i <a href=\"https:\/\/www.praguecards.com\/pl\/coolpass\/\" title=\"Praga CoolPass\">Praga CoolPass<\/a>.<\/p>","protected":false},"excerpt":{"rendered":"<p>Odwiedzaj\u0105cy Prag\u0119 mog\u0105 do\u015bwiadczy\u0107 miasta pe\u0142nego kultury i pi\u0119kna w zaledwie trzy dni. Czeska stolica s\u0142ynie z zabytkowej architektury, wyj\u0105tkowej kuchni i bogatej historii. To sprawia, \u017ce jest to idealne miejsce dla podr\u00f3\u017cnych zainteresowanych czesk\u0105 kultur\u0105. Podczas trzydniowego pobytu w Pradze jest wi\u0119cej ni\u017c wystarczaj\u0105co ... <a title=\"3 dni w Pradze z kart\u0105 Prague Card\" class=\"read-more\" href=\"https:\/\/www.praguecards.com\/pl\/3-tage-in-prag\/\" aria-label=\"Dowiedz si\u0119 wi\u0119cej o 3 dni w Pradze z kart\u0105 Prague Card\">Dowiedz si\u0119 wi\u0119cej<\/a><\/p>","protected":false},"author":1,"featured_media":0,"parent":0,"menu_order":0,"comment_status":"closed","ping_status":"closed","template":"","meta":{"footnotes":""},"class_list":["post-161","page","type-page","status-publish"],"aioseo_notices":[],"featured_image_src":null,"_links":{"self":[{"href":"https:\/\/www.praguecards.com\/pl\/wp-json\/wp\/v2\/pages\/161","targetHints":{"allow":["GET"]}}],"collection":[{"href":"https:\/\/www.praguecards.com\/pl\/wp-json\/wp\/v2\/pages"}],"about":[{"href":"https:\/\/www.praguecards.com\/pl\/wp-json\/wp\/v2\/types\/page"}],"author":[{"embeddable":true,"href":"https:\/\/www.praguecards.com\/pl\/wp-json\/wp\/v2\/users\/1"}],"replies":[{"embeddable":true,"href":"https:\/\/www.praguecards.com\/pl\/wp-json\/wp\/v2\/comments?post=161"}],"version-history":[{"count":13,"href":"https:\/\/www.praguecards.com\/pl\/wp-json\/wp\/v2\/pages\/161\/revisions"}],"predecessor-version":[{"id":639,"href":"https:\/\/www.praguecards.com\/pl\/wp-json\/wp\/v2\/pages\/161\/revisions\/639"}],"wp:attachment":[{"href":"https:\/\/www.praguecards.com\/pl\/wp-json\/wp\/v2\/media?parent=161"}],"curies":[{"name":"wp","href":"https:\/\/api.w.org\/{rel}","templated":true}]}}