{"id":137,"date":"2023-01-20T18:47:13","date_gmt":"2023-01-20T18:47:13","guid":{"rendered":"https:\/\/www.praguecards.com\/?page_id=137"},"modified":"2025-05-22T13:47:02","modified_gmt":"2025-05-22T13:47:02","slug":"atractii","status":"publish","type":"page","link":"https:\/\/www.praguecards.com\/ro\/attraktionen\/","title":{"rendered":"Atrac\u021biile de top din Praga"},"content":{"rendered":"<p>Dori\u021bi s\u0103 vizita\u021bi capitala Cehiei, dar nu \u0219ti\u021bi \u00eenc\u0103 ce atrac\u021bii ar trebui s\u0103 pune\u021bi pe lista de dorin\u021be? Urm\u0103toarele atrac\u021bii turistice nu trebuie ratate. Multe dintre ele le pute\u021bi vizita gratuit cu Prague Card.<\/p>\n\n\n\n<h2 class=\"wp-block-heading\" style=\"font-style:normal;font-weight:600\">Castelul Praga<\/h2>\n\n\n\n<figure class=\"wp-block-image size-full\"><img loading=\"lazy\" decoding=\"async\" width=\"1000\" height=\"550\" src=\"https:\/\/www.praguecards.com\/wp-content\/uploads\/2023\/01\/prague-attraction1-1.jpg\" alt=\"\" class=\"wp-image-148\" srcset=\"https:\/\/www.praguecards.com\/wp-content\/uploads\/2023\/01\/prague-attraction1-1.jpg 1000w, https:\/\/www.praguecards.com\/wp-content\/uploads\/2023\/01\/prague-attraction1-1-300x165.jpg 300w, https:\/\/www.praguecards.com\/wp-content\/uploads\/2023\/01\/prague-attraction1-1-768x422.jpg 768w, https:\/\/www.praguecards.com\/wp-content\/uploads\/2023\/01\/prague-attraction1-1-18x10.jpg 18w\" sizes=\"auto, (max-width: 1000px) 100vw, 1000px\" \/><\/figure>\n\n\n\n<div style=\"height:20px\" aria-hidden=\"true\" class=\"wp-block-spacer\"><\/div>\n\n\n\n<p>Castelul Praga este unul dintre cele mai populare obiective turistice din Praga. Puternicul castel de pe Hrad\u010dany a fost sediul multor regi, \u00eemp\u0103ra\u021bi \u0219i pre\u0219edin\u021bi de-a lungul istoriei. Ast\u0103zi, este \u00een primul r\u00e2nd una dintre cele mai vizitate destina\u021bii pentru turi\u0219ti. Pute\u021bi vizita gratuit terenul castelului, dar dac\u0103 dori\u021bi s\u0103 vede\u021bi cl\u0103dirile din interior, trebuie s\u0103 cump\u0103ra\u021bi un bilet. Biletul v\u0103 ofer\u0103 acces la Catedrala Sf\u00e2ntul Vitus, la Vechiul Palat Regal, la Bazilica Sf\u00e2ntul Gheorghe \u0219i la Aleea de Aur.<\/p>\n\n\n\n<p>Inclus \u00een: <a href=\"https:\/\/www.praguecards.com\/ro\/visitor-pass\/\" title=\"Praga Visitor Pass\">Praga Visitor Pass<\/a>, <a href=\"https:\/\/www.praguecards.com\/ro\/coolpass\/\" title=\"Praga CoolPass\">Praga CoolPass<\/a>, <a href=\"https:\/\/www.praguecards.com\/ro\/abonament-all-inclusive\/\" title=\"Praga All Inclusive Pass\">All Inclusive Pass<\/a><\/p>\n\n\n<div class=\"wp-block-ub-divider ub_divider ub-divider-orientation-horizontal\" id=\"ub_divider_ecca87f5-4740-4810-8d7e-6dcea63a6938\"><div class=\"ub_divider_wrapper\" style=\"position: relative; margin-bottom: 2px; width: 100%; height: 2px; \" data-divider-alignment=\"center\"><div class=\"ub_divider_line\" style=\"border-top: 2px solid #ccc; margin-top: 2px; \"><\/div><\/div><\/div>\n\n\n<h2 class=\"wp-block-heading\" style=\"font-style:normal;font-weight:600\">Podul Charles<\/h2>\n\n\n\n<figure class=\"wp-block-image size-full\"><img loading=\"lazy\" decoding=\"async\" width=\"1000\" height=\"550\" src=\"https:\/\/www.praguecards.com\/wp-content\/uploads\/2023\/01\/prague-attraction2.jpg\" alt=\"Podul Carol din Praga\" class=\"wp-image-142\" srcset=\"https:\/\/www.praguecards.com\/wp-content\/uploads\/2023\/01\/prague-attraction2.jpg 1000w, https:\/\/www.praguecards.com\/wp-content\/uploads\/2023\/01\/prague-attraction2-300x165.jpg 300w, https:\/\/www.praguecards.com\/wp-content\/uploads\/2023\/01\/prague-attraction2-768x422.jpg 768w, https:\/\/www.praguecards.com\/wp-content\/uploads\/2023\/01\/prague-attraction2-18x10.jpg 18w\" sizes=\"auto, (max-width: 1000px) 100vw, 1000px\" \/><figcaption class=\"wp-element-caption\">\u00a9 emperorcosar \/ Shutterstock.com<\/figcaption><\/figure>\n\n\n\n<p>Podul Carol este o atrac\u021bie la fel de popular\u0103. Acest pod iconic de piatr\u0103 care traverseaz\u0103 r\u00e2ul Vltava este un simbol al ora\u0219ului Praga \u0219i o atrac\u021bie obligatorie pentru orice vizitator al ora\u0219ului. Este c\u0103ptu\u0219it cu numeroase statui de sfin\u021bi \u0219i ofer\u0103 o priveli\u0219te frumoas\u0103 asupra ambelor maluri ale r\u00e2ului. V\u0103 recomand\u0103m s\u0103 ajunge\u021bi la pod dis-de-diminea\u021b\u0103 devreme, \u00eenaintea majorit\u0103\u021bii turi\u0219tilor.<\/p>\n\n\n\n<p>La fiecare cap\u0103t al Podului Carol se afl\u0103 un turn de pod. Contra cost, pute\u021bi urca pe ambele turnuri \u0219i v\u0103 pute\u021bi bucura de priveli\u0219tea asupra Ora\u0219ului Vechi sau a Ora\u0219ului Mic.<\/p>\n\n\n\n<p>Inclus \u00een: <a href=\"https:\/\/www.praguecards.com\/ro\/visitor-pass\/\" title=\"Praga Visitor Pass\">Praga Visitor Pass<\/a><\/p>\n\n\n<div class=\"wp-block-ub-divider ub_divider ub-divider-orientation-horizontal\" id=\"ub_divider_8bf5bfb5-e168-4f94-b6a4-e72c5536d13e\"><div class=\"ub_divider_wrapper\" style=\"position: relative; margin-bottom: 2px; width: 100%; height: 2px; \" data-divider-alignment=\"center\"><div class=\"ub_divider_line\" style=\"border-top: 2px solid #ccc; margin-top: 2px; \"><\/div><\/div><\/div>\n\n\n<h2 class=\"wp-block-heading\" style=\"font-style:normal;font-weight:600\">Pia\u021ba Ora\u0219ului Vechi<\/h2>\n\n\n\n<figure class=\"wp-block-image size-full\"><img loading=\"lazy\" decoding=\"async\" width=\"1000\" height=\"550\" src=\"https:\/\/www.praguecards.com\/wp-content\/uploads\/2023\/01\/prague-attraction3.jpg\" alt=\"Pia\u021ba Ora\u0219ului Vechi din Praga\" class=\"wp-image-143\" srcset=\"https:\/\/www.praguecards.com\/wp-content\/uploads\/2023\/01\/prague-attraction3.jpg 1000w, https:\/\/www.praguecards.com\/wp-content\/uploads\/2023\/01\/prague-attraction3-300x165.jpg 300w, https:\/\/www.praguecards.com\/wp-content\/uploads\/2023\/01\/prague-attraction3-768x422.jpg 768w, https:\/\/www.praguecards.com\/wp-content\/uploads\/2023\/01\/prague-attraction3-18x10.jpg 18w\" sizes=\"auto, (max-width: 1000px) 100vw, 1000px\" \/><figcaption class=\"wp-element-caption\"> Andrew Mayovskyy \/ Shutterstock.com<\/figcaption><\/figure>\n\n\n\n<p>Pia\u021ba Ora\u0219ului Vechi este pia\u021ba central\u0103 din Praga. Toate str\u0103zile converg aici, a\u0219a c\u0103, mai devreme sau mai t\u00e2rziu, v\u0103 ve\u021bi reg\u0103si \u00een Pia\u021ba Ora\u0219ului Vechi. \u00cen jurul pie\u021bei se afl\u0103 multe restaurante, dar \u0219i cl\u0103diri istorice, cum ar fi Prim\u0103ria Ora\u0219ului Vechi, cu Ceasul astronomic, care bate din or\u0103 \u00een or\u0103 \u0219i atrage nenum\u0103ra\u021bi turi\u0219ti. Ceea ce nu \u0219tie toat\u0103 lumea: pute\u021bi intra \u00een prim\u0103rie \u0219i pute\u021bi vizita \u0219i ceasul astronomic din interior. Pentru aceasta ave\u021bi nevoie de un bilet de intrare.<\/p>\n\n\n\n<p>Inclus \u00een: <a href=\"https:\/\/www.praguecards.com\/ro\/visitor-pass\/\" title=\"Praga Visitor Pass\">Praga Visitor Pass<\/a><\/p>\n\n\n<div class=\"wp-block-ub-divider ub_divider ub-divider-orientation-horizontal\" id=\"ub_divider_c76484e4-1973-4dbb-bc1f-9e590537ec47\"><div class=\"ub_divider_wrapper\" style=\"position: relative; margin-bottom: 2px; width: 100%; height: 2px; \" data-divider-alignment=\"center\"><div class=\"ub_divider_line\" style=\"border-top: 2px solid #ccc; margin-top: 2px; \"><\/div><\/div><\/div>\n\n\n<h2 class=\"wp-block-heading\" style=\"font-style:normal;font-weight:600\">Cartierul evreiesc<\/h2>\n\n\n\n<figure class=\"wp-block-image size-full\"><img loading=\"lazy\" decoding=\"async\" width=\"1000\" height=\"550\" src=\"https:\/\/www.praguecards.com\/wp-content\/uploads\/2023\/01\/prague-attraction4.jpg\" alt=\"Sinagoga spaniol\u0103 din Praga\" class=\"wp-image-144\" srcset=\"https:\/\/www.praguecards.com\/wp-content\/uploads\/2023\/01\/prague-attraction4.jpg 1000w, https:\/\/www.praguecards.com\/wp-content\/uploads\/2023\/01\/prague-attraction4-300x165.jpg 300w, https:\/\/www.praguecards.com\/wp-content\/uploads\/2023\/01\/prague-attraction4-768x422.jpg 768w, https:\/\/www.praguecards.com\/wp-content\/uploads\/2023\/01\/prague-attraction4-18x10.jpg 18w\" sizes=\"auto, (max-width: 1000px) 100vw, 1000px\" \/><figcaption class=\"wp-element-caption\">\u00a9 OlegGr \/ Shutterstock.com<\/figcaption><\/figure>\n\n\n\n<p>Cartierul evreiesc din Praga se \u00eenvecineaz\u0103 cu Pia\u021ba Ora\u0219ului Vechi \u0219i este una dintre cele mai interesante regiuni ale ora\u0219ului. Cartierul g\u0103zduie\u0219te numeroase sinagogi, muzee \u0219i vechiul cimitir evreiesc. Rezerva\u021bi un tur cu ghid pentru a \u00een\u021belege cu adev\u0103rat istoria cartierului. Un tur ghidat \u00een limba englez\u0103 este inclus \u00een Praga Visitor Pass.<\/p>\n\n\n\n<p>Exist\u0103 un bilet combinat pentru cele mai importante obiective turistice. Cu biletul pentru ora\u0219ul evreiesc pute\u021bi vizita sinagogile, muzeele \u0219i cimitirul \u00een decurs de \u0219apte zile.<\/p>\n\n\n\n<p>Inclus \u00een: <a href=\"https:\/\/www.praguecards.com\/ro\/visitor-pass\/\" title=\"Praga Visitor Pass\">Praga Visitor Pass<\/a>, <a href=\"https:\/\/www.praguecards.com\/ro\/coolpass\/\" title=\"Praga CoolPass\">Praga CoolPass<\/a>, <a href=\"https:\/\/www.praguecards.com\/ro\/abonament-all-inclusive\/\" title=\"Praga All Inclusive Pass\">All Inclusive Pass<\/a><\/p>\n\n\n<div class=\"wp-block-ub-divider ub_divider ub-divider-orientation-horizontal\" id=\"ub_divider_82573696-67a4-46be-90d0-6df4f3c37357\"><div class=\"ub_divider_wrapper\" style=\"position: relative; margin-bottom: 2px; width: 100%; height: 2px; \" data-divider-alignment=\"center\"><div class=\"ub_divider_line\" style=\"border-top: 2px solid #ccc; margin-top: 2px; \"><\/div><\/div><\/div>\n\n\n<h2 class=\"wp-block-heading\" style=\"font-style:normal;font-weight:600\">Turnul de observa\u021bie Petrin<\/h2>\n\n\n\n<figure class=\"wp-block-image size-full\"><img loading=\"lazy\" decoding=\"async\" width=\"1000\" height=\"550\" src=\"https:\/\/www.praguecards.com\/wp-content\/uploads\/2023\/01\/prague-attraction5.jpg\" alt=\"Turnul de belvedere Petrin din Praga\" class=\"wp-image-145\" srcset=\"https:\/\/www.praguecards.com\/wp-content\/uploads\/2023\/01\/prague-attraction5.jpg 1000w, https:\/\/www.praguecards.com\/wp-content\/uploads\/2023\/01\/prague-attraction5-300x165.jpg 300w, https:\/\/www.praguecards.com\/wp-content\/uploads\/2023\/01\/prague-attraction5-768x422.jpg 768w, https:\/\/www.praguecards.com\/wp-content\/uploads\/2023\/01\/prague-attraction5-18x10.jpg 18w\" sizes=\"auto, (max-width: 1000px) 100vw, 1000px\" \/><figcaption class=\"wp-element-caption\">\u00a9 DaLiu \/ Shutterstock.com<\/figcaption><\/figure>\n\n\n\n<p>Turnul de observa\u021bie Petrin Lookout Tower este situat pe dealul Petrin \u0219i ofer\u0103 o priveli\u0219te de neegalat asupra ora\u0219ului. Structura, construit\u0103 \u00een 1891, are o \u00een\u0103l\u021bime de aproape 60 de metri \u0219i a fost modelat\u0103 dup\u0103 Turnul Eiffel din Paris. Exist\u0103 dou\u0103 platforme de pe care v\u0103 pute\u021bi bucura de priveli\u0219te. Pute\u021bi at\u00e2t s\u0103 urca\u021bi pe sc\u0103ri, c\u00e2t \u0219i s\u0103 lua\u021bi un lift. Cu toate acestea, liftul istoric este adesea scos din func\u021biune. Turnul g\u0103zduie\u0219te, de asemenea, un mic muzeu \u0219i o cafenea.<\/p>\n\n\n\n<p>Inclus \u00een: <a href=\"https:\/\/www.praguecards.com\/ro\/visitor-pass\/\" title=\"Praga Visitor Pass\">Praga Visitor Pass<\/a><\/p>\n\n\n<div class=\"wp-block-ub-divider ub_divider ub-divider-orientation-horizontal\" id=\"ub_divider_74351de0-f3d9-40cb-b674-04066b8dc470\"><div class=\"ub_divider_wrapper\" style=\"position: relative; margin-bottom: 2px; width: 100%; height: 2px; \" data-divider-alignment=\"center\"><div class=\"ub_divider_line\" style=\"border-top: 2px solid #ccc; margin-top: 2px; \"><\/div><\/div><\/div>\n\n\n<h2 class=\"wp-block-heading\" style=\"font-style:normal;font-weight:600\">Muzeul Na\u021bional de Tehnologie<\/h2>\n\n\n\n<figure class=\"wp-block-image size-full\"><img loading=\"lazy\" decoding=\"async\" width=\"1000\" height=\"550\" src=\"https:\/\/www.praguecards.com\/wp-content\/uploads\/2023\/01\/prague-attraction6.jpg\" alt=\"Muzeul Na\u021bional de Tehnologie din Praga\" class=\"wp-image-146\" srcset=\"https:\/\/www.praguecards.com\/wp-content\/uploads\/2023\/01\/prague-attraction6.jpg 1000w, https:\/\/www.praguecards.com\/wp-content\/uploads\/2023\/01\/prague-attraction6-300x165.jpg 300w, https:\/\/www.praguecards.com\/wp-content\/uploads\/2023\/01\/prague-attraction6-768x422.jpg 768w, https:\/\/www.praguecards.com\/wp-content\/uploads\/2023\/01\/prague-attraction6-18x10.jpg 18w\" sizes=\"auto, (max-width: 1000px) 100vw, 1000px\" \/><figcaption class=\"wp-element-caption\">\u00a9 Rus S \/ Shutterstock.com<\/figcaption><\/figure>\n\n\n\n<p>Muzeul Na\u021bional Tehnic din Praga este unul dintre cele mai populare muzee din Republica Ceh\u0103. Situat \u00een inima ora\u0219ului, acesta ofer\u0103 vizitatorilor o perspectiv\u0103 fascinant\u0103 \u0219i cuprinz\u0103toare asupra istoriei ingineriei \u0219i tehnologiei. Fondat \u00een 1908, muzeul are o colec\u021bie uria\u0219\u0103 de artefacte, cum ar fi locomotive vechi, automobile, ma\u0219ini agricole \u0219i multe altele.<\/p>\n\n\n\n<p>Inclus \u00een: <a href=\"https:\/\/www.praguecards.com\/ro\/visitor-pass\/\" title=\"Praga Visitor Pass\">Praga Visitor Pass<\/a><\/p>\n\n\n<div class=\"wp-block-ub-divider ub_divider ub-divider-orientation-horizontal\" id=\"ub_divider_0bcb4edb-8192-4047-934c-23997856defe\"><div class=\"ub_divider_wrapper\" style=\"position: relative; margin-bottom: 2px; width: 100%; height: 2px; \" data-divider-alignment=\"center\"><div class=\"ub_divider_line\" style=\"border-top: 2px solid #ccc; margin-top: 2px; \"><\/div><\/div><\/div>\n\n\n<h2 class=\"wp-block-heading\" style=\"font-style:normal;font-weight:600\">Castelul Vy\u0161ehrad<\/h2>\n\n\n\n<figure class=\"wp-block-image size-full\"><img loading=\"lazy\" decoding=\"async\" width=\"1000\" height=\"550\" src=\"https:\/\/www.praguecards.com\/wp-content\/uploads\/2023\/01\/prague-attraction7.jpg\" alt=\"Castelul Vy\u0161ehrad din Praga\" class=\"wp-image-147\" srcset=\"https:\/\/www.praguecards.com\/wp-content\/uploads\/2023\/01\/prague-attraction7.jpg 1000w, https:\/\/www.praguecards.com\/wp-content\/uploads\/2023\/01\/prague-attraction7-300x165.jpg 300w, https:\/\/www.praguecards.com\/wp-content\/uploads\/2023\/01\/prague-attraction7-768x422.jpg 768w, https:\/\/www.praguecards.com\/wp-content\/uploads\/2023\/01\/prague-attraction7-18x10.jpg 18w\" sizes=\"auto, (max-width: 1000px) 100vw, 1000px\" \/><figcaption class=\"wp-element-caption\">\u00a9 Catarina Belova \/ Shutterstock.com<\/figcaption><\/figure>\n\n\n\n<p>Cu priveli\u0219tile sale uluitoare asupra orizontului ora\u0219ului \u0219i istoria sa remarcabil\u0103, Castelul Vy\u0161ehrad este una dintre cele mai populare destina\u021bii pentru turi\u0219ti \u0219i localnici deopotriv\u0103. Construit \u00eencep\u00e2nd cu secolul al X-lea, castelul este o m\u0103rturie a bogatului patrimoniu cultural al ora\u0219ului Praga. Vy\u0161ehrad ad\u0103poste\u0219te mai multe cl\u0103diri istorice, inclusiv Bazilica Sf\u00e2ntul Petru \u0219i Pavel, casematele \u0219i un cimitir \u00een care mul\u021bi cehi celebri \u0219i-au g\u0103sit locul de odihn\u0103 final\u0103.<\/p>\n\n\n\n<p>Inclus \u00een: <a href=\"https:\/\/www.praguecards.com\/ro\/visitor-pass\/\" title=\"Praga Visitor Pass\">Praga Visitor Pass<\/a>, <a href=\"https:\/\/www.praguecards.com\/ro\/coolpass\/\" title=\"Praga CoolPass\">Praga CoolPass<\/a><\/p>","protected":false},"excerpt":{"rendered":"<p>Dori\u021bi s\u0103 vizita\u021bi capitala Cehiei, dar nu \u0219ti\u021bi \u00eenc\u0103 ce atrac\u021bii ar trebui s\u0103 pune\u021bi pe lista de dorin\u021be? Urm\u0103toarele atrac\u021bii turistice nu trebuie ratate. Pute\u021bi vizita multe dintre ele gratuit cu Prague Card. Castelul Praga Castelul Praga este unul dintre cele mai populare obiective turistice din Praga. Puternicul castel de pe ... <a title=\"Atrac\u021biile de top din Praga\" class=\"read-more\" href=\"https:\/\/www.praguecards.com\/ro\/attraktionen\/\" aria-label=\"Cite\u0219te mai multe despre atrac\u021biile de top din Praga\">Cite\u0219te mai mult<\/a><\/p>","protected":false},"author":1,"featured_media":0,"parent":0,"menu_order":0,"comment_status":"closed","ping_status":"closed","template":"","meta":{"footnotes":""},"class_list":["post-137","page","type-page","status-publish"],"aioseo_notices":[],"featured_image_src":null,"_links":{"self":[{"href":"https:\/\/www.praguecards.com\/ro\/wp-json\/wp\/v2\/pages\/137","targetHints":{"allow":["GET"]}}],"collection":[{"href":"https:\/\/www.praguecards.com\/ro\/wp-json\/wp\/v2\/pages"}],"about":[{"href":"https:\/\/www.praguecards.com\/ro\/wp-json\/wp\/v2\/types\/page"}],"author":[{"embeddable":true,"href":"https:\/\/www.praguecards.com\/ro\/wp-json\/wp\/v2\/users\/1"}],"replies":[{"embeddable":true,"href":"https:\/\/www.praguecards.com\/ro\/wp-json\/wp\/v2\/comments?post=137"}],"version-history":[{"count":18,"href":"https:\/\/www.praguecards.com\/ro\/wp-json\/wp\/v2\/pages\/137\/revisions"}],"predecessor-version":[{"id":641,"href":"https:\/\/www.praguecards.com\/ro\/wp-json\/wp\/v2\/pages\/137\/revisions\/641"}],"wp:attachment":[{"href":"https:\/\/www.praguecards.com\/ro\/wp-json\/wp\/v2\/media?parent=137"}],"curies":[{"name":"wp","href":"https:\/\/api.w.org\/{rel}","templated":true}]}}