{"id":161,"date":"2023-01-21T14:22:09","date_gmt":"2023-01-21T14:22:09","guid":{"rendered":"https:\/\/www.praguecards.com\/?page_id=161"},"modified":"2025-05-22T13:44:40","modified_gmt":"2025-05-22T13:44:40","slug":"3-zile-in-praga","status":"publish","type":"page","link":"https:\/\/www.praguecards.com\/ro\/3-tage-in-prag\/","title":{"rendered":"3 zile \u00een Praga cu un Prague Card"},"content":{"rendered":"<p>Dac\u0103 vizita\u021bi Praga, pute\u021bi experimenta un ora\u0219 plin de cultur\u0103 \u0219i frumuse\u021be \u00een trei zile. Capitala ceh\u0103 este cunoscut\u0103 pentru arhitectura sa istoric\u0103, buc\u0103t\u0103ria unic\u0103 \u0219i istoria sa bogat\u0103. Acest lucru o face o destina\u021bie perfect\u0103 pentru c\u0103l\u0103torii interesa\u021bi de cultura ceh\u0103.<\/p>\n\n\n\n<p>Pentru un sejur de trei zile \u00een Praga, exist\u0103 mai mult dec\u00e2t suficient de f\u0103cut pentru a cunoa\u0219te ora\u0219ul \u0219i a petrece timpul. Dac\u0103 dori\u021bi s\u0103 rezerva\u021bi un Prague Card pentru vizitele dvs. turistice, v\u0103 recomand\u0103m Prague Visitor Pass sau, alternativ, Prague CoolPass. Itinerariul dvs. pentru trei zile \u00een Praga ar putea ar\u0103ta astfel.<\/p>\n\n\n\n<h2 class=\"wp-block-heading\" style=\"font-style:normal;font-weight:600\">Prima zi: Tur de ora\u0219, Castelul Praga \u0219i Petrin<\/h2>\n\n\n\n<figure class=\"wp-block-image size-full\"><img loading=\"lazy\" decoding=\"async\" width=\"1000\" height=\"550\" src=\"https:\/\/www.praguecards.com\/wp-content\/uploads\/2023\/01\/prag-tram-42.jpg\" alt=\"Linia 42 de tramvai din Praga\" class=\"wp-image-162\" srcset=\"https:\/\/www.praguecards.com\/wp-content\/uploads\/2023\/01\/prag-tram-42.jpg 1000w, https:\/\/www.praguecards.com\/wp-content\/uploads\/2023\/01\/prag-tram-42-300x165.jpg 300w, https:\/\/www.praguecards.com\/wp-content\/uploads\/2023\/01\/prag-tram-42-768x422.jpg 768w, https:\/\/www.praguecards.com\/wp-content\/uploads\/2023\/01\/prag-tram-42-18x10.jpg 18w\" sizes=\"auto, (max-width: 1000px) 100vw, 1000px\" \/><figcaption class=\"wp-element-caption\">Tramvaiul turistic Linia 42<\/figcaption><\/figure>\n\n\n\n<p>Cel mai bine este s\u0103 v\u0103 \u00eencepe\u021bi c\u0103l\u0103toria cu un tur de ora\u0219 pentru a v\u0103 face o prim\u0103 imagine de ansamblu. Tramvaiul turistic (linia 42) este potrivit pentru acest lucru. Cu tramvaiul pute\u021bi urca \u0219i cobor\u00ee la peste 20 de sta\u021bii sau pute\u021bi r\u0103m\u00e2ne a\u0219ezat pentru un tur complet.<\/p>\n\n\n\n<p>Cu ajutorul <a href=\"https:\/\/www.praguecards.com\/ro\/visitor-pass\/\" title=\"Praga Visitor Pass\">Praga Visitor Pass<\/a> pute\u021bi folosi acest tramvai gratuit. Alternativ, pute\u021bi lua parte la un tur al ora\u0219ului de dou\u0103 ore cu autobuzul (cu <a href=\"https:\/\/www.praguecards.com\/ro\/coolpass\/\" title=\"Praga CoolPass\">Praga CoolPass<\/a> gratuit).<\/p>\n\n\n\n<p>Apoi vizita\u021bi Castelul Praga - cel mai faimos simbol al ora\u0219ului. Cu un bilet, pute\u021bi nu numai s\u0103 v\u0103 plimba\u021bi pe terenul castelului, ci \u0219i s\u0103 vizita\u021bi Aleea de Aur, Vechiul Palat Regal, Catedrala Sf\u00e2ntul Vitus \u0219i Bazilica Sf\u00e2ntul Gheorghe. Cu <a href=\"https:\/\/www.praguecards.com\/ro\/visitor-pass\/\" title=\"Praga Visitor Pass\">Praga Visitor Pass<\/a> \u0219i <a href=\"https:\/\/www.praguecards.com\/ro\/coolpass\/\" title=\"Praga CoolPass\">Praga CoolPass<\/a> ve\u021bi beneficia de intrare gratuit\u0103.<\/p>\n\n\n\n<p>De la Castelul Praga este o scurt\u0103 plimbare p\u00e2n\u0103 la Parcul Petrin, unde se afl\u0103 Turnul de observa\u021bie Petrin. Pute\u021bi ajunge acolo cu linia de tramvai 42, cu transportul public sau cu funicularul Petrin.<\/p>\n\n\n\n<p>Urca\u021bi treptele sau lua\u021bi liftul istoric pentru o vedere minunat\u0103 asupra ora\u0219ului Praga. Dup\u0103 aceea, pute\u021bi vizita Labirintul Oglinzilor pentru o experien\u021b\u0103 captivant\u0103. Labirintul este situat l\u00e2ng\u0103 Turnul Petrin. Ambele atrac\u021bii sunt gratuite cu <a href=\"https:\/\/www.praguecards.com\/ro\/visitor-pass\/\" title=\"Praga Visitor Pass\">Praga Visitor Pass<\/a>.<\/p>\n\n\n\n<h2 class=\"wp-block-heading\" style=\"font-style:normal;font-weight:600\">A doua zi: Podul Carol, plimbare cu barca \u0219i ora\u0219ul vechi<\/h2>\n\n\n\n<figure class=\"wp-block-image size-full\"><img loading=\"lazy\" decoding=\"async\" width=\"1000\" height=\"550\" src=\"https:\/\/www.praguecards.com\/wp-content\/uploads\/2023\/01\/prague-attraction2.jpg\" alt=\"Podul Carol din Praga\" class=\"wp-image-142\" srcset=\"https:\/\/www.praguecards.com\/wp-content\/uploads\/2023\/01\/prague-attraction2.jpg 1000w, https:\/\/www.praguecards.com\/wp-content\/uploads\/2023\/01\/prague-attraction2-300x165.jpg 300w, https:\/\/www.praguecards.com\/wp-content\/uploads\/2023\/01\/prague-attraction2-768x422.jpg 768w, https:\/\/www.praguecards.com\/wp-content\/uploads\/2023\/01\/prague-attraction2-18x10.jpg 18w\" sizes=\"auto, (max-width: 1000px) 100vw, 1000px\" \/><figcaption class=\"wp-element-caption\">\u00a9 emperorcosar \/ Shutterstock.com<\/figcaption><\/figure>\n\n\n\n<p>\u00cencepe\u021bi cea de-a doua zi \u00een Praga la Podul Carol. Merit\u0103 s\u0103 merge\u021bi pe pod imediat dup\u0103 micul dejun, \u00eenainte de sosirea majorit\u0103\u021bii turi\u0219tilor. Podul Charles este cel mai frumos atunci c\u00e2nd este \u00eenc\u0103 gol.<\/p>\n\n\n\n<p>La fiecare cap\u0103t al podului se afl\u0103 un turn de pod. Contra cost, pute\u021bi urca pe turnuri \u0219i v\u0103 pute\u021bi bucura de priveli\u0219tea asupra Ora\u0219ului Mic sau a Ora\u0219ului Vechi. Numai cu <a href=\"https:\/\/www.praguecards.com\/ro\/visitor-pass\/\" title=\"Praga Visitor Pass\">Praga Visitor Pass<\/a> intrarea la ambele turnuri este gratuit\u0103.<\/p>\n\n\n\n<p>Dup\u0103 aceea pute\u021bi vizita Muzeul Podului Carol (cu <a href=\"https:\/\/www.praguecards.com\/ro\/visitor-pass\/\" title=\"Praga Visitor Pass\">Praga Visitor Pass<\/a> \u0219i <a href=\"https:\/\/www.praguecards.com\/ro\/coolpass\/\" title=\"Praga CoolPass\">Praga CoolPass<\/a> gratuit). De asemenea, la casa de bilete a muzeului v\u0103 pute\u021bi procura biletul pentru o plimbare cu barca pe Canalul Diavolului din Mica Vene\u021bie. Excursia cu barca este, de asemenea, gratuit\u0103 cu ambele carduri Praga.<\/p>\n\n\n\n<p>Dup\u0103 o plimbare cu barca \u00een Mica Vene\u021bie, ve\u021bi ajunge \u00een doar c\u00e2teva minute de mers pe jos \u00een Pia\u021ba Ora\u0219ului Vechi, pia\u021ba central\u0103 din centrul ora\u0219ului Praga. \u00cen Pia\u021ba Ora\u0219ului Vechi ve\u021bi g\u0103si Prim\u0103ria cu faimosul Ceas Astronomic. Cu <a href=\"https:\/\/www.praguecards.com\/ro\/visitor-pass\/\" title=\"Praga Visitor Pass\">Praga Visitor Pass<\/a> pute\u021bi vizita ceasul astronomic din interior \u0219i v\u0103 pute\u021bi bucura de priveli\u0219tea de pe acoperi\u0219ul prim\u0103riei.<\/p>\n\n\n\n<p>Apoi participa\u021bi la un tur ghidat al ora\u0219ului vechi. Acesta are loc la \u00eenceputul dup\u0103-amiezii, \u00een majoritatea zilelor s\u0103pt\u0103m\u00e2nii. Alternativ, \u00een unele zile se organizeaz\u0103 un tur ghidat al subteranelor medievale din Praga. Un tur ghidat este disponibil cu <a href=\"https:\/\/www.praguecards.com\/ro\/visitor-pass\/\" title=\"Praga Visitor Pass\">Praga Visitor Pass<\/a> gratuit.<\/p>\n\n\n\n<h2 class=\"wp-block-heading\" style=\"font-style:normal;font-weight:600\">A treia zi: Cartierul evreiesc \u0219i Vy\u0161ehrad<\/h2>\n\n\n\n<figure class=\"wp-block-image size-full\"><img loading=\"lazy\" decoding=\"async\" width=\"1000\" height=\"550\" src=\"https:\/\/www.praguecards.com\/wp-content\/uploads\/2023\/01\/prague-attraction7.jpg\" alt=\"Castelul Vy\u0161ehrad din Praga\" class=\"wp-image-147\" srcset=\"https:\/\/www.praguecards.com\/wp-content\/uploads\/2023\/01\/prague-attraction7.jpg 1000w, https:\/\/www.praguecards.com\/wp-content\/uploads\/2023\/01\/prague-attraction7-300x165.jpg 300w, https:\/\/www.praguecards.com\/wp-content\/uploads\/2023\/01\/prague-attraction7-768x422.jpg 768w, https:\/\/www.praguecards.com\/wp-content\/uploads\/2023\/01\/prague-attraction7-18x10.jpg 18w\" sizes=\"auto, (max-width: 1000px) 100vw, 1000px\" \/><figcaption class=\"wp-element-caption\">\u00a9 Catarina Belova \/ Shutterstock.com<\/figcaption><\/figure>\n\n\n\n<p>\u00cen cea de-a treia zi a c\u0103l\u0103toriei, vizita\u021bi Cartierul Evreiesc, situat la doar c\u00e2\u021biva pa\u0219i de Pia\u021ba Ora\u0219ului Vechi. Cartierul evreiesc g\u0103zduie\u0219te numeroase sinagogi, Muzeul Evreiesc \u0219i vechiul cimitir evreiesc. Biletul pentru Ora\u0219ul Evreiesc v\u0103 ofer\u0103 intrare la toate aceste obiective turistice. Cu biletul <a href=\"https:\/\/www.praguecards.com\/ro\/visitor-pass\/\" title=\"Praga Visitor Pass\">Praga Visitor Pass<\/a> \u0219i <a href=\"https:\/\/www.praguecards.com\/ro\/coolpass\/\" title=\"Praga CoolPass\">Praga CoolPass<\/a> biletul pentru Ora\u0219ul Evreiesc este gratuit.<\/p>\n\n\n\n<p>Dac\u0103 ve\u021bi continua apoi s\u0103 explora\u021bi centrul ora\u0219ului, face\u021bi o scurt\u0103 oprire la istoricul Turnul Pulberilor. Urca\u021bi pe puntea de observa\u021bie \u0219i admira\u021bi centrul ora\u0219ului Praga de sus. Intrarea este gratuit\u0103 cu cardul Praga Visitor Pass.<\/p>\n\n\n\n<p>Dup\u0103-amiaza, pute\u021bi explora un obiectiv turistic care se afl\u0103 \u00een afara centrului ora\u0219ului. Folosi\u021bi metroul sau tramvaiul (cu <a href=\"https:\/\/www.praguecards.com\/ro\/visitor-pass\/\" title=\"Praga Visitor Pass\">Praga Visitor Pass<\/a> gratuit) pentru a ajunge la Castelul Vy\u0161ehrad. De acolo pute\u021bi privi ora\u0219ul \u0219i pute\u021bi veni s\u0103 v\u0103 odihni\u021bi. Pe teren se afl\u0103 Catedrala Sf\u00e2ntul Petru \u0219i Pavel, un cimitir \u0219i cazematele. Intrarea este gratuit\u0103 cu <a href=\"https:\/\/www.praguecards.com\/ro\/visitor-pass\/\" title=\"Praga Visitor Pass\">Praga Visitor Pass<\/a> \u0219i <a href=\"https:\/\/www.praguecards.com\/ro\/coolpass\/\" title=\"Praga CoolPass\">Praga CoolPass<\/a>.<\/p>","protected":false},"excerpt":{"rendered":"<p>Vizitatorii din Praga pot experimenta un ora\u0219 plin de cultur\u0103 \u0219i frumuse\u021be \u00een doar trei zile. Capitala ceh\u0103 este cunoscut\u0103 pentru arhitectura sa istoric\u0103, buc\u0103t\u0103ria unic\u0103 \u0219i istoria sa bogat\u0103. Acest lucru o face o destina\u021bie perfect\u0103 pentru c\u0103l\u0103torii interesa\u021bi de cultura ceh\u0103. Pentru un sejur de trei zile \u00een Praga, exist\u0103 mai mult dec\u00e2t suficient pentru a ... <a title=\"3 zile \u00een Praga cu un Prague Card\" class=\"read-more\" href=\"https:\/\/www.praguecards.com\/ro\/3-tage-in-prag\/\" aria-label=\"Cite\u0219te mai multe despre 3 days in Prague with a Prague Card\">Cite\u0219te mai mult<\/a><\/p>","protected":false},"author":1,"featured_media":0,"parent":0,"menu_order":0,"comment_status":"closed","ping_status":"closed","template":"","meta":{"footnotes":""},"class_list":["post-161","page","type-page","status-publish"],"aioseo_notices":[],"featured_image_src":null,"_links":{"self":[{"href":"https:\/\/www.praguecards.com\/ro\/wp-json\/wp\/v2\/pages\/161","targetHints":{"allow":["GET"]}}],"collection":[{"href":"https:\/\/www.praguecards.com\/ro\/wp-json\/wp\/v2\/pages"}],"about":[{"href":"https:\/\/www.praguecards.com\/ro\/wp-json\/wp\/v2\/types\/page"}],"author":[{"embeddable":true,"href":"https:\/\/www.praguecards.com\/ro\/wp-json\/wp\/v2\/users\/1"}],"replies":[{"embeddable":true,"href":"https:\/\/www.praguecards.com\/ro\/wp-json\/wp\/v2\/comments?post=161"}],"version-history":[{"count":13,"href":"https:\/\/www.praguecards.com\/ro\/wp-json\/wp\/v2\/pages\/161\/revisions"}],"predecessor-version":[{"id":639,"href":"https:\/\/www.praguecards.com\/ro\/wp-json\/wp\/v2\/pages\/161\/revisions\/639"}],"wp:attachment":[{"href":"https:\/\/www.praguecards.com\/ro\/wp-json\/wp\/v2\/media?parent=161"}],"curies":[{"name":"wp","href":"https:\/\/api.w.org\/{rel}","templated":true}]}}