{"id":137,"date":"2023-01-20T18:47:13","date_gmt":"2023-01-20T18:47:13","guid":{"rendered":"https:\/\/www.praguecards.com\/?page_id=137"},"modified":"2025-05-22T13:47:02","modified_gmt":"2025-05-22T13:47:02","slug":"atrakcie","status":"publish","type":"page","link":"https:\/\/www.praguecards.com\/sk\/attraktionen\/","title":{"rendered":"Najv\u00fdznamnej\u0161ie atrakcie Prahy"},"content":{"rendered":"<p>Chceli by ste nav\u0161t\u00edvi\u0165 \u010desk\u00fa metropolu, ale e\u0161te neviete, ktor\u00e9 atrakcie by ste mali ur\u010dite zaradi\u0165 na svoj zoznam \u017eelan\u00ed? Nasleduj\u00face pamiatky by ste nemali vynecha\u0165. Mnoh\u00e9 z nich m\u00f4\u017eete nav\u0161t\u00edvi\u0165 bezplatne s Prague Card.<\/p>\n\n\n\n<h2 class=\"wp-block-heading\" style=\"font-style:normal;font-weight:600\">Pra\u017esk\u00fd hrad<\/h2>\n\n\n\n<figure class=\"wp-block-image size-full\"><img loading=\"lazy\" decoding=\"async\" width=\"1000\" height=\"550\" src=\"https:\/\/www.praguecards.com\/wp-content\/uploads\/2023\/01\/prague-attraction1-1.jpg\" alt=\"\" class=\"wp-image-148\" srcset=\"https:\/\/www.praguecards.com\/wp-content\/uploads\/2023\/01\/prague-attraction1-1.jpg 1000w, https:\/\/www.praguecards.com\/wp-content\/uploads\/2023\/01\/prague-attraction1-1-300x165.jpg 300w, https:\/\/www.praguecards.com\/wp-content\/uploads\/2023\/01\/prague-attraction1-1-768x422.jpg 768w, https:\/\/www.praguecards.com\/wp-content\/uploads\/2023\/01\/prague-attraction1-1-18x10.jpg 18w\" sizes=\"auto, (max-width: 1000px) 100vw, 1000px\" \/><\/figure>\n\n\n\n<div style=\"height:20px\" aria-hidden=\"true\" class=\"wp-block-spacer\"><\/div>\n\n\n\n<p>Pra\u017esk\u00fd hrad je jednou z najob\u013e\u00fabenej\u0161\u00edch pamiatok v Prahe. Mohutn\u00fd hrad na Hrad\u010danoch bol v hist\u00f3rii s\u00eddlom mnoh\u00fdch kr\u00e1\u013eov, cis\u00e1rov a prezidentov. Dnes je to predov\u0161etk\u00fdm jedna z najnav\u0161tevovanej\u0161\u00edch turistick\u00fdch destin\u00e1ci\u00ed. Are\u00e1l hradu m\u00f4\u017eete nav\u0161t\u00edvi\u0165 zadarmo, ale ak si chcete pozrie\u0165 budovy zvn\u00fatra, mali by ste si k\u00fapi\u0165 vstupenku. Vstupenka v\u00e1m umo\u017en\u00ed vstup do Katedr\u00e1ly sv\u00e4t\u00e9ho V\u00edta, Star\u00e9ho kr\u00e1\u013eovsk\u00e9ho pal\u00e1ca, Baziliky sv\u00e4t\u00e9ho Juraja a Zlatej uli\u010dky.<\/p>\n\n\n\n<p>Zahrnut\u00e9 v: <a href=\"https:\/\/www.praguecards.com\/sk\/priepustka-pre-navstevnikov\/\" title=\"Praha Visitor Pass\">Praha Visitor Pass<\/a>, <a href=\"https:\/\/www.praguecards.com\/sk\/coolpass\/\" title=\"Praha CoolPass\">Praha CoolPass<\/a>, <a href=\"https:\/\/www.praguecards.com\/sk\/all-inclusive-pass\/\" title=\"Praha All Inclusive Pass\">All Inclusive Pass<\/a><\/p>\n\n\n<div class=\"wp-block-ub-divider ub_divider ub-divider-orientation-horizontal\" id=\"ub_divider_ecca87f5-4740-4810-8d7e-6dcea63a6938\"><div class=\"ub_divider_wrapper\" style=\"position: relative; margin-bottom: 2px; width: 100%; height: 2px; \" data-divider-alignment=\"center\"><div class=\"ub_divider_line\" style=\"border-top: 2px solid #ccc; margin-top: 2px; \"><\/div><\/div><\/div>\n\n\n<h2 class=\"wp-block-heading\" style=\"font-style:normal;font-weight:600\">Karlov most<\/h2>\n\n\n\n<figure class=\"wp-block-image size-full\"><img loading=\"lazy\" decoding=\"async\" width=\"1000\" height=\"550\" src=\"https:\/\/www.praguecards.com\/wp-content\/uploads\/2023\/01\/prague-attraction2.jpg\" alt=\"Karlov most v Prahe\" class=\"wp-image-142\" srcset=\"https:\/\/www.praguecards.com\/wp-content\/uploads\/2023\/01\/prague-attraction2.jpg 1000w, https:\/\/www.praguecards.com\/wp-content\/uploads\/2023\/01\/prague-attraction2-300x165.jpg 300w, https:\/\/www.praguecards.com\/wp-content\/uploads\/2023\/01\/prague-attraction2-768x422.jpg 768w, https:\/\/www.praguecards.com\/wp-content\/uploads\/2023\/01\/prague-attraction2-18x10.jpg 18w\" sizes=\"auto, (max-width: 1000px) 100vw, 1000px\" \/><figcaption class=\"wp-element-caption\">\u00a9 emperorcosar \/ Shutterstock.com<\/figcaption><\/figure>\n\n\n\n<p>Karlov most je rovnako ob\u013e\u00fabenou atrakciou. Tento ikonick\u00fd kamenn\u00fd most, ktor\u00fd sa klenie cez rieku Vltavu, je symbolom Prahy a je povinnou zast\u00e1vkou ka\u017ed\u00e9ho n\u00e1v\u0161tevn\u00edka mesta. Je lemovan\u00e1 mnoh\u00fdmi sochami sv\u00e4t\u00fdch a pon\u00faka kr\u00e1sny v\u00fdh\u013ead na obe strany rieky. Na most odpor\u00fa\u010dame vyrazi\u0165 skoro r\u00e1no, e\u0161te pred pr\u00edchodom v\u00e4\u010d\u0161iny turistov.<\/p>\n\n\n\n<p>Na ka\u017edom konci Karlovho mosta sa nach\u00e1dza mostn\u00e1 ve\u017ea. Za poplatok m\u00f4\u017eete vyst\u00fapi\u0165 na obe ve\u017ee a vychutna\u0165 si v\u00fdh\u013ead na Star\u00e9 mesto alebo Mal\u00fa stranu.<\/p>\n\n\n\n<p>Zahrnut\u00e9 v: <a href=\"https:\/\/www.praguecards.com\/sk\/priepustka-pre-navstevnikov\/\" title=\"Praha Visitor Pass\">Praha Visitor Pass<\/a><\/p>\n\n\n<div class=\"wp-block-ub-divider ub_divider ub-divider-orientation-horizontal\" id=\"ub_divider_8bf5bfb5-e168-4f94-b6a4-e72c5536d13e\"><div class=\"ub_divider_wrapper\" style=\"position: relative; margin-bottom: 2px; width: 100%; height: 2px; \" data-divider-alignment=\"center\"><div class=\"ub_divider_line\" style=\"border-top: 2px solid #ccc; margin-top: 2px; \"><\/div><\/div><\/div>\n\n\n<h2 class=\"wp-block-heading\" style=\"font-style:normal;font-weight:600\">Staromestsk\u00e9 n\u00e1mestie<\/h2>\n\n\n\n<figure class=\"wp-block-image size-full\"><img loading=\"lazy\" decoding=\"async\" width=\"1000\" height=\"550\" src=\"https:\/\/www.praguecards.com\/wp-content\/uploads\/2023\/01\/prague-attraction3.jpg\" alt=\"Staromestsk\u00e9 n\u00e1mestie v Prahe\" class=\"wp-image-143\" srcset=\"https:\/\/www.praguecards.com\/wp-content\/uploads\/2023\/01\/prague-attraction3.jpg 1000w, https:\/\/www.praguecards.com\/wp-content\/uploads\/2023\/01\/prague-attraction3-300x165.jpg 300w, https:\/\/www.praguecards.com\/wp-content\/uploads\/2023\/01\/prague-attraction3-768x422.jpg 768w, https:\/\/www.praguecards.com\/wp-content\/uploads\/2023\/01\/prague-attraction3-18x10.jpg 18w\" sizes=\"auto, (max-width: 1000px) 100vw, 1000px\" \/><figcaption class=\"wp-element-caption\"> Andrew Mayovskyy \/ Shutterstock.com<\/figcaption><\/figure>\n\n\n\n<p>Staromestsk\u00e9 n\u00e1mestie je centr\u00e1lnym n\u00e1mest\u00edm v Prahe. V\u0161etky ulice sa tu zbiehaj\u00fa, tak\u017ee sk\u00f4r \u010di nesk\u00f4r sa ocitnete na Staromestskom n\u00e1mest\u00ed. Okolo n\u00e1mestia sa nach\u00e1dza mno\u017estvo re\u0161taur\u00e1ci\u00ed, ale aj historick\u00fdch budov, ako je Star\u00e1 radnica s orlojom, ktor\u00fd odb\u00edja ka\u017ed\u00fa hodinu a pri\u0165ahuje nespo\u010detn\u00e9 mno\u017estvo turistov. Nie ka\u017ed\u00fd vie, \u017ee do radnice m\u00f4\u017eete vst\u00fapi\u0165 aj zvn\u00fatra a nav\u0161t\u00edvi\u0165 orloj. Potrebujete na to vstupenku.<\/p>\n\n\n\n<p>Zahrnut\u00e9 v: <a href=\"https:\/\/www.praguecards.com\/sk\/priepustka-pre-navstevnikov\/\" title=\"Praha Visitor Pass\">Praha Visitor Pass<\/a><\/p>\n\n\n<div class=\"wp-block-ub-divider ub_divider ub-divider-orientation-horizontal\" id=\"ub_divider_c76484e4-1973-4dbb-bc1f-9e590537ec47\"><div class=\"ub_divider_wrapper\" style=\"position: relative; margin-bottom: 2px; width: 100%; height: 2px; \" data-divider-alignment=\"center\"><div class=\"ub_divider_line\" style=\"border-top: 2px solid #ccc; margin-top: 2px; \"><\/div><\/div><\/div>\n\n\n<h2 class=\"wp-block-heading\" style=\"font-style:normal;font-weight:600\">\u017didovsk\u00e1 \u0161tvr\u0165<\/h2>\n\n\n\n<figure class=\"wp-block-image size-full\"><img loading=\"lazy\" decoding=\"async\" width=\"1000\" height=\"550\" src=\"https:\/\/www.praguecards.com\/wp-content\/uploads\/2023\/01\/prague-attraction4.jpg\" alt=\"\u0160panielska synag\u00f3ga v Prahe\" class=\"wp-image-144\" srcset=\"https:\/\/www.praguecards.com\/wp-content\/uploads\/2023\/01\/prague-attraction4.jpg 1000w, https:\/\/www.praguecards.com\/wp-content\/uploads\/2023\/01\/prague-attraction4-300x165.jpg 300w, https:\/\/www.praguecards.com\/wp-content\/uploads\/2023\/01\/prague-attraction4-768x422.jpg 768w, https:\/\/www.praguecards.com\/wp-content\/uploads\/2023\/01\/prague-attraction4-18x10.jpg 18w\" sizes=\"auto, (max-width: 1000px) 100vw, 1000px\" \/><figcaption class=\"wp-element-caption\">\u00a9 OlegGr \/ Shutterstock.com<\/figcaption><\/figure>\n\n\n\n<p>\u017didovsk\u00e1 \u0161tvr\u0165 Prahy hrani\u010d\u00ed so Staromestsk\u00fdm n\u00e1mest\u00edm a je jednou z najzauj\u00edmavej\u0161\u00edch oblast\u00ed mesta. V tejto \u0161tvrti sa nach\u00e1dza mnoho synag\u00f3g, m\u00faze\u00ed a star\u00fd \u017eidovsk\u00fd cintor\u00edn. Objednajte si prehliadku so sprievodcom, aby ste skuto\u010dne spoznali hist\u00f3riu \u0161tvrte. V cene Prahy Visitor Pass je zahrnut\u00e1 aj anglicky hovoriaca prehliadka so sprievodcom.<\/p>\n\n\n\n<p>Pre najd\u00f4le\u017eitej\u0161ie pamiatky je k dispoz\u00edcii kombinovan\u00fd l\u00edstok. So vstupenkou do \u017eidovsk\u00e9ho mesta m\u00f4\u017eete po\u010das siedmich dn\u00ed nav\u0161t\u00edvi\u0165 synag\u00f3gy, m\u00faze\u00e1 a cintor\u00edn.<\/p>\n\n\n\n<p>Zahrnut\u00e9 v: <a href=\"https:\/\/www.praguecards.com\/sk\/priepustka-pre-navstevnikov\/\" title=\"Praha Visitor Pass\">Praha Visitor Pass<\/a>, <a href=\"https:\/\/www.praguecards.com\/sk\/coolpass\/\" title=\"Praha CoolPass\">Praha CoolPass<\/a>, <a href=\"https:\/\/www.praguecards.com\/sk\/all-inclusive-pass\/\" title=\"Praha All Inclusive Pass\">All Inclusive Pass<\/a><\/p>\n\n\n<div class=\"wp-block-ub-divider ub_divider ub-divider-orientation-horizontal\" id=\"ub_divider_82573696-67a4-46be-90d0-6df4f3c37357\"><div class=\"ub_divider_wrapper\" style=\"position: relative; margin-bottom: 2px; width: 100%; height: 2px; \" data-divider-alignment=\"center\"><div class=\"ub_divider_line\" style=\"border-top: 2px solid #ccc; margin-top: 2px; \"><\/div><\/div><\/div>\n\n\n<h2 class=\"wp-block-heading\" style=\"font-style:normal;font-weight:600\">Pet\u0159\u00ednska rozh\u013ead\u0148a<\/h2>\n\n\n\n<figure class=\"wp-block-image size-full\"><img loading=\"lazy\" decoding=\"async\" width=\"1000\" height=\"550\" src=\"https:\/\/www.praguecards.com\/wp-content\/uploads\/2023\/01\/prague-attraction5.jpg\" alt=\"Pet\u0159\u00ednska rozh\u013ead\u0148a v Prahe\" class=\"wp-image-145\" srcset=\"https:\/\/www.praguecards.com\/wp-content\/uploads\/2023\/01\/prague-attraction5.jpg 1000w, https:\/\/www.praguecards.com\/wp-content\/uploads\/2023\/01\/prague-attraction5-300x165.jpg 300w, https:\/\/www.praguecards.com\/wp-content\/uploads\/2023\/01\/prague-attraction5-768x422.jpg 768w, https:\/\/www.praguecards.com\/wp-content\/uploads\/2023\/01\/prague-attraction5-18x10.jpg 18w\" sizes=\"auto, (max-width: 1000px) 100vw, 1000px\" \/><figcaption class=\"wp-element-caption\">\u00a9 DaLiu \/ Shutterstock.com<\/figcaption><\/figure>\n\n\n\n<p>Pet\u0159\u00ednska rozh\u013ead\u0148a sa nach\u00e1dza na vrchu Pet\u0159\u00edn a pon\u00faka jedine\u010dn\u00fd v\u00fdh\u013ead na mesto. Stavba postaven\u00e1 v roku 1891 je vysok\u00e1 takmer 60 metrov a jej vzorom bola Eiffelova ve\u017ea v Par\u00ed\u017ei. S\u00fa tu dve plo\u0161iny, z ktor\u00fdch si m\u00f4\u017eete vychutna\u0165 v\u00fdh\u013ead. Po schodoch m\u00f4\u017eete \u00eds\u0165 pe\u0161o aj v\u00fd\u0165ahom. Historick\u00fd v\u00fd\u0165ah je v\u0161ak \u010dasto mimo prev\u00e1dzky. Vo ve\u017ei sa nach\u00e1dza aj mal\u00e9 m\u00fazeum a kaviare\u0148.<\/p>\n\n\n\n<p>Zahrnut\u00e9 v: <a href=\"https:\/\/www.praguecards.com\/sk\/priepustka-pre-navstevnikov\/\" title=\"Praha Visitor Pass\">Praha Visitor Pass<\/a><\/p>\n\n\n<div class=\"wp-block-ub-divider ub_divider ub-divider-orientation-horizontal\" id=\"ub_divider_74351de0-f3d9-40cb-b674-04066b8dc470\"><div class=\"ub_divider_wrapper\" style=\"position: relative; margin-bottom: 2px; width: 100%; height: 2px; \" data-divider-alignment=\"center\"><div class=\"ub_divider_line\" style=\"border-top: 2px solid #ccc; margin-top: 2px; \"><\/div><\/div><\/div>\n\n\n<h2 class=\"wp-block-heading\" style=\"font-style:normal;font-weight:600\">N\u00e1rodn\u00e9 technick\u00e9 m\u00fazeum<\/h2>\n\n\n\n<figure class=\"wp-block-image size-full\"><img loading=\"lazy\" decoding=\"async\" width=\"1000\" height=\"550\" src=\"https:\/\/www.praguecards.com\/wp-content\/uploads\/2023\/01\/prague-attraction6.jpg\" alt=\"N\u00e1rodn\u00e9 technick\u00e9 m\u00fazeum v Prahe\" class=\"wp-image-146\" srcset=\"https:\/\/www.praguecards.com\/wp-content\/uploads\/2023\/01\/prague-attraction6.jpg 1000w, https:\/\/www.praguecards.com\/wp-content\/uploads\/2023\/01\/prague-attraction6-300x165.jpg 300w, https:\/\/www.praguecards.com\/wp-content\/uploads\/2023\/01\/prague-attraction6-768x422.jpg 768w, https:\/\/www.praguecards.com\/wp-content\/uploads\/2023\/01\/prague-attraction6-18x10.jpg 18w\" sizes=\"auto, (max-width: 1000px) 100vw, 1000px\" \/><figcaption class=\"wp-element-caption\">\u00a9 Rus S \/ Shutterstock.com<\/figcaption><\/figure>\n\n\n\n<p>N\u00e1rodn\u00e9 technick\u00e9 m\u00fazeum v Prahe je jedn\u00fdm z najob\u013e\u00fabenej\u0161\u00edch m\u00faze\u00ed v \u010ceskej republike. Nach\u00e1dza sa v centre mesta a pon\u00faka n\u00e1v\u0161tevn\u00edkom fascinuj\u00faci a komplexn\u00fd poh\u013ead na hist\u00f3riu techniky a technol\u00f3gie. M\u00fazeum zalo\u017een\u00e9 v roku 1908 m\u00e1 obrovsk\u00fa zbierku artefaktov, ako s\u00fa star\u00e9 lokomot\u00edvy, automobily, po\u013enohospod\u00e1rske stroje a \u010fal\u0161ie.<\/p>\n\n\n\n<p>Zahrnut\u00e9 v: <a href=\"https:\/\/www.praguecards.com\/sk\/priepustka-pre-navstevnikov\/\" title=\"Praha Visitor Pass\">Praha Visitor Pass<\/a><\/p>\n\n\n<div class=\"wp-block-ub-divider ub_divider ub-divider-orientation-horizontal\" id=\"ub_divider_0bcb4edb-8192-4047-934c-23997856defe\"><div class=\"ub_divider_wrapper\" style=\"position: relative; margin-bottom: 2px; width: 100%; height: 2px; \" data-divider-alignment=\"center\"><div class=\"ub_divider_line\" style=\"border-top: 2px solid #ccc; margin-top: 2px; \"><\/div><\/div><\/div>\n\n\n<h2 class=\"wp-block-heading\" style=\"font-style:normal;font-weight:600\">Hrad Vy\u0161ehrad<\/h2>\n\n\n\n<figure class=\"wp-block-image size-full\"><img loading=\"lazy\" decoding=\"async\" width=\"1000\" height=\"550\" src=\"https:\/\/www.praguecards.com\/wp-content\/uploads\/2023\/01\/prague-attraction7.jpg\" alt=\"Vy\u0161ehrad v Prahe\" class=\"wp-image-147\" srcset=\"https:\/\/www.praguecards.com\/wp-content\/uploads\/2023\/01\/prague-attraction7.jpg 1000w, https:\/\/www.praguecards.com\/wp-content\/uploads\/2023\/01\/prague-attraction7-300x165.jpg 300w, https:\/\/www.praguecards.com\/wp-content\/uploads\/2023\/01\/prague-attraction7-768x422.jpg 768w, https:\/\/www.praguecards.com\/wp-content\/uploads\/2023\/01\/prague-attraction7-18x10.jpg 18w\" sizes=\"auto, (max-width: 1000px) 100vw, 1000px\" \/><figcaption class=\"wp-element-caption\">\u00a9 Catarina Belova \/ Shutterstock.com<\/figcaption><\/figure>\n\n\n\n<p>Vy\u0161ehrad je so svoj\u00edm \u00fachvatn\u00fdm v\u00fdh\u013eadom na panor\u00e1mu mesta a pozoruhodnou hist\u00f3riou jedn\u00fdm z najob\u013e\u00fabenej\u0161\u00edch cie\u013eov turistov aj miestnych obyvate\u013eov. Hrad, postaven\u00fd v 10. storo\u010d\u00ed, je svedectvom bohat\u00e9ho kult\u00farneho dedi\u010dstva Prahy. Na Vy\u0161ehrade sa nach\u00e1dza nieko\u013eko historick\u00fdch budov vr\u00e1tane baziliky sv\u00e4t\u00e9ho Petra a Pavla, kazematy a cintor\u00edn, kde na\u0161li miesto posledn\u00e9ho odpo\u010dinku mnoh\u00ed zn\u00e1mi \u010cesi.<\/p>\n\n\n\n<p>Zahrnut\u00e9 v: <a href=\"https:\/\/www.praguecards.com\/sk\/priepustka-pre-navstevnikov\/\" title=\"Praha Visitor Pass\">Praha Visitor Pass<\/a>, <a href=\"https:\/\/www.praguecards.com\/sk\/coolpass\/\" title=\"Praha CoolPass\">Praha CoolPass<\/a><\/p>","protected":false},"excerpt":{"rendered":"<p>Chceli by ste nav\u0161t\u00edvi\u0165 \u010desk\u00fa metropolu, ale e\u0161te neviete, ktor\u00e9 atrakcie by ste mali ur\u010dite zaradi\u0165 na svoj zoznam \u017eelan\u00ed? Nasleduj\u00face pamiatky by ste nemali vynecha\u0165. Mnoh\u00e9 z nich m\u00f4\u017eete nav\u0161t\u00edvi\u0165 bezplatne s Prague Card. Pra\u017esk\u00fd hrad Pra\u017esk\u00fd hrad je jednou z najob\u013e\u00fabenej\u0161\u00edch pamiatok v Prahe. Mohutn\u00fd hrad na brehu rieky Moravy, ktor\u00fd sa nach\u00e1dza na ... <a title=\"Najv\u00fdznamnej\u0161ie atrakcie Prahy\" class=\"read-more\" href=\"https:\/\/www.praguecards.com\/sk\/attraktionen\/\" aria-label=\"Pre\u010d\u00edtajte si viac o top atrakci\u00e1ch Prahy\">\u010c\u00edta\u0165 viac<\/a><\/p>","protected":false},"author":1,"featured_media":0,"parent":0,"menu_order":0,"comment_status":"closed","ping_status":"closed","template":"","meta":{"footnotes":""},"class_list":["post-137","page","type-page","status-publish"],"aioseo_notices":[],"featured_image_src":null,"_links":{"self":[{"href":"https:\/\/www.praguecards.com\/sk\/wp-json\/wp\/v2\/pages\/137","targetHints":{"allow":["GET"]}}],"collection":[{"href":"https:\/\/www.praguecards.com\/sk\/wp-json\/wp\/v2\/pages"}],"about":[{"href":"https:\/\/www.praguecards.com\/sk\/wp-json\/wp\/v2\/types\/page"}],"author":[{"embeddable":true,"href":"https:\/\/www.praguecards.com\/sk\/wp-json\/wp\/v2\/users\/1"}],"replies":[{"embeddable":true,"href":"https:\/\/www.praguecards.com\/sk\/wp-json\/wp\/v2\/comments?post=137"}],"version-history":[{"count":18,"href":"https:\/\/www.praguecards.com\/sk\/wp-json\/wp\/v2\/pages\/137\/revisions"}],"predecessor-version":[{"id":641,"href":"https:\/\/www.praguecards.com\/sk\/wp-json\/wp\/v2\/pages\/137\/revisions\/641"}],"wp:attachment":[{"href":"https:\/\/www.praguecards.com\/sk\/wp-json\/wp\/v2\/media?parent=137"}],"curies":[{"name":"wp","href":"https:\/\/api.w.org\/{rel}","templated":true}]}}