{"id":161,"date":"2023-01-21T14:22:09","date_gmt":"2023-01-21T14:22:09","guid":{"rendered":"https:\/\/www.praguecards.com\/?page_id=161"},"modified":"2025-05-22T13:44:40","modified_gmt":"2025-05-22T13:44:40","slug":"3-dni-v-prahe","status":"publish","type":"page","link":"https:\/\/www.praguecards.com\/sk\/3-tage-in-prag\/","title":{"rendered":"3 dni v Prahe s Prague Card"},"content":{"rendered":"<p>Ak nav\u0161t\u00edvite Prahu, m\u00f4\u017eete za tri dni spozna\u0165 mesto pln\u00e9 kult\u00fary a kr\u00e1sy. \u010cesk\u00e9 hlavn\u00e9 mesto je zn\u00e1me svojou historickou architekt\u00farou, jedine\u010dnou kuchy\u0148ou a bohatou hist\u00f3riou. To z neho rob\u00ed ide\u00e1lnu destin\u00e1ciu pre cestovate\u013eov, ktor\u00ed sa zauj\u00edmaj\u00fa o \u010desk\u00fa kult\u00faru.<\/p>\n\n\n\n<p>Po\u010das trojd\u0148ov\u00e9ho pobytu v Prahe je viac ne\u017e dos\u0165 mo\u017enost\u00ed, ako spozna\u0165 mesto a skr\u00e1ti\u0165 si \u010das. Ak si chcete na prehliadku Prahy rezervova\u0165 kartu Prague Card, odpor\u00fa\u010dame v\u00e1m Prague Card Visitor Pass alebo pr\u00edpadne Prague Card CoolPass. V\u00e1\u0161 itiner\u00e1r na tri dni v Prahe by mohol vyzera\u0165 takto.<\/p>\n\n\n\n<h2 class=\"wp-block-heading\" style=\"font-style:normal;font-weight:600\">Prv\u00fd de\u0148: Prehliadka mesta, Pra\u017esk\u00fd hrad a Pet\u0159\u00edn<\/h2>\n\n\n\n<figure class=\"wp-block-image size-full\"><img loading=\"lazy\" decoding=\"async\" width=\"1000\" height=\"550\" src=\"https:\/\/www.praguecards.com\/wp-content\/uploads\/2023\/01\/prag-tram-42.jpg\" alt=\"Pra\u017esk\u00e1 elektri\u010dkov\u00e1 linka 42\" class=\"wp-image-162\" srcset=\"https:\/\/www.praguecards.com\/wp-content\/uploads\/2023\/01\/prag-tram-42.jpg 1000w, https:\/\/www.praguecards.com\/wp-content\/uploads\/2023\/01\/prag-tram-42-300x165.jpg 300w, https:\/\/www.praguecards.com\/wp-content\/uploads\/2023\/01\/prag-tram-42-768x422.jpg 768w, https:\/\/www.praguecards.com\/wp-content\/uploads\/2023\/01\/prag-tram-42-18x10.jpg 18w\" sizes=\"auto, (max-width: 1000px) 100vw, 1000px\" \/><figcaption class=\"wp-element-caption\">Turistick\u00e1 elektri\u010dkov\u00e1 linka 42<\/figcaption><\/figure>\n\n\n\n<p>Najlep\u0161ie je za\u010da\u0165 cestu prehliadkou mesta, aby ste z\u00edskali prv\u00fd preh\u013ead. Na to je vhodn\u00e1 turistick\u00e1 elektri\u010dka (linka 42). V elektri\u010dke m\u00f4\u017eete nast\u00fapi\u0165 a vyst\u00fapi\u0165 na viac ako 20 zast\u00e1vkach alebo zosta\u0165 sedie\u0165 a absolvova\u0165 cel\u00fa prehliadku.<\/p>\n\n\n\n<p>S <a href=\"https:\/\/www.praguecards.com\/sk\/priepustka-pre-navstevnikov\/\" title=\"Praha Visitor Pass\">Praha Visitor Pass<\/a> m\u00f4\u017eete t\u00fato elektri\u010dku pou\u017e\u00edva\u0165 bezplatne. Pr\u00edpadne sa m\u00f4\u017eete z\u00fa\u010dastni\u0165 dvojhodinovej prehliadky mesta autobusom (s <a href=\"https:\/\/www.praguecards.com\/sk\/coolpass\/\" title=\"Praha CoolPass\">Praha CoolPass<\/a> bezplatne).<\/p>\n\n\n\n<p>Potom nav\u0161t\u00edvte Pra\u017esk\u00fd hrad - najzn\u00e1mej\u0161iu pamiatku mesta. So vstupenkou sa m\u00f4\u017eete nielen prejs\u0165 po hradnom are\u00e1li, ale aj nav\u0161t\u00edvi\u0165 Zlat\u00fa uli\u010dku, Star\u00fd kr\u00e1\u013eovsk\u00fd pal\u00e1c, Katedr\u00e1lu sv\u00e4t\u00e9ho V\u00edta a Baziliku sv\u00e4t\u00e9ho Juraja. S <a href=\"https:\/\/www.praguecards.com\/sk\/priepustka-pre-navstevnikov\/\" title=\"Praha Visitor Pass\">Praha Visitor Pass<\/a> a <a href=\"https:\/\/www.praguecards.com\/sk\/coolpass\/\" title=\"Praha CoolPass\">Praha CoolPass<\/a> z\u00edskate bezplatn\u00fd vstup.<\/p>\n\n\n\n<p>Z Pra\u017esk\u00e9ho hradu je to len k\u00fasok do Pet\u0159\u00ednskeho parku, kde sa nach\u00e1dza Pet\u0159\u00ednska rozh\u013ead\u0148a. Dostanete sa tam elektri\u010dkou linky 42, mestskou hromadnou dopravou alebo lanovkou Petrin.<\/p>\n\n\n\n<p>Vyst\u00fapte po schodoch alebo sa vyvezte historick\u00fdm v\u00fd\u0165ahom, odkia\u013e sa v\u00e1m naskytne n\u00e1dhern\u00fd v\u00fdh\u013ead na Prahu. Potom m\u00f4\u017eete nav\u0161t\u00edvi\u0165 zrkadlov\u00e9 bludisko a za\u017ei\u0165 vzru\u0161uj\u00faci z\u00e1\u017eitok. Labyrint sa nach\u00e1dza ved\u013ea Pet\u0159\u00ednskej ve\u017ee. Obe atrakcie s\u00fa bezplatn\u00e9 s <a href=\"https:\/\/www.praguecards.com\/sk\/priepustka-pre-navstevnikov\/\" title=\"Praha Visitor Pass\">Praha Visitor Pass<\/a>.<\/p>\n\n\n\n<h2 class=\"wp-block-heading\" style=\"font-style:normal;font-weight:600\">Druh\u00fd de\u0148: Karlov most, v\u00fdlet lo\u010fou a Star\u00e9 Mesto<\/h2>\n\n\n\n<figure class=\"wp-block-image size-full\"><img loading=\"lazy\" decoding=\"async\" width=\"1000\" height=\"550\" src=\"https:\/\/www.praguecards.com\/wp-content\/uploads\/2023\/01\/prague-attraction2.jpg\" alt=\"Karlov most v Prahe\" class=\"wp-image-142\" srcset=\"https:\/\/www.praguecards.com\/wp-content\/uploads\/2023\/01\/prague-attraction2.jpg 1000w, https:\/\/www.praguecards.com\/wp-content\/uploads\/2023\/01\/prague-attraction2-300x165.jpg 300w, https:\/\/www.praguecards.com\/wp-content\/uploads\/2023\/01\/prague-attraction2-768x422.jpg 768w, https:\/\/www.praguecards.com\/wp-content\/uploads\/2023\/01\/prague-attraction2-18x10.jpg 18w\" sizes=\"auto, (max-width: 1000px) 100vw, 1000px\" \/><figcaption class=\"wp-element-caption\">\u00a9 emperorcosar \/ Shutterstock.com<\/figcaption><\/figure>\n\n\n\n<p>Druh\u00fd de\u0148 v Prahe za\u010dnite na Karlovom moste. Na most sa oplat\u00ed \u00eds\u0165 hne\u010f po ra\u0148ajk\u00e1ch, e\u0161te pred pr\u00edchodom v\u00e4\u010d\u0161iny turistov. Karlov most je najkraj\u0161\u00ed, ke\u010f je e\u0161te pr\u00e1zdny.<\/p>\n\n\n\n<p>Na ka\u017edom konci mosta sa nach\u00e1dza mostn\u00e1 ve\u017ea. Za poplatok m\u00f4\u017eete vyst\u00fapi\u0165 na ve\u017ee a vychutna\u0165 si v\u00fdh\u013ead na Mal\u00fa stranu alebo Star\u00e9 mesto. Iba s <a href=\"https:\/\/www.praguecards.com\/sk\/priepustka-pre-navstevnikov\/\" title=\"Praha Visitor Pass\">Praha Visitor Pass<\/a> vstup do oboch ve\u017e\u00ed je bezplatn\u00fd.<\/p>\n\n\n\n<p>Potom m\u00f4\u017eete nav\u0161t\u00edvi\u0165 M\u00fazeum Karlovho mosta (s <a href=\"https:\/\/www.praguecards.com\/sk\/priepustka-pre-navstevnikov\/\" title=\"Praha Visitor Pass\">Praha Visitor Pass<\/a> a <a href=\"https:\/\/www.praguecards.com\/sk\/coolpass\/\" title=\"Praha CoolPass\">Praha CoolPass<\/a> bezplatne). V pokladni m\u00fazea si m\u00f4\u017eete k\u00fapi\u0165 aj l\u00edstok na v\u00fdlet lo\u010fou po \u010certovom kan\u00e1li v Mal\u00fdch Ben\u00e1tkach. V\u00fdlet lo\u010fou je tie\u017e zadarmo s oboma kartami Prague Card.<\/p>\n\n\n\n<p>Po v\u00fdlete lo\u010fou v Mal\u00fdch Ben\u00e1tkach je to len p\u00e1r min\u00fat ch\u00f4dze na Staromestsk\u00e9 n\u00e1mestie, centr\u00e1lne n\u00e1mestie v centre Prahy. Na Staromestskom n\u00e1mest\u00ed n\u00e1jdete radnicu so sl\u00e1vnym orlojom. S <a href=\"https:\/\/www.praguecards.com\/sk\/priepustka-pre-navstevnikov\/\" title=\"Praha Visitor Pass\">Praha Visitor Pass<\/a> m\u00f4\u017eete nav\u0161t\u00edvi\u0165 orloj zvn\u00fatra a vychutna\u0165 si v\u00fdh\u013ead zo strechy radnice.<\/p>\n\n\n\n<p>Potom sa z\u00fa\u010dastnite prehliadky star\u00e9ho mesta so sprievodcom. T\u00e1 sa kon\u00e1 v skor\u00fdch popolud\u0148aj\u0161\u00edch hodin\u00e1ch po\u010das v\u00e4\u010d\u0161iny dn\u00ed v t\u00fd\u017edni. V niektor\u00fdch d\u0148och sa tie\u017e kon\u00e1 prehliadka pra\u017esk\u00e9ho stredovek\u00e9ho podzemia so sprievodcom. Prehliadka so sprievodcom je k dispoz\u00edcii s <a href=\"https:\/\/www.praguecards.com\/sk\/priepustka-pre-navstevnikov\/\" title=\"Praha Visitor Pass\">Praha Visitor Pass<\/a> bezplatne.<\/p>\n\n\n\n<h2 class=\"wp-block-heading\" style=\"font-style:normal;font-weight:600\">Tret\u00ed de\u0148: \u017didovsk\u00e1 \u0161tvr\u0165 a Vy\u0161ehrad<\/h2>\n\n\n\n<figure class=\"wp-block-image size-full\"><img loading=\"lazy\" decoding=\"async\" width=\"1000\" height=\"550\" src=\"https:\/\/www.praguecards.com\/wp-content\/uploads\/2023\/01\/prague-attraction7.jpg\" alt=\"Vy\u0161ehrad v Prahe\" class=\"wp-image-147\" srcset=\"https:\/\/www.praguecards.com\/wp-content\/uploads\/2023\/01\/prague-attraction7.jpg 1000w, https:\/\/www.praguecards.com\/wp-content\/uploads\/2023\/01\/prague-attraction7-300x165.jpg 300w, https:\/\/www.praguecards.com\/wp-content\/uploads\/2023\/01\/prague-attraction7-768x422.jpg 768w, https:\/\/www.praguecards.com\/wp-content\/uploads\/2023\/01\/prague-attraction7-18x10.jpg 18w\" sizes=\"auto, (max-width: 1000px) 100vw, 1000px\" \/><figcaption class=\"wp-element-caption\">\u00a9 Catarina Belova \/ Shutterstock.com<\/figcaption><\/figure>\n\n\n\n<p>Tret\u00ed de\u0148 v\u00fdletu nav\u0161t\u00edvte \u017eidovsk\u00fa \u0161tvr\u0165, ktor\u00e1 sa nach\u00e1dza len p\u00e1r krokov od Staromestsk\u00e9ho n\u00e1mestia. V \u017eidovskej \u0161tvrti sa nach\u00e1dza mnoho synag\u00f3g, \u017didovsk\u00e9 m\u00fazeum a star\u00fd \u017eidovsk\u00fd cintor\u00edn. Vstupenka do \u017didovsk\u00e9ho mesta v\u00e1m umo\u017en\u00ed vstup do v\u0161etk\u00fdch t\u00fdchto pamiatok. S <a href=\"https:\/\/www.praguecards.com\/sk\/priepustka-pre-navstevnikov\/\" title=\"Praha Visitor Pass\">Praha Visitor Pass<\/a> a <a href=\"https:\/\/www.praguecards.com\/sk\/coolpass\/\" title=\"Praha CoolPass\">Praha CoolPass<\/a> vstupenka do \u017eidovsk\u00e9ho mesta je bezplatn\u00e1.<\/p>\n\n\n\n<p>Ak budete pokra\u010dova\u0165 v prehliadke centra mesta, zastavte sa na kr\u00e1tku chv\u00ed\u013eu pri historickej Pra\u0161nej br\u00e1ne. Vyst\u00fapte na vyhliadkov\u00fa plo\u0161inu a obdivujte centrum Prahy zhora. Vstup je bezplatn\u00fd s pra\u017eskou kartou Visitor Pass.<\/p>\n\n\n\n<p>Popoludn\u00ed si m\u00f4\u017eete prezrie\u0165 pamiatku, ktor\u00e1 sa nach\u00e1dza mimo centra mesta. Pou\u017eite metro alebo elektri\u010dku (s <a href=\"https:\/\/www.praguecards.com\/sk\/priepustka-pre-navstevnikov\/\" title=\"Praha Visitor Pass\">Praha Visitor Pass<\/a> zadarmo), aby ste sa dostali na Vy\u0161ehrad. Odtia\u013e sa m\u00f4\u017eete pozrie\u0165 na mesto a odd\u00fdchnu\u0165 si. V are\u00e1li sa nach\u00e1dza katedr\u00e1la sv. Petra a Pavla, cintor\u00edn a kazematy. Vstup je bezplatn\u00fd s <a href=\"https:\/\/www.praguecards.com\/sk\/priepustka-pre-navstevnikov\/\" title=\"Praha Visitor Pass\">Praha Visitor Pass<\/a> a <a href=\"https:\/\/www.praguecards.com\/sk\/coolpass\/\" title=\"Praha CoolPass\">Praha CoolPass<\/a>.<\/p>","protected":false},"excerpt":{"rendered":"<p>N\u00e1v\u0161tevn\u00edci Prahy m\u00f4\u017eu spozna\u0165 mesto pln\u00e9 kult\u00fary a kr\u00e1sy u\u017e za tri dni. \u010cesk\u00e9 hlavn\u00e9 mesto je zn\u00e1me svojou historickou architekt\u00farou, jedine\u010dnou kuchy\u0148ou a bohatou hist\u00f3riou. V\u010faka tomu je ide\u00e1lnou destin\u00e1ciou pre cestovate\u013eov, ktor\u00ed sa zauj\u00edmaj\u00fa o \u010desk\u00fa kult\u00faru. Po\u010das trojd\u0148ov\u00e9ho pobytu v Prahe sa toho d\u00e1 stihn\u00fa\u0165 viac ne\u017e dos\u0165, a tak si m\u00f4\u017eete ... <a title=\"3 dni v Prahe s Prague Card\" class=\"read-more\" href=\"https:\/\/www.praguecards.com\/sk\/3-tage-in-prag\/\" aria-label=\"Pre\u010d\u00edtajte si viac o 3 d\u0148och v Prahe s Prague Card\">\u010c\u00edta\u0165 viac<\/a><\/p>","protected":false},"author":1,"featured_media":0,"parent":0,"menu_order":0,"comment_status":"closed","ping_status":"closed","template":"","meta":{"footnotes":""},"class_list":["post-161","page","type-page","status-publish"],"aioseo_notices":[],"featured_image_src":null,"_links":{"self":[{"href":"https:\/\/www.praguecards.com\/sk\/wp-json\/wp\/v2\/pages\/161","targetHints":{"allow":["GET"]}}],"collection":[{"href":"https:\/\/www.praguecards.com\/sk\/wp-json\/wp\/v2\/pages"}],"about":[{"href":"https:\/\/www.praguecards.com\/sk\/wp-json\/wp\/v2\/types\/page"}],"author":[{"embeddable":true,"href":"https:\/\/www.praguecards.com\/sk\/wp-json\/wp\/v2\/users\/1"}],"replies":[{"embeddable":true,"href":"https:\/\/www.praguecards.com\/sk\/wp-json\/wp\/v2\/comments?post=161"}],"version-history":[{"count":13,"href":"https:\/\/www.praguecards.com\/sk\/wp-json\/wp\/v2\/pages\/161\/revisions"}],"predecessor-version":[{"id":639,"href":"https:\/\/www.praguecards.com\/sk\/wp-json\/wp\/v2\/pages\/161\/revisions\/639"}],"wp:attachment":[{"href":"https:\/\/www.praguecards.com\/sk\/wp-json\/wp\/v2\/media?parent=161"}],"curies":[{"name":"wp","href":"https:\/\/api.w.org\/{rel}","templated":true}]}}