{"id":594,"date":"2025-05-22T05:56:28","date_gmt":"2025-05-22T05:56:28","guid":{"rendered":"https:\/\/www.praguecards.com\/cookie-richtlinie\/"},"modified":"2025-05-22T05:56:28","modified_gmt":"2025-05-22T05:56:28","slug":"cookie-richtlinie","status":"publish","type":"page","link":"https:\/\/www.praguecards.com\/sk\/cookie-richtlinie\/","title":{"rendered":"Z\u00e1sady pou\u017e\u00edvania s\u00faborov cookie"},"content":{"rendered":"<p>V t\u00fdchto z\u00e1sad\u00e1ch pou\u017e\u00edvania s\u00faborov cookie by sme chceli vysvetli\u0165, \u010do s\u00fa to s\u00fabory cookie a technol\u00f3gie podobn\u00e9 s\u00faborom cookie, ako ich my a in\u00ed poskytovatelia slu\u017eieb pou\u017e\u00edvame na tejto webovej lokalite, ak\u00e9 inform\u00e1cie zhroma\u017e\u010fuj\u00fa, ako dlho a na ak\u00e9 \u00fa\u010dely ich pou\u017e\u00edvame.<\/p><h2>Obsah<\/h2><ul><li><a href=\"#controller-of-the-website\">Osoba zodpovedn\u00e1 za webov\u00fa str\u00e1nku<\/a><\/li><li><a href=\"#diff-to-privacy-policy\">Dodatok k politike ochrany \u00fadajov<\/a><\/li><li><a href=\"#cookie-technology\">\u010co s\u00fa s\u00fabory cookie a podobn\u00e9 technol\u00f3gie?<\/a><\/li><li><a href=\"#legal-basis\">Ak\u00fd je pr\u00e1vny z\u00e1klad na nastavenie\/\u010d\u00edtanie s\u00faborov cookie?<\/a><\/li><li><a href=\"#rights-of-visitor\">Ak\u00e9 pr\u00e1va m\u00e1 n\u00e1v\u0161tevn\u00edk webovej str\u00e1nky?<\/a><\/li><li><a href=\"#manage-cookies\">Ako m\u00f4\u017eem spravova\u0165 s\u00fabory cookie v prehliada\u010di?<\/a><\/li><li><a href=\"#types-of-cookies\">Ak\u00e9 typy s\u00faborov cookie existuj\u00fa?<\/a><\/li><li><a href=\"#cookies-origin\">Kto m\u00f4\u017ee na tejto webovej lokalite nastavi\u0165 s\u00fabory cookie?<\/a><\/li><li><a href=\"#list-of-services\">Ak\u00e9 s\u00fabory cookie sa pou\u017e\u00edvaj\u00fa na tejto webovej lokalite?<\/a><\/li><\/ul><h2 id=\"controller-of-the-website\">Osoba zodpovedn\u00e1 za webov\u00fa str\u00e1nku<\/h2><ul><li><strong>Poskytovate\u013e: <\/strong>PragueCards.com, Nemecko<\/li><li><strong>E-mail: <\/strong><a target=\"_blank\" href=\"mailto:patrick.kuehne@posteo.de\">patrick.kuehne@posteo.de<\/a><\/li><\/ul><h2 id=\"diff-to-privacy-policy\">Dodatok k politike ochrany \u00fadajov<\/h2><p>Tieto Z\u00e1sady pou\u017e\u00edvania s\u00faborov cookie dop\u013a\u0148aj\u00fa {{PrivacyPolicy}}Z\u00e1sady ochrany osobn\u00fdch \u00fadajov{{\/privacyPolicy}} tejto webovej str\u00e1nky. Z\u00e1sady pou\u017e\u00edvania s\u00faborov cookie stanovuj\u00fa, ako webov\u00e1 lokalita pou\u017e\u00edva s\u00fabory cookie a ak\u00e9 \u00fadaje pomocou nich zhroma\u017e\u010fuje, zatia\u013e \u010do z\u00e1sady ochrany osobn\u00fdch \u00fadajov poskytuj\u00fa komplexnej\u0161\u00ed preh\u013ead v\u0161etk\u00fdch \u010dinnost\u00ed spracovania \u00fadajov na webovej lokalite a mimo nej.<\/p><h2 id=\"cookie-technology\">\u010co s\u00fa s\u00fabory cookie a podobn\u00e9 technol\u00f3gie?<\/h2><p>S\u00fabory cookie s\u00fa mal\u00e9 jednotky inform\u00e1ci\u00ed, podobn\u00e9 textov\u00fdm s\u00faborom, ktor\u00e9 mo\u017eno uklada\u0165 a \u010d\u00edta\u0165 v koncovom zariaden\u00ed. Sl\u00fa\u017eia na r\u00f4zne \u00fa\u010dely vr\u00e1tane udr\u017eiavania z\u00e1kladn\u00fdch funkci\u00ed webovej str\u00e1nky, bezpe\u010dnosti a ochrany \u00fadajov, poskytovania volite\u013en\u00fdch funkci\u00ed webovej str\u00e1nky, zhroma\u017e\u010fovania \u0161tatistick\u00fdch \u00fadajov o tokoch n\u00e1v\u0161tevn\u00edkov a poskytovania marketingov\u00fdch syst\u00e9mov. Praktick\u00fdmi pr\u00edkladmi toho, \u010do sa m\u00f4\u017ee uklada\u0165 do s\u00faborov cookie, je ukladanie stavu prihl\u00e1senia do pou\u017e\u00edvate\u013esk\u00fdch \u00fa\u010dtov, obsahu n\u00e1kupn\u00fdch ko\u0161\u00edkov v platform\u00e1ch elektronick\u00e9ho obchodu alebo ID pou\u017e\u00edvate\u013ea na sledovanie spr\u00e1vania na webovej lokalite.<br \/><br \/>Inform\u00e1cie mo\u017eno technicky uklada\u0165 r\u00f4znymi sp\u00f4sobmi. Najzn\u00e1mej\u0161\u00edmi pr\u00edkladmi s\u00fa s\u00fabory HTTP cookie a technol\u00f3gie podobn\u00e9 s\u00faborom cookie, ako je miestne \u00falo\u017eisko, \u00falo\u017eisko rel\u00e1cie alebo IndexedDB. Ka\u017ed\u00fd typ ukladania m\u00e1 in\u00e9 vlastnosti, ktor\u00e9 ur\u010duj\u00fa technick\u00e9 spracovanie, pr\u00edstupnos\u0165 a opr\u00e1vnen\u00e9 osoby zodpovedn\u00e9 za pr\u00edstup k inform\u00e1ci\u00e1m. V\u0161etky tieto typy ukladania sa vo v\u0161eobecnosti zhr\u0148uj\u00fa pod pojem \"s\u00fabory cookie\", a preto s\u00fa takto ozna\u010dovan\u00e9 aj v t\u00fdchto z\u00e1sad\u00e1ch pou\u017e\u00edvania s\u00faborov cookie.<\/p><h2 id=\"legal-basis\">Ak\u00fd je pr\u00e1vny z\u00e1klad na nastavenie\/\u010d\u00edtanie s\u00faborov cookie?<\/h2><p>Nastavenie a \u010d\u00edtanie s\u00faborov cookie je v Eur\u00f3pskej \u00fanii (E\u00da) a Eur\u00f3pskom hospod\u00e1rskom priestore (EHP) povolen\u00e9 v s\u00falade s \u010cl\u00e1nok 55 Z\u00e1kon o elektronick\u00fdch komunik\u00e1ci\u00e1ch len vtedy, ak pou\u017e\u00edvate\u013e udelil svoj s\u00fahlas na z\u00e1klade komplexn\u00fdch inform\u00e1ci\u00ed o \u00fa\u010deloch spracovania. Prev\u00e1dzkovate\u013e webovej str\u00e1nky m\u00f4\u017ee nastavi\u0165 s\u00fabory cookie aj vtedy, ak s\u00fa absol\u00fatne nevyhnutn\u00e9 na to, aby v\u00e1m ako pou\u017e\u00edvate\u013eovi poskytol v\u00fdslovne po\u017eadovan\u00fa slu\u017ebu, napr. z\u00e1kladn\u00fd obsah tejto webovej str\u00e1nky alebo in\u00e9 nevyhnutne potrebn\u00e9 s\u00fabory cookie pre z\u00e1kladn\u00e9 funkcie webovej str\u00e1nky, ktor\u00e9 sa v\u00e1m zobrazuj\u00fa bez v\u00e1\u0161ho s\u00fahlasu.<\/p><h2 id=\"rights-of-visitor\">Ak\u00e9 pr\u00e1va m\u00e1 n\u00e1v\u0161tevn\u00edk webovej str\u00e1nky?<\/h2><p>Slu\u017eby a ich s\u00fabory cookie m\u00f4\u017eu by\u0165 nastaven\u00e9 a \u010d\u00edtan\u00e9 na pr\u00e1vnom z\u00e1klade v\u00e1\u0161ho s\u00fahlasu alebo opr\u00e1vnen\u00e9ho z\u00e1ujmu. Ke\u010f ste prv\u00fdkr\u00e1t nav\u0161t\u00edvili t\u00fato webov\u00fa lokalitu, boli ste po\u017eiadan\u00ed o s\u00fahlas a mali ste mo\u017enos\u0165 namieta\u0165 proti pou\u017e\u00edvaniu ur\u010dit\u00fdch slu\u017eieb. V dial\u00f3gu o s\u00fahlase sme vysvetlili, ktor\u00fd pr\u00e1vny z\u00e1klad sa pou\u017e\u00edva pre ktor\u00fa slu\u017ebu.<br \/><br \/>M\u00e1te pr\u00e1vo zobrazi\u0165 hist\u00f3riu svojich volieb, zmeni\u0165 nastavenia ochrany osobn\u00fdch \u00fadajov, namieta\u0165 proti pou\u017e\u00edvaniu slu\u017eieb a kedyko\u013evek odvola\u0165 svoj s\u00fahlas. Ni\u017e\u0161ie n\u00e1jdete sp\u00f4soby, ako m\u00f4\u017eete uplatni\u0165 svoje pr\u00e1va:<br \/><ul><li><a  href=\"#consent-change\" role=\"button\" id=\"rcb-sc-link-change\" data-success-message=\"\" class=\"rcb-sc-link rcb-sc-link-change\">Zmena nastaven\u00ed ochrany osobn\u00fdch \u00fadajov<\/a><\/li><li><a  href=\"#consent-history\" role=\"button\" id=\"rcb-sc-link-history\" data-success-message=\"\" class=\"rcb-sc-link rcb-sc-link-history\">Hist\u00f3ria nastaven\u00ed s\u00fakromia<\/a><\/li><li><a  href=\"#consent-revoke\" role=\"button\" id=\"rcb-sc-link-revoke\" data-success-message=\"\u00daspe\u0161ne ste odvolali svoj s\u00fahlas so slu\u017ebami s ich s\u00fabormi cookie a spracovan\u00edm osobn\u00fdch \u00fadajov. Str\u00e1nka sa teraz znovu na\u010d\u00edta!\" class=\"rcb-sc-link rcb-sc-link-revoke\">Odvolanie s\u00fahlasu<\/a><\/li><\/ul><\/p><h2 id=\"manage-cookies\">Ako m\u00f4\u017eem spravova\u0165 s\u00fabory cookie v prehliada\u010di?<\/h2><p><ul><li><strong>Ako odstr\u00e1ni\u0165 s\u00fabory cookie v prehliada\u010di:<\/strong> Ak chcete odstr\u00e1ni\u0165 s\u00fabory cookie zo svojho zariadenia, m\u00f4\u017eete ich vymaza\u0165 v nastaveniach prehliada\u010da. T\u00fdm sa odstr\u00e1nia v\u0161etky s\u00fabory cookie zo v\u0161etk\u00fdch nav\u0161t\u00edven\u00fdch webov\u00fdch str\u00e1nok, pr\u00edpadne aj ulo\u017een\u00e9 prihlasovacie \u00fadaje a nastavenia webov\u00fdch str\u00e1nok. V niektor\u00fdch prehliada\u010doch m\u00f4\u017eete odstr\u00e1ni\u0165 len s\u00fabory cookie a podobn\u00e9 \u00fadaje bez toho, aby ste vymazali cel\u00fa hist\u00f3riu prehliadania.<\/li><li><strong>Ako ovl\u00e1da\u0165 s\u00fabory cookie v prehliada\u010di:<\/strong> Ak chcete ma\u0165 presnej\u0161iu kontrolu nad s\u00fabormi cookie ur\u010dit\u00fdch webov\u00fdch lokal\u00edt, prejdite do nastaven\u00ed ochrany osobn\u00fdch \u00fadajov a s\u00faborov cookie vo svojom prehliada\u010di. Tu m\u00f4\u017eete upravi\u0165 nastavenia pou\u017e\u00edvania s\u00faborov cookie na jednotliv\u00fdch webov\u00fdch str\u00e1nkach.<\/li><li><strong>Ako zablokova\u0165 s\u00fabory cookie v prehliada\u010di:<\/strong> Vo v\u00e4\u010d\u0161ine modern\u00fdch prehliada\u010dov m\u00f4\u017eete v nastaveniach ur\u010di\u0165, aby sa v zariaden\u00ed neukladali \u017eiadne s\u00fabory cookie. Zablokovanie s\u00faborov cookie v\u0161ak m\u00f4\u017ee ma\u0165 za n\u00e1sledok, \u017ee niektor\u00e9 slu\u017eby a funkcie nebud\u00fa fungova\u0165 spr\u00e1vne, napr. prihlasovanie pou\u017e\u00edvate\u013ea. Pre mnoh\u00e9 prehliada\u010de existuj\u00fa aj roz\u0161\u00edrenia, ktor\u00e9 m\u00f4\u017eu blokova\u0165 nastavenie s\u00faborov cookie na webov\u00fdch str\u00e1nkach.<\/li><li><strong>Ako spravova\u0165 s\u00fabory cookie na tejto webovej lokalite:<\/strong> Ak chcete prisp\u00f4sobi\u0165 svoje preferencie t\u00fdkaj\u00face sa s\u00faborov cookie na tejto webovej lokalite, m\u00f4\u017eete kedyko\u013evek zmeni\u0165 svoje nastavenia kliknut\u00edm na odkaz v \u010dasti \"Pr\u00e1va n\u00e1v\u0161tevn\u00edkov webovej lokality\".<\/li><\/li><\/ul><p>Viac inform\u00e1ci\u00ed o spracovan\u00ed s\u00faborov cookie n\u00e1jdete na <a href=\"https:\/\/devowl.io\/de\/rcb\/cookie-handhabung\/\" target=\"_blank\">devowl.io\/en\/rcb\/cookie-handling\/<\/a>.<\/p><\/p><h2 id=\"types-of-cookies\">Ak\u00e9 typy s\u00faborov cookie existuj\u00fa?<\/h2><p><ul><li><strong>Z\u00e1kladn\u00e9 s\u00fabory cookie<\/strong> s\u00fa nevyhnutn\u00e9 pre z\u00e1kladn\u00fa funk\u010dnos\u0165 webovej lokality a umo\u017e\u0148uj\u00fa funkcie, ako je ukladanie prihlasovac\u00edch \u00fadajov alebo pr\u00edstup do zabezpe\u010den\u00fdch oblast\u00ed webovej lokality. Patria medzi ne napr\u00edklad bezpe\u010dnostn\u00e9 s\u00fabory cookie, ktor\u00e9 dok\u00e1\u017eu identifikova\u0165 bota, ktor\u00fd nie je na webovej lokalite \u017eiadan\u00fd, ulo\u017een\u00edm autentifika\u010dn\u00e9ho k\u013e\u00fa\u010da do s\u00faboru cookie.<\/li><li><strong>Funk\u010dn\u00e9 s\u00fabory cookie<\/strong> zlep\u0161enie pou\u017e\u00edvate\u013esk\u00e9ho z\u00e1\u017eitku ulo\u017een\u00edm inform\u00e1ci\u00ed a preferenci\u00ed, ako s\u00fa jazykov\u00e9 nastavenia alebo nastavenia vzh\u013eadu webovej str\u00e1nky, aby sa umo\u017enilo personalizovan\u00e9 zobrazenie. Patria sem napr\u00edklad s\u00fabory cookie s preferenciami, ktor\u00e9 ukladaj\u00fa pou\u017e\u00edvate\u013eom preferovan\u00fa kvalitu videa na webovej lokalite.<\/li><li><strong>\u0160tatistick\u00e9 s\u00fabory cookie<\/strong> zhroma\u017e\u010fova\u0165 \u00fadaje o pou\u017e\u00edvan\u00ed webovej str\u00e1nky s cie\u013eom z\u00edska\u0165 preh\u013ead o spr\u00e1van\u00ed pou\u017e\u00edvate\u013eov a optimalizova\u0165 v\u00fdkon webovej str\u00e1nky. Patr\u00ed sem napr\u00edklad n\u00e1hodne pridelen\u00e9 ID pou\u017e\u00edvate\u013ea, ktor\u00e9 sa m\u00f4\u017ee pou\u017ei\u0165 na ur\u010denie, \u010di ste nav\u0161t\u00edvili podstr\u00e1nku webovej lokality.<\/li><li><strong>Marketingov\u00e9 s\u00fabory cookie<\/strong> sa pou\u017e\u00edvaj\u00fa na sledovanie spr\u00e1vania pou\u017e\u00edvate\u013eov na r\u00f4znych webov\u00fdch str\u00e1nkach a na zobrazovanie personalizovanej reklamy na z\u00e1klade z\u00e1ujmov a spr\u00e1vania pou\u017e\u00edvate\u013eov pri prehliadan\u00ed. Patria sem napr\u00edklad reklamn\u00e9 s\u00fabory cookie, ktor\u00e9 ukladaj\u00fa interakciu s reklamou na webovej lokalite a posielaj\u00fa ju inzerentom, alebo chatov\u00fd syst\u00e9m na ot\u00e1zky pred n\u00e1kupom a z\u00e1kazn\u00edcku podporu.<\/li><\/li><\/ul><\/p><h2 id=\"cookies-origin\">Kto m\u00f4\u017ee na tejto webovej lokalite nastavi\u0165 s\u00fabory cookie?<\/h2><p>Na tejto webovej str\u00e1nke m\u00f4\u017ee prev\u00e1dzkovate\u013e webovej str\u00e1nky aj slu\u017eby tret\u00edch str\u00e1n, ktor\u00e9 sa na nej pou\u017e\u00edvaj\u00fa, nastavi\u0165 s\u00fabory cookie a z\u00edska\u0165 pr\u00edstup k ich obsahu. Rozli\u0161uje sa medzi s\u00fabormi cookie prvej strany a s\u00fabormi cookie tret\u00edch str\u00e1n, pokia\u013e ide o to, kto m\u00e1 pr\u00edstup ku ktor\u00fdm s\u00faborom cookie a ich obsahu. S\u00fabory cookie prvej strany s\u00fa vytvoren\u00e9 nav\u0161t\u00edvenou webovou str\u00e1nkou a m\u00f4\u017ee ich \u010d\u00edta\u0165 len prev\u00e1dzkovate\u013e webovej str\u00e1nky a integrovan\u00e9 slu\u017eby tret\u00edch str\u00e1n na tejto webovej str\u00e1nke. S\u00fabory cookie tret\u00edch str\u00e1n s\u00fa zvy\u010dajne vytvoren\u00e9 slu\u017ebami tret\u00edch str\u00e1n na in\u00fdch dom\u00e9nach, m\u00f4\u017eu by\u0165 \u010d\u00edtan\u00e9 na v\u0161etk\u00fdch webov\u00fdch str\u00e1nkach, na ktor\u00fdch je slu\u017eba, ktor\u00e1 dom\u00e9nu ovl\u00e1da, integrovan\u00e1, a pou\u017e\u00edvaj\u00fa ich napr\u00edklad reklamn\u00e9 siete na sledovanie spr\u00e1vania pou\u017e\u00edvate\u013eov na r\u00f4znych webov\u00fdch str\u00e1nkach a na pon\u00fakanie personalizovanej reklamy.<\/p><h2 id=\"list-of-services\">Ak\u00e9 s\u00fabory cookie sa pou\u017e\u00edvaj\u00fa na tejto webovej lokalite?<\/h2><script type=\"application\/json\">{\"search\":{\"placeholder\":\"Vyh\\u013ead\\u00e1vanie...\"},\"sort\":{\"sortAsc\":\"Zoradi\\u0165 st\\u013apec vzostupne\",\"sortDesc\":\"Zoradi\\u0165 st\\u013apec zostupne\"},\"pagination\":{\"previous\":\"Predch\\u00e1dzaj\\u00faci\",\"next\":\"\\u010eal\\u0161ie\",\"navigate\":\"Strana %1$d z %2$d\",\"page\":\"Strana %d\",\"showing\":\"Zobrazenie\",\"of\":\"z\",\"to\":\"na\",\"results\":\"v\\u00fdsledky\"},\"noRecordsFound\":\"\\u017diadne zodpovedaj\\u00face z\\u00e1znamy nen\\u00e1jden\\u00e9\"}<\/script><table  class=\"devowl-wp-react-cookie-banner-cookie-policy\"><thead><tr><th width=\"200px\" scope=\"col\">Kateg\u00f3ria<\/th><th width=\"400px\" scope=\"col\">Technick\u00fd n\u00e1zov s\u00faboru cookie<\/th><th width=\"400px\" scope=\"col\">Technick\u00fd hostite\u013e s\u00faborov cookie<\/th><th width=\"400px\" scope=\"col\">Slu\u017eba<\/th><th width=\"250px\" scope=\"col\">Trvania<\/th><th width=\"200px\" scope=\"col\">Typ<\/th><th width=\"550px\" scope=\"col\">\u00da\u010del<\/th><\/tr><\/thead><tbody><tr><td>Z\u00e1kladn\u00e9<\/td><td>trp_language<\/td><td>www.praguecards.com<\/td><td>Prelo\u017ei\u0165Tla\u010didlo<\/td><td>30 dni<\/td><td>HTTP Cookie<\/td><td>-<\/td><\/tr><tr><td>Z\u00e1kladn\u00e9<\/td><td>real_cookie_banner*<\/td><td>.praguecards.com<\/td><td>Skuto\u010dn\u00fd cookie Banner<\/td><td>365 dni<\/td><td>HTTP Cookie<\/td><td>Eindeutiger Identifikator f\u00fcr die Einwilligung, aber nicht f\u00fcr den Website-Besucher. Revisionshash f\u00fcr die Einstellungen des Cookie-Banners (Texte, Farben, Funktionen, Servicegruppen, Dienste, Content Blocker usw.). IDs f\u00fcr eingewilligte Services und Service-Gruppen.<\/td><\/tr><tr><td>Z\u00e1kladn\u00e9<\/td><td>real_cookie_banner*-tcf<\/td><td>.praguecards.com<\/td><td>Skuto\u010dn\u00fd cookie Banner<\/td><td>365 dni<\/td><td>HTTP Cookie<\/td><td>Im Rahmen von TCF gesammelte Einwilligungen, die im TC-String-Format gespeichert werden, einschlie\u00dflich TCF-Vendoren, -Zwecke, -Sonderzwecke, -Funktionen und -Sonderfunktionen.<\/td><\/tr><tr><td>Z\u00e1kladn\u00e9<\/td><td>real_cookie_banner*-gcm<\/td><td>.praguecards.com<\/td><td>Skuto\u010dn\u00fd cookie Banner<\/td><td>365 dni<\/td><td>HTTP Cookie<\/td><td>Die im Google Consent Mode gesammelten Einwilligungen in die verschiedenen Einwilligungstypen (Zwecke) werden f\u00fcr alle mit dem Google Consent Mode kompatiblen Services gespeichert.<\/td><\/tr><tr><td>Z\u00e1kladn\u00e9<\/td><td>real_cookie_banner-test<\/td><td>.praguecards.com<\/td><td>Skuto\u010dn\u00fd cookie Banner<\/td><td>365 dni<\/td><td>HTTP Cookie<\/td><td>Cookie, der gesetzt wurde, um die Funktionalit\u00e4t von HTTP-Cookies zu testen. Wird sofort nach dem Test gel\u00f6scht.<\/td><\/tr><tr><td>Z\u00e1kladn\u00e9<\/td><td>real_cookie_banner*<\/td><td>https:\/\/www.praguecards.com<\/td><td>Skuto\u010dn\u00fd cookie Banner<\/td><td>-<\/td><td>Local Storage<\/td><td>Eindeutiger Identifikator f\u00fcr die Einwilligung, aber nicht f\u00fcr den Website-Besucher. Revisionshash f\u00fcr die Einstellungen des Cookie-Banners (Texte, Farben, Funktionen, Service-Gruppen, Services, Content Blocker usw.). IDs f\u00fcr eingewilligte Services und Service-Gruppen. Wird nur solange gespeichert, bis die Einwilligung auf dem Website-Server dokumentiert ist.<\/td><\/tr><tr><td>Z\u00e1kladn\u00e9<\/td><td>real_cookie_banner*-tcf<\/td><td>https:\/\/www.praguecards.com<\/td><td>Skuto\u010dn\u00fd cookie Banner<\/td><td>-<\/td><td>Local Storage<\/td><td>Im Rahmen von TCF gesammelte Einwilligungen werden im TC-String-Format gespeichert, einschlie\u00dflich TCF Vendoren, Zwecke, besondere Zwecke, Funktionen und besondere Funktionen. Wird nur solange gespeichert, bis die Einwilligung auf dem Website-Server dokumentiert ist.<\/td><\/tr><tr><td>Z\u00e1kladn\u00e9<\/td><td>real_cookie_banner*-gcm<\/td><td>https:\/\/www.praguecards.com<\/td><td>Skuto\u010dn\u00fd cookie Banner<\/td><td>-<\/td><td>Local Storage<\/td><td>Im Rahmen des Google Consent Mode erfasste Einwilligungen werden f\u00fcr alle mit dem Google Consent Mode kompatiblen Services in Einwilligungstypen (Zwecke) gespeichert. Wird nur solange gespeichert, bis die Einwilligung auf dem Website-Server dokumentiert ist.<\/td><\/tr><tr><td>Z\u00e1kladn\u00e9<\/td><td>real_cookie_banner-consent-queue*<\/td><td>https:\/\/www.praguecards.com<\/td><td>Skuto\u010dn\u00fd cookie Banner<\/td><td>-<\/td><td>Local Storage<\/td><td>Lokale Zwischenspeicherung (Caching) der Auswahl im Cookie-Banner, bis der Server die Einwilligung dokumentiert; Dokumentation periodisch oder bei Seitenwechseln versucht, wenn der Server nicht verf\u00fcgbar oder \u00fcberlastet ist.<\/td><\/tr><tr><td>Funk\u010dn\u00e9<\/td><td>wpEmojiSettingsSupports<\/td><td>https:\/\/www.praguecards.com<\/td><td>Emoji WordPress<\/td><td>SESSION<\/td><td>Session Storage<\/td><td>Zeitstempel und ob die M\u00f6glichkeit besteht, Emojis zu setzen<\/td><\/tr><\/tbody><\/table><p>Z\u00e1sady pou\u017e\u00edvania s\u00faborov cookie boli naposledy aktualizovan\u00e9 d\u0148a 22. m\u00e1j 2025.<\/p>","protected":false},"excerpt":{"rendered":"","protected":false},"author":1,"featured_media":0,"parent":0,"menu_order":0,"comment_status":"closed","ping_status":"closed","template":"","meta":{"footnotes":""},"class_list":["post-594","page","type-page","status-publish"],"aioseo_notices":[],"featured_image_src":null,"_links":{"self":[{"href":"https:\/\/www.praguecards.com\/sk\/wp-json\/wp\/v2\/pages\/594","targetHints":{"allow":["GET"]}}],"collection":[{"href":"https:\/\/www.praguecards.com\/sk\/wp-json\/wp\/v2\/pages"}],"about":[{"href":"https:\/\/www.praguecards.com\/sk\/wp-json\/wp\/v2\/types\/page"}],"author":[{"embeddable":true,"href":"https:\/\/www.praguecards.com\/sk\/wp-json\/wp\/v2\/users\/1"}],"replies":[{"embeddable":true,"href":"https:\/\/www.praguecards.com\/sk\/wp-json\/wp\/v2\/comments?post=594"}],"version-history":[{"count":0,"href":"https:\/\/www.praguecards.com\/sk\/wp-json\/wp\/v2\/pages\/594\/revisions"}],"wp:attachment":[{"href":"https:\/\/www.praguecards.com\/sk\/wp-json\/wp\/v2\/media?parent=594"}],"curies":[{"name":"wp","href":"https:\/\/api.w.org\/{rel}","templated":true}]}}