{"id":137,"date":"2023-01-20T18:47:13","date_gmt":"2023-01-20T18:47:13","guid":{"rendered":"https:\/\/www.praguecards.com\/?page_id=137"},"modified":"2025-05-22T13:47:02","modified_gmt":"2025-05-22T13:47:02","slug":"sevardheter","status":"publish","type":"page","link":"https:\/\/www.praguecards.com\/sv\/attraktionen\/","title":{"rendered":"Prags fr\u00e4msta sev\u00e4rdheter"},"content":{"rendered":"<p>Skulle du vilja bes\u00f6ka Tjeckiens huvudstad, men vet \u00e4nnu inte vilka attraktioner du definitivt b\u00f6r s\u00e4tta upp p\u00e5 din \u00f6nskelista? F\u00f6ljande sev\u00e4rdheter f\u00e5r du inte missa. Du kan bes\u00f6ka m\u00e5nga av dem gratis med ett Prague Card.<\/p>\n\n\n\n<h2 class=\"wp-block-heading\" style=\"font-style:normal;font-weight:600\">Prags slott<\/h2>\n\n\n\n<figure class=\"wp-block-image size-full\"><img loading=\"lazy\" decoding=\"async\" width=\"1000\" height=\"550\" src=\"https:\/\/www.praguecards.com\/wp-content\/uploads\/2023\/01\/prague-attraction1-1.jpg\" alt=\"\" class=\"wp-image-148\" srcset=\"https:\/\/www.praguecards.com\/wp-content\/uploads\/2023\/01\/prague-attraction1-1.jpg 1000w, https:\/\/www.praguecards.com\/wp-content\/uploads\/2023\/01\/prague-attraction1-1-300x165.jpg 300w, https:\/\/www.praguecards.com\/wp-content\/uploads\/2023\/01\/prague-attraction1-1-768x422.jpg 768w, https:\/\/www.praguecards.com\/wp-content\/uploads\/2023\/01\/prague-attraction1-1-18x10.jpg 18w\" sizes=\"auto, (max-width: 1000px) 100vw, 1000px\" \/><\/figure>\n\n\n\n<div style=\"height:20px\" aria-hidden=\"true\" class=\"wp-block-spacer\"><\/div>\n\n\n\n<p>Pragborgen \u00e4r en av de mest popul\u00e4ra sev\u00e4rdheterna i Prag. Det m\u00e4ktiga slottet p\u00e5 Hrad\u010dany har varit s\u00e4te f\u00f6r m\u00e5nga kungar, kejsare och presidenter genom historien. I dag \u00e4r det fr\u00e4mst en av de mest bes\u00f6kta destinationerna f\u00f6r turister. Du kan bes\u00f6ka slottet gratis, men om du vill se byggnaderna inifr\u00e5n m\u00e5ste du k\u00f6pa en biljett. Biljetten ger dig tilltr\u00e4de till Vituskatedralen, det gamla kungliga palatset, St George's Basilica och Golden Lane.<\/p>\n\n\n\n<p>Inneh\u00e5lls i: <a href=\"https:\/\/www.praguecards.com\/sv\/besoekspass\/\" title=\"Prag Visitor Pass\">Prag Visitor Pass<\/a>, <a href=\"https:\/\/www.praguecards.com\/sv\/coolpass\/\" title=\"Prag CoolPass\">Prag CoolPass<\/a>, <a href=\"https:\/\/www.praguecards.com\/sv\/all-inclusive-pass\/\" title=\"Prag All Inclusive Pass\">All Inclusive Pass<\/a><\/p>\n\n\n<div class=\"wp-block-ub-divider ub_divider ub-divider-orientation-horizontal\" id=\"ub_divider_ecca87f5-4740-4810-8d7e-6dcea63a6938\"><div class=\"ub_divider_wrapper\" style=\"position: relative; margin-bottom: 2px; width: 100%; height: 2px; \" data-divider-alignment=\"center\"><div class=\"ub_divider_line\" style=\"border-top: 2px solid #ccc; margin-top: 2px; \"><\/div><\/div><\/div>\n\n\n<h2 class=\"wp-block-heading\" style=\"font-style:normal;font-weight:600\">Karlsbron<\/h2>\n\n\n\n<figure class=\"wp-block-image size-full\"><img loading=\"lazy\" decoding=\"async\" width=\"1000\" height=\"550\" src=\"https:\/\/www.praguecards.com\/wp-content\/uploads\/2023\/01\/prague-attraction2.jpg\" alt=\"Karlsbron i Prag\" class=\"wp-image-142\" srcset=\"https:\/\/www.praguecards.com\/wp-content\/uploads\/2023\/01\/prague-attraction2.jpg 1000w, https:\/\/www.praguecards.com\/wp-content\/uploads\/2023\/01\/prague-attraction2-300x165.jpg 300w, https:\/\/www.praguecards.com\/wp-content\/uploads\/2023\/01\/prague-attraction2-768x422.jpg 768w, https:\/\/www.praguecards.com\/wp-content\/uploads\/2023\/01\/prague-attraction2-18x10.jpg 18w\" sizes=\"auto, (max-width: 1000px) 100vw, 1000px\" \/><figcaption class=\"wp-element-caption\">\u00a9 emperorcosar \/ Shutterstock.com<\/figcaption><\/figure>\n\n\n\n<p>Karlsbron \u00e4r en lika popul\u00e4r attraktion. Denna ikoniska stenbro \u00f6ver floden Vltava \u00e4r en symbol f\u00f6r Prag och ett m\u00e5ste f\u00f6r alla bes\u00f6kare i staden. Den \u00e4r kantad av m\u00e5nga helgonstatyer och erbjuder en vacker utsikt \u00f6ver b\u00e5da sidor av floden. Vi rekommenderar att du tar dig till bron tidigt p\u00e5 morgonen innan de flesta turisterna kommer.<\/p>\n\n\n\n<p>Det finns ett brotorn i vardera \u00e4nden av Karlsbron. Mot en avgift kan du kl\u00e4ttra upp i b\u00e5da tornen och njuta av utsikten \u00f6ver Gamla stan eller Lilla stan.<\/p>\n\n\n\n<p>Inneh\u00e5lls i: <a href=\"https:\/\/www.praguecards.com\/sv\/besoekspass\/\" title=\"Prag Visitor Pass\">Prag Visitor Pass<\/a><\/p>\n\n\n<div class=\"wp-block-ub-divider ub_divider ub-divider-orientation-horizontal\" id=\"ub_divider_8bf5bfb5-e168-4f94-b6a4-e72c5536d13e\"><div class=\"ub_divider_wrapper\" style=\"position: relative; margin-bottom: 2px; width: 100%; height: 2px; \" data-divider-alignment=\"center\"><div class=\"ub_divider_line\" style=\"border-top: 2px solid #ccc; margin-top: 2px; \"><\/div><\/div><\/div>\n\n\n<h2 class=\"wp-block-heading\" style=\"font-style:normal;font-weight:600\">Torget i Gamla stan<\/h2>\n\n\n\n<figure class=\"wp-block-image size-full\"><img loading=\"lazy\" decoding=\"async\" width=\"1000\" height=\"550\" src=\"https:\/\/www.praguecards.com\/wp-content\/uploads\/2023\/01\/prague-attraction3.jpg\" alt=\"Torget i Prags gamla stadsk\u00e4rna\" class=\"wp-image-143\" srcset=\"https:\/\/www.praguecards.com\/wp-content\/uploads\/2023\/01\/prague-attraction3.jpg 1000w, https:\/\/www.praguecards.com\/wp-content\/uploads\/2023\/01\/prague-attraction3-300x165.jpg 300w, https:\/\/www.praguecards.com\/wp-content\/uploads\/2023\/01\/prague-attraction3-768x422.jpg 768w, https:\/\/www.praguecards.com\/wp-content\/uploads\/2023\/01\/prague-attraction3-18x10.jpg 18w\" sizes=\"auto, (max-width: 1000px) 100vw, 1000px\" \/><figcaption class=\"wp-element-caption\"> Andrew Mayovskyy \/ Shutterstock.com<\/figcaption><\/figure>\n\n\n\n<p>Torget i Gamla stan \u00e4r det centrala torget i Prag. Alla gatorna m\u00f6ts h\u00e4r, s\u00e5 f\u00f6rr eller senare kommer du att befinna dig p\u00e5 torget i Gamla stan. Runt torget finns m\u00e5nga restauranger, men ocks\u00e5 historiska byggnader som det gamla stadshuset med den astronomiska klockan, som sl\u00e5r varje timme och lockar otaliga turister. Det som inte alla vet \u00e4r att du kan g\u00e5 in i stadshuset och bes\u00f6ka den astronomiska klockan inifr\u00e5n. Du beh\u00f6ver en entr\u00e9biljett f\u00f6r att komma hit.<\/p>\n\n\n\n<p>Inneh\u00e5lls i: <a href=\"https:\/\/www.praguecards.com\/sv\/besoekspass\/\" title=\"Prag Visitor Pass\">Prag Visitor Pass<\/a><\/p>\n\n\n<div class=\"wp-block-ub-divider ub_divider ub-divider-orientation-horizontal\" id=\"ub_divider_c76484e4-1973-4dbb-bc1f-9e590537ec47\"><div class=\"ub_divider_wrapper\" style=\"position: relative; margin-bottom: 2px; width: 100%; height: 2px; \" data-divider-alignment=\"center\"><div class=\"ub_divider_line\" style=\"border-top: 2px solid #ccc; margin-top: 2px; \"><\/div><\/div><\/div>\n\n\n<h2 class=\"wp-block-heading\" style=\"font-style:normal;font-weight:600\">Judiska kvarter<\/h2>\n\n\n\n<figure class=\"wp-block-image size-full\"><img loading=\"lazy\" decoding=\"async\" width=\"1000\" height=\"550\" src=\"https:\/\/www.praguecards.com\/wp-content\/uploads\/2023\/01\/prague-attraction4.jpg\" alt=\"Den spanska synagogan i Prag\" class=\"wp-image-144\" srcset=\"https:\/\/www.praguecards.com\/wp-content\/uploads\/2023\/01\/prague-attraction4.jpg 1000w, https:\/\/www.praguecards.com\/wp-content\/uploads\/2023\/01\/prague-attraction4-300x165.jpg 300w, https:\/\/www.praguecards.com\/wp-content\/uploads\/2023\/01\/prague-attraction4-768x422.jpg 768w, https:\/\/www.praguecards.com\/wp-content\/uploads\/2023\/01\/prague-attraction4-18x10.jpg 18w\" sizes=\"auto, (max-width: 1000px) 100vw, 1000px\" \/><figcaption class=\"wp-element-caption\">\u00a9 OlegGr \/ Shutterstock.com<\/figcaption><\/figure>\n\n\n\n<p>Prags judiska kvarter gr\u00e4nsar till torget i Gamla stan och \u00e4r ett av de mest intressanta omr\u00e5dena i staden. I stadsdelen finns m\u00e5nga synagogor, museer och den gamla judiska kyrkog\u00e5rden. Boka en guidad tur f\u00f6r att verkligen f\u00f6rst\u00e5 kvarterets historia. En engelskspr\u00e5kig guidad tur ing\u00e5r i Prag Visitor Pass.<\/p>\n\n\n\n<p>Det finns en kombinerad biljett f\u00f6r de viktigaste sev\u00e4rdheterna. Med biljetten till den judiska staden kan du bes\u00f6ka synagogor, museer och kyrkog\u00e5rden inom sju dagar.<\/p>\n\n\n\n<p>Inneh\u00e5lls i: <a href=\"https:\/\/www.praguecards.com\/sv\/besoekspass\/\" title=\"Prag Visitor Pass\">Prag Visitor Pass<\/a>, <a href=\"https:\/\/www.praguecards.com\/sv\/coolpass\/\" title=\"Prag CoolPass\">Prag CoolPass<\/a>, <a href=\"https:\/\/www.praguecards.com\/sv\/all-inclusive-pass\/\" title=\"Prag All Inclusive Pass\">All Inclusive Pass<\/a><\/p>\n\n\n<div class=\"wp-block-ub-divider ub_divider ub-divider-orientation-horizontal\" id=\"ub_divider_82573696-67a4-46be-90d0-6df4f3c37357\"><div class=\"ub_divider_wrapper\" style=\"position: relative; margin-bottom: 2px; width: 100%; height: 2px; \" data-divider-alignment=\"center\"><div class=\"ub_divider_line\" style=\"border-top: 2px solid #ccc; margin-top: 2px; \"><\/div><\/div><\/div>\n\n\n<h2 class=\"wp-block-heading\" style=\"font-style:normal;font-weight:600\">Petrin utsiktstorn<\/h2>\n\n\n\n<figure class=\"wp-block-image size-full\"><img loading=\"lazy\" decoding=\"async\" width=\"1000\" height=\"550\" src=\"https:\/\/www.praguecards.com\/wp-content\/uploads\/2023\/01\/prague-attraction5.jpg\" alt=\"Utsiktstornet Petrin i Prag\" class=\"wp-image-145\" srcset=\"https:\/\/www.praguecards.com\/wp-content\/uploads\/2023\/01\/prague-attraction5.jpg 1000w, https:\/\/www.praguecards.com\/wp-content\/uploads\/2023\/01\/prague-attraction5-300x165.jpg 300w, https:\/\/www.praguecards.com\/wp-content\/uploads\/2023\/01\/prague-attraction5-768x422.jpg 768w, https:\/\/www.praguecards.com\/wp-content\/uploads\/2023\/01\/prague-attraction5-18x10.jpg 18w\" sizes=\"auto, (max-width: 1000px) 100vw, 1000px\" \/><figcaption class=\"wp-element-caption\">\u00a9 DaLiu \/ Shutterstock.com<\/figcaption><\/figure>\n\n\n\n<p>Petrin Lookout Tower ligger p\u00e5 Petrin Hill och erbjuder en o\u00f6vertr\u00e4ffad utsikt \u00f6ver staden. Byggnaden, som byggdes 1891, \u00e4r n\u00e4stan 60 meter h\u00f6g och har som f\u00f6rebild Eiffeltornet i Paris. Det finns tv\u00e5 plattformar fr\u00e5n vilka du kan njuta av utsikten. Du kan b\u00e5de g\u00e5 uppf\u00f6r trapporna och ta hissen. Den historiska hissen \u00e4r dock ofta ur funktion. I tornet finns ocks\u00e5 ett litet museum och ett kaf\u00e9.<\/p>\n\n\n\n<p>Inneh\u00e5lls i: <a href=\"https:\/\/www.praguecards.com\/sv\/besoekspass\/\" title=\"Prag Visitor Pass\">Prag Visitor Pass<\/a><\/p>\n\n\n<div class=\"wp-block-ub-divider ub_divider ub-divider-orientation-horizontal\" id=\"ub_divider_74351de0-f3d9-40cb-b674-04066b8dc470\"><div class=\"ub_divider_wrapper\" style=\"position: relative; margin-bottom: 2px; width: 100%; height: 2px; \" data-divider-alignment=\"center\"><div class=\"ub_divider_line\" style=\"border-top: 2px solid #ccc; margin-top: 2px; \"><\/div><\/div><\/div>\n\n\n<h2 class=\"wp-block-heading\" style=\"font-style:normal;font-weight:600\">Nationella tekniska museet<\/h2>\n\n\n\n<figure class=\"wp-block-image size-full\"><img loading=\"lazy\" decoding=\"async\" width=\"1000\" height=\"550\" src=\"https:\/\/www.praguecards.com\/wp-content\/uploads\/2023\/01\/prague-attraction6.jpg\" alt=\"Tekniska museet i Prag\" class=\"wp-image-146\" srcset=\"https:\/\/www.praguecards.com\/wp-content\/uploads\/2023\/01\/prague-attraction6.jpg 1000w, https:\/\/www.praguecards.com\/wp-content\/uploads\/2023\/01\/prague-attraction6-300x165.jpg 300w, https:\/\/www.praguecards.com\/wp-content\/uploads\/2023\/01\/prague-attraction6-768x422.jpg 768w, https:\/\/www.praguecards.com\/wp-content\/uploads\/2023\/01\/prague-attraction6-18x10.jpg 18w\" sizes=\"auto, (max-width: 1000px) 100vw, 1000px\" \/><figcaption class=\"wp-element-caption\">\u00a9 Rus S \/ Shutterstock.com<\/figcaption><\/figure>\n\n\n\n<p>Tekniska nationalmuseet i Prag \u00e4r ett av de mest popul\u00e4ra museerna i Tjeckien. Det ligger i hj\u00e4rtat av staden och erbjuder bes\u00f6karna en fascinerande och omfattande inblick i ingenj\u00f6rs- och teknikhistorien. Museet grundades 1908 och har en enorm samling f\u00f6rem\u00e5l, som gamla lokomotiv, bilar, jordbruksmaskiner med mera.<\/p>\n\n\n\n<p>Inneh\u00e5lls i: <a href=\"https:\/\/www.praguecards.com\/sv\/besoekspass\/\" title=\"Prag Visitor Pass\">Prag Visitor Pass<\/a><\/p>\n\n\n<div class=\"wp-block-ub-divider ub_divider ub-divider-orientation-horizontal\" id=\"ub_divider_0bcb4edb-8192-4047-934c-23997856defe\"><div class=\"ub_divider_wrapper\" style=\"position: relative; margin-bottom: 2px; width: 100%; height: 2px; \" data-divider-alignment=\"center\"><div class=\"ub_divider_line\" style=\"border-top: 2px solid #ccc; margin-top: 2px; \"><\/div><\/div><\/div>\n\n\n<h2 class=\"wp-block-heading\" style=\"font-style:normal;font-weight:600\">Slottet Vy\u0161ehrad<\/h2>\n\n\n\n<figure class=\"wp-block-image size-full\"><img loading=\"lazy\" decoding=\"async\" width=\"1000\" height=\"550\" src=\"https:\/\/www.praguecards.com\/wp-content\/uploads\/2023\/01\/prague-attraction7.jpg\" alt=\"Slottet Vy\u0161ehrad i Prag\" class=\"wp-image-147\" srcset=\"https:\/\/www.praguecards.com\/wp-content\/uploads\/2023\/01\/prague-attraction7.jpg 1000w, https:\/\/www.praguecards.com\/wp-content\/uploads\/2023\/01\/prague-attraction7-300x165.jpg 300w, https:\/\/www.praguecards.com\/wp-content\/uploads\/2023\/01\/prague-attraction7-768x422.jpg 768w, https:\/\/www.praguecards.com\/wp-content\/uploads\/2023\/01\/prague-attraction7-18x10.jpg 18w\" sizes=\"auto, (max-width: 1000px) 100vw, 1000px\" \/><figcaption class=\"wp-element-caption\">\u00a9 Catarina Belova \/ Shutterstock.com<\/figcaption><\/figure>\n\n\n\n<p>Vy\u0161ehrad slott \u00e4r ett av de mest popul\u00e4ra resm\u00e5len f\u00f6r b\u00e5de turister och lokalbefolkningen med sin hisnande utsikt \u00f6ver stadens skyline och sin anm\u00e4rkningsv\u00e4rda historia. Slottet, som byggdes fr\u00e5n 900-talet och fram\u00e5t, \u00e4r ett bevis p\u00e5 Prags rika kulturarv. I Vy\u0161ehrad finns flera historiska byggnader, bland annat Peters- och Paulsbasilikan, kasematterna och en kyrkog\u00e5rd d\u00e4r m\u00e5nga k\u00e4nda tjeckerskor har f\u00e5tt sin sista vila.<\/p>\n\n\n\n<p>Inneh\u00e5lls i: <a href=\"https:\/\/www.praguecards.com\/sv\/besoekspass\/\" title=\"Prag Visitor Pass\">Prag Visitor Pass<\/a>, <a href=\"https:\/\/www.praguecards.com\/sv\/coolpass\/\" title=\"Prag CoolPass\">Prag CoolPass<\/a><\/p>","protected":false},"excerpt":{"rendered":"<p>Skulle du vilja bes\u00f6ka Tjeckiens huvudstad, men vet \u00e4nnu inte vilka attraktioner du definitivt b\u00f6r s\u00e4tta upp p\u00e5 din \u00f6nskelista? F\u00f6ljande sev\u00e4rdheter f\u00e5r du inte missa. Du kan bes\u00f6ka m\u00e5nga av dem gratis med ett Prague Card. Pragborgen Pragborgen \u00e4r en av de mest popul\u00e4ra sev\u00e4rdheterna i Prag. Det m\u00e4ktiga slottet p\u00e5 ... <a title=\"Prags fr\u00e4msta sev\u00e4rdheter\" class=\"read-more\" href=\"https:\/\/www.praguecards.com\/sv\/attraktionen\/\" aria-label=\"L\u00e4s mer om Prags fr\u00e4msta sev\u00e4rdheter\">L\u00e4s mer<\/a><\/p>","protected":false},"author":1,"featured_media":0,"parent":0,"menu_order":0,"comment_status":"closed","ping_status":"closed","template":"","meta":{"footnotes":""},"class_list":["post-137","page","type-page","status-publish"],"aioseo_notices":[],"featured_image_src":null,"_links":{"self":[{"href":"https:\/\/www.praguecards.com\/sv\/wp-json\/wp\/v2\/pages\/137","targetHints":{"allow":["GET"]}}],"collection":[{"href":"https:\/\/www.praguecards.com\/sv\/wp-json\/wp\/v2\/pages"}],"about":[{"href":"https:\/\/www.praguecards.com\/sv\/wp-json\/wp\/v2\/types\/page"}],"author":[{"embeddable":true,"href":"https:\/\/www.praguecards.com\/sv\/wp-json\/wp\/v2\/users\/1"}],"replies":[{"embeddable":true,"href":"https:\/\/www.praguecards.com\/sv\/wp-json\/wp\/v2\/comments?post=137"}],"version-history":[{"count":18,"href":"https:\/\/www.praguecards.com\/sv\/wp-json\/wp\/v2\/pages\/137\/revisions"}],"predecessor-version":[{"id":641,"href":"https:\/\/www.praguecards.com\/sv\/wp-json\/wp\/v2\/pages\/137\/revisions\/641"}],"wp:attachment":[{"href":"https:\/\/www.praguecards.com\/sv\/wp-json\/wp\/v2\/media?parent=137"}],"curies":[{"name":"wp","href":"https:\/\/api.w.org\/{rel}","templated":true}]}}