{"id":161,"date":"2023-01-21T14:22:09","date_gmt":"2023-01-21T14:22:09","guid":{"rendered":"https:\/\/www.praguecards.com\/?page_id=161"},"modified":"2025-05-22T13:44:40","modified_gmt":"2025-05-22T13:44:40","slug":"3-dagar-i-prag","status":"publish","type":"page","link":"https:\/\/www.praguecards.com\/sv\/3-tage-in-prag\/","title":{"rendered":"3 dagar i Prag med ett Pragkort"},"content":{"rendered":"<p>Om du bes\u00f6ker Prag kan du uppleva en stad full av kultur och sk\u00f6nhet p\u00e5 tre dagar. Den tjeckiska huvudstaden \u00e4r k\u00e4nd f\u00f6r sin historiska arkitektur, sitt unika k\u00f6k och sin rika historia. Detta g\u00f6r det till ett perfekt resm\u00e5l f\u00f6r resen\u00e4rer som \u00e4r intresserade av tjeckisk kultur.<\/p>\n\n\n\n<p>F\u00f6r en tredagars vistelse i Prag finns det mer \u00e4n tillr\u00e4ckligt att g\u00f6ra f\u00f6r att l\u00e4ra k\u00e4nna staden och f\u00f6rdriva tiden. Om du vill boka ett Pragkort f\u00f6r din sightseeing rekommenderar vi Prag Visitor Pass eller alternativt Prag CoolPass. Din resplan f\u00f6r tre dagar i Prag skulle kunna se ut s\u00e5 h\u00e4r.<\/p>\n\n\n\n<h2 class=\"wp-block-heading\" style=\"font-style:normal;font-weight:600\">F\u00f6rsta dagen: Stadsrundtur, Pragborgen och Petrin<\/h2>\n\n\n\n<figure class=\"wp-block-image size-full\"><img loading=\"lazy\" decoding=\"async\" width=\"1000\" height=\"550\" src=\"https:\/\/www.praguecards.com\/wp-content\/uploads\/2023\/01\/prag-tram-42.jpg\" alt=\"Prags sp\u00e5rvagnslinje 42\" class=\"wp-image-162\" srcset=\"https:\/\/www.praguecards.com\/wp-content\/uploads\/2023\/01\/prag-tram-42.jpg 1000w, https:\/\/www.praguecards.com\/wp-content\/uploads\/2023\/01\/prag-tram-42-300x165.jpg 300w, https:\/\/www.praguecards.com\/wp-content\/uploads\/2023\/01\/prag-tram-42-768x422.jpg 768w, https:\/\/www.praguecards.com\/wp-content\/uploads\/2023\/01\/prag-tram-42-18x10.jpg 18w\" sizes=\"auto, (max-width: 1000px) 100vw, 1000px\" \/><figcaption class=\"wp-element-caption\">Turistsp\u00e5rvagn linje 42<\/figcaption><\/figure>\n\n\n\n<p>Det \u00e4r b\u00e4st att b\u00f6rja resan med en stadsrundtur f\u00f6r att f\u00e5 en f\u00f6rsta \u00f6verblick. Turistsp\u00e5rvagnen (linje 42) \u00e4r l\u00e4mplig f\u00f6r detta. Med sp\u00e5rvagnen kan du stiga p\u00e5 och av vid mer \u00e4n 20 h\u00e5llplatser eller sitta kvar f\u00f6r en hel rundtur.<\/p>\n\n\n\n<p>Med hj\u00e4lp av <a href=\"https:\/\/www.praguecards.com\/sv\/besoekspass\/\" title=\"Prag Visitor Pass\">Prag Visitor Pass<\/a> kan du anv\u00e4nda sp\u00e5rvagnen gratis. Alternativt kan du delta i en tv\u00e5 timmar l\u00e5ng stadsrundtur med buss (med <a href=\"https:\/\/www.praguecards.com\/sv\/coolpass\/\" title=\"Prag CoolPass\">Prag CoolPass<\/a> gratis).<\/p>\n\n\n\n<p>Sedan bes\u00f6ker du Pragborgen - stadens mest k\u00e4nda landm\u00e4rke. Med en intr\u00e4desbiljett kan du inte bara g\u00e5 runt p\u00e5 slottet utan ocks\u00e5 bes\u00f6ka Golden Lane, det gamla kungliga palatset, Sankt Vitus-katedralen och Sankt Georgsbasilikan. Med hj\u00e4lp av <a href=\"https:\/\/www.praguecards.com\/sv\/besoekspass\/\" title=\"Prag Visitor Pass\">Prag Visitor Pass<\/a> och <a href=\"https:\/\/www.praguecards.com\/sv\/coolpass\/\" title=\"Prag CoolPass\">Prag CoolPass<\/a> f\u00e5r du fri entr\u00e9.<\/p>\n\n\n\n<p>Fr\u00e5n Pragborgen \u00e4r det en kort promenad till Petrinparken, d\u00e4r Petrinutsiktstornet ligger. Du kan ta dig dit med sp\u00e5rvagnslinje 42, kollektivtrafiken eller Petrin-linbanan.<\/p>\n\n\n\n<p>Kl\u00e4ttra uppf\u00f6r trapporna eller ta den historiska hissen f\u00f6r att f\u00e5 en fantastisk utsikt \u00f6ver Prag. Efter\u00e5t kan du bes\u00f6ka Mirror Maze f\u00f6r en sp\u00e4nnande upplevelse. Labyrinten ligger bredvid Petrin-tornet. B\u00e5da attraktionerna \u00e4r kostnadsfria med <a href=\"https:\/\/www.praguecards.com\/sv\/besoekspass\/\" title=\"Prag Visitor Pass\">Prag Visitor Pass<\/a>.<\/p>\n\n\n\n<h2 class=\"wp-block-heading\" style=\"font-style:normal;font-weight:600\">Andra dagen: Karlsbron, b\u00e5ttur och Gamla stan<\/h2>\n\n\n\n<figure class=\"wp-block-image size-full\"><img loading=\"lazy\" decoding=\"async\" width=\"1000\" height=\"550\" src=\"https:\/\/www.praguecards.com\/wp-content\/uploads\/2023\/01\/prague-attraction2.jpg\" alt=\"Karlsbron i Prag\" class=\"wp-image-142\" srcset=\"https:\/\/www.praguecards.com\/wp-content\/uploads\/2023\/01\/prague-attraction2.jpg 1000w, https:\/\/www.praguecards.com\/wp-content\/uploads\/2023\/01\/prague-attraction2-300x165.jpg 300w, https:\/\/www.praguecards.com\/wp-content\/uploads\/2023\/01\/prague-attraction2-768x422.jpg 768w, https:\/\/www.praguecards.com\/wp-content\/uploads\/2023\/01\/prague-attraction2-18x10.jpg 18w\" sizes=\"auto, (max-width: 1000px) 100vw, 1000px\" \/><figcaption class=\"wp-element-caption\">\u00a9 emperorcosar \/ Shutterstock.com<\/figcaption><\/figure>\n\n\n\n<p>B\u00f6rja din andra dag i Prag p\u00e5 Karlsbron. Det l\u00f6nar sig att g\u00e5 till bron direkt efter frukost, innan de flesta turisterna kommer. Karlsbron \u00e4r vackrast n\u00e4r den \u00e4r tom.<\/p>\n\n\n\n<p>Det finns ett brotorn i varje \u00e4nde av bron. Mot en avgift kan du kl\u00e4ttra upp i tornen och njuta av utsikten \u00f6ver Lesser Town eller Gamla stan. Endast med hj\u00e4lp av <a href=\"https:\/\/www.praguecards.com\/sv\/besoekspass\/\" title=\"Prag Visitor Pass\">Prag Visitor Pass<\/a> Det \u00e4r gratis att bes\u00f6ka b\u00e5da tornen.<\/p>\n\n\n\n<p>Efter\u00e5t kan du bes\u00f6ka Karlsbromuseet (med <a href=\"https:\/\/www.praguecards.com\/sv\/besoekspass\/\" title=\"Prag Visitor Pass\">Prag Visitor Pass<\/a> och <a href=\"https:\/\/www.praguecards.com\/sv\/coolpass\/\" title=\"Prag CoolPass\">Prag CoolPass<\/a> gratis). Du kan ocks\u00e5 k\u00f6pa en biljett f\u00f6r en b\u00e5ttur p\u00e5 Dj\u00e4vulskanalen i Lilla Venedig i museets biljettkassa. B\u00e5tresan \u00e4r ocks\u00e5 gratis med b\u00e5da Pragkorten.<\/p>\n\n\n\n<p>Efter din b\u00e5ttur i Lilla Venedig \u00e4r det bara n\u00e5gra minuters promenad till torget i Gamla stan, det centrala torget i Prags centrum. P\u00e5 torget ligger stadshuset med den ber\u00f6mda astronomiska klockan. Med hj\u00e4lp av <a href=\"https:\/\/www.praguecards.com\/sv\/besoekspass\/\" title=\"Prag Visitor Pass\">Prag Visitor Pass<\/a> kan du bes\u00f6ka den astronomiska klockan inifr\u00e5n och njuta av utsikten fr\u00e5n r\u00e5dhusets tak.<\/p>\n\n\n\n<p>F\u00f6lj sedan med p\u00e5 en guidad tur i den gamla staden. Detta sker tidigt p\u00e5 eftermiddagen de flesta dagar i veckan. Vissa dagar kan du ocks\u00e5 f\u00e5 en guidad tur i Prags medeltida tunnelbana. En guidad tur \u00e4r tillg\u00e4nglig med <a href=\"https:\/\/www.praguecards.com\/sv\/besoekspass\/\" title=\"Prag Visitor Pass\">Prag Visitor Pass<\/a> kostnadsfritt.<\/p>\n\n\n\n<h2 class=\"wp-block-heading\" style=\"font-style:normal;font-weight:600\">Tredje dagen: De judiska kvarteren och Vy\u0161ehrad<\/h2>\n\n\n\n<figure class=\"wp-block-image size-full\"><img loading=\"lazy\" decoding=\"async\" width=\"1000\" height=\"550\" src=\"https:\/\/www.praguecards.com\/wp-content\/uploads\/2023\/01\/prague-attraction7.jpg\" alt=\"Slottet Vy\u0161ehrad i Prag\" class=\"wp-image-147\" srcset=\"https:\/\/www.praguecards.com\/wp-content\/uploads\/2023\/01\/prague-attraction7.jpg 1000w, https:\/\/www.praguecards.com\/wp-content\/uploads\/2023\/01\/prague-attraction7-300x165.jpg 300w, https:\/\/www.praguecards.com\/wp-content\/uploads\/2023\/01\/prague-attraction7-768x422.jpg 768w, https:\/\/www.praguecards.com\/wp-content\/uploads\/2023\/01\/prague-attraction7-18x10.jpg 18w\" sizes=\"auto, (max-width: 1000px) 100vw, 1000px\" \/><figcaption class=\"wp-element-caption\">\u00a9 Catarina Belova \/ Shutterstock.com<\/figcaption><\/figure>\n\n\n\n<p>Den tredje dagen av din resa kan du bes\u00f6ka de judiska kvarteren, som ligger bara n\u00e5gra steg fr\u00e5n torget i Gamla stan. I de judiska kvarteren finns m\u00e5nga synagogor, det judiska museet och den gamla judiska kyrkog\u00e5rden. Biljetten till den judiska staden ger dig intr\u00e4de till alla dessa sev\u00e4rdheter. Med hj\u00e4lp av <a href=\"https:\/\/www.praguecards.com\/sv\/besoekspass\/\" title=\"Prag Visitor Pass\">Prag Visitor Pass<\/a> och <a href=\"https:\/\/www.praguecards.com\/sv\/coolpass\/\" title=\"Prag CoolPass\">Prag CoolPass<\/a> biljetten till den judiska staden \u00e4r gratis.<\/p>\n\n\n\n<p>Om du forts\u00e4tter att utforska stadens centrum efter\u00e5t kan du g\u00f6ra ett kort stopp vid det historiska Powder Tower. Kl\u00e4ttra upp till utsiktsplattformen och beundra Prags centrum fr\u00e5n ovan. Intr\u00e4det \u00e4r gratis med Prag Visitor Pass.<\/p>\n\n\n\n<p>P\u00e5 eftermiddagen kan du utforska en sev\u00e4rdhet som ligger utanf\u00f6r stadens centrum. Anv\u00e4nd tunnelbanan eller sp\u00e5rvagnen (med <a href=\"https:\/\/www.praguecards.com\/sv\/besoekspass\/\" title=\"Prag Visitor Pass\">Prag Visitor Pass<\/a> gratis) f\u00f6r att ta sig till slottet Vy\u0161ehrad. D\u00e4r kan du se ut \u00f6ver staden och vila upp dig. P\u00e5 omr\u00e5det finns katedralen St Peter och Paul, en kyrkog\u00e5rd och kasematterna. Intr\u00e4det \u00e4r gratis med <a href=\"https:\/\/www.praguecards.com\/sv\/besoekspass\/\" title=\"Prag Visitor Pass\">Prag Visitor Pass<\/a> och <a href=\"https:\/\/www.praguecards.com\/sv\/coolpass\/\" title=\"Prag CoolPass\">Prag CoolPass<\/a>.<\/p>","protected":false},"excerpt":{"rendered":"<p>Bes\u00f6kare i Prag kan uppleva en stad full av kultur och sk\u00f6nhet p\u00e5 bara tre dagar. Den tjeckiska huvudstaden \u00e4r k\u00e4nd f\u00f6r sin historiska arkitektur, sitt unika k\u00f6k och sin rika historia. Det g\u00f6r den till en perfekt destination f\u00f6r resen\u00e4rer som \u00e4r intresserade av tjeckisk kultur. F\u00f6r en tredagars vistelse i Prag finns det mer \u00e4n tillr\u00e4ckligt att ... <a title=\"3 dagar i Prag med ett Pragkort\" class=\"read-more\" href=\"https:\/\/www.praguecards.com\/sv\/3-tage-in-prag\/\" aria-label=\"L\u00e4s mer om 3 dagar i Prag med ett Prague Card\">L\u00e4s mer<\/a><\/p>","protected":false},"author":1,"featured_media":0,"parent":0,"menu_order":0,"comment_status":"closed","ping_status":"closed","template":"","meta":{"footnotes":""},"class_list":["post-161","page","type-page","status-publish"],"aioseo_notices":[],"featured_image_src":null,"_links":{"self":[{"href":"https:\/\/www.praguecards.com\/sv\/wp-json\/wp\/v2\/pages\/161","targetHints":{"allow":["GET"]}}],"collection":[{"href":"https:\/\/www.praguecards.com\/sv\/wp-json\/wp\/v2\/pages"}],"about":[{"href":"https:\/\/www.praguecards.com\/sv\/wp-json\/wp\/v2\/types\/page"}],"author":[{"embeddable":true,"href":"https:\/\/www.praguecards.com\/sv\/wp-json\/wp\/v2\/users\/1"}],"replies":[{"embeddable":true,"href":"https:\/\/www.praguecards.com\/sv\/wp-json\/wp\/v2\/comments?post=161"}],"version-history":[{"count":13,"href":"https:\/\/www.praguecards.com\/sv\/wp-json\/wp\/v2\/pages\/161\/revisions"}],"predecessor-version":[{"id":639,"href":"https:\/\/www.praguecards.com\/sv\/wp-json\/wp\/v2\/pages\/161\/revisions\/639"}],"wp:attachment":[{"href":"https:\/\/www.praguecards.com\/sv\/wp-json\/wp\/v2\/media?parent=161"}],"curies":[{"name":"wp","href":"https:\/\/api.w.org\/{rel}","templated":true}]}}